{"id":3306,"date":"2024-09-19T18:17:20","date_gmt":"2024-09-19T18:17:20","guid":{"rendered":"https:\/\/betelnatural.com\/minegocio\/?page_id=3306"},"modified":"2024-10-01T13:00:53","modified_gmt":"2024-10-01T13:00:53","slug":"politica-de-reembolso-y-devoluciones","status":"publish","type":"page","link":"https:\/\/betelnatural.com\/minegocio\/en\/politica-de-reembolso-y-devoluciones\/","title":{"rendered":"Refund and returns policy"},"content":{"rendered":"<div data-elementor-type=\"wp-page\" data-elementor-id=\"3306\" class=\"elementor elementor-3306\" data-elementor-post-type=\"page\">\n\t\t\t\t<div class=\"elementor-element elementor-element-0845f04 e-flex e-con-boxed e-con e-parent\" data-id=\"0845f04\" data-element_type=\"container\" data-e-type=\"container\">\n\t\t\t\t\t<div class=\"e-con-inner\">\n\t\t\t\t<div class=\"elementor-element elementor-element-6b6d943 elementor-widget__width-initial elementor-widget-mobile__width-initial elementor-widget elementor-widget-text-editor\" data-id=\"6b6d943\" data-element_type=\"widget\" data-e-type=\"widget\" data-widget_type=\"text-editor.default\">\n\t\t\t\t<div class=\"elementor-widget-container\">\n\t\t\t\t\t\t\t\t\t<div class=\"elementor-element elementor-element-04858f9 elementor-widget elementor-widget-heading\" data-id=\"04858f9\" data-element_type=\"widget\" data-widget_type=\"heading.default\"><div class=\"elementor-widget-container\"><h2 class=\"elementor-heading-title elementor-size-default\">Pol\u00edtica de Devoluciones<\/h2><\/div><\/div><div class=\"elementor-element elementor-element-22e38bd8 elementor-widget elementor-widget-text-editor\" data-id=\"22e38bd8\" data-element_type=\"widget\" data-widget_type=\"text-editor.default\"><div class=\"elementor-widget-container\"><p><strong>Sobre reembolso<\/strong><\/p><p>Ponemos a su disposici\u00f3n nuestra pol\u00edtica de reembolso y devoluciones con el fin de hacer m\u00e1s eficiente este tipo de procedimientos y sin mediar alguna inconformidad por las partes.<\/p><p>Por ser Productos de Suplementos Alimenticios, no ofrecemos ning\u00fan tipo de reembolso en la compra de nuestros productos.<\/p><p><strong>Sobre Cambios<\/strong><\/p><p>Para Cambios se aplica la garant\u00eda de cliente Feliz\u00a0<strong><u>\u201cSi el producto no te dejo 100% satisfecho, te lo reemplazamos por otro de tu agrado\u201d<\/u><\/strong>.<\/p><p><strong>Excepciones para cambios<\/strong><\/p><ul><li>Se Aplican las siguientes excepciones para Cambios:<\/li><\/ul><p>Cualquier art\u00edculo que no se encuentre en su empaque original o este adulterado por razones que no se debieron a nuestro error, no son elegibles para el cambio.<\/p><p>La solicitud de Cambio debe de hacerse en un periodo no mayor a 8 d\u00edas, despu\u00e9s de la compra, y se utilizara como referencia la fecha del recibo.\u00a0<\/p><p>La Garant\u00eda Cliente Feliz, se puede aplicar \u00fanicamente una vez por compra.<\/p><p><strong>Proceso:<\/strong><\/p><p>Env\u00edanos un correo electr\u00f3nico a \u00a0<a href=\"mailto:Orders@betelnatural.com\">Orders@betelnatural.com<\/a>\u00a0\u00a0o ll\u00e1manos al 8052297242, ind\u00edcanos cual es la raz\u00f3n de tu cambio. Tu solicitud ser\u00e1 procesada, por un agente y te iremos guiando durante el proceso. Si es aprobado, entonces tendremos 8 d\u00edas h\u00e1biles, para enviarte tu nuevo producto Betel Natural.<\/p><\/div><\/div>\t\t\t\t\t\t\t\t<\/div>\n\t\t\t\t<\/div>\n\t\t\t\t\t<\/div>\n\t\t\t\t<\/div>\n\t\t\t\t<\/div>","protected":false},"excerpt":{"rendered":"<p>Pol\u00edtica de Devoluciones Sobre reembolso Ponemos a su disposici\u00f3n nuestra pol\u00edtica de reembolso y devoluciones con el fin de hacer m\u00e1s eficiente este tipo de procedimientos y sin mediar alguna inconformidad por las partes. Por ser Productos de Suplementos Alimenticios, no ofrecemos ning\u00fan tipo de reembolso en la compra de nuestros productos. Sobre Cambios Para [&hellip;]<\/p>\n","protected":false},"author":1,"featured_media":0,"parent":0,"menu_order":0,"comment_status":"closed","ping_status":"closed","template":"elementor_header_footer","meta":{"footnotes":""},"class_list":["post-3306","page","type-page","status-publish","hentry"],"yoast_head":"<!-- This site is optimized with the Yoast SEO plugin v27.4 - https:\/\/yoast.com\/product\/yoast-seo-wordpress\/ -->\n<title>Pol\u00edtica de reembolso y devoluciones - Betel Natural<\/title>\n<meta name=\"robots\" content=\"index, follow, max-snippet:-1, max-image-preview:large, max-video-preview:-1\" \/>\n<link rel=\"canonical\" href=\"https:\/\/betelnatural.com\/minegocio\/en\/politica-de-reembolso-y-devoluciones\/\" \/>\n<meta property=\"og:locale\" content=\"en_US\" \/>\n<meta property=\"og:type\" content=\"article\" \/>\n<meta property=\"og:title\" content=\"Pol\u00edtica de reembolso y devoluciones - Betel Natural\" \/>\n<meta property=\"og:description\" content=\"Pol\u00edtica de Devoluciones Sobre reembolso Ponemos a su disposici\u00f3n nuestra pol\u00edtica de reembolso y devoluciones con el fin de hacer m\u00e1s eficiente este tipo de procedimientos y sin mediar alguna inconformidad por las partes. Por ser Productos de Suplementos Alimenticios, no ofrecemos ning\u00fan tipo de reembolso en la compra de nuestros productos. Sobre Cambios Para [&hellip;]\" \/>\n<meta property=\"og:url\" content=\"https:\/\/betelnatural.com\/minegocio\/en\/politica-de-reembolso-y-devoluciones\/\" \/>\n<meta property=\"og:site_name\" content=\"Betel Natural\" \/>\n<meta property=\"article:publisher\" content=\"https:\/\/www.facebook.com\/betelnatural.inc\" \/>\n<meta property=\"article:modified_time\" content=\"2024-10-01T13:00:53+00:00\" \/>\n<meta property=\"og:image\" content=\"https:\/\/betelnatural.com\/minegocio\/wp-content\/uploads\/2024\/06\/logo.png\" \/>\n\t<meta property=\"og:image:width\" content=\"250\" \/>\n\t<meta property=\"og:image:height\" content=\"95\" \/>\n\t<meta property=\"og:image:type\" content=\"image\/png\" \/>\n<meta name=\"twitter:card\" content=\"summary_large_image\" \/>\n<meta name=\"twitter:label1\" content=\"Est. reading time\" \/>\n\t<meta name=\"twitter:data1\" content=\"2 minutes\" \/>\n<script type=\"application\/ld+json\" class=\"yoast-schema-graph\">{\"@context\":\"https:\\\/\\\/schema.org\",\"@graph\":[{\"@type\":\"WebPage\",\"@id\":\"https:\\\/\\\/betelnatural.com\\\/minegocio\\\/politica-de-reembolso-y-devoluciones\\\/\",\"url\":\"https:\\\/\\\/betelnatural.com\\\/minegocio\\\/politica-de-reembolso-y-devoluciones\\\/\",\"name\":\"Pol\u00edtica de reembolso y devoluciones - Betel Natural\",\"isPartOf\":{\"@id\":\"https:\\\/\\\/betelnatural.com\\\/minegocio\\\/#website\"},\"datePublished\":\"2024-09-19T18:17:20+00:00\",\"dateModified\":\"2024-10-01T13:00:53+00:00\",\"breadcrumb\":{\"@id\":\"https:\\\/\\\/betelnatural.com\\\/minegocio\\\/politica-de-reembolso-y-devoluciones\\\/#breadcrumb\"},\"inLanguage\":\"en-US\",\"potentialAction\":[{\"@type\":\"ReadAction\",\"target\":[\"https:\\\/\\\/betelnatural.com\\\/minegocio\\\/politica-de-reembolso-y-devoluciones\\\/\"]}]},{\"@type\":\"BreadcrumbList\",\"@id\":\"https:\\\/\\\/betelnatural.com\\\/minegocio\\\/politica-de-reembolso-y-devoluciones\\\/#breadcrumb\",\"itemListElement\":[{\"@type\":\"ListItem\",\"position\":1,\"name\":\"Portada\",\"item\":\"https:\\\/\\\/betelnatural.com\\\/minegocio\\\/\"},{\"@type\":\"ListItem\",\"position\":2,\"name\":\"Pol\u00edtica de reembolso y devoluciones\"}]},{\"@type\":\"WebSite\",\"@id\":\"https:\\\/\\\/betelnatural.com\\\/minegocio\\\/#website\",\"url\":\"https:\\\/\\\/betelnatural.com\\\/minegocio\\\/\",\"name\":\"Betel Natural\",\"description\":\"Venta de productos naturales  y vitaminas\",\"publisher\":{\"@id\":\"https:\\\/\\\/betelnatural.com\\\/minegocio\\\/#organization\"},\"alternateName\":\"Betel\",\"potentialAction\":[{\"@type\":\"SearchAction\",\"target\":{\"@type\":\"EntryPoint\",\"urlTemplate\":\"https:\\\/\\\/betelnatural.com\\\/minegocio\\\/?s={search_term_string}\"},\"query-input\":{\"@type\":\"PropertyValueSpecification\",\"valueRequired\":true,\"valueName\":\"search_term_string\"}}],\"inLanguage\":\"en-US\"},{\"@type\":\"Organization\",\"@id\":\"https:\\\/\\\/betelnatural.com\\\/minegocio\\\/#organization\",\"name\":\"Betel Natural\",\"url\":\"https:\\\/\\\/betelnatural.com\\\/minegocio\\\/\",\"logo\":{\"@type\":\"ImageObject\",\"inLanguage\":\"en-US\",\"@id\":\"https:\\\/\\\/betelnatural.com\\\/minegocio\\\/#\\\/schema\\\/logo\\\/image\\\/\",\"url\":\"https:\\\/\\\/betelnatural.com\\\/minegocio\\\/wp-content\\\/uploads\\\/2024\\\/06\\\/logo.png\",\"contentUrl\":\"https:\\\/\\\/betelnatural.com\\\/minegocio\\\/wp-content\\\/uploads\\\/2024\\\/06\\\/logo.png\",\"width\":250,\"height\":95,\"caption\":\"Betel Natural\"},\"image\":{\"@id\":\"https:\\\/\\\/betelnatural.com\\\/minegocio\\\/#\\\/schema\\\/logo\\\/image\\\/\"},\"sameAs\":[\"https:\\\/\\\/www.facebook.com\\\/betelnatural.inc\",\"https:\\\/\\\/www.instagram.com\\\/betel_natural\\\/\"]}]}<\/script>\n<!-- \/ Yoast SEO plugin. -->","yoast_head_json":{"title":"Pol\u00edtica de reembolso y devoluciones - Betel Natural","robots":{"index":"index","follow":"follow","max-snippet":"max-snippet:-1","max-image-preview":"max-image-preview:large","max-video-preview":"max-video-preview:-1"},"canonical":"https:\/\/betelnatural.com\/minegocio\/en\/politica-de-reembolso-y-devoluciones\/","og_locale":"en_US","og_type":"article","og_title":"Pol\u00edtica de reembolso y devoluciones - Betel Natural","og_description":"Pol\u00edtica de Devoluciones Sobre reembolso Ponemos a su disposici\u00f3n nuestra pol\u00edtica de reembolso y devoluciones con el fin de hacer m\u00e1s eficiente este tipo de procedimientos y sin mediar alguna inconformidad por las partes. Por ser Productos de Suplementos Alimenticios, no ofrecemos ning\u00fan tipo de reembolso en la compra de nuestros productos. Sobre Cambios Para [&hellip;]","og_url":"https:\/\/betelnatural.com\/minegocio\/en\/politica-de-reembolso-y-devoluciones\/","og_site_name":"Betel Natural","article_publisher":"https:\/\/www.facebook.com\/betelnatural.inc","article_modified_time":"2024-10-01T13:00:53+00:00","og_image":[{"width":250,"height":95,"url":"https:\/\/betelnatural.com\/minegocio\/wp-content\/uploads\/2024\/06\/logo.png","type":"image\/png"}],"twitter_card":"summary_large_image","twitter_misc":{"Est. reading time":"2 minutes"},"schema":{"@context":"https:\/\/schema.org","@graph":[{"@type":"WebPage","@id":"https:\/\/betelnatural.com\/minegocio\/politica-de-reembolso-y-devoluciones\/","url":"https:\/\/betelnatural.com\/minegocio\/politica-de-reembolso-y-devoluciones\/","name":"Pol\u00edtica de reembolso y devoluciones - Betel Natural","isPartOf":{"@id":"https:\/\/betelnatural.com\/minegocio\/#website"},"datePublished":"2024-09-19T18:17:20+00:00","dateModified":"2024-10-01T13:00:53+00:00","breadcrumb":{"@id":"https:\/\/betelnatural.com\/minegocio\/politica-de-reembolso-y-devoluciones\/#breadcrumb"},"inLanguage":"en-US","potentialAction":[{"@type":"ReadAction","target":["https:\/\/betelnatural.com\/minegocio\/politica-de-reembolso-y-devoluciones\/"]}]},{"@type":"BreadcrumbList","@id":"https:\/\/betelnatural.com\/minegocio\/politica-de-reembolso-y-devoluciones\/#breadcrumb","itemListElement":[{"@type":"ListItem","position":1,"name":"Portada","item":"https:\/\/betelnatural.com\/minegocio\/"},{"@type":"ListItem","position":2,"name":"Pol\u00edtica de reembolso y devoluciones"}]},{"@type":"WebSite","@id":"https:\/\/betelnatural.com\/minegocio\/#website","url":"https:\/\/betelnatural.com\/minegocio\/","name":"Betel Natural","description":"Venta de productos naturales  y vitaminas","publisher":{"@id":"https:\/\/betelnatural.com\/minegocio\/#organization"},"alternateName":"Betel","potentialAction":[{"@type":"SearchAction","target":{"@type":"EntryPoint","urlTemplate":"https:\/\/betelnatural.com\/minegocio\/?s={search_term_string}"},"query-input":{"@type":"PropertyValueSpecification","valueRequired":true,"valueName":"search_term_string"}}],"inLanguage":"en-US"},{"@type":"Organization","@id":"https:\/\/betelnatural.com\/minegocio\/#organization","name":"Betel Natural","url":"https:\/\/betelnatural.com\/minegocio\/","logo":{"@type":"ImageObject","inLanguage":"en-US","@id":"https:\/\/betelnatural.com\/minegocio\/#\/schema\/logo\/image\/","url":"https:\/\/betelnatural.com\/minegocio\/wp-content\/uploads\/2024\/06\/logo.png","contentUrl":"https:\/\/betelnatural.com\/minegocio\/wp-content\/uploads\/2024\/06\/logo.png","width":250,"height":95,"caption":"Betel Natural"},"image":{"@id":"https:\/\/betelnatural.com\/minegocio\/#\/schema\/logo\/image\/"},"sameAs":["https:\/\/www.facebook.com\/betelnatural.inc","https:\/\/www.instagram.com\/betel_natural\/"]}]}},"_links":{"self":[{"href":"https:\/\/betelnatural.com\/minegocio\/en\/wp-json\/wp\/v2\/pages\/3306","targetHints":{"allow":["GET"]}}],"collection":[{"href":"https:\/\/betelnatural.com\/minegocio\/en\/wp-json\/wp\/v2\/pages"}],"about":[{"href":"https:\/\/betelnatural.com\/minegocio\/en\/wp-json\/wp\/v2\/types\/page"}],"author":[{"embeddable":true,"href":"https:\/\/betelnatural.com\/minegocio\/en\/wp-json\/wp\/v2\/users\/1"}],"replies":[{"embeddable":true,"href":"https:\/\/betelnatural.com\/minegocio\/en\/wp-json\/wp\/v2\/comments?post=3306"}],"version-history":[{"count":10,"href":"https:\/\/betelnatural.com\/minegocio\/en\/wp-json\/wp\/v2\/pages\/3306\/revisions"}],"predecessor-version":[{"id":4517,"href":"https:\/\/betelnatural.com\/minegocio\/en\/wp-json\/wp\/v2\/pages\/3306\/revisions\/4517"}],"wp:attachment":[{"href":"https:\/\/betelnatural.com\/minegocio\/en\/wp-json\/wp\/v2\/media?parent=3306"}],"curies":[{"name":"wp","href":"https:\/\/api.w.org\/{rel}","templated":true}]}}