{"id":2766,"date":"2024-09-12T14:35:12","date_gmt":"2024-09-12T14:35:12","guid":{"rendered":"https:\/\/betelnatural.com\/minegocio\/product\/acido-folico-capsulas\/"},"modified":"2024-11-27T19:56:38","modified_gmt":"2024-11-27T19:56:38","slug":"acido-folico-capsulas","status":"publish","type":"product","link":"https:\/\/betelnatural.com\/minegocio\/en\/product\/acido-folico-capsulas\/","title":{"rendered":"Folic Acid Capsules"},"content":{"rendered":"<p><strong>Salud Celular y Sangu\u00ednea: <\/strong>El Acido F\u00f3lico c\u00e1psulas de Betel Natural es un suplemento esencial para el correcto funcionamiento de los gl\u00f3bulos rojos y las c\u00e9lulas en el cuerpo. En primer lugar, su rol en la formaci\u00f3n de gl\u00f3bulos rojos es crucial para mantener una circulaci\u00f3n sangu\u00ednea saludable y un sistema inmune fuerte. Adem\u00e1s, ayuda a prevenir deficiencias y asegura que el cuerpo funcione de manera \u00f3ptima, garantizando un rendimiento eficiente de todos los sistemas del cuerpo. \ud83e\ude78\ud83c\udf31<\/p>\n<p><strong>Beneficios para la Salud Cognitiva y Emocional: <\/strong>Adem\u00e1s de su impacto en la salud sangu\u00ednea, el \u00e1cido f\u00f3lico puede contribuir a la mejora de la salud mental y emocional ya que un consumo adecuado de \u00e1cido f\u00f3lico disminuye el riesgo de enfermedades como el Alzheimer y la depresi\u00f3n.<br \/>\nMantener niveles adecuados de \u00e1cido f\u00f3lico favorece una mejor funci\u00f3n cerebral y puede ayudar a combatir los s\u00edntomas asociados con trastornos emocionales. \ud83e\udde0\ud83d\udc9a<\/p>\n<p><strong>Apoyo a la Salud Reproductiva: <\/strong>El \u00e1cido f\u00f3lico es un nutriente esencial durante el embarazo, ya que favorece el desarrollo prenatal saludable. Igualmente, es conocido por mejorar la calidad de los espermatozoides y se recomienda a las mujeres que buscan concebir, ayudando a preparar su cuerpo para un embarazo saludable.<\/p>\n<p><strong>Modo de Uso:<\/strong><br \/>\nPara obtener los mejores resultados, toma tres c\u00e1psulas al d\u00eda o sigue las indicaciones de tu especialista. Aseg\u00farate de tomarlas con un vaso de agua durante las comidas para una mejor absorci\u00f3n. \ud83d\udca7\ud83e\udd57<\/p>\n<p><strong>Ingredientes Naturales: <\/strong>Este suplemento est\u00e1 formulado con ingredientes naturales, garantizando un producto eficaz y seguro para tu bienestar general. \ud83c\udf31<\/p>\n<p><strong>Precauciones:<\/strong><br \/>\nConsulta a un profesional de la salud antes de comenzar cualquier suplemento, o tienes condiciones de salud preexistentes.<br \/>\nMujeres embarazadas o en periodo de lactancia no deben ingerirlo.<br \/>\nMantener este producto en un lugar fresco, seco y fuera del alcance de los ni\u00f1os.\ud83c\udf21\ufe0f<\/p>\n<p><strong>Suplemento Alimenticio: <\/strong>El Acido F\u00f3lico c\u00e1psulas de Betel Natural es una opci\u00f3n excelente para mejorar tu salud celular, cognitiva y reproductiva. \ud83c\udf31<\/p>\n<p>\ud83c\udf08\u2728\u00a1A\u00f1\u00e1delo a tu rutina diaria para un bienestar integral!\ud83c\udf08\u2728<\/p>","protected":false},"excerpt":{"rendered":"<p>90 capsules<\/p>\n<p>Important for the formation and function of red blood cells and cells. Helps reduce the risk of diseases such as Alzheimer's, depression, improve sperm quality and supports development in the prenatal state.<\/p>\n<p>Take three capsules a day or as directed by your specialist.<\/p>","protected":false},"featured_media":3035,"comment_status":"open","ping_status":"closed","template":"","meta":[],"product_brand":[],"product_cat":[117,141,145,149,114,193,115,113,172,173],"product_tag":[],"class_list":{"0":"post-2766","1":"product","2":"type-product","3":"status-publish","4":"has-post-thumbnail","6":"product_cat-agotamiento-mental","7":"product_cat-anemia","8":"product_cat-cabello-fragil","9":"product_cat-depresion","10":"product_cat-estres","11":"product_cat-nuevo","12":"product_cat-remedios-naturales","13":"product_cat-salud-mental","14":"product_cat-sistema-inmunologico","15":"product_cat-vitaminas-y-minerales","17":"first","18":"instock","19":"shipping-taxable","20":"product-type-simple"},"yoast_head":"<!-- This site is optimized with the Yoast SEO plugin v27.4 - https:\/\/yoast.com\/product\/yoast-seo-wordpress\/ -->\n<title>Acido F\u00f3lico c\u00e1psulas - Betel Natural<\/title>\n<meta name=\"robots\" content=\"index, follow, max-snippet:-1, max-image-preview:large, max-video-preview:-1\" \/>\n<link rel=\"canonical\" href=\"https:\/\/betelnatural.com\/minegocio\/en\/product\/acido-folico-capsulas\/\" \/>\n<meta property=\"og:locale\" content=\"en_US\" \/>\n<meta property=\"og:type\" content=\"article\" \/>\n<meta property=\"og:title\" content=\"Acido F\u00f3lico c\u00e1psulas - Betel Natural\" \/>\n<meta property=\"og:description\" content=\"90 c\u00e1psulas  Importante para la formaci\u00f3n y funci\u00f3n de gl\u00f3bulos rojos y c\u00e9lulas. Ayuda a disminuir el riesgo de enfermedades como el alzheimer, depresi\u00f3n, mejorar la calidad de los espermatozoides y apoya el desarrollo en el estado prenatal.  Tomar tres capsulas al d\u00eda o lo que su especialista indique.\" \/>\n<meta property=\"og:url\" content=\"https:\/\/betelnatural.com\/minegocio\/en\/product\/acido-folico-capsulas\/\" \/>\n<meta property=\"og:site_name\" content=\"Betel Natural\" \/>\n<meta property=\"article:publisher\" content=\"https:\/\/www.facebook.com\/betelnatural.inc\" \/>\n<meta property=\"article:modified_time\" content=\"2024-11-27T19:56:38+00:00\" \/>\n<meta property=\"og:image\" content=\"https:\/\/betelnatural.com\/minegocio\/wp-content\/uploads\/2024\/09\/AcidoFolico_frente_caps.png\" \/>\n\t<meta property=\"og:image:width\" content=\"1200\" \/>\n\t<meta property=\"og:image:height\" content=\"1200\" \/>\n\t<meta property=\"og:image:type\" content=\"image\/png\" \/>\n<meta name=\"twitter:card\" content=\"summary_large_image\" \/>\n<meta name=\"twitter:label1\" content=\"Est. reading time\" \/>\n\t<meta name=\"twitter:data1\" content=\"1 minute\" \/>\n<script type=\"application\/ld+json\" class=\"yoast-schema-graph\">{\"@context\":\"https:\\\/\\\/schema.org\",\"@graph\":[{\"@type\":\"WebPage\",\"@id\":\"https:\\\/\\\/betelnatural.com\\\/minegocio\\\/product\\\/acido-folico-capsulas\\\/\",\"url\":\"https:\\\/\\\/betelnatural.com\\\/minegocio\\\/product\\\/acido-folico-capsulas\\\/\",\"name\":\"Acido F\u00f3lico c\u00e1psulas - Betel Natural\",\"isPartOf\":{\"@id\":\"https:\\\/\\\/betelnatural.com\\\/minegocio\\\/#website\"},\"primaryImageOfPage\":{\"@id\":\"https:\\\/\\\/betelnatural.com\\\/minegocio\\\/product\\\/acido-folico-capsulas\\\/#primaryimage\"},\"image\":{\"@id\":\"https:\\\/\\\/betelnatural.com\\\/minegocio\\\/product\\\/acido-folico-capsulas\\\/#primaryimage\"},\"thumbnailUrl\":\"https:\\\/\\\/betelnatural.com\\\/minegocio\\\/wp-content\\\/uploads\\\/2024\\\/09\\\/AcidoFolico_frente_caps.png\",\"datePublished\":\"2024-09-12T14:35:12+00:00\",\"dateModified\":\"2024-11-27T19:56:38+00:00\",\"breadcrumb\":{\"@id\":\"https:\\\/\\\/betelnatural.com\\\/minegocio\\\/product\\\/acido-folico-capsulas\\\/#breadcrumb\"},\"inLanguage\":\"en-US\",\"potentialAction\":[{\"@type\":\"ReadAction\",\"target\":[\"https:\\\/\\\/betelnatural.com\\\/minegocio\\\/product\\\/acido-folico-capsulas\\\/\"]}]},{\"@type\":\"ImageObject\",\"inLanguage\":\"en-US\",\"@id\":\"https:\\\/\\\/betelnatural.com\\\/minegocio\\\/product\\\/acido-folico-capsulas\\\/#primaryimage\",\"url\":\"https:\\\/\\\/betelnatural.com\\\/minegocio\\\/wp-content\\\/uploads\\\/2024\\\/09\\\/AcidoFolico_frente_caps.png\",\"contentUrl\":\"https:\\\/\\\/betelnatural.com\\\/minegocio\\\/wp-content\\\/uploads\\\/2024\\\/09\\\/AcidoFolico_frente_caps.png\",\"width\":1200,\"height\":1200},{\"@type\":\"BreadcrumbList\",\"@id\":\"https:\\\/\\\/betelnatural.com\\\/minegocio\\\/product\\\/acido-folico-capsulas\\\/#breadcrumb\",\"itemListElement\":[{\"@type\":\"ListItem\",\"position\":1,\"name\":\"Portada\",\"item\":\"https:\\\/\\\/betelnatural.com\\\/minegocio\\\/\"},{\"@type\":\"ListItem\",\"position\":2,\"name\":\"Product\",\"item\":\"https:\\\/\\\/betelnatural.com\\\/minegocio\\\/product\\\/\"},{\"@type\":\"ListItem\",\"position\":3,\"name\":\"Acido F\u00f3lico c\u00e1psulas\"}]},{\"@type\":\"WebSite\",\"@id\":\"https:\\\/\\\/betelnatural.com\\\/minegocio\\\/#website\",\"url\":\"https:\\\/\\\/betelnatural.com\\\/minegocio\\\/\",\"name\":\"Betel Natural\",\"description\":\"Venta de productos naturales  y vitaminas\",\"publisher\":{\"@id\":\"https:\\\/\\\/betelnatural.com\\\/minegocio\\\/#organization\"},\"alternateName\":\"Betel\",\"potentialAction\":[{\"@type\":\"SearchAction\",\"target\":{\"@type\":\"EntryPoint\",\"urlTemplate\":\"https:\\\/\\\/betelnatural.com\\\/minegocio\\\/?s={search_term_string}\"},\"query-input\":{\"@type\":\"PropertyValueSpecification\",\"valueRequired\":true,\"valueName\":\"search_term_string\"}}],\"inLanguage\":\"en-US\"},{\"@type\":\"Organization\",\"@id\":\"https:\\\/\\\/betelnatural.com\\\/minegocio\\\/#organization\",\"name\":\"Betel Natural\",\"url\":\"https:\\\/\\\/betelnatural.com\\\/minegocio\\\/\",\"logo\":{\"@type\":\"ImageObject\",\"inLanguage\":\"en-US\",\"@id\":\"https:\\\/\\\/betelnatural.com\\\/minegocio\\\/#\\\/schema\\\/logo\\\/image\\\/\",\"url\":\"https:\\\/\\\/betelnatural.com\\\/minegocio\\\/wp-content\\\/uploads\\\/2024\\\/06\\\/logo.png\",\"contentUrl\":\"https:\\\/\\\/betelnatural.com\\\/minegocio\\\/wp-content\\\/uploads\\\/2024\\\/06\\\/logo.png\",\"width\":250,\"height\":95,\"caption\":\"Betel Natural\"},\"image\":{\"@id\":\"https:\\\/\\\/betelnatural.com\\\/minegocio\\\/#\\\/schema\\\/logo\\\/image\\\/\"},\"sameAs\":[\"https:\\\/\\\/www.facebook.com\\\/betelnatural.inc\",\"https:\\\/\\\/www.instagram.com\\\/betel_natural\\\/\"]}]}<\/script>\n<!-- \/ Yoast SEO plugin. -->","yoast_head_json":{"title":"Acido F\u00f3lico c\u00e1psulas - Betel Natural","robots":{"index":"index","follow":"follow","max-snippet":"max-snippet:-1","max-image-preview":"max-image-preview:large","max-video-preview":"max-video-preview:-1"},"canonical":"https:\/\/betelnatural.com\/minegocio\/en\/product\/acido-folico-capsulas\/","og_locale":"en_US","og_type":"article","og_title":"Acido F\u00f3lico c\u00e1psulas - Betel Natural","og_description":"90 c\u00e1psulas  Importante para la formaci\u00f3n y funci\u00f3n de gl\u00f3bulos rojos y c\u00e9lulas. Ayuda a disminuir el riesgo de enfermedades como el alzheimer, depresi\u00f3n, mejorar la calidad de los espermatozoides y apoya el desarrollo en el estado prenatal.  Tomar tres capsulas al d\u00eda o lo que su especialista indique.","og_url":"https:\/\/betelnatural.com\/minegocio\/en\/product\/acido-folico-capsulas\/","og_site_name":"Betel Natural","article_publisher":"https:\/\/www.facebook.com\/betelnatural.inc","article_modified_time":"2024-11-27T19:56:38+00:00","og_image":[{"width":1200,"height":1200,"url":"https:\/\/betelnatural.com\/minegocio\/wp-content\/uploads\/2024\/09\/AcidoFolico_frente_caps.png","type":"image\/png"}],"twitter_card":"summary_large_image","twitter_misc":{"Est. reading time":"1 minute"},"schema":{"@context":"https:\/\/schema.org","@graph":[{"@type":"WebPage","@id":"https:\/\/betelnatural.com\/minegocio\/product\/acido-folico-capsulas\/","url":"https:\/\/betelnatural.com\/minegocio\/product\/acido-folico-capsulas\/","name":"Acido F\u00f3lico c\u00e1psulas - Betel Natural","isPartOf":{"@id":"https:\/\/betelnatural.com\/minegocio\/#website"},"primaryImageOfPage":{"@id":"https:\/\/betelnatural.com\/minegocio\/product\/acido-folico-capsulas\/#primaryimage"},"image":{"@id":"https:\/\/betelnatural.com\/minegocio\/product\/acido-folico-capsulas\/#primaryimage"},"thumbnailUrl":"https:\/\/betelnatural.com\/minegocio\/wp-content\/uploads\/2024\/09\/AcidoFolico_frente_caps.png","datePublished":"2024-09-12T14:35:12+00:00","dateModified":"2024-11-27T19:56:38+00:00","breadcrumb":{"@id":"https:\/\/betelnatural.com\/minegocio\/product\/acido-folico-capsulas\/#breadcrumb"},"inLanguage":"en-US","potentialAction":[{"@type":"ReadAction","target":["https:\/\/betelnatural.com\/minegocio\/product\/acido-folico-capsulas\/"]}]},{"@type":"ImageObject","inLanguage":"en-US","@id":"https:\/\/betelnatural.com\/minegocio\/product\/acido-folico-capsulas\/#primaryimage","url":"https:\/\/betelnatural.com\/minegocio\/wp-content\/uploads\/2024\/09\/AcidoFolico_frente_caps.png","contentUrl":"https:\/\/betelnatural.com\/minegocio\/wp-content\/uploads\/2024\/09\/AcidoFolico_frente_caps.png","width":1200,"height":1200},{"@type":"BreadcrumbList","@id":"https:\/\/betelnatural.com\/minegocio\/product\/acido-folico-capsulas\/#breadcrumb","itemListElement":[{"@type":"ListItem","position":1,"name":"Portada","item":"https:\/\/betelnatural.com\/minegocio\/"},{"@type":"ListItem","position":2,"name":"Product","item":"https:\/\/betelnatural.com\/minegocio\/product\/"},{"@type":"ListItem","position":3,"name":"Acido F\u00f3lico c\u00e1psulas"}]},{"@type":"WebSite","@id":"https:\/\/betelnatural.com\/minegocio\/#website","url":"https:\/\/betelnatural.com\/minegocio\/","name":"Betel Natural","description":"Venta de productos naturales  y vitaminas","publisher":{"@id":"https:\/\/betelnatural.com\/minegocio\/#organization"},"alternateName":"Betel","potentialAction":[{"@type":"SearchAction","target":{"@type":"EntryPoint","urlTemplate":"https:\/\/betelnatural.com\/minegocio\/?s={search_term_string}"},"query-input":{"@type":"PropertyValueSpecification","valueRequired":true,"valueName":"search_term_string"}}],"inLanguage":"en-US"},{"@type":"Organization","@id":"https:\/\/betelnatural.com\/minegocio\/#organization","name":"Betel Natural","url":"https:\/\/betelnatural.com\/minegocio\/","logo":{"@type":"ImageObject","inLanguage":"en-US","@id":"https:\/\/betelnatural.com\/minegocio\/#\/schema\/logo\/image\/","url":"https:\/\/betelnatural.com\/minegocio\/wp-content\/uploads\/2024\/06\/logo.png","contentUrl":"https:\/\/betelnatural.com\/minegocio\/wp-content\/uploads\/2024\/06\/logo.png","width":250,"height":95,"caption":"Betel Natural"},"image":{"@id":"https:\/\/betelnatural.com\/minegocio\/#\/schema\/logo\/image\/"},"sameAs":["https:\/\/www.facebook.com\/betelnatural.inc","https:\/\/www.instagram.com\/betel_natural\/"]}]}},"_links":{"self":[{"href":"https:\/\/betelnatural.com\/minegocio\/en\/wp-json\/wp\/v2\/product\/2766","targetHints":{"allow":["GET"]}}],"collection":[{"href":"https:\/\/betelnatural.com\/minegocio\/en\/wp-json\/wp\/v2\/product"}],"about":[{"href":"https:\/\/betelnatural.com\/minegocio\/en\/wp-json\/wp\/v2\/types\/product"}],"replies":[{"embeddable":true,"href":"https:\/\/betelnatural.com\/minegocio\/en\/wp-json\/wp\/v2\/comments?post=2766"}],"wp:featuredmedia":[{"embeddable":true,"href":"https:\/\/betelnatural.com\/minegocio\/en\/wp-json\/wp\/v2\/media\/3035"}],"wp:attachment":[{"href":"https:\/\/betelnatural.com\/minegocio\/en\/wp-json\/wp\/v2\/media?parent=2766"}],"wp:term":[{"taxonomy":"product_brand","embeddable":true,"href":"https:\/\/betelnatural.com\/minegocio\/en\/wp-json\/wp\/v2\/product_brand?post=2766"},{"taxonomy":"product_cat","embeddable":true,"href":"https:\/\/betelnatural.com\/minegocio\/en\/wp-json\/wp\/v2\/product_cat?post=2766"},{"taxonomy":"product_tag","embeddable":true,"href":"https:\/\/betelnatural.com\/minegocio\/en\/wp-json\/wp\/v2\/product_tag?post=2766"}],"curies":[{"name":"wp","href":"https:\/\/api.w.org\/{rel}","templated":true}]}}