{"id":2775,"date":"2024-09-12T14:35:20","date_gmt":"2024-09-12T14:35:20","guid":{"rendered":"https:\/\/betelnatural.com\/minegocio\/product\/always-flacos-capsulas\/"},"modified":"2024-11-27T19:56:39","modified_gmt":"2024-11-27T19:56:39","slug":"always-flacos-capsulas","status":"publish","type":"product","link":"https:\/\/betelnatural.com\/minegocio\/en\/product\/always-flacos-capsulas\/","title":{"rendered":"Always Skinny Capsules"},"content":{"rendered":"<p><em><strong>Ayuda a reducir la grasa corporal<\/strong>:<\/em><br \/>\nAlways Flacos C\u00e1psulas de Betel Natural est\u00e1 formulado con ingredientes naturales que trabajan en conjunto para promover la quema de grasa.<br \/>\nEstos ingredientes act\u00faan reduciendo las reservas de grasa en el cuerpo, lo que contribuye a una p\u00e9rdida de peso efectiva y gradual, ayudando a moldear la figura y mejorar la composici\u00f3n corporal.<\/p>\n<p><em><strong>Contribuye al control de peso sin efectos secundarios<\/strong>:<br \/>\n<\/em>Esta f\u00f3rmula est\u00e1 dise\u00f1ada para ayudar a perder peso de manera segura, sin efectos secundarios no deseados.<br \/>\nSus ingredientes naturales regulan el apetito y favorecen un equilibrio saludable en el cuerpo, lo que facilita el control del peso de forma constante sin provocar alteraciones en el bienestar general.<\/p>\n<p><em><strong>Acelera el metabolismo de manera natural<\/strong>:<\/em><br \/>\nLos ingredientes est\u00e1n especialmente seleccionados para activar el metabolismo de forma natural. As\u00ed mismo ayuda a un metabolismo m\u00e1s r\u00e1pido contribuyendo a una mayor energ\u00eda y vitalidad.<\/p>\n<p>[ver_mas]<\/p>\n<p>\ud83d\udcc5 <strong>Modo de Uso<\/strong><br \/>\nPara obtener los mejores resultados, toma dos c\u00e1psulas por la ma\u00f1ana y dos c\u00e1psulas por la tarde (antes de las 4 p.m.) para maximizar su efectividad. \ud83d\udc8a\ud83d\udca7<br \/>\nPara potenciar a\u00fan m\u00e1s sus efectos, puedes acompa\u00f1arlo con otros productos de nuestra l\u00ednea Always Flacos, como el licuado o el vinagre de manzana. As\u00ed, lograr\u00e1s un plan de p\u00e9rdida de peso integral y maximizar\u00e1s tus resultados. \ud83c\udf4f\ud83e\udd64<\/p>\n<p><strong>Ingredientes naturales<\/strong>:<br \/>\nEst\u00e1 formulado \u00fanicamente por ingredientes naturales, lo que asegura una experiencia segura y saludable en el proceso de p\u00e9rdida de peso. A dem\u00e1s, esta f\u00f3rmula no contiene qu\u00edmicos ni sustancias artificiales, lo que la convierte en una opci\u00f3n confiable y respetuosa con el cuerpo.<\/p>\n<p>\u26a0 <strong>Precauciones<\/strong><\/p>\n<ul>\n<li>Consulta con tu m\u00e9dico antes de iniciar cualquier suplemento, especialmente si tienes condiciones de salud preexistentes. \ud83e\ude7a<\/li>\n<li>Mant\u00e9n este producto fuera del alcance de los ni\u00f1os. \ud83d\udeab\ud83d\udc76<\/li>\n<li>Mujeres embarazadas o en periodo de lactancia no deben ingerir este producto.<\/li>\n<\/ul>\n<p><strong>Suplemento Alimenticio<\/strong>: Always Flacos C\u00e1psulas de Betel Natural es una excelente opci\u00f3n para aquellos que buscan mejorar su peso de manera natural, segura y sin efectos secundarios. \ud83c\udf3f\ud83c\udf1f<\/p>\n<p>Los ingredientes est\u00e1n especialmente seleccionados para activar el metabolismo de forma natural. Adem\u00e1s, contribuyen a un metabolismo m\u00e1s r\u00e1pido, lo que a su vez ayuda a incrementar tu energ\u00eda y vitalidad. \ud83c\udf1e<\/p>\n<p>[\/ver_mas]<\/p>\n","protected":false},"excerpt":{"rendered":"<p><strong>90 capsules<\/strong><\/p>\n<p>Formula that helps weight loss naturally and safely.<\/p>\n<p>Take two capsules in the morning and two capsules in the afternoon (before 4pm). For best results, you can accompany it with the smoothie or apple cider vinegar from our Always Flacos line.<\/p>","protected":false},"featured_media":1197,"comment_status":"open","ping_status":"closed","template":"","meta":[],"product_brand":[],"product_cat":[176],"product_tag":[],"class_list":{"0":"post-2775","1":"product","2":"type-product","3":"status-publish","4":"has-post-thumbnail","6":"product_cat-perdida-de-peso","8":"first","9":"instock","10":"shipping-taxable","11":"product-type-simple"},"yoast_head":"<!-- This site is optimized with the Yoast SEO plugin v27.4 - https:\/\/yoast.com\/product\/yoast-seo-wordpress\/ -->\n<title>Always Flacos c\u00e1psulas - Betel Natural<\/title>\n<meta name=\"robots\" content=\"index, follow, max-snippet:-1, max-image-preview:large, max-video-preview:-1\" \/>\n<link rel=\"canonical\" href=\"https:\/\/betelnatural.com\/minegocio\/en\/product\/always-flacos-capsulas\/\" \/>\n<meta property=\"og:locale\" content=\"en_US\" \/>\n<meta property=\"og:type\" content=\"article\" \/>\n<meta property=\"og:title\" content=\"Always Flacos c\u00e1psulas - Betel Natural\" \/>\n<meta property=\"og:description\" content=\"90 c\u00e1psulas  F\u00f3rmula que ayuda la p\u00e9rdida de peso de manera natural y segura.  Tome dos capsulas por la ma\u00f1ana y dos capsulas por la tarde (antes de las 4pm). Para mejores resultados, puede acompa\u00f1arlo con el licuado o vinagre de manzana de nuestra l\u00ednea Always Flacos.\" \/>\n<meta property=\"og:url\" content=\"https:\/\/betelnatural.com\/minegocio\/en\/product\/always-flacos-capsulas\/\" \/>\n<meta property=\"og:site_name\" content=\"Betel Natural\" \/>\n<meta property=\"article:publisher\" content=\"https:\/\/www.facebook.com\/betelnatural.inc\" \/>\n<meta property=\"article:modified_time\" content=\"2024-11-27T19:56:39+00:00\" \/>\n<meta property=\"og:image\" content=\"https:\/\/betelnatural.com\/minegocio\/wp-content\/uploads\/2024\/07\/Always_Flacos_caps_frente.png\" \/>\n\t<meta property=\"og:image:width\" content=\"1200\" \/>\n\t<meta property=\"og:image:height\" content=\"1200\" \/>\n\t<meta property=\"og:image:type\" content=\"image\/png\" \/>\n<meta name=\"twitter:card\" content=\"summary_large_image\" \/>\n<meta name=\"twitter:label1\" content=\"Est. reading time\" \/>\n\t<meta name=\"twitter:data1\" content=\"1 minute\" \/>\n<script type=\"application\/ld+json\" class=\"yoast-schema-graph\">{\"@context\":\"https:\\\/\\\/schema.org\",\"@graph\":[{\"@type\":\"WebPage\",\"@id\":\"https:\\\/\\\/betelnatural.com\\\/minegocio\\\/product\\\/always-flacos-capsulas\\\/\",\"url\":\"https:\\\/\\\/betelnatural.com\\\/minegocio\\\/product\\\/always-flacos-capsulas\\\/\",\"name\":\"Always Flacos c\u00e1psulas - Betel Natural\",\"isPartOf\":{\"@id\":\"https:\\\/\\\/betelnatural.com\\\/minegocio\\\/#website\"},\"primaryImageOfPage\":{\"@id\":\"https:\\\/\\\/betelnatural.com\\\/minegocio\\\/product\\\/always-flacos-capsulas\\\/#primaryimage\"},\"image\":{\"@id\":\"https:\\\/\\\/betelnatural.com\\\/minegocio\\\/product\\\/always-flacos-capsulas\\\/#primaryimage\"},\"thumbnailUrl\":\"https:\\\/\\\/betelnatural.com\\\/minegocio\\\/wp-content\\\/uploads\\\/2024\\\/07\\\/Always_Flacos_caps_frente.png\",\"datePublished\":\"2024-09-12T14:35:20+00:00\",\"dateModified\":\"2024-11-27T19:56:39+00:00\",\"breadcrumb\":{\"@id\":\"https:\\\/\\\/betelnatural.com\\\/minegocio\\\/product\\\/always-flacos-capsulas\\\/#breadcrumb\"},\"inLanguage\":\"en-US\",\"potentialAction\":[{\"@type\":\"ReadAction\",\"target\":[\"https:\\\/\\\/betelnatural.com\\\/minegocio\\\/product\\\/always-flacos-capsulas\\\/\"]}]},{\"@type\":\"ImageObject\",\"inLanguage\":\"en-US\",\"@id\":\"https:\\\/\\\/betelnatural.com\\\/minegocio\\\/product\\\/always-flacos-capsulas\\\/#primaryimage\",\"url\":\"https:\\\/\\\/betelnatural.com\\\/minegocio\\\/wp-content\\\/uploads\\\/2024\\\/07\\\/Always_Flacos_caps_frente.png\",\"contentUrl\":\"https:\\\/\\\/betelnatural.com\\\/minegocio\\\/wp-content\\\/uploads\\\/2024\\\/07\\\/Always_Flacos_caps_frente.png\",\"width\":1200,\"height\":1200},{\"@type\":\"BreadcrumbList\",\"@id\":\"https:\\\/\\\/betelnatural.com\\\/minegocio\\\/product\\\/always-flacos-capsulas\\\/#breadcrumb\",\"itemListElement\":[{\"@type\":\"ListItem\",\"position\":1,\"name\":\"Portada\",\"item\":\"https:\\\/\\\/betelnatural.com\\\/minegocio\\\/\"},{\"@type\":\"ListItem\",\"position\":2,\"name\":\"Product\",\"item\":\"https:\\\/\\\/betelnatural.com\\\/minegocio\\\/product\\\/\"},{\"@type\":\"ListItem\",\"position\":3,\"name\":\"Always Flacos c\u00e1psulas\"}]},{\"@type\":\"WebSite\",\"@id\":\"https:\\\/\\\/betelnatural.com\\\/minegocio\\\/#website\",\"url\":\"https:\\\/\\\/betelnatural.com\\\/minegocio\\\/\",\"name\":\"Betel Natural\",\"description\":\"Venta de productos naturales  y vitaminas\",\"publisher\":{\"@id\":\"https:\\\/\\\/betelnatural.com\\\/minegocio\\\/#organization\"},\"alternateName\":\"Betel\",\"potentialAction\":[{\"@type\":\"SearchAction\",\"target\":{\"@type\":\"EntryPoint\",\"urlTemplate\":\"https:\\\/\\\/betelnatural.com\\\/minegocio\\\/?s={search_term_string}\"},\"query-input\":{\"@type\":\"PropertyValueSpecification\",\"valueRequired\":true,\"valueName\":\"search_term_string\"}}],\"inLanguage\":\"en-US\"},{\"@type\":\"Organization\",\"@id\":\"https:\\\/\\\/betelnatural.com\\\/minegocio\\\/#organization\",\"name\":\"Betel Natural\",\"url\":\"https:\\\/\\\/betelnatural.com\\\/minegocio\\\/\",\"logo\":{\"@type\":\"ImageObject\",\"inLanguage\":\"en-US\",\"@id\":\"https:\\\/\\\/betelnatural.com\\\/minegocio\\\/#\\\/schema\\\/logo\\\/image\\\/\",\"url\":\"https:\\\/\\\/betelnatural.com\\\/minegocio\\\/wp-content\\\/uploads\\\/2024\\\/06\\\/logo.png\",\"contentUrl\":\"https:\\\/\\\/betelnatural.com\\\/minegocio\\\/wp-content\\\/uploads\\\/2024\\\/06\\\/logo.png\",\"width\":250,\"height\":95,\"caption\":\"Betel Natural\"},\"image\":{\"@id\":\"https:\\\/\\\/betelnatural.com\\\/minegocio\\\/#\\\/schema\\\/logo\\\/image\\\/\"},\"sameAs\":[\"https:\\\/\\\/www.facebook.com\\\/betelnatural.inc\",\"https:\\\/\\\/www.instagram.com\\\/betel_natural\\\/\"]}]}<\/script>\n<!-- \/ Yoast SEO plugin. -->","yoast_head_json":{"title":"Always Flacos c\u00e1psulas - Betel Natural","robots":{"index":"index","follow":"follow","max-snippet":"max-snippet:-1","max-image-preview":"max-image-preview:large","max-video-preview":"max-video-preview:-1"},"canonical":"https:\/\/betelnatural.com\/minegocio\/en\/product\/always-flacos-capsulas\/","og_locale":"en_US","og_type":"article","og_title":"Always Flacos c\u00e1psulas - Betel Natural","og_description":"90 c\u00e1psulas  F\u00f3rmula que ayuda la p\u00e9rdida de peso de manera natural y segura.  Tome dos capsulas por la ma\u00f1ana y dos capsulas por la tarde (antes de las 4pm). Para mejores resultados, puede acompa\u00f1arlo con el licuado o vinagre de manzana de nuestra l\u00ednea Always Flacos.","og_url":"https:\/\/betelnatural.com\/minegocio\/en\/product\/always-flacos-capsulas\/","og_site_name":"Betel Natural","article_publisher":"https:\/\/www.facebook.com\/betelnatural.inc","article_modified_time":"2024-11-27T19:56:39+00:00","og_image":[{"width":1200,"height":1200,"url":"https:\/\/betelnatural.com\/minegocio\/wp-content\/uploads\/2024\/07\/Always_Flacos_caps_frente.png","type":"image\/png"}],"twitter_card":"summary_large_image","twitter_misc":{"Est. reading time":"1 minute"},"schema":{"@context":"https:\/\/schema.org","@graph":[{"@type":"WebPage","@id":"https:\/\/betelnatural.com\/minegocio\/product\/always-flacos-capsulas\/","url":"https:\/\/betelnatural.com\/minegocio\/product\/always-flacos-capsulas\/","name":"Always Flacos c\u00e1psulas - Betel Natural","isPartOf":{"@id":"https:\/\/betelnatural.com\/minegocio\/#website"},"primaryImageOfPage":{"@id":"https:\/\/betelnatural.com\/minegocio\/product\/always-flacos-capsulas\/#primaryimage"},"image":{"@id":"https:\/\/betelnatural.com\/minegocio\/product\/always-flacos-capsulas\/#primaryimage"},"thumbnailUrl":"https:\/\/betelnatural.com\/minegocio\/wp-content\/uploads\/2024\/07\/Always_Flacos_caps_frente.png","datePublished":"2024-09-12T14:35:20+00:00","dateModified":"2024-11-27T19:56:39+00:00","breadcrumb":{"@id":"https:\/\/betelnatural.com\/minegocio\/product\/always-flacos-capsulas\/#breadcrumb"},"inLanguage":"en-US","potentialAction":[{"@type":"ReadAction","target":["https:\/\/betelnatural.com\/minegocio\/product\/always-flacos-capsulas\/"]}]},{"@type":"ImageObject","inLanguage":"en-US","@id":"https:\/\/betelnatural.com\/minegocio\/product\/always-flacos-capsulas\/#primaryimage","url":"https:\/\/betelnatural.com\/minegocio\/wp-content\/uploads\/2024\/07\/Always_Flacos_caps_frente.png","contentUrl":"https:\/\/betelnatural.com\/minegocio\/wp-content\/uploads\/2024\/07\/Always_Flacos_caps_frente.png","width":1200,"height":1200},{"@type":"BreadcrumbList","@id":"https:\/\/betelnatural.com\/minegocio\/product\/always-flacos-capsulas\/#breadcrumb","itemListElement":[{"@type":"ListItem","position":1,"name":"Portada","item":"https:\/\/betelnatural.com\/minegocio\/"},{"@type":"ListItem","position":2,"name":"Product","item":"https:\/\/betelnatural.com\/minegocio\/product\/"},{"@type":"ListItem","position":3,"name":"Always Flacos c\u00e1psulas"}]},{"@type":"WebSite","@id":"https:\/\/betelnatural.com\/minegocio\/#website","url":"https:\/\/betelnatural.com\/minegocio\/","name":"Betel Natural","description":"Venta de productos naturales  y vitaminas","publisher":{"@id":"https:\/\/betelnatural.com\/minegocio\/#organization"},"alternateName":"Betel","potentialAction":[{"@type":"SearchAction","target":{"@type":"EntryPoint","urlTemplate":"https:\/\/betelnatural.com\/minegocio\/?s={search_term_string}"},"query-input":{"@type":"PropertyValueSpecification","valueRequired":true,"valueName":"search_term_string"}}],"inLanguage":"en-US"},{"@type":"Organization","@id":"https:\/\/betelnatural.com\/minegocio\/#organization","name":"Betel Natural","url":"https:\/\/betelnatural.com\/minegocio\/","logo":{"@type":"ImageObject","inLanguage":"en-US","@id":"https:\/\/betelnatural.com\/minegocio\/#\/schema\/logo\/image\/","url":"https:\/\/betelnatural.com\/minegocio\/wp-content\/uploads\/2024\/06\/logo.png","contentUrl":"https:\/\/betelnatural.com\/minegocio\/wp-content\/uploads\/2024\/06\/logo.png","width":250,"height":95,"caption":"Betel Natural"},"image":{"@id":"https:\/\/betelnatural.com\/minegocio\/#\/schema\/logo\/image\/"},"sameAs":["https:\/\/www.facebook.com\/betelnatural.inc","https:\/\/www.instagram.com\/betel_natural\/"]}]}},"_links":{"self":[{"href":"https:\/\/betelnatural.com\/minegocio\/en\/wp-json\/wp\/v2\/product\/2775","targetHints":{"allow":["GET"]}}],"collection":[{"href":"https:\/\/betelnatural.com\/minegocio\/en\/wp-json\/wp\/v2\/product"}],"about":[{"href":"https:\/\/betelnatural.com\/minegocio\/en\/wp-json\/wp\/v2\/types\/product"}],"replies":[{"embeddable":true,"href":"https:\/\/betelnatural.com\/minegocio\/en\/wp-json\/wp\/v2\/comments?post=2775"}],"wp:featuredmedia":[{"embeddable":true,"href":"https:\/\/betelnatural.com\/minegocio\/en\/wp-json\/wp\/v2\/media\/1197"}],"wp:attachment":[{"href":"https:\/\/betelnatural.com\/minegocio\/en\/wp-json\/wp\/v2\/media?parent=2775"}],"wp:term":[{"taxonomy":"product_brand","embeddable":true,"href":"https:\/\/betelnatural.com\/minegocio\/en\/wp-json\/wp\/v2\/product_brand?post=2775"},{"taxonomy":"product_cat","embeddable":true,"href":"https:\/\/betelnatural.com\/minegocio\/en\/wp-json\/wp\/v2\/product_cat?post=2775"},{"taxonomy":"product_tag","embeddable":true,"href":"https:\/\/betelnatural.com\/minegocio\/en\/wp-json\/wp\/v2\/product_tag?post=2775"}],"curies":[{"name":"wp","href":"https:\/\/api.w.org\/{rel}","templated":true}]}}