{"id":2780,"date":"2024-09-12T14:35:22","date_gmt":"2024-09-12T14:35:22","guid":{"rendered":"https:\/\/betelnatural.com\/minegocio\/product\/always-flacos-te-2\/"},"modified":"2024-11-27T19:56:40","modified_gmt":"2024-11-27T19:56:40","slug":"always-flacos-te","status":"publish","type":"product","link":"https:\/\/betelnatural.com\/minegocio\/en\/product\/always-flacos-te\/","title":{"rendered":"Always Skinny Tea"},"content":{"rendered":"<p><em><strong>P\u00e9rdida de peso natural y segura<\/strong>:<\/em> Always Flacos T\u00e9 de Betel Natural es una infusi\u00f3n de hierbas naturales especialmente formulada para apoyar el proceso de p\u00e9rdida de peso de manera saludable. Su combinaci\u00f3n de senna, t\u00e9 verde, t\u00e9 blanco, y otros ingredientes naturales, act\u00faa eficazmente para ayudar a tu cuerpo a eliminar toxinas y reducir el peso. \ud83c\udf43\u2696\ufe0f<\/p>\n<p><em><strong>Estimula la quema de grasa<\/strong>:<\/em> Gracias a la presencia de extracto de Garcinia Cambogia y semilla de guaran\u00e1, este t\u00e9 ayuda a acelerar el metabolismo.<br \/>\nPromueve la quema de grasa y favoreciendo la reducci\u00f3n de medidas. \ud83c\udf3f\ud83d\udd25<\/p>\n<p><em><strong>Desintoxicaci\u00f3n y mejora digestiva<\/strong>:<\/em> Con ingredientes como tlanchalagua, colcomeca, alfalfa y c\u00e1scara sagrada, Always Flacos T\u00e9 apoya la digesti\u00f3n y tiene propiedades diur\u00e9ticas que ayudan a eliminar las toxinas acumuladas en el cuerpo, mejorando el bienestar general. \ud83c\udf7d\ufe0f\ud83d\udca7<\/p>\n<p><em><strong>Sabor refrescante<\/strong>:<\/em> Su f\u00f3rmula aporta un sabor fresco y agradable, haciendo de cada taza una experiencia deliciosa y relajante. \ud83c\udf43\ud83d\ude0c<\/p>\n<p>[ver_mas]<\/p>\n<p>\ud83d\udcc5 <strong>Modo de Uso<\/strong><\/p>\n<ul>\n<li><strong>Para Bebida Caliente:<\/strong> Coloca una bolsa de t\u00e9 en una taza de agua caliente y deja reposar durante 3 a 5 minutos. \u2615\ud83d\udca7<br \/>\nPuedes endulzarlo a tu gusto con opciones naturales como miel o stevia para resaltar su sabor.<\/li>\n<li><strong style=\"font-size: 16px;\">Para Bebida Fr\u00eda:<\/strong><span style=\"font-size: 16px;\"> Hierve 8 tazas de agua y a\u00f1ade 8 bolsitas de t\u00e9. Deja reposar durante 5 minutos, luego retira las bolsas y endulza a tu preferencia. Refrig\u00e9ralo y disfruta de una refrescante bebida de T\u00e9 de Wereke helado. \ud83e\uddca\ud83c\udf1e<\/span><\/li>\n<\/ul>\n<p><strong>Ingredientes Naturales<\/strong>: Always Flacos T\u00e9 est\u00e1 compuesto por una combinaci\u00f3n de hierbas naturales que promueven la p\u00e9rdida de peso y la desintoxicaci\u00f3n sin efectos secundarios. \ud83c\udf3f\u2728<\/p>\n<ul>\n<li>Consulta con tu m\u00e9dico antes de consumir este t\u00e9 o tienes condiciones preexistentes. \u2695\ufe0f<\/li>\n<li>Mant\u00e9n fuera del alcance de los ni\u00f1os. \ud83d\udeab\ud83d\udc76<\/li>\n<li>Almacena en un lugar fresco y seco para mantener su frescura y efectividad. \ud83c\udf2c\ufe0f<\/li>\n<\/ul>\n<p>\u00a1Aprovecha los beneficios de Always Flacos T\u00e9 de Betel Natural\u00a0y da un paso hacia un estilo de vida m\u00e1s saludable y equilibrado! \ud83c\udf31\ud83d\udc9a<br \/>\n[\/ver_mas]<\/p>\n","protected":false},"excerpt":{"rendered":"<p><strong>24 bags<\/strong><\/p>\n<p>An infusion of natural herbs, our formula helps you lose weight naturally and safely.<\/p>","protected":false},"featured_media":1224,"comment_status":"open","ping_status":"closed","template":"","meta":[],"product_brand":[],"product_cat":[176],"product_tag":[],"class_list":{"0":"post-2780","1":"product","2":"type-product","3":"status-publish","4":"has-post-thumbnail","6":"product_cat-perdida-de-peso","8":"first","9":"instock","10":"shipping-taxable","11":"product-type-simple"},"yoast_head":"<!-- This site is optimized with the Yoast SEO plugin v27.4 - https:\/\/yoast.com\/product\/yoast-seo-wordpress\/ -->\n<title>Always Flacos Te - Betel Natural<\/title>\n<meta name=\"robots\" content=\"index, follow, max-snippet:-1, max-image-preview:large, max-video-preview:-1\" \/>\n<link rel=\"canonical\" href=\"https:\/\/betelnatural.com\/minegocio\/en\/product\/always-flacos-te\/\" \/>\n<meta property=\"og:locale\" content=\"en_US\" \/>\n<meta property=\"og:type\" content=\"article\" \/>\n<meta property=\"og:title\" content=\"Always Flacos Te - Betel Natural\" \/>\n<meta property=\"og:description\" content=\"24 bolsas  Infusi\u00f3n de hierbas naturales, nuestra f\u00f3rmula ayuda a perder peso de manera natural y segura.\" \/>\n<meta property=\"og:url\" content=\"https:\/\/betelnatural.com\/minegocio\/en\/product\/always-flacos-te\/\" \/>\n<meta property=\"og:site_name\" content=\"Betel Natural\" \/>\n<meta property=\"article:publisher\" content=\"https:\/\/www.facebook.com\/betelnatural.inc\" \/>\n<meta property=\"article:modified_time\" content=\"2024-11-27T19:56:40+00:00\" \/>\n<meta property=\"og:image\" content=\"https:\/\/betelnatural.com\/minegocio\/wp-content\/uploads\/2024\/07\/AlwaysFlacos_te_esp.png\" \/>\n\t<meta property=\"og:image:width\" content=\"1200\" \/>\n\t<meta property=\"og:image:height\" content=\"1200\" \/>\n\t<meta property=\"og:image:type\" content=\"image\/png\" \/>\n<meta name=\"twitter:card\" content=\"summary_large_image\" \/>\n<meta name=\"twitter:label1\" content=\"Est. reading time\" \/>\n\t<meta name=\"twitter:data1\" content=\"1 minute\" \/>\n<script type=\"application\/ld+json\" class=\"yoast-schema-graph\">{\"@context\":\"https:\\\/\\\/schema.org\",\"@graph\":[{\"@type\":\"WebPage\",\"@id\":\"https:\\\/\\\/betelnatural.com\\\/minegocio\\\/product\\\/always-flacos-te\\\/\",\"url\":\"https:\\\/\\\/betelnatural.com\\\/minegocio\\\/product\\\/always-flacos-te\\\/\",\"name\":\"Always Flacos Te - Betel Natural\",\"isPartOf\":{\"@id\":\"https:\\\/\\\/betelnatural.com\\\/minegocio\\\/#website\"},\"primaryImageOfPage\":{\"@id\":\"https:\\\/\\\/betelnatural.com\\\/minegocio\\\/product\\\/always-flacos-te\\\/#primaryimage\"},\"image\":{\"@id\":\"https:\\\/\\\/betelnatural.com\\\/minegocio\\\/product\\\/always-flacos-te\\\/#primaryimage\"},\"thumbnailUrl\":\"https:\\\/\\\/betelnatural.com\\\/minegocio\\\/wp-content\\\/uploads\\\/2024\\\/07\\\/AlwaysFlacos_te_esp.png\",\"datePublished\":\"2024-09-12T14:35:22+00:00\",\"dateModified\":\"2024-11-27T19:56:40+00:00\",\"breadcrumb\":{\"@id\":\"https:\\\/\\\/betelnatural.com\\\/minegocio\\\/product\\\/always-flacos-te\\\/#breadcrumb\"},\"inLanguage\":\"en-US\",\"potentialAction\":[{\"@type\":\"ReadAction\",\"target\":[\"https:\\\/\\\/betelnatural.com\\\/minegocio\\\/product\\\/always-flacos-te\\\/\"]}]},{\"@type\":\"ImageObject\",\"inLanguage\":\"en-US\",\"@id\":\"https:\\\/\\\/betelnatural.com\\\/minegocio\\\/product\\\/always-flacos-te\\\/#primaryimage\",\"url\":\"https:\\\/\\\/betelnatural.com\\\/minegocio\\\/wp-content\\\/uploads\\\/2024\\\/07\\\/AlwaysFlacos_te_esp.png\",\"contentUrl\":\"https:\\\/\\\/betelnatural.com\\\/minegocio\\\/wp-content\\\/uploads\\\/2024\\\/07\\\/AlwaysFlacos_te_esp.png\",\"width\":1200,\"height\":1200},{\"@type\":\"BreadcrumbList\",\"@id\":\"https:\\\/\\\/betelnatural.com\\\/minegocio\\\/product\\\/always-flacos-te\\\/#breadcrumb\",\"itemListElement\":[{\"@type\":\"ListItem\",\"position\":1,\"name\":\"Portada\",\"item\":\"https:\\\/\\\/betelnatural.com\\\/minegocio\\\/\"},{\"@type\":\"ListItem\",\"position\":2,\"name\":\"Product\",\"item\":\"https:\\\/\\\/betelnatural.com\\\/minegocio\\\/product\\\/\"},{\"@type\":\"ListItem\",\"position\":3,\"name\":\"Always Flacos Te\"}]},{\"@type\":\"WebSite\",\"@id\":\"https:\\\/\\\/betelnatural.com\\\/minegocio\\\/#website\",\"url\":\"https:\\\/\\\/betelnatural.com\\\/minegocio\\\/\",\"name\":\"Betel Natural\",\"description\":\"Venta de productos naturales  y vitaminas\",\"publisher\":{\"@id\":\"https:\\\/\\\/betelnatural.com\\\/minegocio\\\/#organization\"},\"alternateName\":\"Betel\",\"potentialAction\":[{\"@type\":\"SearchAction\",\"target\":{\"@type\":\"EntryPoint\",\"urlTemplate\":\"https:\\\/\\\/betelnatural.com\\\/minegocio\\\/?s={search_term_string}\"},\"query-input\":{\"@type\":\"PropertyValueSpecification\",\"valueRequired\":true,\"valueName\":\"search_term_string\"}}],\"inLanguage\":\"en-US\"},{\"@type\":\"Organization\",\"@id\":\"https:\\\/\\\/betelnatural.com\\\/minegocio\\\/#organization\",\"name\":\"Betel Natural\",\"url\":\"https:\\\/\\\/betelnatural.com\\\/minegocio\\\/\",\"logo\":{\"@type\":\"ImageObject\",\"inLanguage\":\"en-US\",\"@id\":\"https:\\\/\\\/betelnatural.com\\\/minegocio\\\/#\\\/schema\\\/logo\\\/image\\\/\",\"url\":\"https:\\\/\\\/betelnatural.com\\\/minegocio\\\/wp-content\\\/uploads\\\/2024\\\/06\\\/logo.png\",\"contentUrl\":\"https:\\\/\\\/betelnatural.com\\\/minegocio\\\/wp-content\\\/uploads\\\/2024\\\/06\\\/logo.png\",\"width\":250,\"height\":95,\"caption\":\"Betel Natural\"},\"image\":{\"@id\":\"https:\\\/\\\/betelnatural.com\\\/minegocio\\\/#\\\/schema\\\/logo\\\/image\\\/\"},\"sameAs\":[\"https:\\\/\\\/www.facebook.com\\\/betelnatural.inc\",\"https:\\\/\\\/www.instagram.com\\\/betel_natural\\\/\"]}]}<\/script>\n<!-- \/ Yoast SEO plugin. -->","yoast_head_json":{"title":"Always Flacos Te - Betel Natural","robots":{"index":"index","follow":"follow","max-snippet":"max-snippet:-1","max-image-preview":"max-image-preview:large","max-video-preview":"max-video-preview:-1"},"canonical":"https:\/\/betelnatural.com\/minegocio\/en\/product\/always-flacos-te\/","og_locale":"en_US","og_type":"article","og_title":"Always Flacos Te - Betel Natural","og_description":"24 bolsas  Infusi\u00f3n de hierbas naturales, nuestra f\u00f3rmula ayuda a perder peso de manera natural y segura.","og_url":"https:\/\/betelnatural.com\/minegocio\/en\/product\/always-flacos-te\/","og_site_name":"Betel Natural","article_publisher":"https:\/\/www.facebook.com\/betelnatural.inc","article_modified_time":"2024-11-27T19:56:40+00:00","og_image":[{"width":1200,"height":1200,"url":"https:\/\/betelnatural.com\/minegocio\/wp-content\/uploads\/2024\/07\/AlwaysFlacos_te_esp.png","type":"image\/png"}],"twitter_card":"summary_large_image","twitter_misc":{"Est. reading time":"1 minute"},"schema":{"@context":"https:\/\/schema.org","@graph":[{"@type":"WebPage","@id":"https:\/\/betelnatural.com\/minegocio\/product\/always-flacos-te\/","url":"https:\/\/betelnatural.com\/minegocio\/product\/always-flacos-te\/","name":"Always Flacos Te - Betel Natural","isPartOf":{"@id":"https:\/\/betelnatural.com\/minegocio\/#website"},"primaryImageOfPage":{"@id":"https:\/\/betelnatural.com\/minegocio\/product\/always-flacos-te\/#primaryimage"},"image":{"@id":"https:\/\/betelnatural.com\/minegocio\/product\/always-flacos-te\/#primaryimage"},"thumbnailUrl":"https:\/\/betelnatural.com\/minegocio\/wp-content\/uploads\/2024\/07\/AlwaysFlacos_te_esp.png","datePublished":"2024-09-12T14:35:22+00:00","dateModified":"2024-11-27T19:56:40+00:00","breadcrumb":{"@id":"https:\/\/betelnatural.com\/minegocio\/product\/always-flacos-te\/#breadcrumb"},"inLanguage":"en-US","potentialAction":[{"@type":"ReadAction","target":["https:\/\/betelnatural.com\/minegocio\/product\/always-flacos-te\/"]}]},{"@type":"ImageObject","inLanguage":"en-US","@id":"https:\/\/betelnatural.com\/minegocio\/product\/always-flacos-te\/#primaryimage","url":"https:\/\/betelnatural.com\/minegocio\/wp-content\/uploads\/2024\/07\/AlwaysFlacos_te_esp.png","contentUrl":"https:\/\/betelnatural.com\/minegocio\/wp-content\/uploads\/2024\/07\/AlwaysFlacos_te_esp.png","width":1200,"height":1200},{"@type":"BreadcrumbList","@id":"https:\/\/betelnatural.com\/minegocio\/product\/always-flacos-te\/#breadcrumb","itemListElement":[{"@type":"ListItem","position":1,"name":"Portada","item":"https:\/\/betelnatural.com\/minegocio\/"},{"@type":"ListItem","position":2,"name":"Product","item":"https:\/\/betelnatural.com\/minegocio\/product\/"},{"@type":"ListItem","position":3,"name":"Always Flacos Te"}]},{"@type":"WebSite","@id":"https:\/\/betelnatural.com\/minegocio\/#website","url":"https:\/\/betelnatural.com\/minegocio\/","name":"Betel Natural","description":"Venta de productos naturales  y vitaminas","publisher":{"@id":"https:\/\/betelnatural.com\/minegocio\/#organization"},"alternateName":"Betel","potentialAction":[{"@type":"SearchAction","target":{"@type":"EntryPoint","urlTemplate":"https:\/\/betelnatural.com\/minegocio\/?s={search_term_string}"},"query-input":{"@type":"PropertyValueSpecification","valueRequired":true,"valueName":"search_term_string"}}],"inLanguage":"en-US"},{"@type":"Organization","@id":"https:\/\/betelnatural.com\/minegocio\/#organization","name":"Betel Natural","url":"https:\/\/betelnatural.com\/minegocio\/","logo":{"@type":"ImageObject","inLanguage":"en-US","@id":"https:\/\/betelnatural.com\/minegocio\/#\/schema\/logo\/image\/","url":"https:\/\/betelnatural.com\/minegocio\/wp-content\/uploads\/2024\/06\/logo.png","contentUrl":"https:\/\/betelnatural.com\/minegocio\/wp-content\/uploads\/2024\/06\/logo.png","width":250,"height":95,"caption":"Betel Natural"},"image":{"@id":"https:\/\/betelnatural.com\/minegocio\/#\/schema\/logo\/image\/"},"sameAs":["https:\/\/www.facebook.com\/betelnatural.inc","https:\/\/www.instagram.com\/betel_natural\/"]}]}},"_links":{"self":[{"href":"https:\/\/betelnatural.com\/minegocio\/en\/wp-json\/wp\/v2\/product\/2780","targetHints":{"allow":["GET"]}}],"collection":[{"href":"https:\/\/betelnatural.com\/minegocio\/en\/wp-json\/wp\/v2\/product"}],"about":[{"href":"https:\/\/betelnatural.com\/minegocio\/en\/wp-json\/wp\/v2\/types\/product"}],"replies":[{"embeddable":true,"href":"https:\/\/betelnatural.com\/minegocio\/en\/wp-json\/wp\/v2\/comments?post=2780"}],"wp:featuredmedia":[{"embeddable":true,"href":"https:\/\/betelnatural.com\/minegocio\/en\/wp-json\/wp\/v2\/media\/1224"}],"wp:attachment":[{"href":"https:\/\/betelnatural.com\/minegocio\/en\/wp-json\/wp\/v2\/media?parent=2780"}],"wp:term":[{"taxonomy":"product_brand","embeddable":true,"href":"https:\/\/betelnatural.com\/minegocio\/en\/wp-json\/wp\/v2\/product_brand?post=2780"},{"taxonomy":"product_cat","embeddable":true,"href":"https:\/\/betelnatural.com\/minegocio\/en\/wp-json\/wp\/v2\/product_cat?post=2780"},{"taxonomy":"product_tag","embeddable":true,"href":"https:\/\/betelnatural.com\/minegocio\/en\/wp-json\/wp\/v2\/product_tag?post=2780"}],"curies":[{"name":"wp","href":"https:\/\/api.w.org\/{rel}","templated":true}]}}