{"id":2793,"date":"2024-09-12T14:35:28","date_gmt":"2024-09-12T14:35:28","guid":{"rendered":"https:\/\/betelnatural.com\/minegocio\/product\/betexilina-capsulas-2\/"},"modified":"2024-11-27T19:56:41","modified_gmt":"2024-11-27T19:56:41","slug":"betexilina-capsulas","status":"publish","type":"product","link":"https:\/\/betelnatural.com\/minegocio\/en\/product\/betexilina-capsulas\/","title":{"rendered":"Betexilina capsules"},"content":{"rendered":"<p>Betexilina C\u00e1psulas de Betel Natural es un antibi\u00f3tico natural elaborado con una mezcla \u00fanica de extractos y hierbas. Dise\u00f1ado para reforzar tus defensas y combatir infecciones, es una soluci\u00f3n pr\u00e1ctica y eficaz para promover tu bienestar diario. \ud83d\udc8a\ud83d\udcaa<\/p>\n<p><em><strong>Antibi\u00f3tico natural:<\/strong><\/em> Combate infecciones bacterianas y virales de manera segura y efectiva gracias a su f\u00f3rmula natural. \ud83d\udee1\ufe0f<\/p>\n<p><em><strong>Fortalece el sistema inmunol\u00f3gico:<\/strong> <\/em>Ingredientes seleccionados trabajan en sinergia para reforzar tus defensas y proteger tu cuerpo. \ud83c\udf31<\/p>\n<p><em><strong>Pr\u00e1ctico y eficaz:<\/strong><\/em> En formato de c\u00e1psulas, facilita su consumo diario para mantener un estado de salud \u00f3ptimo. \ud83d\udc8a<\/p>\n<p><strong>Ingredientes naturales :<\/strong> Hecho a base de extractos de hierbas, es una alternativa saludable y sin qu\u00edmicos agresivos. \ud83c\udf3f<br \/>\n[ver_mas]<\/p>\n<p>\ud83d\udcc5 <strong>Modo de Uso<\/strong><\/p>\n<p>Para obtener los mejores resultados, se recomienda tomar tres c\u00e1psulas al d\u00eda o seguir la indicaci\u00f3n de tu especialista. T\u00f3malo con un vaso de agua y durante las comidas para maximizar la absorci\u00f3n. \ud83d\udca7\ud83e\udd57<br \/>\n<strong>Ingredientes naturales :<\/strong> Hecho a base de extractos de hierbas, es una alternativa saludable y sin qu\u00edmicos agresivos. \ud83c\udf3f<\/p>\n<h4>\u26a0 <strong>Precauciones<\/strong><\/h4>\n<ul>\n<li>Consulta a un m\u00e9dico antes de usar este producto si est\u00e1s embarazada, lactando o bajo alg\u00fan tratamiento m\u00e9dico. \ud83e\udd30<\/li>\n<li>Este producto no sustituye un tratamiento m\u00e9dico ni una dieta equilibrada. \ud83c\udf1f<\/li>\n<li>Mant\u00e9n fuera del alcance de los ni\u00f1os y en un lugar fresco y seco.<\/li>\n<\/ul>\n<p><strong>Suplemento Alimenticio:<\/strong> Como suplemento alimenticio, es una excelente adici\u00f3n a tu rutina diaria para optimizar tu bienestar general. \ud83c\udf1f<\/p>\n<p>Betexilina C\u00e1psulas de Betel Natural\u00a0 combina el poder de la naturaleza en una f\u00f3rmula dise\u00f1ada para ayudarte a mantener una salud fuerte y equilibrada. \u00a1Incl\u00fayelo en tu rutina diaria y siente la diferencia! \ud83c\udf43\u2728<br \/>\n[\/ver_mas]<\/p>\n","protected":false},"excerpt":{"rendered":"<p><strong>90 capsules<\/strong><\/p>\n<p>Natural antibiotic made from a special blend of extracts and herbs.<\/p>\n<p>Take three capsules a day or as directed by your specialist.<\/p>","protected":false},"featured_media":1276,"comment_status":"open","ping_status":"closed","template":"","meta":[],"product_brand":[],"product_cat":[129,130,131,132,115,168,172,133],"product_tag":[],"class_list":{"0":"post-2793","1":"product","2":"type-product","3":"status-publish","4":"has-post-thumbnail","6":"product_cat-alergias","7":"product_cat-asma","8":"product_cat-catarro","9":"product_cat-gripe","10":"product_cat-remedios-naturales","11":"product_cat-sinusitis","12":"product_cat-sistema-inmunologico","13":"product_cat-tos","15":"first","16":"instock","17":"shipping-taxable","18":"product-type-simple"},"yoast_head":"<!-- This site is optimized with the Yoast SEO plugin v27.4 - https:\/\/yoast.com\/product\/yoast-seo-wordpress\/ -->\n<title>Betexilina c\u00e1psulas - Betel Natural<\/title>\n<meta name=\"robots\" content=\"index, follow, max-snippet:-1, max-image-preview:large, max-video-preview:-1\" \/>\n<link rel=\"canonical\" href=\"https:\/\/betelnatural.com\/minegocio\/en\/product\/betexilina-capsulas\/\" \/>\n<meta property=\"og:locale\" content=\"en_US\" \/>\n<meta property=\"og:type\" content=\"article\" \/>\n<meta property=\"og:title\" content=\"Betexilina c\u00e1psulas - Betel Natural\" \/>\n<meta property=\"og:description\" content=\"90 c\u00e1psulas  Antibi\u00f3tico natural hecho a base de una mezcla especial de extractos y hierbas.  Tomar tres capsulas al d\u00eda o lo que su especialista indique.\" \/>\n<meta property=\"og:url\" content=\"https:\/\/betelnatural.com\/minegocio\/en\/product\/betexilina-capsulas\/\" \/>\n<meta property=\"og:site_name\" content=\"Betel Natural\" \/>\n<meta property=\"article:publisher\" content=\"https:\/\/www.facebook.com\/betelnatural.inc\" \/>\n<meta property=\"article:modified_time\" content=\"2024-11-27T19:56:41+00:00\" \/>\n<meta property=\"og:image\" content=\"https:\/\/betelnatural.com\/minegocio\/wp-content\/uploads\/2024\/07\/Betexilina_caps_frente.png\" \/>\n\t<meta property=\"og:image:width\" content=\"1200\" \/>\n\t<meta property=\"og:image:height\" content=\"1200\" \/>\n\t<meta property=\"og:image:type\" content=\"image\/png\" \/>\n<meta name=\"twitter:card\" content=\"summary_large_image\" \/>\n<meta name=\"twitter:label1\" content=\"Est. reading time\" \/>\n\t<meta name=\"twitter:data1\" content=\"1 minute\" \/>\n<script type=\"application\/ld+json\" class=\"yoast-schema-graph\">{\"@context\":\"https:\\\/\\\/schema.org\",\"@graph\":[{\"@type\":\"WebPage\",\"@id\":\"https:\\\/\\\/betelnatural.com\\\/minegocio\\\/product\\\/betexilina-capsulas\\\/\",\"url\":\"https:\\\/\\\/betelnatural.com\\\/minegocio\\\/product\\\/betexilina-capsulas\\\/\",\"name\":\"Betexilina c\u00e1psulas - Betel Natural\",\"isPartOf\":{\"@id\":\"https:\\\/\\\/betelnatural.com\\\/minegocio\\\/#website\"},\"primaryImageOfPage\":{\"@id\":\"https:\\\/\\\/betelnatural.com\\\/minegocio\\\/product\\\/betexilina-capsulas\\\/#primaryimage\"},\"image\":{\"@id\":\"https:\\\/\\\/betelnatural.com\\\/minegocio\\\/product\\\/betexilina-capsulas\\\/#primaryimage\"},\"thumbnailUrl\":\"https:\\\/\\\/betelnatural.com\\\/minegocio\\\/wp-content\\\/uploads\\\/2024\\\/07\\\/Betexilina_caps_frente.png\",\"datePublished\":\"2024-09-12T14:35:28+00:00\",\"dateModified\":\"2024-11-27T19:56:41+00:00\",\"breadcrumb\":{\"@id\":\"https:\\\/\\\/betelnatural.com\\\/minegocio\\\/product\\\/betexilina-capsulas\\\/#breadcrumb\"},\"inLanguage\":\"en-US\",\"potentialAction\":[{\"@type\":\"ReadAction\",\"target\":[\"https:\\\/\\\/betelnatural.com\\\/minegocio\\\/product\\\/betexilina-capsulas\\\/\"]}]},{\"@type\":\"ImageObject\",\"inLanguage\":\"en-US\",\"@id\":\"https:\\\/\\\/betelnatural.com\\\/minegocio\\\/product\\\/betexilina-capsulas\\\/#primaryimage\",\"url\":\"https:\\\/\\\/betelnatural.com\\\/minegocio\\\/wp-content\\\/uploads\\\/2024\\\/07\\\/Betexilina_caps_frente.png\",\"contentUrl\":\"https:\\\/\\\/betelnatural.com\\\/minegocio\\\/wp-content\\\/uploads\\\/2024\\\/07\\\/Betexilina_caps_frente.png\",\"width\":1200,\"height\":1200},{\"@type\":\"BreadcrumbList\",\"@id\":\"https:\\\/\\\/betelnatural.com\\\/minegocio\\\/product\\\/betexilina-capsulas\\\/#breadcrumb\",\"itemListElement\":[{\"@type\":\"ListItem\",\"position\":1,\"name\":\"Portada\",\"item\":\"https:\\\/\\\/betelnatural.com\\\/minegocio\\\/\"},{\"@type\":\"ListItem\",\"position\":2,\"name\":\"Product\",\"item\":\"https:\\\/\\\/betelnatural.com\\\/minegocio\\\/product\\\/\"},{\"@type\":\"ListItem\",\"position\":3,\"name\":\"Betexilina c\u00e1psulas\"}]},{\"@type\":\"WebSite\",\"@id\":\"https:\\\/\\\/betelnatural.com\\\/minegocio\\\/#website\",\"url\":\"https:\\\/\\\/betelnatural.com\\\/minegocio\\\/\",\"name\":\"Betel Natural\",\"description\":\"Venta de productos naturales  y vitaminas\",\"publisher\":{\"@id\":\"https:\\\/\\\/betelnatural.com\\\/minegocio\\\/#organization\"},\"alternateName\":\"Betel\",\"potentialAction\":[{\"@type\":\"SearchAction\",\"target\":{\"@type\":\"EntryPoint\",\"urlTemplate\":\"https:\\\/\\\/betelnatural.com\\\/minegocio\\\/?s={search_term_string}\"},\"query-input\":{\"@type\":\"PropertyValueSpecification\",\"valueRequired\":true,\"valueName\":\"search_term_string\"}}],\"inLanguage\":\"en-US\"},{\"@type\":\"Organization\",\"@id\":\"https:\\\/\\\/betelnatural.com\\\/minegocio\\\/#organization\",\"name\":\"Betel Natural\",\"url\":\"https:\\\/\\\/betelnatural.com\\\/minegocio\\\/\",\"logo\":{\"@type\":\"ImageObject\",\"inLanguage\":\"en-US\",\"@id\":\"https:\\\/\\\/betelnatural.com\\\/minegocio\\\/#\\\/schema\\\/logo\\\/image\\\/\",\"url\":\"https:\\\/\\\/betelnatural.com\\\/minegocio\\\/wp-content\\\/uploads\\\/2024\\\/06\\\/logo.png\",\"contentUrl\":\"https:\\\/\\\/betelnatural.com\\\/minegocio\\\/wp-content\\\/uploads\\\/2024\\\/06\\\/logo.png\",\"width\":250,\"height\":95,\"caption\":\"Betel Natural\"},\"image\":{\"@id\":\"https:\\\/\\\/betelnatural.com\\\/minegocio\\\/#\\\/schema\\\/logo\\\/image\\\/\"},\"sameAs\":[\"https:\\\/\\\/www.facebook.com\\\/betelnatural.inc\",\"https:\\\/\\\/www.instagram.com\\\/betel_natural\\\/\"]}]}<\/script>\n<!-- \/ Yoast SEO plugin. -->","yoast_head_json":{"title":"Betexilina c\u00e1psulas - Betel Natural","robots":{"index":"index","follow":"follow","max-snippet":"max-snippet:-1","max-image-preview":"max-image-preview:large","max-video-preview":"max-video-preview:-1"},"canonical":"https:\/\/betelnatural.com\/minegocio\/en\/product\/betexilina-capsulas\/","og_locale":"en_US","og_type":"article","og_title":"Betexilina c\u00e1psulas - Betel Natural","og_description":"90 c\u00e1psulas  Antibi\u00f3tico natural hecho a base de una mezcla especial de extractos y hierbas.  Tomar tres capsulas al d\u00eda o lo que su especialista indique.","og_url":"https:\/\/betelnatural.com\/minegocio\/en\/product\/betexilina-capsulas\/","og_site_name":"Betel Natural","article_publisher":"https:\/\/www.facebook.com\/betelnatural.inc","article_modified_time":"2024-11-27T19:56:41+00:00","og_image":[{"width":1200,"height":1200,"url":"https:\/\/betelnatural.com\/minegocio\/wp-content\/uploads\/2024\/07\/Betexilina_caps_frente.png","type":"image\/png"}],"twitter_card":"summary_large_image","twitter_misc":{"Est. reading time":"1 minute"},"schema":{"@context":"https:\/\/schema.org","@graph":[{"@type":"WebPage","@id":"https:\/\/betelnatural.com\/minegocio\/product\/betexilina-capsulas\/","url":"https:\/\/betelnatural.com\/minegocio\/product\/betexilina-capsulas\/","name":"Betexilina c\u00e1psulas - Betel Natural","isPartOf":{"@id":"https:\/\/betelnatural.com\/minegocio\/#website"},"primaryImageOfPage":{"@id":"https:\/\/betelnatural.com\/minegocio\/product\/betexilina-capsulas\/#primaryimage"},"image":{"@id":"https:\/\/betelnatural.com\/minegocio\/product\/betexilina-capsulas\/#primaryimage"},"thumbnailUrl":"https:\/\/betelnatural.com\/minegocio\/wp-content\/uploads\/2024\/07\/Betexilina_caps_frente.png","datePublished":"2024-09-12T14:35:28+00:00","dateModified":"2024-11-27T19:56:41+00:00","breadcrumb":{"@id":"https:\/\/betelnatural.com\/minegocio\/product\/betexilina-capsulas\/#breadcrumb"},"inLanguage":"en-US","potentialAction":[{"@type":"ReadAction","target":["https:\/\/betelnatural.com\/minegocio\/product\/betexilina-capsulas\/"]}]},{"@type":"ImageObject","inLanguage":"en-US","@id":"https:\/\/betelnatural.com\/minegocio\/product\/betexilina-capsulas\/#primaryimage","url":"https:\/\/betelnatural.com\/minegocio\/wp-content\/uploads\/2024\/07\/Betexilina_caps_frente.png","contentUrl":"https:\/\/betelnatural.com\/minegocio\/wp-content\/uploads\/2024\/07\/Betexilina_caps_frente.png","width":1200,"height":1200},{"@type":"BreadcrumbList","@id":"https:\/\/betelnatural.com\/minegocio\/product\/betexilina-capsulas\/#breadcrumb","itemListElement":[{"@type":"ListItem","position":1,"name":"Portada","item":"https:\/\/betelnatural.com\/minegocio\/"},{"@type":"ListItem","position":2,"name":"Product","item":"https:\/\/betelnatural.com\/minegocio\/product\/"},{"@type":"ListItem","position":3,"name":"Betexilina c\u00e1psulas"}]},{"@type":"WebSite","@id":"https:\/\/betelnatural.com\/minegocio\/#website","url":"https:\/\/betelnatural.com\/minegocio\/","name":"Betel Natural","description":"Venta de productos naturales  y vitaminas","publisher":{"@id":"https:\/\/betelnatural.com\/minegocio\/#organization"},"alternateName":"Betel","potentialAction":[{"@type":"SearchAction","target":{"@type":"EntryPoint","urlTemplate":"https:\/\/betelnatural.com\/minegocio\/?s={search_term_string}"},"query-input":{"@type":"PropertyValueSpecification","valueRequired":true,"valueName":"search_term_string"}}],"inLanguage":"en-US"},{"@type":"Organization","@id":"https:\/\/betelnatural.com\/minegocio\/#organization","name":"Betel Natural","url":"https:\/\/betelnatural.com\/minegocio\/","logo":{"@type":"ImageObject","inLanguage":"en-US","@id":"https:\/\/betelnatural.com\/minegocio\/#\/schema\/logo\/image\/","url":"https:\/\/betelnatural.com\/minegocio\/wp-content\/uploads\/2024\/06\/logo.png","contentUrl":"https:\/\/betelnatural.com\/minegocio\/wp-content\/uploads\/2024\/06\/logo.png","width":250,"height":95,"caption":"Betel Natural"},"image":{"@id":"https:\/\/betelnatural.com\/minegocio\/#\/schema\/logo\/image\/"},"sameAs":["https:\/\/www.facebook.com\/betelnatural.inc","https:\/\/www.instagram.com\/betel_natural\/"]}]}},"_links":{"self":[{"href":"https:\/\/betelnatural.com\/minegocio\/en\/wp-json\/wp\/v2\/product\/2793","targetHints":{"allow":["GET"]}}],"collection":[{"href":"https:\/\/betelnatural.com\/minegocio\/en\/wp-json\/wp\/v2\/product"}],"about":[{"href":"https:\/\/betelnatural.com\/minegocio\/en\/wp-json\/wp\/v2\/types\/product"}],"replies":[{"embeddable":true,"href":"https:\/\/betelnatural.com\/minegocio\/en\/wp-json\/wp\/v2\/comments?post=2793"}],"wp:featuredmedia":[{"embeddable":true,"href":"https:\/\/betelnatural.com\/minegocio\/en\/wp-json\/wp\/v2\/media\/1276"}],"wp:attachment":[{"href":"https:\/\/betelnatural.com\/minegocio\/en\/wp-json\/wp\/v2\/media?parent=2793"}],"wp:term":[{"taxonomy":"product_brand","embeddable":true,"href":"https:\/\/betelnatural.com\/minegocio\/en\/wp-json\/wp\/v2\/product_brand?post=2793"},{"taxonomy":"product_cat","embeddable":true,"href":"https:\/\/betelnatural.com\/minegocio\/en\/wp-json\/wp\/v2\/product_cat?post=2793"},{"taxonomy":"product_tag","embeddable":true,"href":"https:\/\/betelnatural.com\/minegocio\/en\/wp-json\/wp\/v2\/product_tag?post=2793"}],"curies":[{"name":"wp","href":"https:\/\/api.w.org\/{rel}","templated":true}]}}