{"id":2818,"date":"2024-09-12T14:35:42","date_gmt":"2024-09-12T14:35:42","guid":{"rendered":"https:\/\/betelnatural.com\/minegocio\/product\/circulamax-capsulas-2\/"},"modified":"2024-11-27T19:56:46","modified_gmt":"2024-11-27T19:56:46","slug":"circulamax-capsulas","status":"publish","type":"product","link":"https:\/\/betelnatural.com\/minegocio\/en\/product\/circulamax-capsulas\/","title":{"rendered":"Circulamax capsules"},"content":{"rendered":"<p><em><strong>Apoyo al sistema circulatorio<\/strong>:<\/em> Circulamax C\u00e1psulas de Betel Natural favorece una circulaci\u00f3n adecuada, promoviendo una mejor oxigenaci\u00f3n del cerebro, \u00f3rganos y tejidos del cuerpo. Este beneficio ayuda a mantener un sistema cardiovascular saludable y funcional. \ud83e\udec0\ud83e\udde0<\/p>\n<p><em><strong>M\u00e1s energ\u00eda y bienestar<\/strong>:<\/em> Al optimizar la circulaci\u00f3n, reduce la sensaci\u00f3n de fatiga y potencia el rendimiento f\u00edsico y mental, brind\u00e1ndote m\u00e1s vitalidad en tu d\u00eda a d\u00eda. \u26a1\ud83c\udf1f<br \/>\n[ver_mas]<\/p>\n<p>\ud83d\udcc5 <strong>Modo de Uso:<\/strong><br \/>\nPara aprovechar al m\u00e1ximo los beneficios de Circulamax C\u00e1psulas, se recomienda tomar tres c\u00e1psulas al d\u00eda, preferentemente con las comidas principales. Tambi\u00e9n puedes seguir las indicaciones de tu m\u00e9dico para adaptar la dosis a tus necesidades espec\u00edficas. \ud83d\udc8a\ud83e\udd57<\/p>\n<p><em><strong>Ingredientes naturales<\/strong>:<\/em> Formulado con extractos naturales, este suplemento asegura un cuidado efectivo y seguro, ideal para quienes buscan un apoyo saludable en su rutina diaria. \ud83c\udf31<\/p>\n<p>\u26a0\ufe0f <strong>Precauciones:<\/strong><\/p>\n<ul>\n<li>Consulta a tu m\u00e9dico antes de consumir este producto, especialmente si est\u00e1s bajo tratamiento m\u00e9dico.\u2695\ufe0f<\/li>\n<li>Mujeres embarazadas o en periodo de lactancia no deben ingerirlo.\ud83d\udeab<\/li>\n<li>Mant\u00e9n fuera del alcance de los ni\u00f1os. \ud83d\udeab\ud83d\udc76<\/li>\n<li>Almac\u00e9nalo en un lugar fresco y seco para preservar su calidad y frescura. \ud83c\udf2c\ufe0f<\/li>\n<\/ul>\n<p><strong>Suplemento Alimenticio:<\/strong> Circulamax C\u00e1psulas es una excelente adici\u00f3n a tu rutina diaria, dise\u00f1ada para optimizar tu bienestar general y promover una mejor calidad de vida. \ud83c\udf1f<\/p>\n<p>Con Circulamax C\u00e1psulas de Betel Natural, mejora tu circulaci\u00f3n, revitaliza tu cuerpo y siente la diferencia cada d\u00eda. \u00a1Es el aliado perfecto para cuidar tu salud cardiovascular de forma natural! \ud83c\udf08\ud83d\udc9a \u00a1Potencia tu salud con Betel Natural y si\u00e9ntete bien cada d\u00eda! \ud83c\udf08\u2728<\/p>\n<p>[\/ver_mas]<\/p>\n","protected":false},"excerpt":{"rendered":"<p><strong>90 capsules<\/strong><\/p>\n<p>Aids the circulatory system, improving oxygenation of the brain, organs and the body in general.<\/p>\n<p>Take three capsules a day or as directed by your specialist.<\/p>","protected":false},"featured_media":1383,"comment_status":"open","ping_status":"closed","template":"","meta":[],"product_brand":[],"product_cat":[182,139,115,169],"product_tag":[],"class_list":{"0":"post-2818","1":"product","2":"type-product","3":"status-publish","4":"has-post-thumbnail","6":"product_cat-impotencia-sexual","7":"product_cat-mala-circulacion","8":"product_cat-remedios-naturales","9":"product_cat-venas-varicosas","11":"first","12":"instock","13":"shipping-taxable","14":"product-type-simple"},"yoast_head":"<!-- This site is optimized with the Yoast SEO plugin v27.4 - https:\/\/yoast.com\/product\/yoast-seo-wordpress\/ -->\n<title>Circulamax c\u00e1psulas - Betel Natural<\/title>\n<meta name=\"robots\" content=\"index, follow, max-snippet:-1, max-image-preview:large, max-video-preview:-1\" \/>\n<link rel=\"canonical\" href=\"https:\/\/betelnatural.com\/minegocio\/en\/product\/circulamax-capsulas\/\" \/>\n<meta property=\"og:locale\" content=\"en_US\" \/>\n<meta property=\"og:type\" content=\"article\" \/>\n<meta property=\"og:title\" content=\"Circulamax c\u00e1psulas - Betel Natural\" \/>\n<meta property=\"og:description\" content=\"90 c\u00e1psulas  Auxiliar para el sistema circulatorio. mejorando la oxigenaci\u00f3n del cerebro, \u00f3rganos y el cuerpo en general.  Tomar tres capsulas al d\u00eda o lo que su especialista indique.\" \/>\n<meta property=\"og:url\" content=\"https:\/\/betelnatural.com\/minegocio\/en\/product\/circulamax-capsulas\/\" \/>\n<meta property=\"og:site_name\" content=\"Betel Natural\" \/>\n<meta property=\"article:publisher\" content=\"https:\/\/www.facebook.com\/betelnatural.inc\" \/>\n<meta property=\"article:modified_time\" content=\"2024-11-27T19:56:46+00:00\" \/>\n<meta property=\"og:image\" content=\"https:\/\/betelnatural.com\/minegocio\/wp-content\/uploads\/2024\/07\/Circulamax_capsulas_frente.png\" \/>\n\t<meta property=\"og:image:width\" content=\"1200\" \/>\n\t<meta property=\"og:image:height\" content=\"1200\" \/>\n\t<meta property=\"og:image:type\" content=\"image\/png\" \/>\n<meta name=\"twitter:card\" content=\"summary_large_image\" \/>\n<meta name=\"twitter:label1\" content=\"Est. reading time\" \/>\n\t<meta name=\"twitter:data1\" content=\"1 minute\" \/>\n<script type=\"application\/ld+json\" class=\"yoast-schema-graph\">{\"@context\":\"https:\\\/\\\/schema.org\",\"@graph\":[{\"@type\":\"WebPage\",\"@id\":\"https:\\\/\\\/betelnatural.com\\\/minegocio\\\/product\\\/circulamax-capsulas\\\/\",\"url\":\"https:\\\/\\\/betelnatural.com\\\/minegocio\\\/product\\\/circulamax-capsulas\\\/\",\"name\":\"Circulamax c\u00e1psulas - Betel Natural\",\"isPartOf\":{\"@id\":\"https:\\\/\\\/betelnatural.com\\\/minegocio\\\/#website\"},\"primaryImageOfPage\":{\"@id\":\"https:\\\/\\\/betelnatural.com\\\/minegocio\\\/product\\\/circulamax-capsulas\\\/#primaryimage\"},\"image\":{\"@id\":\"https:\\\/\\\/betelnatural.com\\\/minegocio\\\/product\\\/circulamax-capsulas\\\/#primaryimage\"},\"thumbnailUrl\":\"https:\\\/\\\/betelnatural.com\\\/minegocio\\\/wp-content\\\/uploads\\\/2024\\\/07\\\/Circulamax_capsulas_frente.png\",\"datePublished\":\"2024-09-12T14:35:42+00:00\",\"dateModified\":\"2024-11-27T19:56:46+00:00\",\"breadcrumb\":{\"@id\":\"https:\\\/\\\/betelnatural.com\\\/minegocio\\\/product\\\/circulamax-capsulas\\\/#breadcrumb\"},\"inLanguage\":\"en-US\",\"potentialAction\":[{\"@type\":\"ReadAction\",\"target\":[\"https:\\\/\\\/betelnatural.com\\\/minegocio\\\/product\\\/circulamax-capsulas\\\/\"]}]},{\"@type\":\"ImageObject\",\"inLanguage\":\"en-US\",\"@id\":\"https:\\\/\\\/betelnatural.com\\\/minegocio\\\/product\\\/circulamax-capsulas\\\/#primaryimage\",\"url\":\"https:\\\/\\\/betelnatural.com\\\/minegocio\\\/wp-content\\\/uploads\\\/2024\\\/07\\\/Circulamax_capsulas_frente.png\",\"contentUrl\":\"https:\\\/\\\/betelnatural.com\\\/minegocio\\\/wp-content\\\/uploads\\\/2024\\\/07\\\/Circulamax_capsulas_frente.png\",\"width\":1200,\"height\":1200},{\"@type\":\"BreadcrumbList\",\"@id\":\"https:\\\/\\\/betelnatural.com\\\/minegocio\\\/product\\\/circulamax-capsulas\\\/#breadcrumb\",\"itemListElement\":[{\"@type\":\"ListItem\",\"position\":1,\"name\":\"Portada\",\"item\":\"https:\\\/\\\/betelnatural.com\\\/minegocio\\\/\"},{\"@type\":\"ListItem\",\"position\":2,\"name\":\"Product\",\"item\":\"https:\\\/\\\/betelnatural.com\\\/minegocio\\\/product\\\/\"},{\"@type\":\"ListItem\",\"position\":3,\"name\":\"Circulamax c\u00e1psulas\"}]},{\"@type\":\"WebSite\",\"@id\":\"https:\\\/\\\/betelnatural.com\\\/minegocio\\\/#website\",\"url\":\"https:\\\/\\\/betelnatural.com\\\/minegocio\\\/\",\"name\":\"Betel Natural\",\"description\":\"Venta de productos naturales  y vitaminas\",\"publisher\":{\"@id\":\"https:\\\/\\\/betelnatural.com\\\/minegocio\\\/#organization\"},\"alternateName\":\"Betel\",\"potentialAction\":[{\"@type\":\"SearchAction\",\"target\":{\"@type\":\"EntryPoint\",\"urlTemplate\":\"https:\\\/\\\/betelnatural.com\\\/minegocio\\\/?s={search_term_string}\"},\"query-input\":{\"@type\":\"PropertyValueSpecification\",\"valueRequired\":true,\"valueName\":\"search_term_string\"}}],\"inLanguage\":\"en-US\"},{\"@type\":\"Organization\",\"@id\":\"https:\\\/\\\/betelnatural.com\\\/minegocio\\\/#organization\",\"name\":\"Betel Natural\",\"url\":\"https:\\\/\\\/betelnatural.com\\\/minegocio\\\/\",\"logo\":{\"@type\":\"ImageObject\",\"inLanguage\":\"en-US\",\"@id\":\"https:\\\/\\\/betelnatural.com\\\/minegocio\\\/#\\\/schema\\\/logo\\\/image\\\/\",\"url\":\"https:\\\/\\\/betelnatural.com\\\/minegocio\\\/wp-content\\\/uploads\\\/2024\\\/06\\\/logo.png\",\"contentUrl\":\"https:\\\/\\\/betelnatural.com\\\/minegocio\\\/wp-content\\\/uploads\\\/2024\\\/06\\\/logo.png\",\"width\":250,\"height\":95,\"caption\":\"Betel Natural\"},\"image\":{\"@id\":\"https:\\\/\\\/betelnatural.com\\\/minegocio\\\/#\\\/schema\\\/logo\\\/image\\\/\"},\"sameAs\":[\"https:\\\/\\\/www.facebook.com\\\/betelnatural.inc\",\"https:\\\/\\\/www.instagram.com\\\/betel_natural\\\/\"]}]}<\/script>\n<!-- \/ Yoast SEO plugin. -->","yoast_head_json":{"title":"Circulamax c\u00e1psulas - Betel Natural","robots":{"index":"index","follow":"follow","max-snippet":"max-snippet:-1","max-image-preview":"max-image-preview:large","max-video-preview":"max-video-preview:-1"},"canonical":"https:\/\/betelnatural.com\/minegocio\/en\/product\/circulamax-capsulas\/","og_locale":"en_US","og_type":"article","og_title":"Circulamax c\u00e1psulas - Betel Natural","og_description":"90 c\u00e1psulas  Auxiliar para el sistema circulatorio. mejorando la oxigenaci\u00f3n del cerebro, \u00f3rganos y el cuerpo en general.  Tomar tres capsulas al d\u00eda o lo que su especialista indique.","og_url":"https:\/\/betelnatural.com\/minegocio\/en\/product\/circulamax-capsulas\/","og_site_name":"Betel Natural","article_publisher":"https:\/\/www.facebook.com\/betelnatural.inc","article_modified_time":"2024-11-27T19:56:46+00:00","og_image":[{"width":1200,"height":1200,"url":"https:\/\/betelnatural.com\/minegocio\/wp-content\/uploads\/2024\/07\/Circulamax_capsulas_frente.png","type":"image\/png"}],"twitter_card":"summary_large_image","twitter_misc":{"Est. reading time":"1 minute"},"schema":{"@context":"https:\/\/schema.org","@graph":[{"@type":"WebPage","@id":"https:\/\/betelnatural.com\/minegocio\/product\/circulamax-capsulas\/","url":"https:\/\/betelnatural.com\/minegocio\/product\/circulamax-capsulas\/","name":"Circulamax c\u00e1psulas - Betel Natural","isPartOf":{"@id":"https:\/\/betelnatural.com\/minegocio\/#website"},"primaryImageOfPage":{"@id":"https:\/\/betelnatural.com\/minegocio\/product\/circulamax-capsulas\/#primaryimage"},"image":{"@id":"https:\/\/betelnatural.com\/minegocio\/product\/circulamax-capsulas\/#primaryimage"},"thumbnailUrl":"https:\/\/betelnatural.com\/minegocio\/wp-content\/uploads\/2024\/07\/Circulamax_capsulas_frente.png","datePublished":"2024-09-12T14:35:42+00:00","dateModified":"2024-11-27T19:56:46+00:00","breadcrumb":{"@id":"https:\/\/betelnatural.com\/minegocio\/product\/circulamax-capsulas\/#breadcrumb"},"inLanguage":"en-US","potentialAction":[{"@type":"ReadAction","target":["https:\/\/betelnatural.com\/minegocio\/product\/circulamax-capsulas\/"]}]},{"@type":"ImageObject","inLanguage":"en-US","@id":"https:\/\/betelnatural.com\/minegocio\/product\/circulamax-capsulas\/#primaryimage","url":"https:\/\/betelnatural.com\/minegocio\/wp-content\/uploads\/2024\/07\/Circulamax_capsulas_frente.png","contentUrl":"https:\/\/betelnatural.com\/minegocio\/wp-content\/uploads\/2024\/07\/Circulamax_capsulas_frente.png","width":1200,"height":1200},{"@type":"BreadcrumbList","@id":"https:\/\/betelnatural.com\/minegocio\/product\/circulamax-capsulas\/#breadcrumb","itemListElement":[{"@type":"ListItem","position":1,"name":"Portada","item":"https:\/\/betelnatural.com\/minegocio\/"},{"@type":"ListItem","position":2,"name":"Product","item":"https:\/\/betelnatural.com\/minegocio\/product\/"},{"@type":"ListItem","position":3,"name":"Circulamax c\u00e1psulas"}]},{"@type":"WebSite","@id":"https:\/\/betelnatural.com\/minegocio\/#website","url":"https:\/\/betelnatural.com\/minegocio\/","name":"Betel Natural","description":"Venta de productos naturales  y vitaminas","publisher":{"@id":"https:\/\/betelnatural.com\/minegocio\/#organization"},"alternateName":"Betel","potentialAction":[{"@type":"SearchAction","target":{"@type":"EntryPoint","urlTemplate":"https:\/\/betelnatural.com\/minegocio\/?s={search_term_string}"},"query-input":{"@type":"PropertyValueSpecification","valueRequired":true,"valueName":"search_term_string"}}],"inLanguage":"en-US"},{"@type":"Organization","@id":"https:\/\/betelnatural.com\/minegocio\/#organization","name":"Betel Natural","url":"https:\/\/betelnatural.com\/minegocio\/","logo":{"@type":"ImageObject","inLanguage":"en-US","@id":"https:\/\/betelnatural.com\/minegocio\/#\/schema\/logo\/image\/","url":"https:\/\/betelnatural.com\/minegocio\/wp-content\/uploads\/2024\/06\/logo.png","contentUrl":"https:\/\/betelnatural.com\/minegocio\/wp-content\/uploads\/2024\/06\/logo.png","width":250,"height":95,"caption":"Betel Natural"},"image":{"@id":"https:\/\/betelnatural.com\/minegocio\/#\/schema\/logo\/image\/"},"sameAs":["https:\/\/www.facebook.com\/betelnatural.inc","https:\/\/www.instagram.com\/betel_natural\/"]}]}},"_links":{"self":[{"href":"https:\/\/betelnatural.com\/minegocio\/en\/wp-json\/wp\/v2\/product\/2818","targetHints":{"allow":["GET"]}}],"collection":[{"href":"https:\/\/betelnatural.com\/minegocio\/en\/wp-json\/wp\/v2\/product"}],"about":[{"href":"https:\/\/betelnatural.com\/minegocio\/en\/wp-json\/wp\/v2\/types\/product"}],"replies":[{"embeddable":true,"href":"https:\/\/betelnatural.com\/minegocio\/en\/wp-json\/wp\/v2\/comments?post=2818"}],"wp:featuredmedia":[{"embeddable":true,"href":"https:\/\/betelnatural.com\/minegocio\/en\/wp-json\/wp\/v2\/media\/1383"}],"wp:attachment":[{"href":"https:\/\/betelnatural.com\/minegocio\/en\/wp-json\/wp\/v2\/media?parent=2818"}],"wp:term":[{"taxonomy":"product_brand","embeddable":true,"href":"https:\/\/betelnatural.com\/minegocio\/en\/wp-json\/wp\/v2\/product_brand?post=2818"},{"taxonomy":"product_cat","embeddable":true,"href":"https:\/\/betelnatural.com\/minegocio\/en\/wp-json\/wp\/v2\/product_cat?post=2818"},{"taxonomy":"product_tag","embeddable":true,"href":"https:\/\/betelnatural.com\/minegocio\/en\/wp-json\/wp\/v2\/product_tag?post=2818"}],"curies":[{"name":"wp","href":"https:\/\/api.w.org\/{rel}","templated":true}]}}