{"id":2830,"date":"2024-09-12T14:35:49","date_gmt":"2024-09-12T14:35:49","guid":{"rendered":"https:\/\/betelnatural.com\/minegocio\/product\/colageno-hidrolizado-con-vitamina-c-resveratrol-capsulas\/"},"modified":"2024-11-27T19:56:49","modified_gmt":"2024-11-27T19:56:49","slug":"colageno-hidrolizado-con-vitamina-c-resveratrol-capsulas","status":"publish","type":"product","link":"https:\/\/betelnatural.com\/minegocio\/en\/product\/colageno-hidrolizado-con-vitamina-c-resveratrol-capsulas\/","title":{"rendered":"Hydrolyzed Collagen with Vitamin C, Resveratrol Capsules"},"content":{"rendered":"<p><em><strong>Cuida tu Piel:<\/strong> <\/em>Col\u00e1geno Hidrolizado con vitamina C, resveratrol c\u00e1psulas de Betel Natural es un poderoso auxiliar en el tratamiento del envejecimiento prematuro, ayudando a reafirmar la piel en todo el cuerpo y devolviendo su elasticidad natural. \ud83c\udf38<\/p>\n<p><em><strong>Prevenci\u00f3n y Rejuvenecimiento:<\/strong><\/em> Gracias a la poderosa combinaci\u00f3n de \u00e1cido hialur\u00f3nico, resveratrol y vitamina C, estas c\u00e1psulas trabajan en la prevenci\u00f3n de manchas y la mejora de la textura de la piel, suavizando la apariencia de piel de naranja. \ud83c\udf4a<\/p>\n<p><em><strong>Cuidado de U\u00f1as y Cabello:<\/strong><\/em> Adem\u00e1s de cuidar tu piel, este suplemento favorece el crecimiento de u\u00f1as fuertes y saludables, al mismo tiempo que mantiene tu cabello brillante, hidratado y lleno de vida. \ud83d\udc85\ud83d\udc86\u200d\u2640\ufe0f<\/p>\n<p><em><strong>Antioxidantes Poderosos:<\/strong> <\/em>El resveratrol y la vitamina C son conocidos por su capacidad para combatir los radicales libres, ayudando a proteger tu piel y cuerpo contra los da\u00f1os del estr\u00e9s oxidativo y promoviendo una apariencia m\u00e1s joven y saludable. \ud83c\udf3c<\/p>\n<p>[ver_mas]<\/p>\n<p>\ud83d\udcc5 <strong>Modo de Uso<\/strong><\/p>\n<ul>\n<li>Toma tres c\u00e1psulas al d\u00eda, preferiblemente con las comidas, acompa\u00f1adas de un vaso de agua. \ud83d\udca7\ud83c\udf7d\ufe0f<\/li>\n<li>Tambi\u00e9n puedes seguir las recomendaciones de tu especialista de salud para un uso personalizado.<\/li>\n<\/ul>\n<p><strong>Ingredientes Naturales:<\/strong> Este producto est\u00e1 formulado a base de ingredientes naturales por lo que es una excelente opci\u00f3n saludable y efectiva. \ud83c\udf31<\/p>\n<p>\u26a0 <strong>Precauciones<\/strong><\/p>\n<ul>\n<li>Consulta a un m\u00e9dico antes de consumir este producto, especialmente si est\u00e1s embarazada, lactando o en tratamiento m\u00e9dico.<\/li>\n<li>Mant\u00e9n este producto fuera del alcance de los ni\u00f1os y en un lugar fresco y seco.<\/li>\n<\/ul>\n<p><strong>Suplemento Alimenticio:<\/strong> Como suplemento alimenticio, Col\u00e1geno Hidrolizado es una excelente adici\u00f3n a tu rutina diaria para optimizar tu bienestar general. \ud83c\udf1f<\/p>\n<p>\ud83c\udf1f <strong>Transforma tu Bienestar:<\/strong> Con el Col\u00e1geno Hidrolizado con Vitamina C, Resveratrol c\u00e1psulas de Betel Natural, nutre tu piel, cabello y u\u00f1as desde adentro. \u00a1Incl\u00fayelo en tu rutina diaria y luce radiante todos los d\u00edas! \u2728<\/p>\n<p>[\/ver_mas]<\/p>\n","protected":false},"excerpt":{"rendered":"<p><strong>90 capsules<\/strong><\/p>\n<p>It helps in the treatment of premature aging, firming the skin all over the body, restoring its elasticity and preventing spots, orange peel skin, nail growth and maintaining healthy and shiny hair thanks to its components such as hyaluronic acid and vitamin E.<\/p>\n<p>Take three capsules a day or as directed by your specialist.<\/p>","protected":false},"featured_media":1438,"comment_status":"open","ping_status":"closed","template":"","meta":[],"product_brand":[],"product_cat":[178,145,115],"product_tag":[],"class_list":{"0":"post-2830","1":"product","2":"type-product","3":"status-publish","4":"has-post-thumbnail","6":"product_cat-belleza-piel-y-unas","7":"product_cat-cabello-fragil","8":"product_cat-remedios-naturales","10":"first","11":"instock","12":"shipping-taxable","13":"product-type-simple"},"yoast_head":"<!-- This site is optimized with the Yoast SEO plugin v27.4 - https:\/\/yoast.com\/product\/yoast-seo-wordpress\/ -->\n<title>Col\u00e1geno Hidrolizado con vitamina C, resveratrol c\u00e1psulas - Betel Natural<\/title>\n<meta name=\"robots\" content=\"index, follow, max-snippet:-1, max-image-preview:large, max-video-preview:-1\" \/>\n<link rel=\"canonical\" href=\"https:\/\/betelnatural.com\/minegocio\/en\/product\/colageno-hidrolizado-con-vitamina-c-resveratrol-capsulas\/\" \/>\n<meta property=\"og:locale\" content=\"en_US\" \/>\n<meta property=\"og:type\" content=\"article\" \/>\n<meta property=\"og:title\" content=\"Col\u00e1geno Hidrolizado con vitamina C, resveratrol c\u00e1psulas - Betel Natural\" \/>\n<meta property=\"og:description\" content=\"90 c\u00e1psulas  Auxiliar en el tratamiento de envejecimiento prematuro, afirmando la piel en todo el cuerpo recuperando su elasticidad y prevenci\u00f3n de manchas, piel de naranja, crecimiento de u\u00f1as y mantenimiento del pelo sano y brillante gracias a sus componentes como el \u00e1cido hialur\u00f3nico y vitamina E.  Tomar tres capsulas al d\u00eda o lo que su especialista indique.\" \/>\n<meta property=\"og:url\" content=\"https:\/\/betelnatural.com\/minegocio\/en\/product\/colageno-hidrolizado-con-vitamina-c-resveratrol-capsulas\/\" \/>\n<meta property=\"og:site_name\" content=\"Betel Natural\" \/>\n<meta property=\"article:publisher\" content=\"https:\/\/www.facebook.com\/betelnatural.inc\" \/>\n<meta property=\"article:modified_time\" content=\"2024-11-27T19:56:49+00:00\" \/>\n<meta property=\"og:image\" content=\"https:\/\/betelnatural.com\/minegocio\/wp-content\/uploads\/2024\/07\/Colageno_capsulas_frente.png\" \/>\n\t<meta property=\"og:image:width\" content=\"1200\" \/>\n\t<meta property=\"og:image:height\" content=\"1200\" \/>\n\t<meta property=\"og:image:type\" content=\"image\/png\" \/>\n<meta name=\"twitter:card\" content=\"summary_large_image\" \/>\n<meta name=\"twitter:label1\" content=\"Est. reading time\" \/>\n\t<meta name=\"twitter:data1\" content=\"1 minute\" \/>\n<script type=\"application\/ld+json\" class=\"yoast-schema-graph\">{\"@context\":\"https:\\\/\\\/schema.org\",\"@graph\":[{\"@type\":\"WebPage\",\"@id\":\"https:\\\/\\\/betelnatural.com\\\/minegocio\\\/product\\\/colageno-hidrolizado-con-vitamina-c-resveratrol-capsulas\\\/\",\"url\":\"https:\\\/\\\/betelnatural.com\\\/minegocio\\\/product\\\/colageno-hidrolizado-con-vitamina-c-resveratrol-capsulas\\\/\",\"name\":\"Col\u00e1geno Hidrolizado con vitamina C, resveratrol c\u00e1psulas - Betel Natural\",\"isPartOf\":{\"@id\":\"https:\\\/\\\/betelnatural.com\\\/minegocio\\\/#website\"},\"primaryImageOfPage\":{\"@id\":\"https:\\\/\\\/betelnatural.com\\\/minegocio\\\/product\\\/colageno-hidrolizado-con-vitamina-c-resveratrol-capsulas\\\/#primaryimage\"},\"image\":{\"@id\":\"https:\\\/\\\/betelnatural.com\\\/minegocio\\\/product\\\/colageno-hidrolizado-con-vitamina-c-resveratrol-capsulas\\\/#primaryimage\"},\"thumbnailUrl\":\"https:\\\/\\\/betelnatural.com\\\/minegocio\\\/wp-content\\\/uploads\\\/2024\\\/07\\\/Colageno_capsulas_frente.png\",\"datePublished\":\"2024-09-12T14:35:49+00:00\",\"dateModified\":\"2024-11-27T19:56:49+00:00\",\"breadcrumb\":{\"@id\":\"https:\\\/\\\/betelnatural.com\\\/minegocio\\\/product\\\/colageno-hidrolizado-con-vitamina-c-resveratrol-capsulas\\\/#breadcrumb\"},\"inLanguage\":\"en-US\",\"potentialAction\":[{\"@type\":\"ReadAction\",\"target\":[\"https:\\\/\\\/betelnatural.com\\\/minegocio\\\/product\\\/colageno-hidrolizado-con-vitamina-c-resveratrol-capsulas\\\/\"]}]},{\"@type\":\"ImageObject\",\"inLanguage\":\"en-US\",\"@id\":\"https:\\\/\\\/betelnatural.com\\\/minegocio\\\/product\\\/colageno-hidrolizado-con-vitamina-c-resveratrol-capsulas\\\/#primaryimage\",\"url\":\"https:\\\/\\\/betelnatural.com\\\/minegocio\\\/wp-content\\\/uploads\\\/2024\\\/07\\\/Colageno_capsulas_frente.png\",\"contentUrl\":\"https:\\\/\\\/betelnatural.com\\\/minegocio\\\/wp-content\\\/uploads\\\/2024\\\/07\\\/Colageno_capsulas_frente.png\",\"width\":1200,\"height\":1200},{\"@type\":\"BreadcrumbList\",\"@id\":\"https:\\\/\\\/betelnatural.com\\\/minegocio\\\/product\\\/colageno-hidrolizado-con-vitamina-c-resveratrol-capsulas\\\/#breadcrumb\",\"itemListElement\":[{\"@type\":\"ListItem\",\"position\":1,\"name\":\"Portada\",\"item\":\"https:\\\/\\\/betelnatural.com\\\/minegocio\\\/\"},{\"@type\":\"ListItem\",\"position\":2,\"name\":\"Product\",\"item\":\"https:\\\/\\\/betelnatural.com\\\/minegocio\\\/product\\\/\"},{\"@type\":\"ListItem\",\"position\":3,\"name\":\"Col\u00e1geno Hidrolizado con vitamina C, resveratrol c\u00e1psulas\"}]},{\"@type\":\"WebSite\",\"@id\":\"https:\\\/\\\/betelnatural.com\\\/minegocio\\\/#website\",\"url\":\"https:\\\/\\\/betelnatural.com\\\/minegocio\\\/\",\"name\":\"Betel Natural\",\"description\":\"Venta de productos naturales  y vitaminas\",\"publisher\":{\"@id\":\"https:\\\/\\\/betelnatural.com\\\/minegocio\\\/#organization\"},\"alternateName\":\"Betel\",\"potentialAction\":[{\"@type\":\"SearchAction\",\"target\":{\"@type\":\"EntryPoint\",\"urlTemplate\":\"https:\\\/\\\/betelnatural.com\\\/minegocio\\\/?s={search_term_string}\"},\"query-input\":{\"@type\":\"PropertyValueSpecification\",\"valueRequired\":true,\"valueName\":\"search_term_string\"}}],\"inLanguage\":\"en-US\"},{\"@type\":\"Organization\",\"@id\":\"https:\\\/\\\/betelnatural.com\\\/minegocio\\\/#organization\",\"name\":\"Betel Natural\",\"url\":\"https:\\\/\\\/betelnatural.com\\\/minegocio\\\/\",\"logo\":{\"@type\":\"ImageObject\",\"inLanguage\":\"en-US\",\"@id\":\"https:\\\/\\\/betelnatural.com\\\/minegocio\\\/#\\\/schema\\\/logo\\\/image\\\/\",\"url\":\"https:\\\/\\\/betelnatural.com\\\/minegocio\\\/wp-content\\\/uploads\\\/2024\\\/06\\\/logo.png\",\"contentUrl\":\"https:\\\/\\\/betelnatural.com\\\/minegocio\\\/wp-content\\\/uploads\\\/2024\\\/06\\\/logo.png\",\"width\":250,\"height\":95,\"caption\":\"Betel Natural\"},\"image\":{\"@id\":\"https:\\\/\\\/betelnatural.com\\\/minegocio\\\/#\\\/schema\\\/logo\\\/image\\\/\"},\"sameAs\":[\"https:\\\/\\\/www.facebook.com\\\/betelnatural.inc\",\"https:\\\/\\\/www.instagram.com\\\/betel_natural\\\/\"]}]}<\/script>\n<!-- \/ Yoast SEO plugin. -->","yoast_head_json":{"title":"Col\u00e1geno Hidrolizado con vitamina C, resveratrol c\u00e1psulas - Betel Natural","robots":{"index":"index","follow":"follow","max-snippet":"max-snippet:-1","max-image-preview":"max-image-preview:large","max-video-preview":"max-video-preview:-1"},"canonical":"https:\/\/betelnatural.com\/minegocio\/en\/product\/colageno-hidrolizado-con-vitamina-c-resveratrol-capsulas\/","og_locale":"en_US","og_type":"article","og_title":"Col\u00e1geno Hidrolizado con vitamina C, resveratrol c\u00e1psulas - Betel Natural","og_description":"90 c\u00e1psulas  Auxiliar en el tratamiento de envejecimiento prematuro, afirmando la piel en todo el cuerpo recuperando su elasticidad y prevenci\u00f3n de manchas, piel de naranja, crecimiento de u\u00f1as y mantenimiento del pelo sano y brillante gracias a sus componentes como el \u00e1cido hialur\u00f3nico y vitamina E.  Tomar tres capsulas al d\u00eda o lo que su especialista indique.","og_url":"https:\/\/betelnatural.com\/minegocio\/en\/product\/colageno-hidrolizado-con-vitamina-c-resveratrol-capsulas\/","og_site_name":"Betel Natural","article_publisher":"https:\/\/www.facebook.com\/betelnatural.inc","article_modified_time":"2024-11-27T19:56:49+00:00","og_image":[{"width":1200,"height":1200,"url":"https:\/\/betelnatural.com\/minegocio\/wp-content\/uploads\/2024\/07\/Colageno_capsulas_frente.png","type":"image\/png"}],"twitter_card":"summary_large_image","twitter_misc":{"Est. reading time":"1 minute"},"schema":{"@context":"https:\/\/schema.org","@graph":[{"@type":"WebPage","@id":"https:\/\/betelnatural.com\/minegocio\/product\/colageno-hidrolizado-con-vitamina-c-resveratrol-capsulas\/","url":"https:\/\/betelnatural.com\/minegocio\/product\/colageno-hidrolizado-con-vitamina-c-resveratrol-capsulas\/","name":"Col\u00e1geno Hidrolizado con vitamina C, resveratrol c\u00e1psulas - Betel Natural","isPartOf":{"@id":"https:\/\/betelnatural.com\/minegocio\/#website"},"primaryImageOfPage":{"@id":"https:\/\/betelnatural.com\/minegocio\/product\/colageno-hidrolizado-con-vitamina-c-resveratrol-capsulas\/#primaryimage"},"image":{"@id":"https:\/\/betelnatural.com\/minegocio\/product\/colageno-hidrolizado-con-vitamina-c-resveratrol-capsulas\/#primaryimage"},"thumbnailUrl":"https:\/\/betelnatural.com\/minegocio\/wp-content\/uploads\/2024\/07\/Colageno_capsulas_frente.png","datePublished":"2024-09-12T14:35:49+00:00","dateModified":"2024-11-27T19:56:49+00:00","breadcrumb":{"@id":"https:\/\/betelnatural.com\/minegocio\/product\/colageno-hidrolizado-con-vitamina-c-resveratrol-capsulas\/#breadcrumb"},"inLanguage":"en-US","potentialAction":[{"@type":"ReadAction","target":["https:\/\/betelnatural.com\/minegocio\/product\/colageno-hidrolizado-con-vitamina-c-resveratrol-capsulas\/"]}]},{"@type":"ImageObject","inLanguage":"en-US","@id":"https:\/\/betelnatural.com\/minegocio\/product\/colageno-hidrolizado-con-vitamina-c-resveratrol-capsulas\/#primaryimage","url":"https:\/\/betelnatural.com\/minegocio\/wp-content\/uploads\/2024\/07\/Colageno_capsulas_frente.png","contentUrl":"https:\/\/betelnatural.com\/minegocio\/wp-content\/uploads\/2024\/07\/Colageno_capsulas_frente.png","width":1200,"height":1200},{"@type":"BreadcrumbList","@id":"https:\/\/betelnatural.com\/minegocio\/product\/colageno-hidrolizado-con-vitamina-c-resveratrol-capsulas\/#breadcrumb","itemListElement":[{"@type":"ListItem","position":1,"name":"Portada","item":"https:\/\/betelnatural.com\/minegocio\/"},{"@type":"ListItem","position":2,"name":"Product","item":"https:\/\/betelnatural.com\/minegocio\/product\/"},{"@type":"ListItem","position":3,"name":"Col\u00e1geno Hidrolizado con vitamina C, resveratrol c\u00e1psulas"}]},{"@type":"WebSite","@id":"https:\/\/betelnatural.com\/minegocio\/#website","url":"https:\/\/betelnatural.com\/minegocio\/","name":"Betel Natural","description":"Venta de productos naturales  y vitaminas","publisher":{"@id":"https:\/\/betelnatural.com\/minegocio\/#organization"},"alternateName":"Betel","potentialAction":[{"@type":"SearchAction","target":{"@type":"EntryPoint","urlTemplate":"https:\/\/betelnatural.com\/minegocio\/?s={search_term_string}"},"query-input":{"@type":"PropertyValueSpecification","valueRequired":true,"valueName":"search_term_string"}}],"inLanguage":"en-US"},{"@type":"Organization","@id":"https:\/\/betelnatural.com\/minegocio\/#organization","name":"Betel Natural","url":"https:\/\/betelnatural.com\/minegocio\/","logo":{"@type":"ImageObject","inLanguage":"en-US","@id":"https:\/\/betelnatural.com\/minegocio\/#\/schema\/logo\/image\/","url":"https:\/\/betelnatural.com\/minegocio\/wp-content\/uploads\/2024\/06\/logo.png","contentUrl":"https:\/\/betelnatural.com\/minegocio\/wp-content\/uploads\/2024\/06\/logo.png","width":250,"height":95,"caption":"Betel Natural"},"image":{"@id":"https:\/\/betelnatural.com\/minegocio\/#\/schema\/logo\/image\/"},"sameAs":["https:\/\/www.facebook.com\/betelnatural.inc","https:\/\/www.instagram.com\/betel_natural\/"]}]}},"_links":{"self":[{"href":"https:\/\/betelnatural.com\/minegocio\/en\/wp-json\/wp\/v2\/product\/2830","targetHints":{"allow":["GET"]}}],"collection":[{"href":"https:\/\/betelnatural.com\/minegocio\/en\/wp-json\/wp\/v2\/product"}],"about":[{"href":"https:\/\/betelnatural.com\/minegocio\/en\/wp-json\/wp\/v2\/types\/product"}],"replies":[{"embeddable":true,"href":"https:\/\/betelnatural.com\/minegocio\/en\/wp-json\/wp\/v2\/comments?post=2830"}],"wp:featuredmedia":[{"embeddable":true,"href":"https:\/\/betelnatural.com\/minegocio\/en\/wp-json\/wp\/v2\/media\/1438"}],"wp:attachment":[{"href":"https:\/\/betelnatural.com\/minegocio\/en\/wp-json\/wp\/v2\/media?parent=2830"}],"wp:term":[{"taxonomy":"product_brand","embeddable":true,"href":"https:\/\/betelnatural.com\/minegocio\/en\/wp-json\/wp\/v2\/product_brand?post=2830"},{"taxonomy":"product_cat","embeddable":true,"href":"https:\/\/betelnatural.com\/minegocio\/en\/wp-json\/wp\/v2\/product_cat?post=2830"},{"taxonomy":"product_tag","embeddable":true,"href":"https:\/\/betelnatural.com\/minegocio\/en\/wp-json\/wp\/v2\/product_tag?post=2830"}],"curies":[{"name":"wp","href":"https:\/\/api.w.org\/{rel}","templated":true}]}}