{"id":2834,"date":"2024-09-12T14:35:51","date_gmt":"2024-09-12T14:35:51","guid":{"rendered":"https:\/\/betelnatural.com\/minegocio\/product\/colageno-hidrolizado-en-polvo-sabor-pina\/"},"modified":"2024-11-27T19:56:49","modified_gmt":"2024-11-27T19:56:49","slug":"colageno-hidrolizado-en-polvo-sabor-pina","status":"publish","type":"product","link":"https:\/\/betelnatural.com\/minegocio\/en\/product\/colageno-hidrolizado-en-polvo-sabor-pina\/","title":{"rendered":"Hydrolyzed Collagen Powder Pineapple Flavor"},"content":{"rendered":"<p>El Col\u00e1geno Hidrolizado en Polvo Sabor Pi\u00f1a de Betel Natural es una excelente opci\u00f3n para reafirmar la piel en todo el cuerpo, ayudando a recuperar su elasticidad y previniendo la aparici\u00f3n de manchas y la piel de naranja. Este suplemento contribuye a una piel m\u00e1s firme y juvenil, luciendo radiante. \ud83c\udf38<\/p>\n<p><strong><em>Crecimiento de u\u00f1as y cabello:<\/em><\/strong> Promueve el crecimiento de u\u00f1as fuertes y saludables, y mantiene el cabello brillante y saludable. Este producto trabaja de adentro hacia afuera, mejorando tu apariencia general y ayudando a mantener la vitalidad de tus u\u00f1as y cabello. \ud83d\udc85<\/p>\n<p><strong><em>Ingredientes poderosos:<\/em><\/strong> Los ingredientes clave como el \u00e1cido hialur\u00f3nico, vitamina E, resveratrol y vitamina C, el col\u00e1geno se absorben profundamente en la piel.<br \/>\nEstos ingredientes act\u00faan de manera sin\u00e9rgica para promover la regeneraci\u00f3n celular, mejorando la apariencia de la piel y ayudando a reducir los signos de envejecimiento. \ud83c\udf31<\/p>\n<p>[ver_mas]<\/p>\n<p>\ud83d\udcc5 <strong>Modo de Uso:<\/strong><br \/>\nPara disfrutar de todos sus beneficios, disuelve una cucharada del Col\u00e1geno Hidrolizado en 8 onzas de agua o jugo de tu preferencia.<br \/>\nT\u00f3malo por la ma\u00f1ana y por la tarde, o sigue las recomendaciones de tu especialista. \ud83e\udd64\u2728<\/p>\n<p><strong>Ingredientes Naturales: <\/strong>Este suplemento, por un lado, est\u00e1 elaborado con ingredientes naturales de alta calidad. Adem\u00e1s, asegura una opci\u00f3n eficaz y saludable no solo para mejorar la salud de la piel, u\u00f1as y cabello, sino tambi\u00e9n para promover el bienestar integral. \ud83c\udf3f<\/p>\n<p>\u26a0 <strong>Precauciones:<\/strong><br \/>\nMant\u00e9ngase en un lugar fresco y seco; adem\u00e1s, aseg\u00farese de mantenerlo fuera del alcance de los ni\u00f1os. Por otro lado, las mujeres embarazadas o en periodo de lactancia no deben ingerirlo. Por \u00faltimo, consulte con su m\u00e9dico antes de usarlo para garantizar su seguridad. \ud83c\udf21\ufe0f<\/p>\n<p><strong>Suplemento Alimenticio: <\/strong>El Col\u00e1geno Hidrolizado en Polvo Sabor Pi\u00f1a es la opci\u00f3n perfecta para quienes buscan una piel m\u00e1s firme, cabello radiante y u\u00f1as saludables.<\/p>\n<p>\u00a1Incl\u00fayelo en tu rutina diaria y mejora tu bienestar integral! \ud83c\udf1f \u00a1Potencia tu salud con Betel Natural y si\u00e9ntete bien\u00a0cada\u00a0d\u00eda!\u00a0\ud83c\udf08\u2728<\/p>\n<p>[\/ver_mas]<\/p>\n","protected":false},"excerpt":{"rendered":"<p>It helps in the treatment of premature aging, firming the skin all over the body, restoring its elasticity and preventing spots, orange peel skin, nail growth and maintaining healthy and shiny hair thanks to its components such as hyaluronic acid and vitamin E.<\/p>","protected":false},"featured_media":1458,"comment_status":"open","ping_status":"closed","template":"","meta":[],"product_brand":[],"product_cat":[178,145,115],"product_tag":[],"class_list":{"0":"post-2834","1":"product","2":"type-product","3":"status-publish","4":"has-post-thumbnail","6":"product_cat-belleza-piel-y-unas","7":"product_cat-cabello-fragil","8":"product_cat-remedios-naturales","10":"first","11":"instock","12":"shipping-taxable","13":"product-type-simple"},"yoast_head":"<!-- This site is optimized with the Yoast SEO plugin v27.4 - https:\/\/yoast.com\/product\/yoast-seo-wordpress\/ -->\n<title>Col\u00e1geno Hidrolizado en Polvo Sabor Pi\u00f1a - Betel Natural<\/title>\n<meta name=\"robots\" content=\"index, follow, max-snippet:-1, max-image-preview:large, max-video-preview:-1\" \/>\n<link rel=\"canonical\" href=\"https:\/\/betelnatural.com\/minegocio\/en\/product\/colageno-hidrolizado-en-polvo-sabor-pina\/\" \/>\n<meta property=\"og:locale\" content=\"en_US\" \/>\n<meta property=\"og:type\" content=\"article\" \/>\n<meta property=\"og:title\" content=\"Col\u00e1geno Hidrolizado en Polvo Sabor Pi\u00f1a - Betel Natural\" \/>\n<meta property=\"og:description\" content=\"Auxiliar en el tratamiento de envejecimiento prematuro, afirmando la piel en todo el cuerpo recuperando su elasticidad y prevenci\u00f3n de manchas, piel de naranja, crecimiento de u\u00f1as y mantenimiento del pelo sano y brillante gracias a sus componentes como el \u00e1cido hialur\u00f3nico y vitamina E.\" \/>\n<meta property=\"og:url\" content=\"https:\/\/betelnatural.com\/minegocio\/en\/product\/colageno-hidrolizado-en-polvo-sabor-pina\/\" \/>\n<meta property=\"og:site_name\" content=\"Betel Natural\" \/>\n<meta property=\"article:publisher\" content=\"https:\/\/www.facebook.com\/betelnatural.inc\" \/>\n<meta property=\"article:modified_time\" content=\"2024-11-27T19:56:49+00:00\" \/>\n<meta property=\"og:image\" content=\"https:\/\/betelnatural.com\/minegocio\/wp-content\/uploads\/2024\/07\/ColagenoPina_polvo.png\" \/>\n\t<meta property=\"og:image:width\" content=\"1200\" \/>\n\t<meta property=\"og:image:height\" content=\"1200\" \/>\n\t<meta property=\"og:image:type\" content=\"image\/png\" \/>\n<meta name=\"twitter:card\" content=\"summary_large_image\" \/>\n<meta name=\"twitter:label1\" content=\"Est. reading time\" \/>\n\t<meta name=\"twitter:data1\" content=\"1 minute\" \/>\n<script type=\"application\/ld+json\" class=\"yoast-schema-graph\">{\"@context\":\"https:\\\/\\\/schema.org\",\"@graph\":[{\"@type\":\"WebPage\",\"@id\":\"https:\\\/\\\/betelnatural.com\\\/minegocio\\\/product\\\/colageno-hidrolizado-en-polvo-sabor-pina\\\/\",\"url\":\"https:\\\/\\\/betelnatural.com\\\/minegocio\\\/product\\\/colageno-hidrolizado-en-polvo-sabor-pina\\\/\",\"name\":\"Col\u00e1geno Hidrolizado en Polvo Sabor Pi\u00f1a - Betel Natural\",\"isPartOf\":{\"@id\":\"https:\\\/\\\/betelnatural.com\\\/minegocio\\\/#website\"},\"primaryImageOfPage\":{\"@id\":\"https:\\\/\\\/betelnatural.com\\\/minegocio\\\/product\\\/colageno-hidrolizado-en-polvo-sabor-pina\\\/#primaryimage\"},\"image\":{\"@id\":\"https:\\\/\\\/betelnatural.com\\\/minegocio\\\/product\\\/colageno-hidrolizado-en-polvo-sabor-pina\\\/#primaryimage\"},\"thumbnailUrl\":\"https:\\\/\\\/betelnatural.com\\\/minegocio\\\/wp-content\\\/uploads\\\/2024\\\/07\\\/ColagenoPina_polvo.png\",\"datePublished\":\"2024-09-12T14:35:51+00:00\",\"dateModified\":\"2024-11-27T19:56:49+00:00\",\"breadcrumb\":{\"@id\":\"https:\\\/\\\/betelnatural.com\\\/minegocio\\\/product\\\/colageno-hidrolizado-en-polvo-sabor-pina\\\/#breadcrumb\"},\"inLanguage\":\"en-US\",\"potentialAction\":[{\"@type\":\"ReadAction\",\"target\":[\"https:\\\/\\\/betelnatural.com\\\/minegocio\\\/product\\\/colageno-hidrolizado-en-polvo-sabor-pina\\\/\"]}]},{\"@type\":\"ImageObject\",\"inLanguage\":\"en-US\",\"@id\":\"https:\\\/\\\/betelnatural.com\\\/minegocio\\\/product\\\/colageno-hidrolizado-en-polvo-sabor-pina\\\/#primaryimage\",\"url\":\"https:\\\/\\\/betelnatural.com\\\/minegocio\\\/wp-content\\\/uploads\\\/2024\\\/07\\\/ColagenoPina_polvo.png\",\"contentUrl\":\"https:\\\/\\\/betelnatural.com\\\/minegocio\\\/wp-content\\\/uploads\\\/2024\\\/07\\\/ColagenoPina_polvo.png\",\"width\":1200,\"height\":1200},{\"@type\":\"BreadcrumbList\",\"@id\":\"https:\\\/\\\/betelnatural.com\\\/minegocio\\\/product\\\/colageno-hidrolizado-en-polvo-sabor-pina\\\/#breadcrumb\",\"itemListElement\":[{\"@type\":\"ListItem\",\"position\":1,\"name\":\"Portada\",\"item\":\"https:\\\/\\\/betelnatural.com\\\/minegocio\\\/\"},{\"@type\":\"ListItem\",\"position\":2,\"name\":\"Product\",\"item\":\"https:\\\/\\\/betelnatural.com\\\/minegocio\\\/product\\\/\"},{\"@type\":\"ListItem\",\"position\":3,\"name\":\"Col\u00e1geno Hidrolizado en Polvo Sabor Pi\u00f1a\"}]},{\"@type\":\"WebSite\",\"@id\":\"https:\\\/\\\/betelnatural.com\\\/minegocio\\\/#website\",\"url\":\"https:\\\/\\\/betelnatural.com\\\/minegocio\\\/\",\"name\":\"Betel Natural\",\"description\":\"Venta de productos naturales  y vitaminas\",\"publisher\":{\"@id\":\"https:\\\/\\\/betelnatural.com\\\/minegocio\\\/#organization\"},\"alternateName\":\"Betel\",\"potentialAction\":[{\"@type\":\"SearchAction\",\"target\":{\"@type\":\"EntryPoint\",\"urlTemplate\":\"https:\\\/\\\/betelnatural.com\\\/minegocio\\\/?s={search_term_string}\"},\"query-input\":{\"@type\":\"PropertyValueSpecification\",\"valueRequired\":true,\"valueName\":\"search_term_string\"}}],\"inLanguage\":\"en-US\"},{\"@type\":\"Organization\",\"@id\":\"https:\\\/\\\/betelnatural.com\\\/minegocio\\\/#organization\",\"name\":\"Betel Natural\",\"url\":\"https:\\\/\\\/betelnatural.com\\\/minegocio\\\/\",\"logo\":{\"@type\":\"ImageObject\",\"inLanguage\":\"en-US\",\"@id\":\"https:\\\/\\\/betelnatural.com\\\/minegocio\\\/#\\\/schema\\\/logo\\\/image\\\/\",\"url\":\"https:\\\/\\\/betelnatural.com\\\/minegocio\\\/wp-content\\\/uploads\\\/2024\\\/06\\\/logo.png\",\"contentUrl\":\"https:\\\/\\\/betelnatural.com\\\/minegocio\\\/wp-content\\\/uploads\\\/2024\\\/06\\\/logo.png\",\"width\":250,\"height\":95,\"caption\":\"Betel Natural\"},\"image\":{\"@id\":\"https:\\\/\\\/betelnatural.com\\\/minegocio\\\/#\\\/schema\\\/logo\\\/image\\\/\"},\"sameAs\":[\"https:\\\/\\\/www.facebook.com\\\/betelnatural.inc\",\"https:\\\/\\\/www.instagram.com\\\/betel_natural\\\/\"]}]}<\/script>\n<!-- \/ Yoast SEO plugin. -->","yoast_head_json":{"title":"Col\u00e1geno Hidrolizado en Polvo Sabor Pi\u00f1a - Betel Natural","robots":{"index":"index","follow":"follow","max-snippet":"max-snippet:-1","max-image-preview":"max-image-preview:large","max-video-preview":"max-video-preview:-1"},"canonical":"https:\/\/betelnatural.com\/minegocio\/en\/product\/colageno-hidrolizado-en-polvo-sabor-pina\/","og_locale":"en_US","og_type":"article","og_title":"Col\u00e1geno Hidrolizado en Polvo Sabor Pi\u00f1a - Betel Natural","og_description":"Auxiliar en el tratamiento de envejecimiento prematuro, afirmando la piel en todo el cuerpo recuperando su elasticidad y prevenci\u00f3n de manchas, piel de naranja, crecimiento de u\u00f1as y mantenimiento del pelo sano y brillante gracias a sus componentes como el \u00e1cido hialur\u00f3nico y vitamina E.","og_url":"https:\/\/betelnatural.com\/minegocio\/en\/product\/colageno-hidrolizado-en-polvo-sabor-pina\/","og_site_name":"Betel Natural","article_publisher":"https:\/\/www.facebook.com\/betelnatural.inc","article_modified_time":"2024-11-27T19:56:49+00:00","og_image":[{"width":1200,"height":1200,"url":"https:\/\/betelnatural.com\/minegocio\/wp-content\/uploads\/2024\/07\/ColagenoPina_polvo.png","type":"image\/png"}],"twitter_card":"summary_large_image","twitter_misc":{"Est. reading time":"1 minute"},"schema":{"@context":"https:\/\/schema.org","@graph":[{"@type":"WebPage","@id":"https:\/\/betelnatural.com\/minegocio\/product\/colageno-hidrolizado-en-polvo-sabor-pina\/","url":"https:\/\/betelnatural.com\/minegocio\/product\/colageno-hidrolizado-en-polvo-sabor-pina\/","name":"Col\u00e1geno Hidrolizado en Polvo Sabor Pi\u00f1a - Betel Natural","isPartOf":{"@id":"https:\/\/betelnatural.com\/minegocio\/#website"},"primaryImageOfPage":{"@id":"https:\/\/betelnatural.com\/minegocio\/product\/colageno-hidrolizado-en-polvo-sabor-pina\/#primaryimage"},"image":{"@id":"https:\/\/betelnatural.com\/minegocio\/product\/colageno-hidrolizado-en-polvo-sabor-pina\/#primaryimage"},"thumbnailUrl":"https:\/\/betelnatural.com\/minegocio\/wp-content\/uploads\/2024\/07\/ColagenoPina_polvo.png","datePublished":"2024-09-12T14:35:51+00:00","dateModified":"2024-11-27T19:56:49+00:00","breadcrumb":{"@id":"https:\/\/betelnatural.com\/minegocio\/product\/colageno-hidrolizado-en-polvo-sabor-pina\/#breadcrumb"},"inLanguage":"en-US","potentialAction":[{"@type":"ReadAction","target":["https:\/\/betelnatural.com\/minegocio\/product\/colageno-hidrolizado-en-polvo-sabor-pina\/"]}]},{"@type":"ImageObject","inLanguage":"en-US","@id":"https:\/\/betelnatural.com\/minegocio\/product\/colageno-hidrolizado-en-polvo-sabor-pina\/#primaryimage","url":"https:\/\/betelnatural.com\/minegocio\/wp-content\/uploads\/2024\/07\/ColagenoPina_polvo.png","contentUrl":"https:\/\/betelnatural.com\/minegocio\/wp-content\/uploads\/2024\/07\/ColagenoPina_polvo.png","width":1200,"height":1200},{"@type":"BreadcrumbList","@id":"https:\/\/betelnatural.com\/minegocio\/product\/colageno-hidrolizado-en-polvo-sabor-pina\/#breadcrumb","itemListElement":[{"@type":"ListItem","position":1,"name":"Portada","item":"https:\/\/betelnatural.com\/minegocio\/"},{"@type":"ListItem","position":2,"name":"Product","item":"https:\/\/betelnatural.com\/minegocio\/product\/"},{"@type":"ListItem","position":3,"name":"Col\u00e1geno Hidrolizado en Polvo Sabor Pi\u00f1a"}]},{"@type":"WebSite","@id":"https:\/\/betelnatural.com\/minegocio\/#website","url":"https:\/\/betelnatural.com\/minegocio\/","name":"Betel Natural","description":"Venta de productos naturales  y vitaminas","publisher":{"@id":"https:\/\/betelnatural.com\/minegocio\/#organization"},"alternateName":"Betel","potentialAction":[{"@type":"SearchAction","target":{"@type":"EntryPoint","urlTemplate":"https:\/\/betelnatural.com\/minegocio\/?s={search_term_string}"},"query-input":{"@type":"PropertyValueSpecification","valueRequired":true,"valueName":"search_term_string"}}],"inLanguage":"en-US"},{"@type":"Organization","@id":"https:\/\/betelnatural.com\/minegocio\/#organization","name":"Betel Natural","url":"https:\/\/betelnatural.com\/minegocio\/","logo":{"@type":"ImageObject","inLanguage":"en-US","@id":"https:\/\/betelnatural.com\/minegocio\/#\/schema\/logo\/image\/","url":"https:\/\/betelnatural.com\/minegocio\/wp-content\/uploads\/2024\/06\/logo.png","contentUrl":"https:\/\/betelnatural.com\/minegocio\/wp-content\/uploads\/2024\/06\/logo.png","width":250,"height":95,"caption":"Betel Natural"},"image":{"@id":"https:\/\/betelnatural.com\/minegocio\/#\/schema\/logo\/image\/"},"sameAs":["https:\/\/www.facebook.com\/betelnatural.inc","https:\/\/www.instagram.com\/betel_natural\/"]}]}},"_links":{"self":[{"href":"https:\/\/betelnatural.com\/minegocio\/en\/wp-json\/wp\/v2\/product\/2834","targetHints":{"allow":["GET"]}}],"collection":[{"href":"https:\/\/betelnatural.com\/minegocio\/en\/wp-json\/wp\/v2\/product"}],"about":[{"href":"https:\/\/betelnatural.com\/minegocio\/en\/wp-json\/wp\/v2\/types\/product"}],"replies":[{"embeddable":true,"href":"https:\/\/betelnatural.com\/minegocio\/en\/wp-json\/wp\/v2\/comments?post=2834"}],"wp:featuredmedia":[{"embeddable":true,"href":"https:\/\/betelnatural.com\/minegocio\/en\/wp-json\/wp\/v2\/media\/1458"}],"wp:attachment":[{"href":"https:\/\/betelnatural.com\/minegocio\/en\/wp-json\/wp\/v2\/media?parent=2834"}],"wp:term":[{"taxonomy":"product_brand","embeddable":true,"href":"https:\/\/betelnatural.com\/minegocio\/en\/wp-json\/wp\/v2\/product_brand?post=2834"},{"taxonomy":"product_cat","embeddable":true,"href":"https:\/\/betelnatural.com\/minegocio\/en\/wp-json\/wp\/v2\/product_cat?post=2834"},{"taxonomy":"product_tag","embeddable":true,"href":"https:\/\/betelnatural.com\/minegocio\/en\/wp-json\/wp\/v2\/product_tag?post=2834"}],"curies":[{"name":"wp","href":"https:\/\/api.w.org\/{rel}","templated":true}]}}