{"id":2856,"date":"2024-09-12T14:36:01","date_gmt":"2024-09-12T14:36:01","guid":{"rendered":"https:\/\/betelnatural.com\/minegocio\/product\/detoxsan-polvo-sabor-pepino-con-limon\/"},"modified":"2024-11-27T19:56:53","modified_gmt":"2024-11-27T19:56:53","slug":"detoxsan-polvo-sabor-pepino-con-limon","status":"publish","type":"product","link":"https:\/\/betelnatural.com\/minegocio\/en\/product\/detoxsan-polvo-sabor-pepino-con-limon\/","title":{"rendered":"Detoxsan Powder Cucumber and Lemon flavour"},"content":{"rendered":"<p><em><strong>Desintoxicaci\u00f3n General:\u00a0<\/strong><\/em>Detoxsan Polvo Sabor sabor Pepino con Lim\u00f3n de Betel Natural contribuye a la eliminaci\u00f3n de toxinas acumuladas en el organismo, promoviendo una limpieza completa para mantener el cuerpo en equilibrio. \ud83d\udca7\ud83c\udf1f<br \/>\nEste desintoxicante act\u00faa en profundidad, ayudando a eliminar las impurezas de manera suave y natural, permitiendo que tu organismo funcione de manera m\u00e1s eficiente.<\/p>\n<p><em><strong>Mejora del Bienestar General:<\/strong><\/em>\u00a0Su f\u00f3rmula act\u00faa en todo el organismo, ayudando a revitalizar el sistema digestivo, mejorar la energ\u00eda y favorecer la salud en general. \ud83c\udf31\ud83d\udcaa<\/p>\n<p><em><strong>Sabor Agradable:<\/strong><\/em> Gracias a su refrescante combinaci\u00f3n de pepino y lim\u00f3n, Detoxsan Polvo no solo desintoxica, sino que tambi\u00e9n aporta una sensaci\u00f3n de frescura que revitaliza el cuerpo. \ud83c\udf31\ud83d\udcaa<br \/>\nAl favorecer la eliminaci\u00f3n de toxinas, tambi\u00e9n mejora la energ\u00eda, apoya la digesti\u00f3n y ayuda a mantener un sistema interno en \u00f3ptimas condiciones.\ud83c\udf79\u2728<\/p>\n<p>[ver_mas]<\/p>\n<p>\ud83d\udcc5\u00a0<strong>Modo de Uso<\/strong><\/p>\n<p>Mezcla una cucharada de Detoxsan Polvo en 8 onzas de agua o en el jugo de tu preferencia. Se recomienda tomar una porci\u00f3n por la ma\u00f1ana y otra por la tarde. Si es necesario, sigue las indicaciones de tu especialista para adaptar la dosis a tus necesidades espec\u00edficas. \ud83d\udca7\ud83e\udd64<\/p>\n<p>\u26a0\u00a0<strong>Precauciones<\/strong><\/p>\n<ul>\n<li>Consulta a tu m\u00e9dico antes de usar este suplemento si est\u00e1s embarazada , en periodo de lactancia o bajo tratamiento m\u00e9dico. \ud83e\udd31<\/li>\n<li>Mant\u00e9n el producto en un lugar fresco y seco, lejos de la luz directa y fuera del alcance de los ni\u00f1os. \u2744\ufe0f\ud83d\udc76<\/li>\n<\/ul>\n<p><strong>Suplemento alimenticio:<\/strong> Como suplemento mejorar\u00e1 tu salud\u00a0 de manera integral, mientras te ayuda a limpiar y desintoxicar todo el organismo de manera efectiva y natural.<\/p>\n<p>Detoxsan Polvo Sabor sabor Pepino con Lim\u00f3n de Betel Natural es una opci\u00f3n ideal para quienes buscan una forma pr\u00e1ctica, efectiva y deliciosa de desintoxicar su organismo y optimizar su bienestar general en tu vida. \ud83c\udf3f\ud83c\udf79\u00a1Potencia tu salud y si\u00e9ntete bien\u00a0cada\u00a0d\u00eda!\u00a0\ud83c\udf08\u2728<\/p>\n<p>[\/ver_mas]<\/p>\n","protected":false},"excerpt":{"rendered":"<p>General detoxifier.<\/p>","protected":false},"featured_media":1529,"comment_status":"open","ping_status":"closed","template":"","meta":[],"product_brand":[],"product_cat":[125,121,140],"product_tag":[],"class_list":{"0":"post-2856","1":"product","2":"type-product","3":"status-publish","4":"has-post-thumbnail","6":"product_cat-desintoxicacion","7":"product_cat-digestion","8":"product_cat-estrenimiento","10":"first","11":"instock","12":"shipping-taxable","13":"product-type-simple"},"yoast_head":"<!-- This site is optimized with the Yoast SEO plugin v27.4 - https:\/\/yoast.com\/product\/yoast-seo-wordpress\/ -->\n<title>Detoxsan Polvo sabor Pepino con Lim\u00f3n - Betel Natural<\/title>\n<meta name=\"robots\" content=\"index, follow, max-snippet:-1, max-image-preview:large, max-video-preview:-1\" \/>\n<link rel=\"canonical\" href=\"https:\/\/betelnatural.com\/minegocio\/en\/product\/detoxsan-polvo-sabor-pepino-con-limon\/\" \/>\n<meta property=\"og:locale\" content=\"en_US\" \/>\n<meta property=\"og:type\" content=\"article\" \/>\n<meta property=\"og:title\" content=\"Detoxsan Polvo sabor Pepino con Lim\u00f3n - Betel Natural\" \/>\n<meta property=\"og:description\" content=\"Desintoxicante general.\" \/>\n<meta property=\"og:url\" content=\"https:\/\/betelnatural.com\/minegocio\/en\/product\/detoxsan-polvo-sabor-pepino-con-limon\/\" \/>\n<meta property=\"og:site_name\" content=\"Betel Natural\" \/>\n<meta property=\"article:publisher\" content=\"https:\/\/www.facebook.com\/betelnatural.inc\" \/>\n<meta property=\"article:modified_time\" content=\"2024-11-27T19:56:53+00:00\" \/>\n<meta property=\"og:image\" content=\"https:\/\/betelnatural.com\/minegocio\/wp-content\/uploads\/2024\/07\/Detoxsan_pepino-limon_polvo-copia.png\" \/>\n\t<meta property=\"og:image:width\" content=\"1200\" \/>\n\t<meta property=\"og:image:height\" content=\"1200\" \/>\n\t<meta property=\"og:image:type\" content=\"image\/png\" \/>\n<meta name=\"twitter:card\" content=\"summary_large_image\" \/>\n<meta name=\"twitter:label1\" content=\"Est. reading time\" \/>\n\t<meta name=\"twitter:data1\" content=\"1 minute\" \/>\n<script type=\"application\/ld+json\" class=\"yoast-schema-graph\">{\"@context\":\"https:\\\/\\\/schema.org\",\"@graph\":[{\"@type\":\"WebPage\",\"@id\":\"https:\\\/\\\/betelnatural.com\\\/minegocio\\\/product\\\/detoxsan-polvo-sabor-pepino-con-limon\\\/\",\"url\":\"https:\\\/\\\/betelnatural.com\\\/minegocio\\\/product\\\/detoxsan-polvo-sabor-pepino-con-limon\\\/\",\"name\":\"Detoxsan Polvo sabor Pepino con Lim\u00f3n - Betel Natural\",\"isPartOf\":{\"@id\":\"https:\\\/\\\/betelnatural.com\\\/minegocio\\\/#website\"},\"primaryImageOfPage\":{\"@id\":\"https:\\\/\\\/betelnatural.com\\\/minegocio\\\/product\\\/detoxsan-polvo-sabor-pepino-con-limon\\\/#primaryimage\"},\"image\":{\"@id\":\"https:\\\/\\\/betelnatural.com\\\/minegocio\\\/product\\\/detoxsan-polvo-sabor-pepino-con-limon\\\/#primaryimage\"},\"thumbnailUrl\":\"https:\\\/\\\/betelnatural.com\\\/minegocio\\\/wp-content\\\/uploads\\\/2024\\\/07\\\/Detoxsan_pepino-limon_polvo-copia.png\",\"datePublished\":\"2024-09-12T14:36:01+00:00\",\"dateModified\":\"2024-11-27T19:56:53+00:00\",\"breadcrumb\":{\"@id\":\"https:\\\/\\\/betelnatural.com\\\/minegocio\\\/product\\\/detoxsan-polvo-sabor-pepino-con-limon\\\/#breadcrumb\"},\"inLanguage\":\"en-US\",\"potentialAction\":[{\"@type\":\"ReadAction\",\"target\":[\"https:\\\/\\\/betelnatural.com\\\/minegocio\\\/product\\\/detoxsan-polvo-sabor-pepino-con-limon\\\/\"]}]},{\"@type\":\"ImageObject\",\"inLanguage\":\"en-US\",\"@id\":\"https:\\\/\\\/betelnatural.com\\\/minegocio\\\/product\\\/detoxsan-polvo-sabor-pepino-con-limon\\\/#primaryimage\",\"url\":\"https:\\\/\\\/betelnatural.com\\\/minegocio\\\/wp-content\\\/uploads\\\/2024\\\/07\\\/Detoxsan_pepino-limon_polvo-copia.png\",\"contentUrl\":\"https:\\\/\\\/betelnatural.com\\\/minegocio\\\/wp-content\\\/uploads\\\/2024\\\/07\\\/Detoxsan_pepino-limon_polvo-copia.png\",\"width\":1200,\"height\":1200},{\"@type\":\"BreadcrumbList\",\"@id\":\"https:\\\/\\\/betelnatural.com\\\/minegocio\\\/product\\\/detoxsan-polvo-sabor-pepino-con-limon\\\/#breadcrumb\",\"itemListElement\":[{\"@type\":\"ListItem\",\"position\":1,\"name\":\"Portada\",\"item\":\"https:\\\/\\\/betelnatural.com\\\/minegocio\\\/\"},{\"@type\":\"ListItem\",\"position\":2,\"name\":\"Product\",\"item\":\"https:\\\/\\\/betelnatural.com\\\/minegocio\\\/product\\\/\"},{\"@type\":\"ListItem\",\"position\":3,\"name\":\"Detoxsan Polvo sabor Pepino con Lim\u00f3n\"}]},{\"@type\":\"WebSite\",\"@id\":\"https:\\\/\\\/betelnatural.com\\\/minegocio\\\/#website\",\"url\":\"https:\\\/\\\/betelnatural.com\\\/minegocio\\\/\",\"name\":\"Betel Natural\",\"description\":\"Venta de productos naturales  y vitaminas\",\"publisher\":{\"@id\":\"https:\\\/\\\/betelnatural.com\\\/minegocio\\\/#organization\"},\"alternateName\":\"Betel\",\"potentialAction\":[{\"@type\":\"SearchAction\",\"target\":{\"@type\":\"EntryPoint\",\"urlTemplate\":\"https:\\\/\\\/betelnatural.com\\\/minegocio\\\/?s={search_term_string}\"},\"query-input\":{\"@type\":\"PropertyValueSpecification\",\"valueRequired\":true,\"valueName\":\"search_term_string\"}}],\"inLanguage\":\"en-US\"},{\"@type\":\"Organization\",\"@id\":\"https:\\\/\\\/betelnatural.com\\\/minegocio\\\/#organization\",\"name\":\"Betel Natural\",\"url\":\"https:\\\/\\\/betelnatural.com\\\/minegocio\\\/\",\"logo\":{\"@type\":\"ImageObject\",\"inLanguage\":\"en-US\",\"@id\":\"https:\\\/\\\/betelnatural.com\\\/minegocio\\\/#\\\/schema\\\/logo\\\/image\\\/\",\"url\":\"https:\\\/\\\/betelnatural.com\\\/minegocio\\\/wp-content\\\/uploads\\\/2024\\\/06\\\/logo.png\",\"contentUrl\":\"https:\\\/\\\/betelnatural.com\\\/minegocio\\\/wp-content\\\/uploads\\\/2024\\\/06\\\/logo.png\",\"width\":250,\"height\":95,\"caption\":\"Betel Natural\"},\"image\":{\"@id\":\"https:\\\/\\\/betelnatural.com\\\/minegocio\\\/#\\\/schema\\\/logo\\\/image\\\/\"},\"sameAs\":[\"https:\\\/\\\/www.facebook.com\\\/betelnatural.inc\",\"https:\\\/\\\/www.instagram.com\\\/betel_natural\\\/\"]}]}<\/script>\n<!-- \/ Yoast SEO plugin. -->","yoast_head_json":{"title":"Detoxsan Polvo sabor Pepino con Lim\u00f3n - Betel Natural","robots":{"index":"index","follow":"follow","max-snippet":"max-snippet:-1","max-image-preview":"max-image-preview:large","max-video-preview":"max-video-preview:-1"},"canonical":"https:\/\/betelnatural.com\/minegocio\/en\/product\/detoxsan-polvo-sabor-pepino-con-limon\/","og_locale":"en_US","og_type":"article","og_title":"Detoxsan Polvo sabor Pepino con Lim\u00f3n - Betel Natural","og_description":"Desintoxicante general.","og_url":"https:\/\/betelnatural.com\/minegocio\/en\/product\/detoxsan-polvo-sabor-pepino-con-limon\/","og_site_name":"Betel Natural","article_publisher":"https:\/\/www.facebook.com\/betelnatural.inc","article_modified_time":"2024-11-27T19:56:53+00:00","og_image":[{"width":1200,"height":1200,"url":"https:\/\/betelnatural.com\/minegocio\/wp-content\/uploads\/2024\/07\/Detoxsan_pepino-limon_polvo-copia.png","type":"image\/png"}],"twitter_card":"summary_large_image","twitter_misc":{"Est. reading time":"1 minute"},"schema":{"@context":"https:\/\/schema.org","@graph":[{"@type":"WebPage","@id":"https:\/\/betelnatural.com\/minegocio\/product\/detoxsan-polvo-sabor-pepino-con-limon\/","url":"https:\/\/betelnatural.com\/minegocio\/product\/detoxsan-polvo-sabor-pepino-con-limon\/","name":"Detoxsan Polvo sabor Pepino con Lim\u00f3n - Betel Natural","isPartOf":{"@id":"https:\/\/betelnatural.com\/minegocio\/#website"},"primaryImageOfPage":{"@id":"https:\/\/betelnatural.com\/minegocio\/product\/detoxsan-polvo-sabor-pepino-con-limon\/#primaryimage"},"image":{"@id":"https:\/\/betelnatural.com\/minegocio\/product\/detoxsan-polvo-sabor-pepino-con-limon\/#primaryimage"},"thumbnailUrl":"https:\/\/betelnatural.com\/minegocio\/wp-content\/uploads\/2024\/07\/Detoxsan_pepino-limon_polvo-copia.png","datePublished":"2024-09-12T14:36:01+00:00","dateModified":"2024-11-27T19:56:53+00:00","breadcrumb":{"@id":"https:\/\/betelnatural.com\/minegocio\/product\/detoxsan-polvo-sabor-pepino-con-limon\/#breadcrumb"},"inLanguage":"en-US","potentialAction":[{"@type":"ReadAction","target":["https:\/\/betelnatural.com\/minegocio\/product\/detoxsan-polvo-sabor-pepino-con-limon\/"]}]},{"@type":"ImageObject","inLanguage":"en-US","@id":"https:\/\/betelnatural.com\/minegocio\/product\/detoxsan-polvo-sabor-pepino-con-limon\/#primaryimage","url":"https:\/\/betelnatural.com\/minegocio\/wp-content\/uploads\/2024\/07\/Detoxsan_pepino-limon_polvo-copia.png","contentUrl":"https:\/\/betelnatural.com\/minegocio\/wp-content\/uploads\/2024\/07\/Detoxsan_pepino-limon_polvo-copia.png","width":1200,"height":1200},{"@type":"BreadcrumbList","@id":"https:\/\/betelnatural.com\/minegocio\/product\/detoxsan-polvo-sabor-pepino-con-limon\/#breadcrumb","itemListElement":[{"@type":"ListItem","position":1,"name":"Portada","item":"https:\/\/betelnatural.com\/minegocio\/"},{"@type":"ListItem","position":2,"name":"Product","item":"https:\/\/betelnatural.com\/minegocio\/product\/"},{"@type":"ListItem","position":3,"name":"Detoxsan Polvo sabor Pepino con Lim\u00f3n"}]},{"@type":"WebSite","@id":"https:\/\/betelnatural.com\/minegocio\/#website","url":"https:\/\/betelnatural.com\/minegocio\/","name":"Betel Natural","description":"Venta de productos naturales  y vitaminas","publisher":{"@id":"https:\/\/betelnatural.com\/minegocio\/#organization"},"alternateName":"Betel","potentialAction":[{"@type":"SearchAction","target":{"@type":"EntryPoint","urlTemplate":"https:\/\/betelnatural.com\/minegocio\/?s={search_term_string}"},"query-input":{"@type":"PropertyValueSpecification","valueRequired":true,"valueName":"search_term_string"}}],"inLanguage":"en-US"},{"@type":"Organization","@id":"https:\/\/betelnatural.com\/minegocio\/#organization","name":"Betel Natural","url":"https:\/\/betelnatural.com\/minegocio\/","logo":{"@type":"ImageObject","inLanguage":"en-US","@id":"https:\/\/betelnatural.com\/minegocio\/#\/schema\/logo\/image\/","url":"https:\/\/betelnatural.com\/minegocio\/wp-content\/uploads\/2024\/06\/logo.png","contentUrl":"https:\/\/betelnatural.com\/minegocio\/wp-content\/uploads\/2024\/06\/logo.png","width":250,"height":95,"caption":"Betel Natural"},"image":{"@id":"https:\/\/betelnatural.com\/minegocio\/#\/schema\/logo\/image\/"},"sameAs":["https:\/\/www.facebook.com\/betelnatural.inc","https:\/\/www.instagram.com\/betel_natural\/"]}]}},"_links":{"self":[{"href":"https:\/\/betelnatural.com\/minegocio\/en\/wp-json\/wp\/v2\/product\/2856","targetHints":{"allow":["GET"]}}],"collection":[{"href":"https:\/\/betelnatural.com\/minegocio\/en\/wp-json\/wp\/v2\/product"}],"about":[{"href":"https:\/\/betelnatural.com\/minegocio\/en\/wp-json\/wp\/v2\/types\/product"}],"replies":[{"embeddable":true,"href":"https:\/\/betelnatural.com\/minegocio\/en\/wp-json\/wp\/v2\/comments?post=2856"}],"wp:featuredmedia":[{"embeddable":true,"href":"https:\/\/betelnatural.com\/minegocio\/en\/wp-json\/wp\/v2\/media\/1529"}],"wp:attachment":[{"href":"https:\/\/betelnatural.com\/minegocio\/en\/wp-json\/wp\/v2\/media?parent=2856"}],"wp:term":[{"taxonomy":"product_brand","embeddable":true,"href":"https:\/\/betelnatural.com\/minegocio\/en\/wp-json\/wp\/v2\/product_brand?post=2856"},{"taxonomy":"product_cat","embeddable":true,"href":"https:\/\/betelnatural.com\/minegocio\/en\/wp-json\/wp\/v2\/product_cat?post=2856"},{"taxonomy":"product_tag","embeddable":true,"href":"https:\/\/betelnatural.com\/minegocio\/en\/wp-json\/wp\/v2\/product_tag?post=2856"}],"curies":[{"name":"wp","href":"https:\/\/api.w.org\/{rel}","templated":true}]}}