{"id":2867,"date":"2024-09-12T14:36:08","date_gmt":"2024-09-12T14:36:08","guid":{"rendered":"https:\/\/betelnatural.com\/minegocio\/product\/espirulina-capsulas\/"},"modified":"2024-11-27T19:56:55","modified_gmt":"2024-11-27T19:56:55","slug":"espirulina-capsulas","status":"publish","type":"product","link":"https:\/\/betelnatural.com\/minegocio\/en\/product\/espirulina-capsulas\/","title":{"rendered":"Spirulina capsules"},"content":{"rendered":"<p><em><strong>Salud Cardiovascular:<\/strong><\/em> Espirulina C\u00e1psulas de Betel Natural es un superalimento con una alta concentraci\u00f3n de nutrientes esenciales de r\u00e1pida absorci\u00f3n. \ud83c\udf3f\u2728 Contiene vitamina B6, que puede ayudar a reducir el riesgo de ataques al coraz\u00f3n al apoyar la funci\u00f3n normal del sistema cardiovascular. \u2764\ufe0f<\/p>\n<p><em><strong>Metabolismo Eficiente:<\/strong><\/em> Su contenido de biotina (tambi\u00e9n conocida como vitamina H) favorece el metabolismo de carbohidratos, grasas y amino\u00e1cidos, ayudando al cuerpo a obtener energ\u00eda de manera m\u00e1s eficiente y mejorando la salud general. \u26a1\ud83c\udf4e<\/p>\n<p><em><strong>Nutrici\u00f3n Completa:<\/strong><\/em> Como un superalimento, aporta una amplia gama de nutrientes esenciales, ideales para complementar una dieta balanceada y promover un estilo de vida saludable. \ud83e\udd57 Este suplemento es perfecto para quienes buscan energ\u00eda natural y un soporte integral para el organismo. \ud83c\udf1f<\/p>\n<p>[ver_mas]<\/p>\n<p>\ud83d\udcc5 <strong>Modo de Uso<\/strong><\/p>\n<p>Para aprovechar al m\u00e1ximo sus beneficios, se recomienda tomar tres c\u00e1psulas al d\u00eda con las comidas principales o seg\u00fan las indicaciones de tu especialista. Acompa\u00f1a cada toma con un vaso de agua para mejorar su absorci\u00f3n. \ud83d\udca7\u2728<\/p>\n<p><strong>Ingredientes naturales:<\/strong> Cultivada Org\u00e1nicamente garantizando un producto natural y de alta calidad, sin aditivos artificiales. \ud83c\udf31<\/p>\n<p>\u26a0 <strong>Precauciones<\/strong><br \/>\nConsulta a un profesional de la salud antes de usar este producto si tienes alguna condici\u00f3n m\u00e9dica, est\u00e1s embarazada o en per\u00edodo de lactancia. \ud83e\ude7a<br \/>\nMant\u00e9n este producto en un lugar fresco y seco, fuera del alcance de los ni\u00f1os. \ud83c\udf21\ufe0f<\/p>\n<p><strong>Suplemento Alimenticio:<\/strong> Como suplemento alimenticio, el Zinc de Betel Natural es una excelente adici\u00f3n a tu rutina diaria para optimizar tu bienestar general. \ud83c\udf1f<\/p>\n<p>Con Espirulina C\u00e1psulas de Betel Natural, potencia tu bienestar de forma natural mientras cuidas tu salud y energ\u00eda. \u00a1Una opci\u00f3n saludable para tu d\u00eda a d\u00eda! \ud83c\udf1f\ud83d\udc9a<br \/>\n[\/ver_mas]<\/p>\n","protected":false},"excerpt":{"rendered":"<p><strong>90 capsules<\/strong><\/p>\n<p>Superfood with a high concentration of fast-absorbing nutrients. Contains vitamin B6 that helps reduce the risk of heart attacks.<br \/>\nContains biotin or vitamin H which can help promote the metabolism of carbohydrates, fats and amino acids.<\/p>\n<p>Take three capsules a day or as directed by your specialist.<\/p>","protected":false},"featured_media":1619,"comment_status":"open","ping_status":"closed","template":"","meta":[],"product_brand":[],"product_cat":[185,115],"product_tag":[],"class_list":{"0":"post-2867","1":"product","2":"type-product","3":"status-publish","4":"has-post-thumbnail","6":"product_cat-hipertiroidismo","7":"product_cat-remedios-naturales","9":"first","10":"instock","11":"shipping-taxable","12":"product-type-simple"},"yoast_head":"<!-- This site is optimized with the Yoast SEO plugin v27.4 - https:\/\/yoast.com\/product\/yoast-seo-wordpress\/ -->\n<title>Espirulina c\u00e1psulas - Betel Natural<\/title>\n<meta name=\"robots\" content=\"index, follow, max-snippet:-1, max-image-preview:large, max-video-preview:-1\" \/>\n<link rel=\"canonical\" href=\"https:\/\/betelnatural.com\/minegocio\/en\/product\/espirulina-capsulas\/\" \/>\n<meta property=\"og:locale\" content=\"en_US\" \/>\n<meta property=\"og:type\" content=\"article\" \/>\n<meta property=\"og:title\" content=\"Espirulina c\u00e1psulas - Betel Natural\" \/>\n<meta property=\"og:description\" content=\"90 c\u00e1psulas  Superalimento con alta concentraci\u00f3n de nutrientes de r\u00e1pida absorci\u00f3n. Contiene vitamina B6 que ayuda a reducir el riesgo de ataques de coraz\u00f3n. Contiene biotina o vitamina H que puede ayudar a promover el metabolismo de carbohidratos, grasas y amino\u00e1cidos.  Tomar tres capsulas al d\u00eda o lo que su especialista indique.\" \/>\n<meta property=\"og:url\" content=\"https:\/\/betelnatural.com\/minegocio\/en\/product\/espirulina-capsulas\/\" \/>\n<meta property=\"og:site_name\" content=\"Betel Natural\" \/>\n<meta property=\"article:publisher\" content=\"https:\/\/www.facebook.com\/betelnatural.inc\" \/>\n<meta property=\"article:modified_time\" content=\"2024-11-27T19:56:55+00:00\" \/>\n<meta property=\"og:image\" content=\"https:\/\/betelnatural.com\/minegocio\/wp-content\/uploads\/2024\/07\/Espirulina_capsulas_frente.png\" \/>\n\t<meta property=\"og:image:width\" content=\"1200\" \/>\n\t<meta property=\"og:image:height\" content=\"1200\" \/>\n\t<meta property=\"og:image:type\" content=\"image\/png\" \/>\n<meta name=\"twitter:card\" content=\"summary_large_image\" \/>\n<meta name=\"twitter:label1\" content=\"Est. reading time\" \/>\n\t<meta name=\"twitter:data1\" content=\"1 minute\" \/>\n<script type=\"application\/ld+json\" class=\"yoast-schema-graph\">{\"@context\":\"https:\\\/\\\/schema.org\",\"@graph\":[{\"@type\":\"WebPage\",\"@id\":\"https:\\\/\\\/betelnatural.com\\\/minegocio\\\/product\\\/espirulina-capsulas\\\/\",\"url\":\"https:\\\/\\\/betelnatural.com\\\/minegocio\\\/product\\\/espirulina-capsulas\\\/\",\"name\":\"Espirulina c\u00e1psulas - Betel Natural\",\"isPartOf\":{\"@id\":\"https:\\\/\\\/betelnatural.com\\\/minegocio\\\/#website\"},\"primaryImageOfPage\":{\"@id\":\"https:\\\/\\\/betelnatural.com\\\/minegocio\\\/product\\\/espirulina-capsulas\\\/#primaryimage\"},\"image\":{\"@id\":\"https:\\\/\\\/betelnatural.com\\\/minegocio\\\/product\\\/espirulina-capsulas\\\/#primaryimage\"},\"thumbnailUrl\":\"https:\\\/\\\/betelnatural.com\\\/minegocio\\\/wp-content\\\/uploads\\\/2024\\\/07\\\/Espirulina_capsulas_frente.png\",\"datePublished\":\"2024-09-12T14:36:08+00:00\",\"dateModified\":\"2024-11-27T19:56:55+00:00\",\"breadcrumb\":{\"@id\":\"https:\\\/\\\/betelnatural.com\\\/minegocio\\\/product\\\/espirulina-capsulas\\\/#breadcrumb\"},\"inLanguage\":\"en-US\",\"potentialAction\":[{\"@type\":\"ReadAction\",\"target\":[\"https:\\\/\\\/betelnatural.com\\\/minegocio\\\/product\\\/espirulina-capsulas\\\/\"]}]},{\"@type\":\"ImageObject\",\"inLanguage\":\"en-US\",\"@id\":\"https:\\\/\\\/betelnatural.com\\\/minegocio\\\/product\\\/espirulina-capsulas\\\/#primaryimage\",\"url\":\"https:\\\/\\\/betelnatural.com\\\/minegocio\\\/wp-content\\\/uploads\\\/2024\\\/07\\\/Espirulina_capsulas_frente.png\",\"contentUrl\":\"https:\\\/\\\/betelnatural.com\\\/minegocio\\\/wp-content\\\/uploads\\\/2024\\\/07\\\/Espirulina_capsulas_frente.png\",\"width\":1200,\"height\":1200},{\"@type\":\"BreadcrumbList\",\"@id\":\"https:\\\/\\\/betelnatural.com\\\/minegocio\\\/product\\\/espirulina-capsulas\\\/#breadcrumb\",\"itemListElement\":[{\"@type\":\"ListItem\",\"position\":1,\"name\":\"Portada\",\"item\":\"https:\\\/\\\/betelnatural.com\\\/minegocio\\\/\"},{\"@type\":\"ListItem\",\"position\":2,\"name\":\"Product\",\"item\":\"https:\\\/\\\/betelnatural.com\\\/minegocio\\\/product\\\/\"},{\"@type\":\"ListItem\",\"position\":3,\"name\":\"Espirulina c\u00e1psulas\"}]},{\"@type\":\"WebSite\",\"@id\":\"https:\\\/\\\/betelnatural.com\\\/minegocio\\\/#website\",\"url\":\"https:\\\/\\\/betelnatural.com\\\/minegocio\\\/\",\"name\":\"Betel Natural\",\"description\":\"Venta de productos naturales  y vitaminas\",\"publisher\":{\"@id\":\"https:\\\/\\\/betelnatural.com\\\/minegocio\\\/#organization\"},\"alternateName\":\"Betel\",\"potentialAction\":[{\"@type\":\"SearchAction\",\"target\":{\"@type\":\"EntryPoint\",\"urlTemplate\":\"https:\\\/\\\/betelnatural.com\\\/minegocio\\\/?s={search_term_string}\"},\"query-input\":{\"@type\":\"PropertyValueSpecification\",\"valueRequired\":true,\"valueName\":\"search_term_string\"}}],\"inLanguage\":\"en-US\"},{\"@type\":\"Organization\",\"@id\":\"https:\\\/\\\/betelnatural.com\\\/minegocio\\\/#organization\",\"name\":\"Betel Natural\",\"url\":\"https:\\\/\\\/betelnatural.com\\\/minegocio\\\/\",\"logo\":{\"@type\":\"ImageObject\",\"inLanguage\":\"en-US\",\"@id\":\"https:\\\/\\\/betelnatural.com\\\/minegocio\\\/#\\\/schema\\\/logo\\\/image\\\/\",\"url\":\"https:\\\/\\\/betelnatural.com\\\/minegocio\\\/wp-content\\\/uploads\\\/2024\\\/06\\\/logo.png\",\"contentUrl\":\"https:\\\/\\\/betelnatural.com\\\/minegocio\\\/wp-content\\\/uploads\\\/2024\\\/06\\\/logo.png\",\"width\":250,\"height\":95,\"caption\":\"Betel Natural\"},\"image\":{\"@id\":\"https:\\\/\\\/betelnatural.com\\\/minegocio\\\/#\\\/schema\\\/logo\\\/image\\\/\"},\"sameAs\":[\"https:\\\/\\\/www.facebook.com\\\/betelnatural.inc\",\"https:\\\/\\\/www.instagram.com\\\/betel_natural\\\/\"]}]}<\/script>\n<!-- \/ Yoast SEO plugin. -->","yoast_head_json":{"title":"Espirulina c\u00e1psulas - Betel Natural","robots":{"index":"index","follow":"follow","max-snippet":"max-snippet:-1","max-image-preview":"max-image-preview:large","max-video-preview":"max-video-preview:-1"},"canonical":"https:\/\/betelnatural.com\/minegocio\/en\/product\/espirulina-capsulas\/","og_locale":"en_US","og_type":"article","og_title":"Espirulina c\u00e1psulas - Betel Natural","og_description":"90 c\u00e1psulas  Superalimento con alta concentraci\u00f3n de nutrientes de r\u00e1pida absorci\u00f3n. Contiene vitamina B6 que ayuda a reducir el riesgo de ataques de coraz\u00f3n. Contiene biotina o vitamina H que puede ayudar a promover el metabolismo de carbohidratos, grasas y amino\u00e1cidos.  Tomar tres capsulas al d\u00eda o lo que su especialista indique.","og_url":"https:\/\/betelnatural.com\/minegocio\/en\/product\/espirulina-capsulas\/","og_site_name":"Betel Natural","article_publisher":"https:\/\/www.facebook.com\/betelnatural.inc","article_modified_time":"2024-11-27T19:56:55+00:00","og_image":[{"width":1200,"height":1200,"url":"https:\/\/betelnatural.com\/minegocio\/wp-content\/uploads\/2024\/07\/Espirulina_capsulas_frente.png","type":"image\/png"}],"twitter_card":"summary_large_image","twitter_misc":{"Est. reading time":"1 minute"},"schema":{"@context":"https:\/\/schema.org","@graph":[{"@type":"WebPage","@id":"https:\/\/betelnatural.com\/minegocio\/product\/espirulina-capsulas\/","url":"https:\/\/betelnatural.com\/minegocio\/product\/espirulina-capsulas\/","name":"Espirulina c\u00e1psulas - Betel Natural","isPartOf":{"@id":"https:\/\/betelnatural.com\/minegocio\/#website"},"primaryImageOfPage":{"@id":"https:\/\/betelnatural.com\/minegocio\/product\/espirulina-capsulas\/#primaryimage"},"image":{"@id":"https:\/\/betelnatural.com\/minegocio\/product\/espirulina-capsulas\/#primaryimage"},"thumbnailUrl":"https:\/\/betelnatural.com\/minegocio\/wp-content\/uploads\/2024\/07\/Espirulina_capsulas_frente.png","datePublished":"2024-09-12T14:36:08+00:00","dateModified":"2024-11-27T19:56:55+00:00","breadcrumb":{"@id":"https:\/\/betelnatural.com\/minegocio\/product\/espirulina-capsulas\/#breadcrumb"},"inLanguage":"en-US","potentialAction":[{"@type":"ReadAction","target":["https:\/\/betelnatural.com\/minegocio\/product\/espirulina-capsulas\/"]}]},{"@type":"ImageObject","inLanguage":"en-US","@id":"https:\/\/betelnatural.com\/minegocio\/product\/espirulina-capsulas\/#primaryimage","url":"https:\/\/betelnatural.com\/minegocio\/wp-content\/uploads\/2024\/07\/Espirulina_capsulas_frente.png","contentUrl":"https:\/\/betelnatural.com\/minegocio\/wp-content\/uploads\/2024\/07\/Espirulina_capsulas_frente.png","width":1200,"height":1200},{"@type":"BreadcrumbList","@id":"https:\/\/betelnatural.com\/minegocio\/product\/espirulina-capsulas\/#breadcrumb","itemListElement":[{"@type":"ListItem","position":1,"name":"Portada","item":"https:\/\/betelnatural.com\/minegocio\/"},{"@type":"ListItem","position":2,"name":"Product","item":"https:\/\/betelnatural.com\/minegocio\/product\/"},{"@type":"ListItem","position":3,"name":"Espirulina c\u00e1psulas"}]},{"@type":"WebSite","@id":"https:\/\/betelnatural.com\/minegocio\/#website","url":"https:\/\/betelnatural.com\/minegocio\/","name":"Betel Natural","description":"Venta de productos naturales  y vitaminas","publisher":{"@id":"https:\/\/betelnatural.com\/minegocio\/#organization"},"alternateName":"Betel","potentialAction":[{"@type":"SearchAction","target":{"@type":"EntryPoint","urlTemplate":"https:\/\/betelnatural.com\/minegocio\/?s={search_term_string}"},"query-input":{"@type":"PropertyValueSpecification","valueRequired":true,"valueName":"search_term_string"}}],"inLanguage":"en-US"},{"@type":"Organization","@id":"https:\/\/betelnatural.com\/minegocio\/#organization","name":"Betel Natural","url":"https:\/\/betelnatural.com\/minegocio\/","logo":{"@type":"ImageObject","inLanguage":"en-US","@id":"https:\/\/betelnatural.com\/minegocio\/#\/schema\/logo\/image\/","url":"https:\/\/betelnatural.com\/minegocio\/wp-content\/uploads\/2024\/06\/logo.png","contentUrl":"https:\/\/betelnatural.com\/minegocio\/wp-content\/uploads\/2024\/06\/logo.png","width":250,"height":95,"caption":"Betel Natural"},"image":{"@id":"https:\/\/betelnatural.com\/minegocio\/#\/schema\/logo\/image\/"},"sameAs":["https:\/\/www.facebook.com\/betelnatural.inc","https:\/\/www.instagram.com\/betel_natural\/"]}]}},"_links":{"self":[{"href":"https:\/\/betelnatural.com\/minegocio\/en\/wp-json\/wp\/v2\/product\/2867","targetHints":{"allow":["GET"]}}],"collection":[{"href":"https:\/\/betelnatural.com\/minegocio\/en\/wp-json\/wp\/v2\/product"}],"about":[{"href":"https:\/\/betelnatural.com\/minegocio\/en\/wp-json\/wp\/v2\/types\/product"}],"replies":[{"embeddable":true,"href":"https:\/\/betelnatural.com\/minegocio\/en\/wp-json\/wp\/v2\/comments?post=2867"}],"wp:featuredmedia":[{"embeddable":true,"href":"https:\/\/betelnatural.com\/minegocio\/en\/wp-json\/wp\/v2\/media\/1619"}],"wp:attachment":[{"href":"https:\/\/betelnatural.com\/minegocio\/en\/wp-json\/wp\/v2\/media?parent=2867"}],"wp:term":[{"taxonomy":"product_brand","embeddable":true,"href":"https:\/\/betelnatural.com\/minegocio\/en\/wp-json\/wp\/v2\/product_brand?post=2867"},{"taxonomy":"product_cat","embeddable":true,"href":"https:\/\/betelnatural.com\/minegocio\/en\/wp-json\/wp\/v2\/product_cat?post=2867"},{"taxonomy":"product_tag","embeddable":true,"href":"https:\/\/betelnatural.com\/minegocio\/en\/wp-json\/wp\/v2\/product_tag?post=2867"}],"curies":[{"name":"wp","href":"https:\/\/api.w.org\/{rel}","templated":true}]}}