{"id":2881,"date":"2024-09-12T14:36:14","date_gmt":"2024-09-12T14:36:14","guid":{"rendered":"https:\/\/betelnatural.com\/minegocio\/product\/guanabana-hoja-organico\/"},"modified":"2024-11-27T19:56:56","modified_gmt":"2024-11-27T19:56:56","slug":"guanabana-hoja-organico","status":"publish","type":"product","link":"https:\/\/betelnatural.com\/minegocio\/en\/product\/guanabana-hoja-organico\/","title":{"rendered":"Soursop Leaf"},"content":{"rendered":"<p><em><strong>Fortalecimiento del Sistema Inmunol\u00f3gico<\/strong>:<\/em> Guan\u00e1bana Hoja Org\u00e1nico de Betel Natural tiene propiedades de la planta de guan\u00e1bana que contribuyen el reforzamiento las defensas naturales del cuerpo, ayudando a combatir enfermedades y mantenerse saludable. \ud83d\udc9a<\/p>\n<p><em><strong>Bienestar Integral<\/strong>:<\/em> Su uso regular apoya el mantenimiento de una salud equilibrada, siendo ideal para quienes buscan alternativas naturales para su cuidado diario. \ud83c\udf1f<\/p>\n<p><em><strong>Versatilidad de Uso<\/strong>:<\/em> Adem\u00e1s de ser una infusi\u00f3n reconfortante, las hojas de guan\u00e1bana tambi\u00e9n pueden usarse frescas en ensaladas, a\u00f1adiendo un toque nutritivo a tus comidas. \ud83e\udd57<\/p>\n<p>[ver_mas]<\/p>\n<p>\ud83d\udcc5 <strong>Modo de Uso<\/strong><\/p>\n<p><strong>Para bebida caliente:<\/strong> Hierva una taza de agua y agr\u00e9gale hoja de guan\u00e1bana al gusto. D\u00e9jelo reposar de tres a cinco minutos. Luego, cuele las hojas y a\u00f1ade su endulzante favorito. Tome de una a tres tazas al d\u00eda. \ud83c\udf3f\u2728<\/p>\n<p>Se recomienda tomar de una a tres tazas al d\u00eda o seguir las indicaciones de tu especialista.<\/p>\n<p><strong>Para Ensaladas<\/strong>: Lava las hojas y util\u00edzalas frescas para acompa\u00f1ar tus platos favoritos, a\u00f1adiendo un toque fresco y natural. \ud83e\udd57<\/p>\n<p>\u26a0 <strong>Precauciones<\/strong><\/p>\n<p>Consulta a un profesional de la salud antes de consumir este producto si est\u00e1s embarazada, en periodo de lactancia o bajo alg\u00fan tratamiento m\u00e9dico. Mant\u00e9n las hojas en un lugar fresco y seco, alejadas de la luz directa del sol. \u2744\ufe0fMant\u00e9ngase fuera del alcance de los ni\u00f1os.<\/p>\n<p><strong>Suplemento Alimenticio:<\/strong> Gracias a sus propiedades naturales Guan\u00e1bana Hoja Org\u00e1nico de Betel Natural es un producto elaborado con hojas de guan\u00e1bana cultivadas de manera org\u00e1nica que apoya el sistema inmune y una buena salud general. \ud83c\udf31\ud83d\udcaa<\/p>\n<p>\ud83c\udf3f Disfruta del cuidado natural con la Guan\u00e1bana Hoja Org\u00e1nico de Betel Natural! \ud83c\udf3f\u2728<\/p>\n<p>[\/ver_mas]<\/p>\n","protected":false},"excerpt":{"rendered":"<p>The properties of soursop help maintain good general health, especially the immune system.<\/p>","protected":false},"featured_media":1711,"comment_status":"open","ping_status":"closed","template":"","meta":[],"product_brand":[],"product_cat":[115,172],"product_tag":[],"class_list":{"0":"post-2881","1":"product","2":"type-product","3":"status-publish","4":"has-post-thumbnail","6":"product_cat-remedios-naturales","7":"product_cat-sistema-inmunologico","9":"first","10":"instock","11":"shipping-taxable","12":"product-type-simple"},"yoast_head":"<!-- This site is optimized with the Yoast SEO plugin v27.4 - https:\/\/yoast.com\/product\/yoast-seo-wordpress\/ -->\n<title>Guan\u00e1bana Hoja Org\u00e1nico - Betel Natural<\/title>\n<meta name=\"robots\" content=\"index, follow, max-snippet:-1, max-image-preview:large, max-video-preview:-1\" \/>\n<link rel=\"canonical\" href=\"https:\/\/betelnatural.com\/minegocio\/en\/product\/guanabana-hoja-organico\/\" \/>\n<meta property=\"og:locale\" content=\"en_US\" \/>\n<meta property=\"og:type\" content=\"article\" \/>\n<meta property=\"og:title\" content=\"Guan\u00e1bana Hoja Org\u00e1nico - Betel Natural\" \/>\n<meta property=\"og:description\" content=\"Las propiedades de la guan\u00e1bana ayudan a una buena salud general, en especial el sistema inmunol\u00f3gico.\" \/>\n<meta property=\"og:url\" content=\"https:\/\/betelnatural.com\/minegocio\/en\/product\/guanabana-hoja-organico\/\" \/>\n<meta property=\"og:site_name\" content=\"Betel Natural\" \/>\n<meta property=\"article:publisher\" content=\"https:\/\/www.facebook.com\/betelnatural.inc\" \/>\n<meta property=\"article:modified_time\" content=\"2024-11-27T19:56:56+00:00\" \/>\n<meta property=\"og:image\" content=\"https:\/\/betelnatural.com\/minegocio\/wp-content\/uploads\/2024\/07\/Guanabana_hojas_pouch_frente.png\" \/>\n\t<meta property=\"og:image:width\" content=\"1200\" \/>\n\t<meta property=\"og:image:height\" content=\"1200\" \/>\n\t<meta property=\"og:image:type\" content=\"image\/png\" \/>\n<meta name=\"twitter:card\" content=\"summary_large_image\" \/>\n<meta name=\"twitter:label1\" content=\"Est. reading time\" \/>\n\t<meta name=\"twitter:data1\" content=\"1 minute\" \/>\n<script type=\"application\/ld+json\" class=\"yoast-schema-graph\">{\"@context\":\"https:\\\/\\\/schema.org\",\"@graph\":[{\"@type\":\"WebPage\",\"@id\":\"https:\\\/\\\/betelnatural.com\\\/minegocio\\\/product\\\/guanabana-hoja-organico\\\/\",\"url\":\"https:\\\/\\\/betelnatural.com\\\/minegocio\\\/product\\\/guanabana-hoja-organico\\\/\",\"name\":\"Guan\u00e1bana Hoja Org\u00e1nico - Betel Natural\",\"isPartOf\":{\"@id\":\"https:\\\/\\\/betelnatural.com\\\/minegocio\\\/#website\"},\"primaryImageOfPage\":{\"@id\":\"https:\\\/\\\/betelnatural.com\\\/minegocio\\\/product\\\/guanabana-hoja-organico\\\/#primaryimage\"},\"image\":{\"@id\":\"https:\\\/\\\/betelnatural.com\\\/minegocio\\\/product\\\/guanabana-hoja-organico\\\/#primaryimage\"},\"thumbnailUrl\":\"https:\\\/\\\/betelnatural.com\\\/minegocio\\\/wp-content\\\/uploads\\\/2024\\\/07\\\/Guanabana_hojas_pouch_frente.png\",\"datePublished\":\"2024-09-12T14:36:14+00:00\",\"dateModified\":\"2024-11-27T19:56:56+00:00\",\"breadcrumb\":{\"@id\":\"https:\\\/\\\/betelnatural.com\\\/minegocio\\\/product\\\/guanabana-hoja-organico\\\/#breadcrumb\"},\"inLanguage\":\"en-US\",\"potentialAction\":[{\"@type\":\"ReadAction\",\"target\":[\"https:\\\/\\\/betelnatural.com\\\/minegocio\\\/product\\\/guanabana-hoja-organico\\\/\"]}]},{\"@type\":\"ImageObject\",\"inLanguage\":\"en-US\",\"@id\":\"https:\\\/\\\/betelnatural.com\\\/minegocio\\\/product\\\/guanabana-hoja-organico\\\/#primaryimage\",\"url\":\"https:\\\/\\\/betelnatural.com\\\/minegocio\\\/wp-content\\\/uploads\\\/2024\\\/07\\\/Guanabana_hojas_pouch_frente.png\",\"contentUrl\":\"https:\\\/\\\/betelnatural.com\\\/minegocio\\\/wp-content\\\/uploads\\\/2024\\\/07\\\/Guanabana_hojas_pouch_frente.png\",\"width\":1200,\"height\":1200},{\"@type\":\"BreadcrumbList\",\"@id\":\"https:\\\/\\\/betelnatural.com\\\/minegocio\\\/product\\\/guanabana-hoja-organico\\\/#breadcrumb\",\"itemListElement\":[{\"@type\":\"ListItem\",\"position\":1,\"name\":\"Portada\",\"item\":\"https:\\\/\\\/betelnatural.com\\\/minegocio\\\/\"},{\"@type\":\"ListItem\",\"position\":2,\"name\":\"Product\",\"item\":\"https:\\\/\\\/betelnatural.com\\\/minegocio\\\/product\\\/\"},{\"@type\":\"ListItem\",\"position\":3,\"name\":\"Guan\u00e1bana Hoja Org\u00e1nico\"}]},{\"@type\":\"WebSite\",\"@id\":\"https:\\\/\\\/betelnatural.com\\\/minegocio\\\/#website\",\"url\":\"https:\\\/\\\/betelnatural.com\\\/minegocio\\\/\",\"name\":\"Betel Natural\",\"description\":\"Venta de productos naturales  y vitaminas\",\"publisher\":{\"@id\":\"https:\\\/\\\/betelnatural.com\\\/minegocio\\\/#organization\"},\"alternateName\":\"Betel\",\"potentialAction\":[{\"@type\":\"SearchAction\",\"target\":{\"@type\":\"EntryPoint\",\"urlTemplate\":\"https:\\\/\\\/betelnatural.com\\\/minegocio\\\/?s={search_term_string}\"},\"query-input\":{\"@type\":\"PropertyValueSpecification\",\"valueRequired\":true,\"valueName\":\"search_term_string\"}}],\"inLanguage\":\"en-US\"},{\"@type\":\"Organization\",\"@id\":\"https:\\\/\\\/betelnatural.com\\\/minegocio\\\/#organization\",\"name\":\"Betel Natural\",\"url\":\"https:\\\/\\\/betelnatural.com\\\/minegocio\\\/\",\"logo\":{\"@type\":\"ImageObject\",\"inLanguage\":\"en-US\",\"@id\":\"https:\\\/\\\/betelnatural.com\\\/minegocio\\\/#\\\/schema\\\/logo\\\/image\\\/\",\"url\":\"https:\\\/\\\/betelnatural.com\\\/minegocio\\\/wp-content\\\/uploads\\\/2024\\\/06\\\/logo.png\",\"contentUrl\":\"https:\\\/\\\/betelnatural.com\\\/minegocio\\\/wp-content\\\/uploads\\\/2024\\\/06\\\/logo.png\",\"width\":250,\"height\":95,\"caption\":\"Betel Natural\"},\"image\":{\"@id\":\"https:\\\/\\\/betelnatural.com\\\/minegocio\\\/#\\\/schema\\\/logo\\\/image\\\/\"},\"sameAs\":[\"https:\\\/\\\/www.facebook.com\\\/betelnatural.inc\",\"https:\\\/\\\/www.instagram.com\\\/betel_natural\\\/\"]}]}<\/script>\n<!-- \/ Yoast SEO plugin. -->","yoast_head_json":{"title":"Guan\u00e1bana Hoja Org\u00e1nico - Betel Natural","robots":{"index":"index","follow":"follow","max-snippet":"max-snippet:-1","max-image-preview":"max-image-preview:large","max-video-preview":"max-video-preview:-1"},"canonical":"https:\/\/betelnatural.com\/minegocio\/en\/product\/guanabana-hoja-organico\/","og_locale":"en_US","og_type":"article","og_title":"Guan\u00e1bana Hoja Org\u00e1nico - Betel Natural","og_description":"Las propiedades de la guan\u00e1bana ayudan a una buena salud general, en especial el sistema inmunol\u00f3gico.","og_url":"https:\/\/betelnatural.com\/minegocio\/en\/product\/guanabana-hoja-organico\/","og_site_name":"Betel Natural","article_publisher":"https:\/\/www.facebook.com\/betelnatural.inc","article_modified_time":"2024-11-27T19:56:56+00:00","og_image":[{"width":1200,"height":1200,"url":"https:\/\/betelnatural.com\/minegocio\/wp-content\/uploads\/2024\/07\/Guanabana_hojas_pouch_frente.png","type":"image\/png"}],"twitter_card":"summary_large_image","twitter_misc":{"Est. reading time":"1 minute"},"schema":{"@context":"https:\/\/schema.org","@graph":[{"@type":"WebPage","@id":"https:\/\/betelnatural.com\/minegocio\/product\/guanabana-hoja-organico\/","url":"https:\/\/betelnatural.com\/minegocio\/product\/guanabana-hoja-organico\/","name":"Guan\u00e1bana Hoja Org\u00e1nico - Betel Natural","isPartOf":{"@id":"https:\/\/betelnatural.com\/minegocio\/#website"},"primaryImageOfPage":{"@id":"https:\/\/betelnatural.com\/minegocio\/product\/guanabana-hoja-organico\/#primaryimage"},"image":{"@id":"https:\/\/betelnatural.com\/minegocio\/product\/guanabana-hoja-organico\/#primaryimage"},"thumbnailUrl":"https:\/\/betelnatural.com\/minegocio\/wp-content\/uploads\/2024\/07\/Guanabana_hojas_pouch_frente.png","datePublished":"2024-09-12T14:36:14+00:00","dateModified":"2024-11-27T19:56:56+00:00","breadcrumb":{"@id":"https:\/\/betelnatural.com\/minegocio\/product\/guanabana-hoja-organico\/#breadcrumb"},"inLanguage":"en-US","potentialAction":[{"@type":"ReadAction","target":["https:\/\/betelnatural.com\/minegocio\/product\/guanabana-hoja-organico\/"]}]},{"@type":"ImageObject","inLanguage":"en-US","@id":"https:\/\/betelnatural.com\/minegocio\/product\/guanabana-hoja-organico\/#primaryimage","url":"https:\/\/betelnatural.com\/minegocio\/wp-content\/uploads\/2024\/07\/Guanabana_hojas_pouch_frente.png","contentUrl":"https:\/\/betelnatural.com\/minegocio\/wp-content\/uploads\/2024\/07\/Guanabana_hojas_pouch_frente.png","width":1200,"height":1200},{"@type":"BreadcrumbList","@id":"https:\/\/betelnatural.com\/minegocio\/product\/guanabana-hoja-organico\/#breadcrumb","itemListElement":[{"@type":"ListItem","position":1,"name":"Portada","item":"https:\/\/betelnatural.com\/minegocio\/"},{"@type":"ListItem","position":2,"name":"Product","item":"https:\/\/betelnatural.com\/minegocio\/product\/"},{"@type":"ListItem","position":3,"name":"Guan\u00e1bana Hoja Org\u00e1nico"}]},{"@type":"WebSite","@id":"https:\/\/betelnatural.com\/minegocio\/#website","url":"https:\/\/betelnatural.com\/minegocio\/","name":"Betel Natural","description":"Venta de productos naturales  y vitaminas","publisher":{"@id":"https:\/\/betelnatural.com\/minegocio\/#organization"},"alternateName":"Betel","potentialAction":[{"@type":"SearchAction","target":{"@type":"EntryPoint","urlTemplate":"https:\/\/betelnatural.com\/minegocio\/?s={search_term_string}"},"query-input":{"@type":"PropertyValueSpecification","valueRequired":true,"valueName":"search_term_string"}}],"inLanguage":"en-US"},{"@type":"Organization","@id":"https:\/\/betelnatural.com\/minegocio\/#organization","name":"Betel Natural","url":"https:\/\/betelnatural.com\/minegocio\/","logo":{"@type":"ImageObject","inLanguage":"en-US","@id":"https:\/\/betelnatural.com\/minegocio\/#\/schema\/logo\/image\/","url":"https:\/\/betelnatural.com\/minegocio\/wp-content\/uploads\/2024\/06\/logo.png","contentUrl":"https:\/\/betelnatural.com\/minegocio\/wp-content\/uploads\/2024\/06\/logo.png","width":250,"height":95,"caption":"Betel Natural"},"image":{"@id":"https:\/\/betelnatural.com\/minegocio\/#\/schema\/logo\/image\/"},"sameAs":["https:\/\/www.facebook.com\/betelnatural.inc","https:\/\/www.instagram.com\/betel_natural\/"]}]}},"_links":{"self":[{"href":"https:\/\/betelnatural.com\/minegocio\/en\/wp-json\/wp\/v2\/product\/2881","targetHints":{"allow":["GET"]}}],"collection":[{"href":"https:\/\/betelnatural.com\/minegocio\/en\/wp-json\/wp\/v2\/product"}],"about":[{"href":"https:\/\/betelnatural.com\/minegocio\/en\/wp-json\/wp\/v2\/types\/product"}],"replies":[{"embeddable":true,"href":"https:\/\/betelnatural.com\/minegocio\/en\/wp-json\/wp\/v2\/comments?post=2881"}],"wp:featuredmedia":[{"embeddable":true,"href":"https:\/\/betelnatural.com\/minegocio\/en\/wp-json\/wp\/v2\/media\/1711"}],"wp:attachment":[{"href":"https:\/\/betelnatural.com\/minegocio\/en\/wp-json\/wp\/v2\/media?parent=2881"}],"wp:term":[{"taxonomy":"product_brand","embeddable":true,"href":"https:\/\/betelnatural.com\/minegocio\/en\/wp-json\/wp\/v2\/product_brand?post=2881"},{"taxonomy":"product_cat","embeddable":true,"href":"https:\/\/betelnatural.com\/minegocio\/en\/wp-json\/wp\/v2\/product_cat?post=2881"},{"taxonomy":"product_tag","embeddable":true,"href":"https:\/\/betelnatural.com\/minegocio\/en\/wp-json\/wp\/v2\/product_tag?post=2881"}],"curies":[{"name":"wp","href":"https:\/\/api.w.org\/{rel}","templated":true}]}}