{"id":2897,"date":"2024-09-12T14:36:22","date_gmt":"2024-09-12T14:36:22","guid":{"rendered":"https:\/\/betelnatural.com\/minegocio\/product\/inmune-strong-capsulas\/"},"modified":"2024-11-27T19:57:00","modified_gmt":"2024-11-27T19:57:00","slug":"inmune-strong-capsulas","status":"publish","type":"product","link":"https:\/\/betelnatural.com\/minegocio\/en\/product\/inmune-strong-capsulas\/","title":{"rendered":"Immune Strong capsules"},"content":{"rendered":"<p><em><strong>Fortalece tu Sistema Inmunol\u00f3gico<\/strong>:<\/em> Inmune Strong C\u00e1psulas de Betel Natural es una f\u00f3rmula especial para mejoramiento de las defensas del cuerpo, ayudando a mantener un sistema inmunol\u00f3gico fuerte y saludable. \ud83d\udee1\ufe0f<\/p>\n<p><em><strong>Rico en Vitaminas y Minerales<\/strong>:<\/em> Aporta una mezcla de nutrientes esenciales que apoyan la funci\u00f3n general del cuerpo y potencian tu energ\u00eda. \u26a1<\/p>\n<p><em><strong>Ingredientes Naturales<\/strong>:<\/em> Est\u00e1 compuesto por una mezcla de hierbas y nutrientes naturales, garantizando un suplemento efectivo y saludable. \ud83c\udf31<\/p>\n<p><em><strong>Ayuda a la Protecci\u00f3n General<\/strong>:<\/em> Gracias a sus componentes naturales, este suplemento contribuye a tu bienestar general, protegi\u00e9ndote de agentes externos. \ud83c\udf3f<\/p>\n<p>[ver_mas]<\/p>\n<p>\ud83d\udcc5 <strong>Modo de Uso<\/strong><\/p>\n<p>Para mejores resultados, se recomienda tomar dos c\u00e1psulas por la ma\u00f1ana y dos c\u00e1psulas por la tarde, o seguir las indicaciones de tu especialista. \ud83d\udca7\ud83e\udd57 T\u00f3malo con un vaso de agua y durante las comidas para maximizar la absorci\u00f3n. \ud83d\udca7<\/p>\n<p><strong>Ingredientes Naturales:<\/strong> Este producto est\u00e1 formulado a base de ingredientes naturales, ofreciendo una opci\u00f3n saludable y efectiva. \ud83c\udf31<\/p>\n<p>\u26a0 <strong>Precauciones<\/strong><\/p>\n<ul>\n<li>Consulta con un m\u00e9dico antes de comenzar a usar este suplemento, especialmente si est\u00e1s tomando otros medicamentos o tienes condiciones de salud preexistentes. \ud83d\udc69\u200d\u2695\ufe0f<\/li>\n<li>Mant\u00e9n este producto en un lugar fresco y seco, fuera del alcance de los ni\u00f1os y protegido de la humedad. \u2744\ufe0f<\/li>\n<\/ul>\n<p><strong>Suplemento Alimenticio:<\/strong> Dise\u00f1ado para fortalecer tu sistema inmunol\u00f3gico de manera natural. \ud83c\udf3f Con una potente combinaci\u00f3n de vitaminas, minerales y hierbas, este producto est\u00e1 formulado para mejorar tu bienestar y protecci\u00f3n frente a las infecciones. \ud83c\udf1f<\/p>\n<p>\ud83d\udcab Fortalece tu sistema inmunol\u00f3gico con Inmune Strong C\u00e1psulas de Betel Natural. \u00a1Protege tu salud de forma natural! \ud83c\udf3f\u2728<\/p>\n<p>[\/ver_mas]<\/p>\n","protected":false},"excerpt":{"rendered":"<p><strong>90 capsules<\/strong><\/p>\n<p>Our formula is composed of vitamins, minerals, herbs that help you strengthen the immune system.<\/p>\n<p>Take three capsules a day or as directed by your specialist.<\/p>","protected":false},"featured_media":1765,"comment_status":"open","ping_status":"closed","template":"","meta":[],"product_brand":[],"product_cat":[115,172],"product_tag":[],"class_list":{"0":"post-2897","1":"product","2":"type-product","3":"status-publish","4":"has-post-thumbnail","6":"product_cat-remedios-naturales","7":"product_cat-sistema-inmunologico","9":"first","10":"instock","11":"shipping-taxable","12":"product-type-simple"},"yoast_head":"<!-- This site is optimized with the Yoast SEO plugin v27.4 - https:\/\/yoast.com\/product\/yoast-seo-wordpress\/ -->\n<title>Inmune Strong c\u00e1psulas - Betel Natural<\/title>\n<meta name=\"robots\" content=\"index, follow, max-snippet:-1, max-image-preview:large, max-video-preview:-1\" \/>\n<link rel=\"canonical\" href=\"https:\/\/betelnatural.com\/minegocio\/en\/product\/inmune-strong-capsulas\/\" \/>\n<meta property=\"og:locale\" content=\"en_US\" \/>\n<meta property=\"og:type\" content=\"article\" \/>\n<meta property=\"og:title\" content=\"Inmune Strong c\u00e1psulas - Betel Natural\" \/>\n<meta property=\"og:description\" content=\"90 c\u00e1psulas  Nuestra f\u00f3rmula est\u00e1 compuesta por vitaminas, minerales, hierbas que te ayudan a fortalecer el sistema inmunol\u00f3gico.  Tomar tres capsulas al d\u00eda o lo que su especialista indique.\" \/>\n<meta property=\"og:url\" content=\"https:\/\/betelnatural.com\/minegocio\/en\/product\/inmune-strong-capsulas\/\" \/>\n<meta property=\"og:site_name\" content=\"Betel Natural\" \/>\n<meta property=\"article:publisher\" content=\"https:\/\/www.facebook.com\/betelnatural.inc\" \/>\n<meta property=\"article:modified_time\" content=\"2024-11-27T19:57:00+00:00\" \/>\n<meta property=\"og:image\" content=\"https:\/\/betelnatural.com\/minegocio\/wp-content\/uploads\/2024\/07\/ImmuneStrong_caps.png\" \/>\n\t<meta property=\"og:image:width\" content=\"1200\" \/>\n\t<meta property=\"og:image:height\" content=\"1200\" \/>\n\t<meta property=\"og:image:type\" content=\"image\/png\" \/>\n<meta name=\"twitter:card\" content=\"summary_large_image\" \/>\n<meta name=\"twitter:label1\" content=\"Est. reading time\" \/>\n\t<meta name=\"twitter:data1\" content=\"1 minute\" \/>\n<script type=\"application\/ld+json\" class=\"yoast-schema-graph\">{\"@context\":\"https:\\\/\\\/schema.org\",\"@graph\":[{\"@type\":\"WebPage\",\"@id\":\"https:\\\/\\\/betelnatural.com\\\/minegocio\\\/product\\\/inmune-strong-capsulas\\\/\",\"url\":\"https:\\\/\\\/betelnatural.com\\\/minegocio\\\/product\\\/inmune-strong-capsulas\\\/\",\"name\":\"Inmune Strong c\u00e1psulas - Betel Natural\",\"isPartOf\":{\"@id\":\"https:\\\/\\\/betelnatural.com\\\/minegocio\\\/#website\"},\"primaryImageOfPage\":{\"@id\":\"https:\\\/\\\/betelnatural.com\\\/minegocio\\\/product\\\/inmune-strong-capsulas\\\/#primaryimage\"},\"image\":{\"@id\":\"https:\\\/\\\/betelnatural.com\\\/minegocio\\\/product\\\/inmune-strong-capsulas\\\/#primaryimage\"},\"thumbnailUrl\":\"https:\\\/\\\/betelnatural.com\\\/minegocio\\\/wp-content\\\/uploads\\\/2024\\\/07\\\/ImmuneStrong_caps.png\",\"datePublished\":\"2024-09-12T14:36:22+00:00\",\"dateModified\":\"2024-11-27T19:57:00+00:00\",\"breadcrumb\":{\"@id\":\"https:\\\/\\\/betelnatural.com\\\/minegocio\\\/product\\\/inmune-strong-capsulas\\\/#breadcrumb\"},\"inLanguage\":\"en-US\",\"potentialAction\":[{\"@type\":\"ReadAction\",\"target\":[\"https:\\\/\\\/betelnatural.com\\\/minegocio\\\/product\\\/inmune-strong-capsulas\\\/\"]}]},{\"@type\":\"ImageObject\",\"inLanguage\":\"en-US\",\"@id\":\"https:\\\/\\\/betelnatural.com\\\/minegocio\\\/product\\\/inmune-strong-capsulas\\\/#primaryimage\",\"url\":\"https:\\\/\\\/betelnatural.com\\\/minegocio\\\/wp-content\\\/uploads\\\/2024\\\/07\\\/ImmuneStrong_caps.png\",\"contentUrl\":\"https:\\\/\\\/betelnatural.com\\\/minegocio\\\/wp-content\\\/uploads\\\/2024\\\/07\\\/ImmuneStrong_caps.png\",\"width\":1200,\"height\":1200},{\"@type\":\"BreadcrumbList\",\"@id\":\"https:\\\/\\\/betelnatural.com\\\/minegocio\\\/product\\\/inmune-strong-capsulas\\\/#breadcrumb\",\"itemListElement\":[{\"@type\":\"ListItem\",\"position\":1,\"name\":\"Portada\",\"item\":\"https:\\\/\\\/betelnatural.com\\\/minegocio\\\/\"},{\"@type\":\"ListItem\",\"position\":2,\"name\":\"Product\",\"item\":\"https:\\\/\\\/betelnatural.com\\\/minegocio\\\/product\\\/\"},{\"@type\":\"ListItem\",\"position\":3,\"name\":\"Inmune Strong c\u00e1psulas\"}]},{\"@type\":\"WebSite\",\"@id\":\"https:\\\/\\\/betelnatural.com\\\/minegocio\\\/#website\",\"url\":\"https:\\\/\\\/betelnatural.com\\\/minegocio\\\/\",\"name\":\"Betel Natural\",\"description\":\"Venta de productos naturales  y vitaminas\",\"publisher\":{\"@id\":\"https:\\\/\\\/betelnatural.com\\\/minegocio\\\/#organization\"},\"alternateName\":\"Betel\",\"potentialAction\":[{\"@type\":\"SearchAction\",\"target\":{\"@type\":\"EntryPoint\",\"urlTemplate\":\"https:\\\/\\\/betelnatural.com\\\/minegocio\\\/?s={search_term_string}\"},\"query-input\":{\"@type\":\"PropertyValueSpecification\",\"valueRequired\":true,\"valueName\":\"search_term_string\"}}],\"inLanguage\":\"en-US\"},{\"@type\":\"Organization\",\"@id\":\"https:\\\/\\\/betelnatural.com\\\/minegocio\\\/#organization\",\"name\":\"Betel Natural\",\"url\":\"https:\\\/\\\/betelnatural.com\\\/minegocio\\\/\",\"logo\":{\"@type\":\"ImageObject\",\"inLanguage\":\"en-US\",\"@id\":\"https:\\\/\\\/betelnatural.com\\\/minegocio\\\/#\\\/schema\\\/logo\\\/image\\\/\",\"url\":\"https:\\\/\\\/betelnatural.com\\\/minegocio\\\/wp-content\\\/uploads\\\/2024\\\/06\\\/logo.png\",\"contentUrl\":\"https:\\\/\\\/betelnatural.com\\\/minegocio\\\/wp-content\\\/uploads\\\/2024\\\/06\\\/logo.png\",\"width\":250,\"height\":95,\"caption\":\"Betel Natural\"},\"image\":{\"@id\":\"https:\\\/\\\/betelnatural.com\\\/minegocio\\\/#\\\/schema\\\/logo\\\/image\\\/\"},\"sameAs\":[\"https:\\\/\\\/www.facebook.com\\\/betelnatural.inc\",\"https:\\\/\\\/www.instagram.com\\\/betel_natural\\\/\"]}]}<\/script>\n<!-- \/ Yoast SEO plugin. -->","yoast_head_json":{"title":"Inmune Strong c\u00e1psulas - Betel Natural","robots":{"index":"index","follow":"follow","max-snippet":"max-snippet:-1","max-image-preview":"max-image-preview:large","max-video-preview":"max-video-preview:-1"},"canonical":"https:\/\/betelnatural.com\/minegocio\/en\/product\/inmune-strong-capsulas\/","og_locale":"en_US","og_type":"article","og_title":"Inmune Strong c\u00e1psulas - Betel Natural","og_description":"90 c\u00e1psulas  Nuestra f\u00f3rmula est\u00e1 compuesta por vitaminas, minerales, hierbas que te ayudan a fortalecer el sistema inmunol\u00f3gico.  Tomar tres capsulas al d\u00eda o lo que su especialista indique.","og_url":"https:\/\/betelnatural.com\/minegocio\/en\/product\/inmune-strong-capsulas\/","og_site_name":"Betel Natural","article_publisher":"https:\/\/www.facebook.com\/betelnatural.inc","article_modified_time":"2024-11-27T19:57:00+00:00","og_image":[{"width":1200,"height":1200,"url":"https:\/\/betelnatural.com\/minegocio\/wp-content\/uploads\/2024\/07\/ImmuneStrong_caps.png","type":"image\/png"}],"twitter_card":"summary_large_image","twitter_misc":{"Est. reading time":"1 minute"},"schema":{"@context":"https:\/\/schema.org","@graph":[{"@type":"WebPage","@id":"https:\/\/betelnatural.com\/minegocio\/product\/inmune-strong-capsulas\/","url":"https:\/\/betelnatural.com\/minegocio\/product\/inmune-strong-capsulas\/","name":"Inmune Strong c\u00e1psulas - Betel Natural","isPartOf":{"@id":"https:\/\/betelnatural.com\/minegocio\/#website"},"primaryImageOfPage":{"@id":"https:\/\/betelnatural.com\/minegocio\/product\/inmune-strong-capsulas\/#primaryimage"},"image":{"@id":"https:\/\/betelnatural.com\/minegocio\/product\/inmune-strong-capsulas\/#primaryimage"},"thumbnailUrl":"https:\/\/betelnatural.com\/minegocio\/wp-content\/uploads\/2024\/07\/ImmuneStrong_caps.png","datePublished":"2024-09-12T14:36:22+00:00","dateModified":"2024-11-27T19:57:00+00:00","breadcrumb":{"@id":"https:\/\/betelnatural.com\/minegocio\/product\/inmune-strong-capsulas\/#breadcrumb"},"inLanguage":"en-US","potentialAction":[{"@type":"ReadAction","target":["https:\/\/betelnatural.com\/minegocio\/product\/inmune-strong-capsulas\/"]}]},{"@type":"ImageObject","inLanguage":"en-US","@id":"https:\/\/betelnatural.com\/minegocio\/product\/inmune-strong-capsulas\/#primaryimage","url":"https:\/\/betelnatural.com\/minegocio\/wp-content\/uploads\/2024\/07\/ImmuneStrong_caps.png","contentUrl":"https:\/\/betelnatural.com\/minegocio\/wp-content\/uploads\/2024\/07\/ImmuneStrong_caps.png","width":1200,"height":1200},{"@type":"BreadcrumbList","@id":"https:\/\/betelnatural.com\/minegocio\/product\/inmune-strong-capsulas\/#breadcrumb","itemListElement":[{"@type":"ListItem","position":1,"name":"Portada","item":"https:\/\/betelnatural.com\/minegocio\/"},{"@type":"ListItem","position":2,"name":"Product","item":"https:\/\/betelnatural.com\/minegocio\/product\/"},{"@type":"ListItem","position":3,"name":"Inmune Strong c\u00e1psulas"}]},{"@type":"WebSite","@id":"https:\/\/betelnatural.com\/minegocio\/#website","url":"https:\/\/betelnatural.com\/minegocio\/","name":"Betel Natural","description":"Venta de productos naturales  y vitaminas","publisher":{"@id":"https:\/\/betelnatural.com\/minegocio\/#organization"},"alternateName":"Betel","potentialAction":[{"@type":"SearchAction","target":{"@type":"EntryPoint","urlTemplate":"https:\/\/betelnatural.com\/minegocio\/?s={search_term_string}"},"query-input":{"@type":"PropertyValueSpecification","valueRequired":true,"valueName":"search_term_string"}}],"inLanguage":"en-US"},{"@type":"Organization","@id":"https:\/\/betelnatural.com\/minegocio\/#organization","name":"Betel Natural","url":"https:\/\/betelnatural.com\/minegocio\/","logo":{"@type":"ImageObject","inLanguage":"en-US","@id":"https:\/\/betelnatural.com\/minegocio\/#\/schema\/logo\/image\/","url":"https:\/\/betelnatural.com\/minegocio\/wp-content\/uploads\/2024\/06\/logo.png","contentUrl":"https:\/\/betelnatural.com\/minegocio\/wp-content\/uploads\/2024\/06\/logo.png","width":250,"height":95,"caption":"Betel Natural"},"image":{"@id":"https:\/\/betelnatural.com\/minegocio\/#\/schema\/logo\/image\/"},"sameAs":["https:\/\/www.facebook.com\/betelnatural.inc","https:\/\/www.instagram.com\/betel_natural\/"]}]}},"_links":{"self":[{"href":"https:\/\/betelnatural.com\/minegocio\/en\/wp-json\/wp\/v2\/product\/2897","targetHints":{"allow":["GET"]}}],"collection":[{"href":"https:\/\/betelnatural.com\/minegocio\/en\/wp-json\/wp\/v2\/product"}],"about":[{"href":"https:\/\/betelnatural.com\/minegocio\/en\/wp-json\/wp\/v2\/types\/product"}],"replies":[{"embeddable":true,"href":"https:\/\/betelnatural.com\/minegocio\/en\/wp-json\/wp\/v2\/comments?post=2897"}],"wp:featuredmedia":[{"embeddable":true,"href":"https:\/\/betelnatural.com\/minegocio\/en\/wp-json\/wp\/v2\/media\/1765"}],"wp:attachment":[{"href":"https:\/\/betelnatural.com\/minegocio\/en\/wp-json\/wp\/v2\/media?parent=2897"}],"wp:term":[{"taxonomy":"product_brand","embeddable":true,"href":"https:\/\/betelnatural.com\/minegocio\/en\/wp-json\/wp\/v2\/product_brand?post=2897"},{"taxonomy":"product_cat","embeddable":true,"href":"https:\/\/betelnatural.com\/minegocio\/en\/wp-json\/wp\/v2\/product_cat?post=2897"},{"taxonomy":"product_tag","embeddable":true,"href":"https:\/\/betelnatural.com\/minegocio\/en\/wp-json\/wp\/v2\/product_tag?post=2897"}],"curies":[{"name":"wp","href":"https:\/\/api.w.org\/{rel}","templated":true}]}}