{"id":2955,"date":"2024-09-12T14:36:50","date_gmt":"2024-09-12T14:36:50","guid":{"rendered":"https:\/\/betelnatural.com\/minegocio\/product\/tres-maca-polvo-2\/"},"modified":"2024-11-27T19:57:11","modified_gmt":"2024-11-27T19:57:11","slug":"tres-macas-polvo","status":"publish","type":"product","link":"https:\/\/betelnatural.com\/minegocio\/en\/product\/tres-macas-polvo\/","title":{"rendered":"Three Maca Powder"},"content":{"rendered":"<p><em><strong>Vitalidad Sexual y Equilibrio Hormonal Natural:<\/strong><\/em> Tres Macas Polvo de Betel Natural es una excelente opci\u00f3n para quienes buscan promover su vitalidad sexual. \ud83c\udf31<br \/>\nEsta poderosa mezcla de maca negra, amarilla y roja tambi\u00e9n ayuda a reducir los desequilibrios hormonales que pueden afectar tu bienestar general. \ud83d\udcaa<\/p>\n<p><em><strong>Mejora la Retenci\u00f3n de Informaci\u00f3n y Concentraci\u00f3n:<\/strong><\/em>\u00a0 \u00a1Tres Macas Polvo es conocido por sus efectos positivos sobre la memoria y la concentraci\u00f3n!. \ud83d\udcda<br \/>\nConsumirla regularmente mejora la retenci\u00f3n de informaci\u00f3n, beneficiando a estudiantes, profesionales y a quienes necesitan mantenerse enfocados y alerta durante el d\u00eda. As\u00ed, mejora tu rendimiento cognitivo y mental. \ud83e\udde0<\/p>\n<p>[ver_mas]<\/p>\n<p><strong>\ud83d\udcc5 Modo de Uso<\/strong><\/p>\n<p>Para disfrutar de sus beneficios mezcla una cucharada de Tres Macas Polvo en agua o en tu bebida favorita y t\u00f3mala de dos a tres veces al d\u00eda, o seg\u00fan lo indique tu especialista. \ud83d\udca7\ud83c\udf79<\/p>\n<p><strong>Ingredientes Org\u00e1nicos de Alta Calidad:<\/strong><br \/>\nTres Macas Polvo est\u00e1 elaborado con maca negra, amarilla y roja, cultivada org\u00e1nicamente, lo que asegura que est\u00e1s consumiendo un producto natural y libre de qu\u00edmicos. \ud83c\udf3f<br \/>\nEsta combinaci\u00f3n de macas es conocida por sus beneficios energizantes y equilibrantes, lo que te ayudar\u00e1 a mantener un nivel de energ\u00eda constante a lo largo del d\u00eda.<\/p>\n<p><strong>\u26a0 Precauciones<\/strong><\/p>\n<p>Este producto est\u00e1 dise\u00f1ado tanto para hombres como mujeres y no debe ser consumido por mujeres embarazadas o en periodo de lactancia.<br \/>\nEs importante mantener el frasco fuera del alcance de los ni\u00f1os para evitar su consumo accidental.<br \/>\nConsulta siempre a un profesional de la salud antes de iniciar cualquier suplemento, especialmente si est\u00e1s bajo tratamiento m\u00e9dico o tienes una condici\u00f3n preexistente.\ud83c\udf08\u2728<\/p>\n<p><em><strong>Suplemento Alimenticio en polvo:<\/strong><\/em> Como suplemento alimenticio, Tres Macas Polvo de Betel Natural es una excelente adici\u00f3n a tu rutina. \ud83c\udf1f<\/p>\n<p>[\/ver_mas]<\/p>\n","protected":false},"excerpt":{"rendered":"<p>It helps promote sexual vitality, maintains hormonal balance for both men and women, helps with information retention and improves concentration.<\/p>","protected":false},"featured_media":1987,"comment_status":"open","ping_status":"closed","template":"","meta":[],"product_brand":[],"product_cat":[118,182,162,167,115,184],"product_tag":[],"class_list":{"0":"post-2955","1":"product","2":"type-product","3":"status-publish","4":"has-post-thumbnail","6":"product_cat-balance-hormonal-femenino","7":"product_cat-impotencia-sexual","8":"product_cat-menopausia","9":"product_cat-regulacion-menstrual","10":"product_cat-remedios-naturales","11":"product_cat-super-alimentos","13":"first","14":"instock","15":"shipping-taxable","16":"product-type-simple"},"yoast_head":"<!-- This site is optimized with the Yoast SEO plugin v27.4 - https:\/\/yoast.com\/product\/yoast-seo-wordpress\/ -->\n<title>Tres Macas Polvo - Betel Natural<\/title>\n<meta name=\"robots\" content=\"index, follow, max-snippet:-1, max-image-preview:large, max-video-preview:-1\" \/>\n<link rel=\"canonical\" href=\"https:\/\/betelnatural.com\/minegocio\/en\/product\/tres-macas-polvo\/\" \/>\n<meta property=\"og:locale\" content=\"en_US\" \/>\n<meta property=\"og:type\" content=\"article\" \/>\n<meta property=\"og:title\" content=\"Tres Macas Polvo - Betel Natural\" \/>\n<meta property=\"og:description\" content=\"Ayuda a promover la vitalidad sexual, mantiene un balance hormonal tanto femenino como masculino, ayuda a la retenci\u00f3n de la informaci\u00f3n y mejora la concentraci\u00f3n.\" \/>\n<meta property=\"og:url\" content=\"https:\/\/betelnatural.com\/minegocio\/en\/product\/tres-macas-polvo\/\" \/>\n<meta property=\"og:site_name\" content=\"Betel Natural\" \/>\n<meta property=\"article:publisher\" content=\"https:\/\/www.facebook.com\/betelnatural.inc\" \/>\n<meta property=\"article:modified_time\" content=\"2024-11-27T19:57:11+00:00\" \/>\n<meta property=\"og:image\" content=\"https:\/\/betelnatural.com\/minegocio\/wp-content\/uploads\/2024\/07\/3Macas_polvo.png\" \/>\n\t<meta property=\"og:image:width\" content=\"1200\" \/>\n\t<meta property=\"og:image:height\" content=\"1200\" \/>\n\t<meta property=\"og:image:type\" content=\"image\/png\" \/>\n<meta name=\"twitter:card\" content=\"summary_large_image\" \/>\n<meta name=\"twitter:label1\" content=\"Est. reading time\" \/>\n\t<meta name=\"twitter:data1\" content=\"1 minute\" \/>\n<script type=\"application\/ld+json\" class=\"yoast-schema-graph\">{\"@context\":\"https:\\\/\\\/schema.org\",\"@graph\":[{\"@type\":\"WebPage\",\"@id\":\"https:\\\/\\\/betelnatural.com\\\/minegocio\\\/product\\\/tres-macas-polvo\\\/\",\"url\":\"https:\\\/\\\/betelnatural.com\\\/minegocio\\\/product\\\/tres-macas-polvo\\\/\",\"name\":\"Tres Macas Polvo - Betel Natural\",\"isPartOf\":{\"@id\":\"https:\\\/\\\/betelnatural.com\\\/minegocio\\\/#website\"},\"primaryImageOfPage\":{\"@id\":\"https:\\\/\\\/betelnatural.com\\\/minegocio\\\/product\\\/tres-macas-polvo\\\/#primaryimage\"},\"image\":{\"@id\":\"https:\\\/\\\/betelnatural.com\\\/minegocio\\\/product\\\/tres-macas-polvo\\\/#primaryimage\"},\"thumbnailUrl\":\"https:\\\/\\\/betelnatural.com\\\/minegocio\\\/wp-content\\\/uploads\\\/2024\\\/07\\\/3Macas_polvo.png\",\"datePublished\":\"2024-09-12T14:36:50+00:00\",\"dateModified\":\"2024-11-27T19:57:11+00:00\",\"breadcrumb\":{\"@id\":\"https:\\\/\\\/betelnatural.com\\\/minegocio\\\/product\\\/tres-macas-polvo\\\/#breadcrumb\"},\"inLanguage\":\"en-US\",\"potentialAction\":[{\"@type\":\"ReadAction\",\"target\":[\"https:\\\/\\\/betelnatural.com\\\/minegocio\\\/product\\\/tres-macas-polvo\\\/\"]}]},{\"@type\":\"ImageObject\",\"inLanguage\":\"en-US\",\"@id\":\"https:\\\/\\\/betelnatural.com\\\/minegocio\\\/product\\\/tres-macas-polvo\\\/#primaryimage\",\"url\":\"https:\\\/\\\/betelnatural.com\\\/minegocio\\\/wp-content\\\/uploads\\\/2024\\\/07\\\/3Macas_polvo.png\",\"contentUrl\":\"https:\\\/\\\/betelnatural.com\\\/minegocio\\\/wp-content\\\/uploads\\\/2024\\\/07\\\/3Macas_polvo.png\",\"width\":1200,\"height\":1200},{\"@type\":\"BreadcrumbList\",\"@id\":\"https:\\\/\\\/betelnatural.com\\\/minegocio\\\/product\\\/tres-macas-polvo\\\/#breadcrumb\",\"itemListElement\":[{\"@type\":\"ListItem\",\"position\":1,\"name\":\"Portada\",\"item\":\"https:\\\/\\\/betelnatural.com\\\/minegocio\\\/\"},{\"@type\":\"ListItem\",\"position\":2,\"name\":\"Product\",\"item\":\"https:\\\/\\\/betelnatural.com\\\/minegocio\\\/product\\\/\"},{\"@type\":\"ListItem\",\"position\":3,\"name\":\"Tres Macas Polvo\"}]},{\"@type\":\"WebSite\",\"@id\":\"https:\\\/\\\/betelnatural.com\\\/minegocio\\\/#website\",\"url\":\"https:\\\/\\\/betelnatural.com\\\/minegocio\\\/\",\"name\":\"Betel Natural\",\"description\":\"Venta de productos naturales  y vitaminas\",\"publisher\":{\"@id\":\"https:\\\/\\\/betelnatural.com\\\/minegocio\\\/#organization\"},\"alternateName\":\"Betel\",\"potentialAction\":[{\"@type\":\"SearchAction\",\"target\":{\"@type\":\"EntryPoint\",\"urlTemplate\":\"https:\\\/\\\/betelnatural.com\\\/minegocio\\\/?s={search_term_string}\"},\"query-input\":{\"@type\":\"PropertyValueSpecification\",\"valueRequired\":true,\"valueName\":\"search_term_string\"}}],\"inLanguage\":\"en-US\"},{\"@type\":\"Organization\",\"@id\":\"https:\\\/\\\/betelnatural.com\\\/minegocio\\\/#organization\",\"name\":\"Betel Natural\",\"url\":\"https:\\\/\\\/betelnatural.com\\\/minegocio\\\/\",\"logo\":{\"@type\":\"ImageObject\",\"inLanguage\":\"en-US\",\"@id\":\"https:\\\/\\\/betelnatural.com\\\/minegocio\\\/#\\\/schema\\\/logo\\\/image\\\/\",\"url\":\"https:\\\/\\\/betelnatural.com\\\/minegocio\\\/wp-content\\\/uploads\\\/2024\\\/06\\\/logo.png\",\"contentUrl\":\"https:\\\/\\\/betelnatural.com\\\/minegocio\\\/wp-content\\\/uploads\\\/2024\\\/06\\\/logo.png\",\"width\":250,\"height\":95,\"caption\":\"Betel Natural\"},\"image\":{\"@id\":\"https:\\\/\\\/betelnatural.com\\\/minegocio\\\/#\\\/schema\\\/logo\\\/image\\\/\"},\"sameAs\":[\"https:\\\/\\\/www.facebook.com\\\/betelnatural.inc\",\"https:\\\/\\\/www.instagram.com\\\/betel_natural\\\/\"]}]}<\/script>\n<!-- \/ Yoast SEO plugin. -->","yoast_head_json":{"title":"Tres Macas Polvo - Betel Natural","robots":{"index":"index","follow":"follow","max-snippet":"max-snippet:-1","max-image-preview":"max-image-preview:large","max-video-preview":"max-video-preview:-1"},"canonical":"https:\/\/betelnatural.com\/minegocio\/en\/product\/tres-macas-polvo\/","og_locale":"en_US","og_type":"article","og_title":"Tres Macas Polvo - Betel Natural","og_description":"Ayuda a promover la vitalidad sexual, mantiene un balance hormonal tanto femenino como masculino, ayuda a la retenci\u00f3n de la informaci\u00f3n y mejora la concentraci\u00f3n.","og_url":"https:\/\/betelnatural.com\/minegocio\/en\/product\/tres-macas-polvo\/","og_site_name":"Betel Natural","article_publisher":"https:\/\/www.facebook.com\/betelnatural.inc","article_modified_time":"2024-11-27T19:57:11+00:00","og_image":[{"width":1200,"height":1200,"url":"https:\/\/betelnatural.com\/minegocio\/wp-content\/uploads\/2024\/07\/3Macas_polvo.png","type":"image\/png"}],"twitter_card":"summary_large_image","twitter_misc":{"Est. reading time":"1 minute"},"schema":{"@context":"https:\/\/schema.org","@graph":[{"@type":"WebPage","@id":"https:\/\/betelnatural.com\/minegocio\/product\/tres-macas-polvo\/","url":"https:\/\/betelnatural.com\/minegocio\/product\/tres-macas-polvo\/","name":"Tres Macas Polvo - Betel Natural","isPartOf":{"@id":"https:\/\/betelnatural.com\/minegocio\/#website"},"primaryImageOfPage":{"@id":"https:\/\/betelnatural.com\/minegocio\/product\/tres-macas-polvo\/#primaryimage"},"image":{"@id":"https:\/\/betelnatural.com\/minegocio\/product\/tres-macas-polvo\/#primaryimage"},"thumbnailUrl":"https:\/\/betelnatural.com\/minegocio\/wp-content\/uploads\/2024\/07\/3Macas_polvo.png","datePublished":"2024-09-12T14:36:50+00:00","dateModified":"2024-11-27T19:57:11+00:00","breadcrumb":{"@id":"https:\/\/betelnatural.com\/minegocio\/product\/tres-macas-polvo\/#breadcrumb"},"inLanguage":"en-US","potentialAction":[{"@type":"ReadAction","target":["https:\/\/betelnatural.com\/minegocio\/product\/tres-macas-polvo\/"]}]},{"@type":"ImageObject","inLanguage":"en-US","@id":"https:\/\/betelnatural.com\/minegocio\/product\/tres-macas-polvo\/#primaryimage","url":"https:\/\/betelnatural.com\/minegocio\/wp-content\/uploads\/2024\/07\/3Macas_polvo.png","contentUrl":"https:\/\/betelnatural.com\/minegocio\/wp-content\/uploads\/2024\/07\/3Macas_polvo.png","width":1200,"height":1200},{"@type":"BreadcrumbList","@id":"https:\/\/betelnatural.com\/minegocio\/product\/tres-macas-polvo\/#breadcrumb","itemListElement":[{"@type":"ListItem","position":1,"name":"Portada","item":"https:\/\/betelnatural.com\/minegocio\/"},{"@type":"ListItem","position":2,"name":"Product","item":"https:\/\/betelnatural.com\/minegocio\/product\/"},{"@type":"ListItem","position":3,"name":"Tres Macas Polvo"}]},{"@type":"WebSite","@id":"https:\/\/betelnatural.com\/minegocio\/#website","url":"https:\/\/betelnatural.com\/minegocio\/","name":"Betel Natural","description":"Venta de productos naturales  y vitaminas","publisher":{"@id":"https:\/\/betelnatural.com\/minegocio\/#organization"},"alternateName":"Betel","potentialAction":[{"@type":"SearchAction","target":{"@type":"EntryPoint","urlTemplate":"https:\/\/betelnatural.com\/minegocio\/?s={search_term_string}"},"query-input":{"@type":"PropertyValueSpecification","valueRequired":true,"valueName":"search_term_string"}}],"inLanguage":"en-US"},{"@type":"Organization","@id":"https:\/\/betelnatural.com\/minegocio\/#organization","name":"Betel Natural","url":"https:\/\/betelnatural.com\/minegocio\/","logo":{"@type":"ImageObject","inLanguage":"en-US","@id":"https:\/\/betelnatural.com\/minegocio\/#\/schema\/logo\/image\/","url":"https:\/\/betelnatural.com\/minegocio\/wp-content\/uploads\/2024\/06\/logo.png","contentUrl":"https:\/\/betelnatural.com\/minegocio\/wp-content\/uploads\/2024\/06\/logo.png","width":250,"height":95,"caption":"Betel Natural"},"image":{"@id":"https:\/\/betelnatural.com\/minegocio\/#\/schema\/logo\/image\/"},"sameAs":["https:\/\/www.facebook.com\/betelnatural.inc","https:\/\/www.instagram.com\/betel_natural\/"]}]}},"_links":{"self":[{"href":"https:\/\/betelnatural.com\/minegocio\/en\/wp-json\/wp\/v2\/product\/2955","targetHints":{"allow":["GET"]}}],"collection":[{"href":"https:\/\/betelnatural.com\/minegocio\/en\/wp-json\/wp\/v2\/product"}],"about":[{"href":"https:\/\/betelnatural.com\/minegocio\/en\/wp-json\/wp\/v2\/types\/product"}],"replies":[{"embeddable":true,"href":"https:\/\/betelnatural.com\/minegocio\/en\/wp-json\/wp\/v2\/comments?post=2955"}],"wp:featuredmedia":[{"embeddable":true,"href":"https:\/\/betelnatural.com\/minegocio\/en\/wp-json\/wp\/v2\/media\/1987"}],"wp:attachment":[{"href":"https:\/\/betelnatural.com\/minegocio\/en\/wp-json\/wp\/v2\/media?parent=2955"}],"wp:term":[{"taxonomy":"product_brand","embeddable":true,"href":"https:\/\/betelnatural.com\/minegocio\/en\/wp-json\/wp\/v2\/product_brand?post=2955"},{"taxonomy":"product_cat","embeddable":true,"href":"https:\/\/betelnatural.com\/minegocio\/en\/wp-json\/wp\/v2\/product_cat?post=2955"},{"taxonomy":"product_tag","embeddable":true,"href":"https:\/\/betelnatural.com\/minegocio\/en\/wp-json\/wp\/v2\/product_tag?post=2955"}],"curies":[{"name":"wp","href":"https:\/\/api.w.org\/{rel}","templated":true}]}}