{"id":3298,"date":"2024-09-19T18:04:39","date_gmt":"2024-09-19T18:04:39","guid":{"rendered":"https:\/\/betelnatural.com\/minegocio\/?page_id=3298"},"modified":"2024-10-01T13:01:06","modified_gmt":"2024-10-01T13:01:06","slug":"politica-de-privacidad","status":"publish","type":"page","link":"https:\/\/betelnatural.com\/minegocio\/politica-de-privacidad\/","title":{"rendered":"Pol\u00edtica de privacidad"},"content":{"rendered":"\t\t<div data-elementor-type=\"wp-page\" data-elementor-id=\"3298\" class=\"elementor elementor-3298\" data-elementor-post-type=\"page\">\n\t\t\t\t<div class=\"elementor-element elementor-element-c469ef8 e-flex e-con-boxed e-con e-parent\" data-id=\"c469ef8\" data-element_type=\"container\" data-e-type=\"container\">\n\t\t\t\t\t<div class=\"e-con-inner\">\n\t\t\t\t<div class=\"elementor-element elementor-element-62b0075 elementor-widget__width-initial elementor-widget-mobile__width-initial elementor-widget elementor-widget-text-editor\" data-id=\"62b0075\" data-element_type=\"widget\" data-e-type=\"widget\" data-widget_type=\"text-editor.default\">\n\t\t\t\t<div class=\"elementor-widget-container\">\n\t\t\t\t\t\t\t\t\t<div class=\"elementor-element elementor-element-4806366 elementor-widget elementor-widget-heading\" data-id=\"4806366\" data-element_type=\"widget\" data-widget_type=\"heading.default\"><div class=\"elementor-widget-container\"><h2 class=\"elementor-heading-title elementor-size-default\">Pol\u00edtica de Privacidad<\/h2><\/div><\/div><div class=\"elementor-element elementor-element-b3d7184 elementor-widget elementor-widget-text-editor\" data-id=\"b3d7184\" data-element_type=\"widget\" data-widget_type=\"text-editor.default\"><div class=\"elementor-widget-container\"><p><strong>En Betel Natural\u00a0<\/strong>te aseguramos que la informaci\u00f3n recopilada a trav\u00e9s de este sitio se utilizar\u00e1 \u00fanicamente para brindarte, lo mejor de nosotros. Mantendremos toda esta informaci\u00f3n en la m\u00e1s estricta confidencialidad, incluso dentro de Betel Natural Inc. \u00a0y nos comprometemos a no vender nunca tu nombre, direcci\u00f3n o informaci\u00f3n de compra a nadie. entendemos que te preocupa c\u00f3mo se utiliza y comparte la informaci\u00f3n sobre ti, y agradecemos tu confianza en que utilizaremos la informaci\u00f3n de manera sabia y leg\u00edtima.<br \/><br \/><br \/><br \/><strong>\u00bfPor qu\u00e9 necesitamos informaci\u00f3n personal tuya?<\/strong><br \/>La informaci\u00f3n que proporcionas nos ayuda a comprender tus preferencias, para que podamos personalizar y mejorar continuamente tu experiencia en l\u00ednea.<br \/>Si en alg\u00fan momento deseas cancelar tu registro, por favor cont\u00e1ctanos.<br \/><br \/><strong>M\u00e9todos de recopilaci\u00f3n de informaci\u00f3n<\/strong><\/p><ul><li><strong>Informaci\u00f3n proporcionada por ti<\/strong><br \/>Esta informaci\u00f3n proviene directamente de lo que ingresas durante el registro en Betelnatural.com La informaci\u00f3n que proporcionas se utiliza para crear listas de compras personales detallando las ofertas en tu tienda de Betel Natural, y para enviarte correos electr\u00f3nicos de acuerdo con tus preferencias personales. Tambi\u00e9n tienes f\u00e1cil acceso a los servicios ampliados de BetelNatural.com, que agregan valor y conveniencia a tu experiencia de compra.<\/li><li><strong>Comunicaciones por correo electr\u00f3nico<\/strong><br \/>Cuando te registras, almacenamos tu informaci\u00f3n en una base de datos electr\u00f3nica, que es exclusivamente para uso de Betel Natural. \u00a0Para enviarte promociones o darte a conocer productos nuevos. Si en alg\u00fan momento no deseas recibir nuestros correos electr\u00f3nicos, por favor ajusta tus preferencias en Mi Cuenta o d\u00e9janos saber por llamada o correo electr\u00f3nico.<\/li><li><strong>Cookies<\/strong><br \/>Cada vez que interact\u00faas en nuestro sitio, recibimos y almacenamos cierta informaci\u00f3n. Esto se hace a trav\u00e9s de \u201ccookies\u201d de Internet, que te permiten aprovechar algunas de nuestras mejores caracter\u00edsticas. No utilizamos cookies para examinar tu comportamiento de navegaci\u00f3n antes o despu\u00e9s de salir del sitio web de Betel Natural.<\/li><li>\u00a0<\/li><\/ul><p><strong>\u00bfPor qu\u00e9 utilizamos Cookies?\u00a0<\/strong><\/p><ul><li>Las cookies de Internet permiten que el sitio web te identifique cada vez que regresas y te ofrezca contenido y servicios personalizados. Las cookies de Internet te permiten aprovechar todas las funciones que Betel Natural ofrece. Una cookie de Internet es un archivo de texto colocado en tu computadora por Betel Natural. No puede transmitir un virus ni da\u00f1ar tu sistema.<\/li><\/ul><p><strong>\u00bfDe qu\u00e9 manera compartimos la informaci\u00f3n que recibimos?<\/strong><\/p><ul><li><strong>Empleados\u00a0<\/strong><\/li><\/ul><p>El acceso a la informaci\u00f3n del cliente est\u00e1 limitado a los empleados que la necesitan para atender a los clientes o mantener nuestros sistemas de informaci\u00f3n. Todos los empleados est\u00e1n sujetos a nuestra Pol\u00edtica de Privacidad.<\/p><ul><li><strong>Otras situaciones\u00a0<\/strong><\/li><\/ul><p>Podemos divulgar informaci\u00f3n del cliente cuando creemos que es necesario para cumplir con la ley, hacer valer nuestros derechos legales; o para proteger a nuestros clientes o a nosotros. Tambi\u00e9n podemos divulgar tu informaci\u00f3n si nos lo solicitas o autorizas.<\/p><p><strong>\u00bfQu\u00e9 tan segura es la informaci\u00f3n sobre m\u00ed?<\/strong><\/p><ul><li>La seguridad de la informaci\u00f3n sobre m\u00ed \u2022 Nos esforzamos por garantizar que tu informaci\u00f3n personal, incluido tu n\u00famero de tarjeta de cr\u00e9dito, est\u00e9 protegida mientras est\u00e1s en nuestro sitio. Nuestro sitio web utiliza encriptaci\u00f3n de Capa de Conexi\u00f3n Segura (SSL) para que tu informaci\u00f3n personal no pueda ser le\u00edda mientras viaja a trav\u00e9s de Internet. Aparece un candado en la esquina de tu navegador web cuando est\u00e1s utilizando encriptaci\u00f3n SSL.<\/li><li>Recuerda mantener segura tu direcci\u00f3n de correo electr\u00f3nico y tu contrase\u00f1a. Adem\u00e1s, aseg\u00farate de cerrar la sesi\u00f3n cuando termines de usar una computadora compartida.<\/li><\/ul><\/div><\/div>\t\t\t\t\t\t\t\t<\/div>\n\t\t\t\t<\/div>\n\t\t\t\t\t<\/div>\n\t\t\t\t<\/div>\n\t\t\t\t<\/div>\n\t\t","protected":false},"excerpt":{"rendered":"<p>Pol\u00edtica de Privacidad En Betel Natural\u00a0te aseguramos que la informaci\u00f3n recopilada a trav\u00e9s de este sitio se utilizar\u00e1 \u00fanicamente para brindarte, lo mejor de nosotros. Mantendremos toda esta informaci\u00f3n en la m\u00e1s estricta confidencialidad, incluso dentro de Betel Natural Inc. \u00a0y nos comprometemos a no vender nunca tu nombre, direcci\u00f3n o informaci\u00f3n de compra a [&hellip;]<\/p>\n","protected":false},"author":1,"featured_media":0,"parent":0,"menu_order":0,"comment_status":"closed","ping_status":"closed","template":"elementor_header_footer","meta":{"footnotes":""},"class_list":["post-3298","page","type-page","status-publish","hentry"],"yoast_head":"<!-- This site is optimized with the Yoast SEO plugin v27.4 - https:\/\/yoast.com\/product\/yoast-seo-wordpress\/ -->\n<title>Pol\u00edtica de privacidad - Betel Natural<\/title>\n<meta name=\"robots\" content=\"index, follow, max-snippet:-1, max-image-preview:large, max-video-preview:-1\" \/>\n<link rel=\"canonical\" href=\"https:\/\/betelnatural.com\/minegocio\/politica-de-privacidad\/\" \/>\n<meta property=\"og:locale\" content=\"es_ES\" \/>\n<meta property=\"og:type\" content=\"article\" \/>\n<meta property=\"og:title\" content=\"Pol\u00edtica de privacidad - Betel Natural\" \/>\n<meta property=\"og:description\" content=\"Pol\u00edtica de Privacidad En Betel Natural\u00a0te aseguramos que la informaci\u00f3n recopilada a trav\u00e9s de este sitio se utilizar\u00e1 \u00fanicamente para brindarte, lo mejor de nosotros. Mantendremos toda esta informaci\u00f3n en la m\u00e1s estricta confidencialidad, incluso dentro de Betel Natural Inc. \u00a0y nos comprometemos a no vender nunca tu nombre, direcci\u00f3n o informaci\u00f3n de compra a [&hellip;]\" \/>\n<meta property=\"og:url\" content=\"https:\/\/betelnatural.com\/minegocio\/politica-de-privacidad\/\" \/>\n<meta property=\"og:site_name\" content=\"Betel Natural\" \/>\n<meta property=\"article:publisher\" content=\"https:\/\/www.facebook.com\/betelnatural.inc\" \/>\n<meta property=\"article:modified_time\" content=\"2024-10-01T13:01:06+00:00\" \/>\n<meta property=\"og:image\" content=\"https:\/\/betelnatural.com\/minegocio\/wp-content\/uploads\/2024\/06\/logo.png\" \/>\n\t<meta property=\"og:image:width\" content=\"250\" \/>\n\t<meta property=\"og:image:height\" content=\"95\" \/>\n\t<meta property=\"og:image:type\" content=\"image\/png\" \/>\n<meta name=\"twitter:card\" content=\"summary_large_image\" \/>\n<meta name=\"twitter:label1\" content=\"Tiempo de lectura\" \/>\n\t<meta name=\"twitter:data1\" content=\"6 minutos\" \/>\n<script type=\"application\/ld+json\" class=\"yoast-schema-graph\">{\"@context\":\"https:\\\/\\\/schema.org\",\"@graph\":[{\"@type\":\"WebPage\",\"@id\":\"https:\\\/\\\/betelnatural.com\\\/minegocio\\\/politica-de-privacidad\\\/\",\"url\":\"https:\\\/\\\/betelnatural.com\\\/minegocio\\\/politica-de-privacidad\\\/\",\"name\":\"Pol\u00edtica de privacidad - Betel Natural\",\"isPartOf\":{\"@id\":\"https:\\\/\\\/betelnatural.com\\\/minegocio\\\/#website\"},\"datePublished\":\"2024-09-19T18:04:39+00:00\",\"dateModified\":\"2024-10-01T13:01:06+00:00\",\"breadcrumb\":{\"@id\":\"https:\\\/\\\/betelnatural.com\\\/minegocio\\\/politica-de-privacidad\\\/#breadcrumb\"},\"inLanguage\":\"es\",\"potentialAction\":[{\"@type\":\"ReadAction\",\"target\":[\"https:\\\/\\\/betelnatural.com\\\/minegocio\\\/politica-de-privacidad\\\/\"]}]},{\"@type\":\"BreadcrumbList\",\"@id\":\"https:\\\/\\\/betelnatural.com\\\/minegocio\\\/politica-de-privacidad\\\/#breadcrumb\",\"itemListElement\":[{\"@type\":\"ListItem\",\"position\":1,\"name\":\"Portada\",\"item\":\"https:\\\/\\\/betelnatural.com\\\/minegocio\\\/\"},{\"@type\":\"ListItem\",\"position\":2,\"name\":\"Pol\u00edtica de privacidad\"}]},{\"@type\":\"WebSite\",\"@id\":\"https:\\\/\\\/betelnatural.com\\\/minegocio\\\/#website\",\"url\":\"https:\\\/\\\/betelnatural.com\\\/minegocio\\\/\",\"name\":\"Betel Natural\",\"description\":\"Venta de productos naturales  y vitaminas\",\"publisher\":{\"@id\":\"https:\\\/\\\/betelnatural.com\\\/minegocio\\\/#organization\"},\"alternateName\":\"Betel\",\"potentialAction\":[{\"@type\":\"SearchAction\",\"target\":{\"@type\":\"EntryPoint\",\"urlTemplate\":\"https:\\\/\\\/betelnatural.com\\\/minegocio\\\/?s={search_term_string}\"},\"query-input\":{\"@type\":\"PropertyValueSpecification\",\"valueRequired\":true,\"valueName\":\"search_term_string\"}}],\"inLanguage\":\"es\"},{\"@type\":\"Organization\",\"@id\":\"https:\\\/\\\/betelnatural.com\\\/minegocio\\\/#organization\",\"name\":\"Betel Natural\",\"url\":\"https:\\\/\\\/betelnatural.com\\\/minegocio\\\/\",\"logo\":{\"@type\":\"ImageObject\",\"inLanguage\":\"es\",\"@id\":\"https:\\\/\\\/betelnatural.com\\\/minegocio\\\/#\\\/schema\\\/logo\\\/image\\\/\",\"url\":\"https:\\\/\\\/betelnatural.com\\\/minegocio\\\/wp-content\\\/uploads\\\/2024\\\/06\\\/logo.png\",\"contentUrl\":\"https:\\\/\\\/betelnatural.com\\\/minegocio\\\/wp-content\\\/uploads\\\/2024\\\/06\\\/logo.png\",\"width\":250,\"height\":95,\"caption\":\"Betel Natural\"},\"image\":{\"@id\":\"https:\\\/\\\/betelnatural.com\\\/minegocio\\\/#\\\/schema\\\/logo\\\/image\\\/\"},\"sameAs\":[\"https:\\\/\\\/www.facebook.com\\\/betelnatural.inc\",\"https:\\\/\\\/www.instagram.com\\\/betel_natural\\\/\"]}]}<\/script>\n<!-- \/ Yoast SEO plugin. -->","yoast_head_json":{"title":"Pol\u00edtica de privacidad - Betel Natural","robots":{"index":"index","follow":"follow","max-snippet":"max-snippet:-1","max-image-preview":"max-image-preview:large","max-video-preview":"max-video-preview:-1"},"canonical":"https:\/\/betelnatural.com\/minegocio\/politica-de-privacidad\/","og_locale":"es_ES","og_type":"article","og_title":"Pol\u00edtica de privacidad - Betel Natural","og_description":"Pol\u00edtica de Privacidad En Betel Natural\u00a0te aseguramos que la informaci\u00f3n recopilada a trav\u00e9s de este sitio se utilizar\u00e1 \u00fanicamente para brindarte, lo mejor de nosotros. Mantendremos toda esta informaci\u00f3n en la m\u00e1s estricta confidencialidad, incluso dentro de Betel Natural Inc. \u00a0y nos comprometemos a no vender nunca tu nombre, direcci\u00f3n o informaci\u00f3n de compra a [&hellip;]","og_url":"https:\/\/betelnatural.com\/minegocio\/politica-de-privacidad\/","og_site_name":"Betel Natural","article_publisher":"https:\/\/www.facebook.com\/betelnatural.inc","article_modified_time":"2024-10-01T13:01:06+00:00","og_image":[{"width":250,"height":95,"url":"https:\/\/betelnatural.com\/minegocio\/wp-content\/uploads\/2024\/06\/logo.png","type":"image\/png"}],"twitter_card":"summary_large_image","twitter_misc":{"Tiempo de lectura":"6 minutos"},"schema":{"@context":"https:\/\/schema.org","@graph":[{"@type":"WebPage","@id":"https:\/\/betelnatural.com\/minegocio\/politica-de-privacidad\/","url":"https:\/\/betelnatural.com\/minegocio\/politica-de-privacidad\/","name":"Pol\u00edtica de privacidad - Betel Natural","isPartOf":{"@id":"https:\/\/betelnatural.com\/minegocio\/#website"},"datePublished":"2024-09-19T18:04:39+00:00","dateModified":"2024-10-01T13:01:06+00:00","breadcrumb":{"@id":"https:\/\/betelnatural.com\/minegocio\/politica-de-privacidad\/#breadcrumb"},"inLanguage":"es","potentialAction":[{"@type":"ReadAction","target":["https:\/\/betelnatural.com\/minegocio\/politica-de-privacidad\/"]}]},{"@type":"BreadcrumbList","@id":"https:\/\/betelnatural.com\/minegocio\/politica-de-privacidad\/#breadcrumb","itemListElement":[{"@type":"ListItem","position":1,"name":"Portada","item":"https:\/\/betelnatural.com\/minegocio\/"},{"@type":"ListItem","position":2,"name":"Pol\u00edtica de privacidad"}]},{"@type":"WebSite","@id":"https:\/\/betelnatural.com\/minegocio\/#website","url":"https:\/\/betelnatural.com\/minegocio\/","name":"Betel Natural","description":"Venta de productos naturales  y vitaminas","publisher":{"@id":"https:\/\/betelnatural.com\/minegocio\/#organization"},"alternateName":"Betel","potentialAction":[{"@type":"SearchAction","target":{"@type":"EntryPoint","urlTemplate":"https:\/\/betelnatural.com\/minegocio\/?s={search_term_string}"},"query-input":{"@type":"PropertyValueSpecification","valueRequired":true,"valueName":"search_term_string"}}],"inLanguage":"es"},{"@type":"Organization","@id":"https:\/\/betelnatural.com\/minegocio\/#organization","name":"Betel Natural","url":"https:\/\/betelnatural.com\/minegocio\/","logo":{"@type":"ImageObject","inLanguage":"es","@id":"https:\/\/betelnatural.com\/minegocio\/#\/schema\/logo\/image\/","url":"https:\/\/betelnatural.com\/minegocio\/wp-content\/uploads\/2024\/06\/logo.png","contentUrl":"https:\/\/betelnatural.com\/minegocio\/wp-content\/uploads\/2024\/06\/logo.png","width":250,"height":95,"caption":"Betel Natural"},"image":{"@id":"https:\/\/betelnatural.com\/minegocio\/#\/schema\/logo\/image\/"},"sameAs":["https:\/\/www.facebook.com\/betelnatural.inc","https:\/\/www.instagram.com\/betel_natural\/"]}]}},"_links":{"self":[{"href":"https:\/\/betelnatural.com\/minegocio\/wp-json\/wp\/v2\/pages\/3298","targetHints":{"allow":["GET"]}}],"collection":[{"href":"https:\/\/betelnatural.com\/minegocio\/wp-json\/wp\/v2\/pages"}],"about":[{"href":"https:\/\/betelnatural.com\/minegocio\/wp-json\/wp\/v2\/types\/page"}],"author":[{"embeddable":true,"href":"https:\/\/betelnatural.com\/minegocio\/wp-json\/wp\/v2\/users\/1"}],"replies":[{"embeddable":true,"href":"https:\/\/betelnatural.com\/minegocio\/wp-json\/wp\/v2\/comments?post=3298"}],"version-history":[{"count":10,"href":"https:\/\/betelnatural.com\/minegocio\/wp-json\/wp\/v2\/pages\/3298\/revisions"}],"predecessor-version":[{"id":4520,"href":"https:\/\/betelnatural.com\/minegocio\/wp-json\/wp\/v2\/pages\/3298\/revisions\/4520"}],"wp:attachment":[{"href":"https:\/\/betelnatural.com\/minegocio\/wp-json\/wp\/v2\/media?parent=3298"}],"curies":[{"name":"wp","href":"https:\/\/api.w.org\/{rel}","templated":true}]}}