{"id":2789,"date":"2024-09-12T14:35:26","date_gmt":"2024-09-12T14:35:26","guid":{"rendered":"https:\/\/betelnatural.com\/minegocio\/product\/ashwagandha-te-2\/"},"modified":"2024-11-27T19:56:41","modified_gmt":"2024-11-27T19:56:41","slug":"ashwagandha-te","status":"publish","type":"product","link":"https:\/\/betelnatural.com\/minegocio\/product\/ashwagandha-te\/","title":{"rendered":"Ashwagandha Te"},"content":{"rendered":"<p>Ashwagandha T\u00e9 de Betel Natural es una infusi\u00f3n natural dise\u00f1ada para calmar la mente, relajar el cuerpo y revitalizar el sistema nervioso. Elaborado con ingredientes de alta calidad, es perfecto para aliviar la ansiedad, combatir el insomnio y reducir el estr\u00e9s, brind\u00e1ndote tranquilidad y energ\u00eda en cada taza. \ud83c\udf75\u2728<\/p>\n<p><em><strong>Alivia la ansiedad:<\/strong><\/em>Adem\u00e1s, ayuda a equilibrar el sistema nervioso, promoviendo as\u00ed una sensaci\u00f3n de calma y bienestar. \ud83c\udf31<\/p>\n<p><em><strong>Mejora el sue\u00f1o:<\/strong> <\/em>Combate el insomnio, ayud\u00e1ndote a disfrutar de noches m\u00e1s reparadoras y profundas. \ud83c\udf19<\/p>\n<p><em><strong>Reduce el estr\u00e9s:<\/strong><\/em> De igual manera, combate el insomnio, ayud\u00e1ndote a disfrutar de noches m\u00e1s reparadoras y profundas. \ud83c\udf19<\/p>\n<p><em><strong>Revitaliza el cuerpo y la mente:<\/strong><\/em> Ideal para enfrentar el agotamiento nervioso y recuperar tu energ\u00eda natural. \u26a1<br \/>\n[ver_mas]<\/p>\n<p>\ud83d\udcc5 <strong>Modo de Uso<\/strong><\/p>\n<ul>\n<li><strong>Para Bebida Caliente:<\/strong> Coloca una bolsa de t\u00e9 en una taza de agua caliente y deja reposar durante 3 a 5 minutos. \u2615\ud83d\udca7 Puedes endulzarlo a tu gusto con opciones naturales como miel o stevia para resaltar su sabor.<\/li>\n<li><strong style=\"font-size: 16px;\">Para Bebida Fr\u00eda:<\/strong><span style=\"font-size: 16px;\"> Hierve 8 tazas de agua y a\u00f1ade 8 bolsitas de t\u00e9. Deja reposar durante 5 minutos, luego retira las bolsas y endulza a tu preferencia. Refrig\u00e9ralo y disfruta de una refrescante bebida de T\u00e9 de Wereke helado. \ud83e\uddca\ud83c\udf1e<\/span><\/li>\n<\/ul>\n<p><strong>Ingredientes Naturales:<\/strong> Este producto est\u00e1 formulado a base de ingredientes naturales, ofreciendo una opci\u00f3n saludable y efectiva. \ud83c\udf31<\/p>\n<p>\u26a0 <strong>Precauciones<\/strong><\/p>\n<ul>\n<li>Consulta con tu m\u00e9dico antes de consumir este t\u00e9 o tienes condiciones preexistentes. \u2695\ufe0f<\/li>\n<li>Mant\u00e9n fuera del alcance de los ni\u00f1os. \ud83d\udeab\ud83d\udc76<\/li>\n<li>Almacena en un lugar fresco y seco para mantener su frescura y efectividad. \ud83c\udf2c\ufe0f<\/li>\n<\/ul>\n<p>Ashwagandha T\u00e9 de Betel Natural es, sin duda alguna, la soluci\u00f3n perfecta para quienes buscan una forma natural y efectiva de relajarse y revitalizarse.<br \/>\nPor ello, hazlo parte de tu rutina diaria y empieza a disfrutar de sus m\u00faltiples beneficios para tu salud mental y emocional. \u00a1Descubre una taza de bienestar en cada sorbo! \ud83c\udf3f\ud83d\udc96<br \/>\n[\/ver_mas]<\/p>\n","protected":false},"excerpt":{"rendered":"<p><strong>24 bolsas <\/strong><\/p>\n<p>Ayuda a la ansiedad, insomnio, estr\u00e9s y agotamiento nervioso.<\/p>\n","protected":false},"featured_media":1261,"comment_status":"open","ping_status":"closed","template":"","meta":[],"product_brand":[],"product_cat":[149,114,134,113],"product_tag":[],"class_list":{"0":"post-2789","1":"product","2":"type-product","3":"status-publish","4":"has-post-thumbnail","6":"product_cat-depresion","7":"product_cat-estres","8":"product_cat-insomnio","9":"product_cat-salud-mental","11":"first","12":"instock","13":"shipping-taxable","14":"product-type-simple"},"yoast_head":"<!-- This site is optimized with the Yoast SEO plugin v27.4 - https:\/\/yoast.com\/product\/yoast-seo-wordpress\/ -->\n<title>Ashwagandha Te - Betel Natural<\/title>\n<meta name=\"robots\" content=\"index, follow, max-snippet:-1, max-image-preview:large, max-video-preview:-1\" \/>\n<link rel=\"canonical\" href=\"https:\/\/betelnatural.com\/minegocio\/product\/ashwagandha-te\/\" \/>\n<meta property=\"og:locale\" content=\"es_ES\" \/>\n<meta property=\"og:type\" content=\"article\" \/>\n<meta property=\"og:title\" content=\"Ashwagandha Te - Betel Natural\" \/>\n<meta property=\"og:description\" content=\"24 bolsas   Ayuda a la ansiedad, insomnio, estr\u00e9s y agotamiento nervioso.\" \/>\n<meta property=\"og:url\" content=\"https:\/\/betelnatural.com\/minegocio\/product\/ashwagandha-te\/\" \/>\n<meta property=\"og:site_name\" content=\"Betel Natural\" \/>\n<meta property=\"article:publisher\" content=\"https:\/\/www.facebook.com\/betelnatural.inc\" \/>\n<meta property=\"article:modified_time\" content=\"2024-11-27T19:56:41+00:00\" \/>\n<meta property=\"og:image\" content=\"https:\/\/betelnatural.com\/minegocio\/wp-content\/uploads\/2024\/07\/Ashwagandha_infusion_espanol.png\" \/>\n\t<meta property=\"og:image:width\" content=\"1200\" \/>\n\t<meta property=\"og:image:height\" content=\"1200\" \/>\n\t<meta property=\"og:image:type\" content=\"image\/png\" \/>\n<meta name=\"twitter:card\" content=\"summary_large_image\" \/>\n<meta name=\"twitter:label1\" content=\"Tiempo de lectura\" \/>\n\t<meta name=\"twitter:data1\" content=\"1 minuto\" \/>\n<script type=\"application\/ld+json\" class=\"yoast-schema-graph\">{\"@context\":\"https:\\\/\\\/schema.org\",\"@graph\":[{\"@type\":\"WebPage\",\"@id\":\"https:\\\/\\\/betelnatural.com\\\/minegocio\\\/product\\\/ashwagandha-te\\\/\",\"url\":\"https:\\\/\\\/betelnatural.com\\\/minegocio\\\/product\\\/ashwagandha-te\\\/\",\"name\":\"Ashwagandha Te - Betel Natural\",\"isPartOf\":{\"@id\":\"https:\\\/\\\/betelnatural.com\\\/minegocio\\\/#website\"},\"primaryImageOfPage\":{\"@id\":\"https:\\\/\\\/betelnatural.com\\\/minegocio\\\/product\\\/ashwagandha-te\\\/#primaryimage\"},\"image\":{\"@id\":\"https:\\\/\\\/betelnatural.com\\\/minegocio\\\/product\\\/ashwagandha-te\\\/#primaryimage\"},\"thumbnailUrl\":\"https:\\\/\\\/betelnatural.com\\\/minegocio\\\/wp-content\\\/uploads\\\/2024\\\/07\\\/Ashwagandha_infusion_espanol.png\",\"datePublished\":\"2024-09-12T14:35:26+00:00\",\"dateModified\":\"2024-11-27T19:56:41+00:00\",\"breadcrumb\":{\"@id\":\"https:\\\/\\\/betelnatural.com\\\/minegocio\\\/product\\\/ashwagandha-te\\\/#breadcrumb\"},\"inLanguage\":\"es\",\"potentialAction\":[{\"@type\":\"ReadAction\",\"target\":[\"https:\\\/\\\/betelnatural.com\\\/minegocio\\\/product\\\/ashwagandha-te\\\/\"]}]},{\"@type\":\"ImageObject\",\"inLanguage\":\"es\",\"@id\":\"https:\\\/\\\/betelnatural.com\\\/minegocio\\\/product\\\/ashwagandha-te\\\/#primaryimage\",\"url\":\"https:\\\/\\\/betelnatural.com\\\/minegocio\\\/wp-content\\\/uploads\\\/2024\\\/07\\\/Ashwagandha_infusion_espanol.png\",\"contentUrl\":\"https:\\\/\\\/betelnatural.com\\\/minegocio\\\/wp-content\\\/uploads\\\/2024\\\/07\\\/Ashwagandha_infusion_espanol.png\",\"width\":1200,\"height\":1200},{\"@type\":\"BreadcrumbList\",\"@id\":\"https:\\\/\\\/betelnatural.com\\\/minegocio\\\/product\\\/ashwagandha-te\\\/#breadcrumb\",\"itemListElement\":[{\"@type\":\"ListItem\",\"position\":1,\"name\":\"Portada\",\"item\":\"https:\\\/\\\/betelnatural.com\\\/minegocio\\\/\"},{\"@type\":\"ListItem\",\"position\":2,\"name\":\"Product\",\"item\":\"https:\\\/\\\/betelnatural.com\\\/minegocio\\\/product\\\/\"},{\"@type\":\"ListItem\",\"position\":3,\"name\":\"Ashwagandha Te\"}]},{\"@type\":\"WebSite\",\"@id\":\"https:\\\/\\\/betelnatural.com\\\/minegocio\\\/#website\",\"url\":\"https:\\\/\\\/betelnatural.com\\\/minegocio\\\/\",\"name\":\"Betel Natural\",\"description\":\"Venta de productos naturales  y vitaminas\",\"publisher\":{\"@id\":\"https:\\\/\\\/betelnatural.com\\\/minegocio\\\/#organization\"},\"alternateName\":\"Betel\",\"potentialAction\":[{\"@type\":\"SearchAction\",\"target\":{\"@type\":\"EntryPoint\",\"urlTemplate\":\"https:\\\/\\\/betelnatural.com\\\/minegocio\\\/?s={search_term_string}\"},\"query-input\":{\"@type\":\"PropertyValueSpecification\",\"valueRequired\":true,\"valueName\":\"search_term_string\"}}],\"inLanguage\":\"es\"},{\"@type\":\"Organization\",\"@id\":\"https:\\\/\\\/betelnatural.com\\\/minegocio\\\/#organization\",\"name\":\"Betel Natural\",\"url\":\"https:\\\/\\\/betelnatural.com\\\/minegocio\\\/\",\"logo\":{\"@type\":\"ImageObject\",\"inLanguage\":\"es\",\"@id\":\"https:\\\/\\\/betelnatural.com\\\/minegocio\\\/#\\\/schema\\\/logo\\\/image\\\/\",\"url\":\"https:\\\/\\\/betelnatural.com\\\/minegocio\\\/wp-content\\\/uploads\\\/2024\\\/06\\\/logo.png\",\"contentUrl\":\"https:\\\/\\\/betelnatural.com\\\/minegocio\\\/wp-content\\\/uploads\\\/2024\\\/06\\\/logo.png\",\"width\":250,\"height\":95,\"caption\":\"Betel Natural\"},\"image\":{\"@id\":\"https:\\\/\\\/betelnatural.com\\\/minegocio\\\/#\\\/schema\\\/logo\\\/image\\\/\"},\"sameAs\":[\"https:\\\/\\\/www.facebook.com\\\/betelnatural.inc\",\"https:\\\/\\\/www.instagram.com\\\/betel_natural\\\/\"]}]}<\/script>\n<!-- \/ Yoast SEO plugin. -->","yoast_head_json":{"title":"Ashwagandha Te - Betel Natural","robots":{"index":"index","follow":"follow","max-snippet":"max-snippet:-1","max-image-preview":"max-image-preview:large","max-video-preview":"max-video-preview:-1"},"canonical":"https:\/\/betelnatural.com\/minegocio\/product\/ashwagandha-te\/","og_locale":"es_ES","og_type":"article","og_title":"Ashwagandha Te - Betel Natural","og_description":"24 bolsas   Ayuda a la ansiedad, insomnio, estr\u00e9s y agotamiento nervioso.","og_url":"https:\/\/betelnatural.com\/minegocio\/product\/ashwagandha-te\/","og_site_name":"Betel Natural","article_publisher":"https:\/\/www.facebook.com\/betelnatural.inc","article_modified_time":"2024-11-27T19:56:41+00:00","og_image":[{"width":1200,"height":1200,"url":"https:\/\/betelnatural.com\/minegocio\/wp-content\/uploads\/2024\/07\/Ashwagandha_infusion_espanol.png","type":"image\/png"}],"twitter_card":"summary_large_image","twitter_misc":{"Tiempo de lectura":"1 minuto"},"schema":{"@context":"https:\/\/schema.org","@graph":[{"@type":"WebPage","@id":"https:\/\/betelnatural.com\/minegocio\/product\/ashwagandha-te\/","url":"https:\/\/betelnatural.com\/minegocio\/product\/ashwagandha-te\/","name":"Ashwagandha Te - Betel Natural","isPartOf":{"@id":"https:\/\/betelnatural.com\/minegocio\/#website"},"primaryImageOfPage":{"@id":"https:\/\/betelnatural.com\/minegocio\/product\/ashwagandha-te\/#primaryimage"},"image":{"@id":"https:\/\/betelnatural.com\/minegocio\/product\/ashwagandha-te\/#primaryimage"},"thumbnailUrl":"https:\/\/betelnatural.com\/minegocio\/wp-content\/uploads\/2024\/07\/Ashwagandha_infusion_espanol.png","datePublished":"2024-09-12T14:35:26+00:00","dateModified":"2024-11-27T19:56:41+00:00","breadcrumb":{"@id":"https:\/\/betelnatural.com\/minegocio\/product\/ashwagandha-te\/#breadcrumb"},"inLanguage":"es","potentialAction":[{"@type":"ReadAction","target":["https:\/\/betelnatural.com\/minegocio\/product\/ashwagandha-te\/"]}]},{"@type":"ImageObject","inLanguage":"es","@id":"https:\/\/betelnatural.com\/minegocio\/product\/ashwagandha-te\/#primaryimage","url":"https:\/\/betelnatural.com\/minegocio\/wp-content\/uploads\/2024\/07\/Ashwagandha_infusion_espanol.png","contentUrl":"https:\/\/betelnatural.com\/minegocio\/wp-content\/uploads\/2024\/07\/Ashwagandha_infusion_espanol.png","width":1200,"height":1200},{"@type":"BreadcrumbList","@id":"https:\/\/betelnatural.com\/minegocio\/product\/ashwagandha-te\/#breadcrumb","itemListElement":[{"@type":"ListItem","position":1,"name":"Portada","item":"https:\/\/betelnatural.com\/minegocio\/"},{"@type":"ListItem","position":2,"name":"Product","item":"https:\/\/betelnatural.com\/minegocio\/product\/"},{"@type":"ListItem","position":3,"name":"Ashwagandha Te"}]},{"@type":"WebSite","@id":"https:\/\/betelnatural.com\/minegocio\/#website","url":"https:\/\/betelnatural.com\/minegocio\/","name":"Betel Natural","description":"Venta de productos naturales  y vitaminas","publisher":{"@id":"https:\/\/betelnatural.com\/minegocio\/#organization"},"alternateName":"Betel","potentialAction":[{"@type":"SearchAction","target":{"@type":"EntryPoint","urlTemplate":"https:\/\/betelnatural.com\/minegocio\/?s={search_term_string}"},"query-input":{"@type":"PropertyValueSpecification","valueRequired":true,"valueName":"search_term_string"}}],"inLanguage":"es"},{"@type":"Organization","@id":"https:\/\/betelnatural.com\/minegocio\/#organization","name":"Betel Natural","url":"https:\/\/betelnatural.com\/minegocio\/","logo":{"@type":"ImageObject","inLanguage":"es","@id":"https:\/\/betelnatural.com\/minegocio\/#\/schema\/logo\/image\/","url":"https:\/\/betelnatural.com\/minegocio\/wp-content\/uploads\/2024\/06\/logo.png","contentUrl":"https:\/\/betelnatural.com\/minegocio\/wp-content\/uploads\/2024\/06\/logo.png","width":250,"height":95,"caption":"Betel Natural"},"image":{"@id":"https:\/\/betelnatural.com\/minegocio\/#\/schema\/logo\/image\/"},"sameAs":["https:\/\/www.facebook.com\/betelnatural.inc","https:\/\/www.instagram.com\/betel_natural\/"]}]}},"_links":{"self":[{"href":"https:\/\/betelnatural.com\/minegocio\/wp-json\/wp\/v2\/product\/2789","targetHints":{"allow":["GET"]}}],"collection":[{"href":"https:\/\/betelnatural.com\/minegocio\/wp-json\/wp\/v2\/product"}],"about":[{"href":"https:\/\/betelnatural.com\/minegocio\/wp-json\/wp\/v2\/types\/product"}],"replies":[{"embeddable":true,"href":"https:\/\/betelnatural.com\/minegocio\/wp-json\/wp\/v2\/comments?post=2789"}],"wp:featuredmedia":[{"embeddable":true,"href":"https:\/\/betelnatural.com\/minegocio\/wp-json\/wp\/v2\/media\/1261"}],"wp:attachment":[{"href":"https:\/\/betelnatural.com\/minegocio\/wp-json\/wp\/v2\/media?parent=2789"}],"wp:term":[{"taxonomy":"product_brand","embeddable":true,"href":"https:\/\/betelnatural.com\/minegocio\/wp-json\/wp\/v2\/product_brand?post=2789"},{"taxonomy":"product_cat","embeddable":true,"href":"https:\/\/betelnatural.com\/minegocio\/wp-json\/wp\/v2\/product_cat?post=2789"},{"taxonomy":"product_tag","embeddable":true,"href":"https:\/\/betelnatural.com\/minegocio\/wp-json\/wp\/v2\/product_tag?post=2789"}],"curies":[{"name":"wp","href":"https:\/\/api.w.org\/{rel}","templated":true}]}}