{"id":2797,"date":"2024-09-12T14:35:30","date_gmt":"2024-09-12T14:35:30","guid":{"rendered":"https:\/\/betelnatural.com\/minegocio\/product\/cafe-con-crema-de-coco-con-ganoderma\/"},"modified":"2024-11-27T19:56:43","modified_gmt":"2024-11-27T19:56:43","slug":"cafe-con-crema-de-coco-con-ganoderma","status":"publish","type":"product","link":"https:\/\/betelnatural.com\/minegocio\/product\/cafe-con-crema-de-coco-con-ganoderma\/","title":{"rendered":"Caf\u00e9 con crema de Coco con Ganoderma"},"content":{"rendered":"<p><em><strong>Prevenci\u00f3n del Envejecimiento Prematuro<\/strong>:<\/em> Caf\u00e9 con crema de Coco con Ganoderma de Betel Natural esta formulado con las excelentes propiedades antioxidantes del Ganoderma. Este caf\u00e9 ayuda a combatir los radicales libres que aceleran el proceso de envejecimiento. \u2728\ud83c\udf31<\/p>\n<p><em><strong>Aceleraci\u00f3n del Metabolismo<\/strong>:<\/em> Este caf\u00e9 estimula el metabolismo, favoreciendo la quema de calor\u00edas y ayud\u00e1ndote a gestionar mejor tu energ\u00eda diaria. Ideal para complementar un estilo de vida activo. \u26a1\ud83d\udd25<\/p>\n<p><em><strong>Inhibici\u00f3n del Apetito<\/strong>:<\/em> Una deliciosa opci\u00f3n que, adem\u00e1s de satisfacer tu gusto por el caf\u00e9, contribuye a controlar los antojos y facilita la regulaci\u00f3n del peso corporal. \ud83c\udf7d\ufe0f\ud83d\udd12<\/p>\n<p><em><strong>Estimulaci\u00f3n del Sistema Inmunol\u00f3gico<\/strong>:<\/em> Gracias al extracto de Ganoderma, este caf\u00e9 fortalece tus defensas, ayudando a protegerte contra enfermedades y promoviendo una salud \u00f3ptima. \ud83d\udcaa\ud83d\udee1\ufe0f<br \/>\n[ver_mas]<\/p>\n<p><strong>\ud83d\udcc5 Modo de Uso<\/strong>:<br \/>\nDisfruta de tu Caf\u00e9 agregando dos cucharadas del producto en una taza de 6 onzas de agua caliente o fr\u00eda. Disuelve bien y disfruta de su delicioso sabor y beneficios. Ideal para cualquier momento del d\u00eda. \u2615\u2744\ufe0f<\/p>\n<p><strong>Ingredientes Naturales<\/strong>: Formulado con caf\u00e9 de alta calidad, crema de coco y extracto de Ganoderma, una combinaci\u00f3n saludable que no solo deleita tu paladar, sino que tambi\u00e9n cuida de tu bienestar. \ud83c\udf30\ud83c\udf44<\/p>\n<p><strong>Precauciones<\/strong>:<\/p>\n<ul>\n<li>Mant\u00e9n este producto en un lugar fresco y seco.<\/li>\n<li>Mant\u00e9n fuera del alcance de los ni\u00f1os. \ud83d\udeab\ud83d\udc76<\/li>\n<li>Mujeres embarazadas o en periodo de lactancia no deben ingerirlo.\ud83d\udc69\u200d\u2695\ufe0f<\/li>\n<\/ul>\n<p><strong>Suplemento Alimenticio<\/strong>: Este caf\u00e9 no solo es una bebida, sino tambi\u00e9n un complemento ideal para tu salud diaria.<\/p>\n<p>Con Caf\u00e9 con crema de Coco con Ganoderma de Betel Natural, disfruta de una taza llena de energ\u00eda, sabor y salud. \u00a1Comienza tu d\u00eda con bienestar en cada sorbo! \ud83c\udf08\u2615<br \/>\n[\/ver_mas]<\/p>\n","protected":false},"excerpt":{"rendered":"<p>Las grandes propiedades del caf\u00e9 y la ganoderma se unen para brindarte beneficios a la salud como:<\/p>\n<p>&#8211; Prevenir el envejecimiento prematuro<br \/>\n&#8211; Acelera el metabolismo<br \/>\n&#8211; Inhibe el apetito<br \/>\n&#8211; Estimula el sistema inmunol\u00f3gico<\/p>\n","protected":false},"featured_media":1290,"comment_status":"open","ping_status":"closed","template":"","meta":[],"product_brand":[],"product_cat":[116,115],"product_tag":[],"class_list":{"0":"post-2797","1":"product","2":"type-product","3":"status-publish","4":"has-post-thumbnail","6":"product_cat-agotamiento-fisico","7":"product_cat-remedios-naturales","9":"first","10":"instock","11":"shipping-taxable","12":"product-type-simple"},"yoast_head":"<!-- This site is optimized with the Yoast SEO plugin v27.4 - https:\/\/yoast.com\/product\/yoast-seo-wordpress\/ -->\n<title>Caf\u00e9 con crema de Coco con Ganoderma - Betel Natural<\/title>\n<meta name=\"robots\" content=\"index, follow, max-snippet:-1, max-image-preview:large, max-video-preview:-1\" \/>\n<link rel=\"canonical\" href=\"https:\/\/betelnatural.com\/minegocio\/product\/cafe-con-crema-de-coco-con-ganoderma\/\" \/>\n<meta property=\"og:locale\" content=\"es_ES\" \/>\n<meta property=\"og:type\" content=\"article\" \/>\n<meta property=\"og:title\" content=\"Caf\u00e9 con crema de Coco con Ganoderma - Betel Natural\" \/>\n<meta property=\"og:description\" content=\"Las grandes propiedades del caf\u00e9 y la ganoderma se unen para brindarte beneficios a la salud como:  - Prevenir el envejecimiento prematuro - Acelera el metabolismo - Inhibe el apetito - Estimula el sistema inmunol\u00f3gico\" \/>\n<meta property=\"og:url\" content=\"https:\/\/betelnatural.com\/minegocio\/product\/cafe-con-crema-de-coco-con-ganoderma\/\" \/>\n<meta property=\"og:site_name\" content=\"Betel Natural\" \/>\n<meta property=\"article:publisher\" content=\"https:\/\/www.facebook.com\/betelnatural.inc\" \/>\n<meta property=\"article:modified_time\" content=\"2024-11-27T19:56:43+00:00\" \/>\n<meta property=\"og:image\" content=\"https:\/\/betelnatural.com\/minegocio\/wp-content\/uploads\/2024\/07\/CafeSolluble_Ganoderma.png\" \/>\n\t<meta property=\"og:image:width\" content=\"1200\" \/>\n\t<meta property=\"og:image:height\" content=\"1200\" \/>\n\t<meta property=\"og:image:type\" content=\"image\/png\" \/>\n<meta name=\"twitter:card\" content=\"summary_large_image\" \/>\n<meta name=\"twitter:label1\" content=\"Tiempo de lectura\" \/>\n\t<meta name=\"twitter:data1\" content=\"1 minuto\" \/>\n<script type=\"application\/ld+json\" class=\"yoast-schema-graph\">{\"@context\":\"https:\\\/\\\/schema.org\",\"@graph\":[{\"@type\":\"WebPage\",\"@id\":\"https:\\\/\\\/betelnatural.com\\\/minegocio\\\/product\\\/cafe-con-crema-de-coco-con-ganoderma\\\/\",\"url\":\"https:\\\/\\\/betelnatural.com\\\/minegocio\\\/product\\\/cafe-con-crema-de-coco-con-ganoderma\\\/\",\"name\":\"Caf\u00e9 con crema de Coco con Ganoderma - Betel Natural\",\"isPartOf\":{\"@id\":\"https:\\\/\\\/betelnatural.com\\\/minegocio\\\/#website\"},\"primaryImageOfPage\":{\"@id\":\"https:\\\/\\\/betelnatural.com\\\/minegocio\\\/product\\\/cafe-con-crema-de-coco-con-ganoderma\\\/#primaryimage\"},\"image\":{\"@id\":\"https:\\\/\\\/betelnatural.com\\\/minegocio\\\/product\\\/cafe-con-crema-de-coco-con-ganoderma\\\/#primaryimage\"},\"thumbnailUrl\":\"https:\\\/\\\/betelnatural.com\\\/minegocio\\\/wp-content\\\/uploads\\\/2024\\\/07\\\/CafeSolluble_Ganoderma.png\",\"datePublished\":\"2024-09-12T14:35:30+00:00\",\"dateModified\":\"2024-11-27T19:56:43+00:00\",\"breadcrumb\":{\"@id\":\"https:\\\/\\\/betelnatural.com\\\/minegocio\\\/product\\\/cafe-con-crema-de-coco-con-ganoderma\\\/#breadcrumb\"},\"inLanguage\":\"es\",\"potentialAction\":[{\"@type\":\"ReadAction\",\"target\":[\"https:\\\/\\\/betelnatural.com\\\/minegocio\\\/product\\\/cafe-con-crema-de-coco-con-ganoderma\\\/\"]}]},{\"@type\":\"ImageObject\",\"inLanguage\":\"es\",\"@id\":\"https:\\\/\\\/betelnatural.com\\\/minegocio\\\/product\\\/cafe-con-crema-de-coco-con-ganoderma\\\/#primaryimage\",\"url\":\"https:\\\/\\\/betelnatural.com\\\/minegocio\\\/wp-content\\\/uploads\\\/2024\\\/07\\\/CafeSolluble_Ganoderma.png\",\"contentUrl\":\"https:\\\/\\\/betelnatural.com\\\/minegocio\\\/wp-content\\\/uploads\\\/2024\\\/07\\\/CafeSolluble_Ganoderma.png\",\"width\":1200,\"height\":1200},{\"@type\":\"BreadcrumbList\",\"@id\":\"https:\\\/\\\/betelnatural.com\\\/minegocio\\\/product\\\/cafe-con-crema-de-coco-con-ganoderma\\\/#breadcrumb\",\"itemListElement\":[{\"@type\":\"ListItem\",\"position\":1,\"name\":\"Portada\",\"item\":\"https:\\\/\\\/betelnatural.com\\\/minegocio\\\/\"},{\"@type\":\"ListItem\",\"position\":2,\"name\":\"Product\",\"item\":\"https:\\\/\\\/betelnatural.com\\\/minegocio\\\/product\\\/\"},{\"@type\":\"ListItem\",\"position\":3,\"name\":\"Caf\u00e9 con crema de Coco con Ganoderma\"}]},{\"@type\":\"WebSite\",\"@id\":\"https:\\\/\\\/betelnatural.com\\\/minegocio\\\/#website\",\"url\":\"https:\\\/\\\/betelnatural.com\\\/minegocio\\\/\",\"name\":\"Betel Natural\",\"description\":\"Venta de productos naturales  y vitaminas\",\"publisher\":{\"@id\":\"https:\\\/\\\/betelnatural.com\\\/minegocio\\\/#organization\"},\"alternateName\":\"Betel\",\"potentialAction\":[{\"@type\":\"SearchAction\",\"target\":{\"@type\":\"EntryPoint\",\"urlTemplate\":\"https:\\\/\\\/betelnatural.com\\\/minegocio\\\/?s={search_term_string}\"},\"query-input\":{\"@type\":\"PropertyValueSpecification\",\"valueRequired\":true,\"valueName\":\"search_term_string\"}}],\"inLanguage\":\"es\"},{\"@type\":\"Organization\",\"@id\":\"https:\\\/\\\/betelnatural.com\\\/minegocio\\\/#organization\",\"name\":\"Betel Natural\",\"url\":\"https:\\\/\\\/betelnatural.com\\\/minegocio\\\/\",\"logo\":{\"@type\":\"ImageObject\",\"inLanguage\":\"es\",\"@id\":\"https:\\\/\\\/betelnatural.com\\\/minegocio\\\/#\\\/schema\\\/logo\\\/image\\\/\",\"url\":\"https:\\\/\\\/betelnatural.com\\\/minegocio\\\/wp-content\\\/uploads\\\/2024\\\/06\\\/logo.png\",\"contentUrl\":\"https:\\\/\\\/betelnatural.com\\\/minegocio\\\/wp-content\\\/uploads\\\/2024\\\/06\\\/logo.png\",\"width\":250,\"height\":95,\"caption\":\"Betel Natural\"},\"image\":{\"@id\":\"https:\\\/\\\/betelnatural.com\\\/minegocio\\\/#\\\/schema\\\/logo\\\/image\\\/\"},\"sameAs\":[\"https:\\\/\\\/www.facebook.com\\\/betelnatural.inc\",\"https:\\\/\\\/www.instagram.com\\\/betel_natural\\\/\"]}]}<\/script>\n<!-- \/ Yoast SEO plugin. -->","yoast_head_json":{"title":"Caf\u00e9 con crema de Coco con Ganoderma - Betel Natural","robots":{"index":"index","follow":"follow","max-snippet":"max-snippet:-1","max-image-preview":"max-image-preview:large","max-video-preview":"max-video-preview:-1"},"canonical":"https:\/\/betelnatural.com\/minegocio\/product\/cafe-con-crema-de-coco-con-ganoderma\/","og_locale":"es_ES","og_type":"article","og_title":"Caf\u00e9 con crema de Coco con Ganoderma - Betel Natural","og_description":"Las grandes propiedades del caf\u00e9 y la ganoderma se unen para brindarte beneficios a la salud como:  - Prevenir el envejecimiento prematuro - Acelera el metabolismo - Inhibe el apetito - Estimula el sistema inmunol\u00f3gico","og_url":"https:\/\/betelnatural.com\/minegocio\/product\/cafe-con-crema-de-coco-con-ganoderma\/","og_site_name":"Betel Natural","article_publisher":"https:\/\/www.facebook.com\/betelnatural.inc","article_modified_time":"2024-11-27T19:56:43+00:00","og_image":[{"width":1200,"height":1200,"url":"https:\/\/betelnatural.com\/minegocio\/wp-content\/uploads\/2024\/07\/CafeSolluble_Ganoderma.png","type":"image\/png"}],"twitter_card":"summary_large_image","twitter_misc":{"Tiempo de lectura":"1 minuto"},"schema":{"@context":"https:\/\/schema.org","@graph":[{"@type":"WebPage","@id":"https:\/\/betelnatural.com\/minegocio\/product\/cafe-con-crema-de-coco-con-ganoderma\/","url":"https:\/\/betelnatural.com\/minegocio\/product\/cafe-con-crema-de-coco-con-ganoderma\/","name":"Caf\u00e9 con crema de Coco con Ganoderma - Betel Natural","isPartOf":{"@id":"https:\/\/betelnatural.com\/minegocio\/#website"},"primaryImageOfPage":{"@id":"https:\/\/betelnatural.com\/minegocio\/product\/cafe-con-crema-de-coco-con-ganoderma\/#primaryimage"},"image":{"@id":"https:\/\/betelnatural.com\/minegocio\/product\/cafe-con-crema-de-coco-con-ganoderma\/#primaryimage"},"thumbnailUrl":"https:\/\/betelnatural.com\/minegocio\/wp-content\/uploads\/2024\/07\/CafeSolluble_Ganoderma.png","datePublished":"2024-09-12T14:35:30+00:00","dateModified":"2024-11-27T19:56:43+00:00","breadcrumb":{"@id":"https:\/\/betelnatural.com\/minegocio\/product\/cafe-con-crema-de-coco-con-ganoderma\/#breadcrumb"},"inLanguage":"es","potentialAction":[{"@type":"ReadAction","target":["https:\/\/betelnatural.com\/minegocio\/product\/cafe-con-crema-de-coco-con-ganoderma\/"]}]},{"@type":"ImageObject","inLanguage":"es","@id":"https:\/\/betelnatural.com\/minegocio\/product\/cafe-con-crema-de-coco-con-ganoderma\/#primaryimage","url":"https:\/\/betelnatural.com\/minegocio\/wp-content\/uploads\/2024\/07\/CafeSolluble_Ganoderma.png","contentUrl":"https:\/\/betelnatural.com\/minegocio\/wp-content\/uploads\/2024\/07\/CafeSolluble_Ganoderma.png","width":1200,"height":1200},{"@type":"BreadcrumbList","@id":"https:\/\/betelnatural.com\/minegocio\/product\/cafe-con-crema-de-coco-con-ganoderma\/#breadcrumb","itemListElement":[{"@type":"ListItem","position":1,"name":"Portada","item":"https:\/\/betelnatural.com\/minegocio\/"},{"@type":"ListItem","position":2,"name":"Product","item":"https:\/\/betelnatural.com\/minegocio\/product\/"},{"@type":"ListItem","position":3,"name":"Caf\u00e9 con crema de Coco con Ganoderma"}]},{"@type":"WebSite","@id":"https:\/\/betelnatural.com\/minegocio\/#website","url":"https:\/\/betelnatural.com\/minegocio\/","name":"Betel Natural","description":"Venta de productos naturales  y vitaminas","publisher":{"@id":"https:\/\/betelnatural.com\/minegocio\/#organization"},"alternateName":"Betel","potentialAction":[{"@type":"SearchAction","target":{"@type":"EntryPoint","urlTemplate":"https:\/\/betelnatural.com\/minegocio\/?s={search_term_string}"},"query-input":{"@type":"PropertyValueSpecification","valueRequired":true,"valueName":"search_term_string"}}],"inLanguage":"es"},{"@type":"Organization","@id":"https:\/\/betelnatural.com\/minegocio\/#organization","name":"Betel Natural","url":"https:\/\/betelnatural.com\/minegocio\/","logo":{"@type":"ImageObject","inLanguage":"es","@id":"https:\/\/betelnatural.com\/minegocio\/#\/schema\/logo\/image\/","url":"https:\/\/betelnatural.com\/minegocio\/wp-content\/uploads\/2024\/06\/logo.png","contentUrl":"https:\/\/betelnatural.com\/minegocio\/wp-content\/uploads\/2024\/06\/logo.png","width":250,"height":95,"caption":"Betel Natural"},"image":{"@id":"https:\/\/betelnatural.com\/minegocio\/#\/schema\/logo\/image\/"},"sameAs":["https:\/\/www.facebook.com\/betelnatural.inc","https:\/\/www.instagram.com\/betel_natural\/"]}]}},"_links":{"self":[{"href":"https:\/\/betelnatural.com\/minegocio\/wp-json\/wp\/v2\/product\/2797","targetHints":{"allow":["GET"]}}],"collection":[{"href":"https:\/\/betelnatural.com\/minegocio\/wp-json\/wp\/v2\/product"}],"about":[{"href":"https:\/\/betelnatural.com\/minegocio\/wp-json\/wp\/v2\/types\/product"}],"replies":[{"embeddable":true,"href":"https:\/\/betelnatural.com\/minegocio\/wp-json\/wp\/v2\/comments?post=2797"}],"wp:featuredmedia":[{"embeddable":true,"href":"https:\/\/betelnatural.com\/minegocio\/wp-json\/wp\/v2\/media\/1290"}],"wp:attachment":[{"href":"https:\/\/betelnatural.com\/minegocio\/wp-json\/wp\/v2\/media?parent=2797"}],"wp:term":[{"taxonomy":"product_brand","embeddable":true,"href":"https:\/\/betelnatural.com\/minegocio\/wp-json\/wp\/v2\/product_brand?post=2797"},{"taxonomy":"product_cat","embeddable":true,"href":"https:\/\/betelnatural.com\/minegocio\/wp-json\/wp\/v2\/product_cat?post=2797"},{"taxonomy":"product_tag","embeddable":true,"href":"https:\/\/betelnatural.com\/minegocio\/wp-json\/wp\/v2\/product_tag?post=2797"}],"curies":[{"name":"wp","href":"https:\/\/api.w.org\/{rel}","templated":true}]}}