{"id":2822,"date":"2024-09-12T14:35:44","date_gmt":"2024-09-12T14:35:44","guid":{"rendered":"https:\/\/betelnatural.com\/minegocio\/product\/cloruro-de-magnesio-plus-capsulas-2\/"},"modified":"2024-11-27T19:56:46","modified_gmt":"2024-11-27T19:56:46","slug":"cloruro-de-magnesio-plus-capsulas","status":"publish","type":"product","link":"https:\/\/betelnatural.com\/minegocio\/product\/cloruro-de-magnesio-plus-capsulas\/","title":{"rendered":"Cloruro de Magnesio Plus c\u00e1psulas"},"content":{"rendered":"<p><em><strong>Apoyo para tus Articulaciones:<\/strong><\/em> Cloruro de Magnesio Plus c\u00e1psulas de Betel Natural es un excelente auxiliar para el cuidado de tus articulaciones y tendones, ayudando a mantener su funcionalidad y bienestar. \ud83d\udcaa\u2728<\/p>\n<p><em><strong>Control del \u00c1cido \u00darico:<\/strong><\/em> Este suplemento tambi\u00e9n apoya la regulaci\u00f3n de los niveles \u00f3ptimos de \u00e1cido \u00farico en el cuerpo, convirti\u00e9ndose en un aliado natural para quienes buscan prevenir o aliviar enfermedades como la gota. \ud83c\udf31<\/p>\n<p><em><strong>Cuidado Integral:<\/strong> <\/em>Gracias a su f\u00f3rmula pr\u00e1ctica en c\u00e1psulas, es una opci\u00f3n f\u00e1cil de integrar a tu rutina diaria para proteger la salud de tu sistema musculoesquel\u00e9tico. \ud83c\udf3f<br \/>\n[ver_mas]<\/p>\n<p>\ud83d\udcc5\u00a0<strong>Modo de Uso<\/strong><\/p>\n<ul>\n<li>Toma tres c\u00e1psulas al d\u00eda, preferiblemente durante las comidas, con un vaso de agua. \ud83d\udca7\ud83c\udf7d\ufe0f<\/li>\n<li>Tambi\u00e9n puedes seguir las indicaciones de tu especialista de salud para un uso personalizado.<\/li>\n<\/ul>\n<p><strong style=\"font-size: 16px;\">Ingredientes Naturales:<\/strong><span style=\"font-size: 16px;\">\u00a0Este producto est\u00e1 formulado a base de ingredientes naturales, ofreciendo una opci\u00f3n saludable y efectiva. \ud83c\udf31<\/span><\/p>\n<p>\u26a0\u00a0<strong>Precauciones<\/strong><\/p>\n<ul>\n<li>Consulta a un profesional de la salud antes de consumirlo, especialmente si est\u00e1s tomando medicamentos o tienes alguna condici\u00f3n m\u00e9dica preexistente.<\/li>\n<li>Mujeres embarazadas o en periodo de lactancia no deben ingerirlo.<\/li>\n<li>Mant\u00e9n las c\u00e1psulas fuera del alcance de los ni\u00f1os y en un lugar fresco y seco.<\/li>\n<\/ul>\n<p><strong>Suplemento Alimenticio:<\/strong> Como suplemento alimenticio, Cloruro de Magnesio Plus c\u00e1psulas de Betel Natural es una excelente adici\u00f3n a tu rutina diaria para optimizar tu bienestar general. \ud83c\udf1f<\/p>\n<p>\ud83c\udf3f\u00a0<strong>Un apoyo natural para tu bienestar:<\/strong>\u00a0Puedes cuidar tu salud de manera sencilla y natural. \u00a1Incl\u00fayelas en tu rutina diaria y siente la diferencia! \u2728<\/p>\n<p>\ud83c\udf08\u2728 \u00a1Potencia tu Betel Natural y si\u00e9ntete bien d\u00eda tras d\u00eda! \ud83c\udf08\u2728<br \/>\n[\/ver_mas]<\/p>\n","protected":false},"excerpt":{"rendered":"<p><strong>90 c\u00e1psulas <\/strong><\/p>\n<p>Auxiliar para las articulaciones, tendones y enfermedades como la gota, ayuda a los niveles \u00f3ptimos del \u00e1cido \u00farico en el cuerpo.<\/p>\n<p>Tomar tres capsulas al d\u00eda o lo que su especialista indique.<\/p>\n","protected":false},"featured_media":1401,"comment_status":"open","ping_status":"closed","template":"","meta":[],"product_brand":[],"product_cat":[153,154,115,173],"product_tag":[],"class_list":{"0":"post-2822","1":"product","2":"type-product","3":"status-publish","4":"has-post-thumbnail","6":"product_cat-fibromialgia","7":"product_cat-gota","8":"product_cat-remedios-naturales","9":"product_cat-vitaminas-y-minerales","11":"first","12":"instock","13":"shipping-taxable","14":"product-type-simple"},"yoast_head":"<!-- This site is optimized with the Yoast SEO plugin v27.4 - https:\/\/yoast.com\/product\/yoast-seo-wordpress\/ -->\n<title>Cloruro de Magnesio Plus c\u00e1psulas - Betel Natural<\/title>\n<meta name=\"robots\" content=\"index, follow, max-snippet:-1, max-image-preview:large, max-video-preview:-1\" \/>\n<link rel=\"canonical\" href=\"https:\/\/betelnatural.com\/minegocio\/product\/cloruro-de-magnesio-plus-capsulas\/\" \/>\n<meta property=\"og:locale\" content=\"es_ES\" \/>\n<meta property=\"og:type\" content=\"article\" \/>\n<meta property=\"og:title\" content=\"Cloruro de Magnesio Plus c\u00e1psulas - Betel Natural\" \/>\n<meta property=\"og:description\" content=\"90 c\u00e1psulas   Auxiliar para las articulaciones, tendones y enfermedades como la gota, ayuda a los niveles \u00f3ptimos del \u00e1cido \u00farico en el cuerpo.  Tomar tres capsulas al d\u00eda o lo que su especialista indique.\" \/>\n<meta property=\"og:url\" content=\"https:\/\/betelnatural.com\/minegocio\/product\/cloruro-de-magnesio-plus-capsulas\/\" \/>\n<meta property=\"og:site_name\" content=\"Betel Natural\" \/>\n<meta property=\"article:publisher\" content=\"https:\/\/www.facebook.com\/betelnatural.inc\" \/>\n<meta property=\"article:modified_time\" content=\"2024-11-27T19:56:46+00:00\" \/>\n<meta property=\"og:image\" content=\"https:\/\/betelnatural.com\/minegocio\/wp-content\/uploads\/2024\/07\/Cloruro-Magnesio_capsulas_frente.png\" \/>\n\t<meta property=\"og:image:width\" content=\"1200\" \/>\n\t<meta property=\"og:image:height\" content=\"1200\" \/>\n\t<meta property=\"og:image:type\" content=\"image\/png\" \/>\n<meta name=\"twitter:card\" content=\"summary_large_image\" \/>\n<meta name=\"twitter:label1\" content=\"Tiempo de lectura\" \/>\n\t<meta name=\"twitter:data1\" content=\"1 minuto\" \/>\n<script type=\"application\/ld+json\" class=\"yoast-schema-graph\">{\"@context\":\"https:\\\/\\\/schema.org\",\"@graph\":[{\"@type\":\"WebPage\",\"@id\":\"https:\\\/\\\/betelnatural.com\\\/minegocio\\\/product\\\/cloruro-de-magnesio-plus-capsulas\\\/\",\"url\":\"https:\\\/\\\/betelnatural.com\\\/minegocio\\\/product\\\/cloruro-de-magnesio-plus-capsulas\\\/\",\"name\":\"Cloruro de Magnesio Plus c\u00e1psulas - Betel Natural\",\"isPartOf\":{\"@id\":\"https:\\\/\\\/betelnatural.com\\\/minegocio\\\/#website\"},\"primaryImageOfPage\":{\"@id\":\"https:\\\/\\\/betelnatural.com\\\/minegocio\\\/product\\\/cloruro-de-magnesio-plus-capsulas\\\/#primaryimage\"},\"image\":{\"@id\":\"https:\\\/\\\/betelnatural.com\\\/minegocio\\\/product\\\/cloruro-de-magnesio-plus-capsulas\\\/#primaryimage\"},\"thumbnailUrl\":\"https:\\\/\\\/betelnatural.com\\\/minegocio\\\/wp-content\\\/uploads\\\/2024\\\/07\\\/Cloruro-Magnesio_capsulas_frente.png\",\"datePublished\":\"2024-09-12T14:35:44+00:00\",\"dateModified\":\"2024-11-27T19:56:46+00:00\",\"breadcrumb\":{\"@id\":\"https:\\\/\\\/betelnatural.com\\\/minegocio\\\/product\\\/cloruro-de-magnesio-plus-capsulas\\\/#breadcrumb\"},\"inLanguage\":\"es\",\"potentialAction\":[{\"@type\":\"ReadAction\",\"target\":[\"https:\\\/\\\/betelnatural.com\\\/minegocio\\\/product\\\/cloruro-de-magnesio-plus-capsulas\\\/\"]}]},{\"@type\":\"ImageObject\",\"inLanguage\":\"es\",\"@id\":\"https:\\\/\\\/betelnatural.com\\\/minegocio\\\/product\\\/cloruro-de-magnesio-plus-capsulas\\\/#primaryimage\",\"url\":\"https:\\\/\\\/betelnatural.com\\\/minegocio\\\/wp-content\\\/uploads\\\/2024\\\/07\\\/Cloruro-Magnesio_capsulas_frente.png\",\"contentUrl\":\"https:\\\/\\\/betelnatural.com\\\/minegocio\\\/wp-content\\\/uploads\\\/2024\\\/07\\\/Cloruro-Magnesio_capsulas_frente.png\",\"width\":1200,\"height\":1200},{\"@type\":\"BreadcrumbList\",\"@id\":\"https:\\\/\\\/betelnatural.com\\\/minegocio\\\/product\\\/cloruro-de-magnesio-plus-capsulas\\\/#breadcrumb\",\"itemListElement\":[{\"@type\":\"ListItem\",\"position\":1,\"name\":\"Portada\",\"item\":\"https:\\\/\\\/betelnatural.com\\\/minegocio\\\/\"},{\"@type\":\"ListItem\",\"position\":2,\"name\":\"Product\",\"item\":\"https:\\\/\\\/betelnatural.com\\\/minegocio\\\/product\\\/\"},{\"@type\":\"ListItem\",\"position\":3,\"name\":\"Cloruro de Magnesio Plus c\u00e1psulas\"}]},{\"@type\":\"WebSite\",\"@id\":\"https:\\\/\\\/betelnatural.com\\\/minegocio\\\/#website\",\"url\":\"https:\\\/\\\/betelnatural.com\\\/minegocio\\\/\",\"name\":\"Betel Natural\",\"description\":\"Venta de productos naturales  y vitaminas\",\"publisher\":{\"@id\":\"https:\\\/\\\/betelnatural.com\\\/minegocio\\\/#organization\"},\"alternateName\":\"Betel\",\"potentialAction\":[{\"@type\":\"SearchAction\",\"target\":{\"@type\":\"EntryPoint\",\"urlTemplate\":\"https:\\\/\\\/betelnatural.com\\\/minegocio\\\/?s={search_term_string}\"},\"query-input\":{\"@type\":\"PropertyValueSpecification\",\"valueRequired\":true,\"valueName\":\"search_term_string\"}}],\"inLanguage\":\"es\"},{\"@type\":\"Organization\",\"@id\":\"https:\\\/\\\/betelnatural.com\\\/minegocio\\\/#organization\",\"name\":\"Betel Natural\",\"url\":\"https:\\\/\\\/betelnatural.com\\\/minegocio\\\/\",\"logo\":{\"@type\":\"ImageObject\",\"inLanguage\":\"es\",\"@id\":\"https:\\\/\\\/betelnatural.com\\\/minegocio\\\/#\\\/schema\\\/logo\\\/image\\\/\",\"url\":\"https:\\\/\\\/betelnatural.com\\\/minegocio\\\/wp-content\\\/uploads\\\/2024\\\/06\\\/logo.png\",\"contentUrl\":\"https:\\\/\\\/betelnatural.com\\\/minegocio\\\/wp-content\\\/uploads\\\/2024\\\/06\\\/logo.png\",\"width\":250,\"height\":95,\"caption\":\"Betel Natural\"},\"image\":{\"@id\":\"https:\\\/\\\/betelnatural.com\\\/minegocio\\\/#\\\/schema\\\/logo\\\/image\\\/\"},\"sameAs\":[\"https:\\\/\\\/www.facebook.com\\\/betelnatural.inc\",\"https:\\\/\\\/www.instagram.com\\\/betel_natural\\\/\"]}]}<\/script>\n<!-- \/ Yoast SEO plugin. -->","yoast_head_json":{"title":"Cloruro de Magnesio Plus c\u00e1psulas - Betel Natural","robots":{"index":"index","follow":"follow","max-snippet":"max-snippet:-1","max-image-preview":"max-image-preview:large","max-video-preview":"max-video-preview:-1"},"canonical":"https:\/\/betelnatural.com\/minegocio\/product\/cloruro-de-magnesio-plus-capsulas\/","og_locale":"es_ES","og_type":"article","og_title":"Cloruro de Magnesio Plus c\u00e1psulas - Betel Natural","og_description":"90 c\u00e1psulas   Auxiliar para las articulaciones, tendones y enfermedades como la gota, ayuda a los niveles \u00f3ptimos del \u00e1cido \u00farico en el cuerpo.  Tomar tres capsulas al d\u00eda o lo que su especialista indique.","og_url":"https:\/\/betelnatural.com\/minegocio\/product\/cloruro-de-magnesio-plus-capsulas\/","og_site_name":"Betel Natural","article_publisher":"https:\/\/www.facebook.com\/betelnatural.inc","article_modified_time":"2024-11-27T19:56:46+00:00","og_image":[{"width":1200,"height":1200,"url":"https:\/\/betelnatural.com\/minegocio\/wp-content\/uploads\/2024\/07\/Cloruro-Magnesio_capsulas_frente.png","type":"image\/png"}],"twitter_card":"summary_large_image","twitter_misc":{"Tiempo de lectura":"1 minuto"},"schema":{"@context":"https:\/\/schema.org","@graph":[{"@type":"WebPage","@id":"https:\/\/betelnatural.com\/minegocio\/product\/cloruro-de-magnesio-plus-capsulas\/","url":"https:\/\/betelnatural.com\/minegocio\/product\/cloruro-de-magnesio-plus-capsulas\/","name":"Cloruro de Magnesio Plus c\u00e1psulas - Betel Natural","isPartOf":{"@id":"https:\/\/betelnatural.com\/minegocio\/#website"},"primaryImageOfPage":{"@id":"https:\/\/betelnatural.com\/minegocio\/product\/cloruro-de-magnesio-plus-capsulas\/#primaryimage"},"image":{"@id":"https:\/\/betelnatural.com\/minegocio\/product\/cloruro-de-magnesio-plus-capsulas\/#primaryimage"},"thumbnailUrl":"https:\/\/betelnatural.com\/minegocio\/wp-content\/uploads\/2024\/07\/Cloruro-Magnesio_capsulas_frente.png","datePublished":"2024-09-12T14:35:44+00:00","dateModified":"2024-11-27T19:56:46+00:00","breadcrumb":{"@id":"https:\/\/betelnatural.com\/minegocio\/product\/cloruro-de-magnesio-plus-capsulas\/#breadcrumb"},"inLanguage":"es","potentialAction":[{"@type":"ReadAction","target":["https:\/\/betelnatural.com\/minegocio\/product\/cloruro-de-magnesio-plus-capsulas\/"]}]},{"@type":"ImageObject","inLanguage":"es","@id":"https:\/\/betelnatural.com\/minegocio\/product\/cloruro-de-magnesio-plus-capsulas\/#primaryimage","url":"https:\/\/betelnatural.com\/minegocio\/wp-content\/uploads\/2024\/07\/Cloruro-Magnesio_capsulas_frente.png","contentUrl":"https:\/\/betelnatural.com\/minegocio\/wp-content\/uploads\/2024\/07\/Cloruro-Magnesio_capsulas_frente.png","width":1200,"height":1200},{"@type":"BreadcrumbList","@id":"https:\/\/betelnatural.com\/minegocio\/product\/cloruro-de-magnesio-plus-capsulas\/#breadcrumb","itemListElement":[{"@type":"ListItem","position":1,"name":"Portada","item":"https:\/\/betelnatural.com\/minegocio\/"},{"@type":"ListItem","position":2,"name":"Product","item":"https:\/\/betelnatural.com\/minegocio\/product\/"},{"@type":"ListItem","position":3,"name":"Cloruro de Magnesio Plus c\u00e1psulas"}]},{"@type":"WebSite","@id":"https:\/\/betelnatural.com\/minegocio\/#website","url":"https:\/\/betelnatural.com\/minegocio\/","name":"Betel Natural","description":"Venta de productos naturales  y vitaminas","publisher":{"@id":"https:\/\/betelnatural.com\/minegocio\/#organization"},"alternateName":"Betel","potentialAction":[{"@type":"SearchAction","target":{"@type":"EntryPoint","urlTemplate":"https:\/\/betelnatural.com\/minegocio\/?s={search_term_string}"},"query-input":{"@type":"PropertyValueSpecification","valueRequired":true,"valueName":"search_term_string"}}],"inLanguage":"es"},{"@type":"Organization","@id":"https:\/\/betelnatural.com\/minegocio\/#organization","name":"Betel Natural","url":"https:\/\/betelnatural.com\/minegocio\/","logo":{"@type":"ImageObject","inLanguage":"es","@id":"https:\/\/betelnatural.com\/minegocio\/#\/schema\/logo\/image\/","url":"https:\/\/betelnatural.com\/minegocio\/wp-content\/uploads\/2024\/06\/logo.png","contentUrl":"https:\/\/betelnatural.com\/minegocio\/wp-content\/uploads\/2024\/06\/logo.png","width":250,"height":95,"caption":"Betel Natural"},"image":{"@id":"https:\/\/betelnatural.com\/minegocio\/#\/schema\/logo\/image\/"},"sameAs":["https:\/\/www.facebook.com\/betelnatural.inc","https:\/\/www.instagram.com\/betel_natural\/"]}]}},"_links":{"self":[{"href":"https:\/\/betelnatural.com\/minegocio\/wp-json\/wp\/v2\/product\/2822","targetHints":{"allow":["GET"]}}],"collection":[{"href":"https:\/\/betelnatural.com\/minegocio\/wp-json\/wp\/v2\/product"}],"about":[{"href":"https:\/\/betelnatural.com\/minegocio\/wp-json\/wp\/v2\/types\/product"}],"replies":[{"embeddable":true,"href":"https:\/\/betelnatural.com\/minegocio\/wp-json\/wp\/v2\/comments?post=2822"}],"wp:featuredmedia":[{"embeddable":true,"href":"https:\/\/betelnatural.com\/minegocio\/wp-json\/wp\/v2\/media\/1401"}],"wp:attachment":[{"href":"https:\/\/betelnatural.com\/minegocio\/wp-json\/wp\/v2\/media?parent=2822"}],"wp:term":[{"taxonomy":"product_brand","embeddable":true,"href":"https:\/\/betelnatural.com\/minegocio\/wp-json\/wp\/v2\/product_brand?post=2822"},{"taxonomy":"product_cat","embeddable":true,"href":"https:\/\/betelnatural.com\/minegocio\/wp-json\/wp\/v2\/product_cat?post=2822"},{"taxonomy":"product_tag","embeddable":true,"href":"https:\/\/betelnatural.com\/minegocio\/wp-json\/wp\/v2\/product_tag?post=2822"}],"curies":[{"name":"wp","href":"https:\/\/api.w.org\/{rel}","templated":true}]}}