{"id":2887,"date":"2024-09-12T14:36:16","date_gmt":"2024-09-12T14:36:16","guid":{"rendered":"https:\/\/betelnatural.com\/minegocio\/product\/hierba-de-san-juan-capsulas-2\/"},"modified":"2024-11-27T19:56:59","modified_gmt":"2024-11-27T19:56:59","slug":"hierba-de-san-juan-capsulas","status":"publish","type":"product","link":"https:\/\/betelnatural.com\/minegocio\/product\/hierba-de-san-juan-capsulas\/","title":{"rendered":"Hierba de San Juan c\u00e1psulas"},"content":{"rendered":"<p><em><strong>Apoyo contra la Depresi\u00f3n:<\/strong><\/em>\u00a0 Hierba de San Juan C\u00e1psulas de Betel Natural por sus componentes naturales de la hierba de San Juan es de gran ayuda para aliviar los s\u00edntomas de la depresi\u00f3n leve a moderada, promoviendo una sensaci\u00f3n de bienestar emocional. \ud83d\ude0a\ud83c\udf38<\/p>\n<p><em><strong>Regulaci\u00f3n de los Ciclos del Sue\u00f1o:<\/strong><\/em> Este suplemento tambi\u00e9n ayuda a regular los ciclos del sue\u00f1o, proporcionando un descanso m\u00e1s reparador y mejorando la calidad del sue\u00f1o durante la noche. \ud83c\udf19\ud83d\udca4<\/p>\n<p>[ver_mas]<\/p>\n<p>\ud83d\udcc5 <strong>Modo de Uso<\/strong><\/p>\n<p>Se recomienda tomar tres c\u00e1psulas al d\u00eda, o seguir las indicaciones de tu especialista. Es importante ajustar la dosis seg\u00fan las necesidades personales y el consejo de un profesional. \ud83d\udc8a\u2714\ufe0f<\/p>\n<p><strong>Ingredientes Naturales:<\/strong> Formulado con ingredientes naturales, Hierba de San Juan C\u00e1psulas es una opci\u00f3n segura y efectiva para quienes buscan un tratamiento natural para el bienestar mental y f\u00edsico. \ud83c\udf31<\/p>\n<p>\u26a0 <strong>Precauciones<\/strong><\/p>\n<ul>\n<li>Consulta a tu m\u00e9dico antes de usar este suplemento si est\u00e1s embarazada \ud83e\udd30, en periodo de lactancia \ud83e\udd31 o bajo tratamiento m\u00e9dico.<\/li>\n<li>Almacenar en un lugar fresco y seco, lejos de la luz directa y fuera del alcance de los ni\u00f1os. \u2744\ufe0f\ud83d\udc76<\/li>\n<\/ul>\n<p><strong>Suplemento Alimenticio:<\/strong> Como suplemento es un aliado eficaz para el tratamiento de la depresi\u00f3n y la regulaci\u00f3n de los ciclos del sue\u00f1o. Este producto es ideal para quienes buscan una opci\u00f3n natural para apoyar su salud emocional y mejorar la calidad de su descanso. \ud83c\udf3f\ud83d\udc86\u200d\u2640\ufe0f<\/p>\n<p>\ud83c\udf3f\u2728 Hierba de San Juan C\u00e1psulas de Betel Natural es tu aliado natural para mejorar el bienestar emocional, regular los ciclos del sue\u00f1o y promover una vida m\u00e1s equilibrada. \ud83c\udf3f\u2728<\/p>\n<p>[\/ver_mas]<\/p>\n","protected":false},"excerpt":{"rendered":"<p><strong>90 c\u00e1psulas<\/strong><\/p>\n<p>Los componentes naturales de la hierba de San Juan son un excelente aliado para el tratamiento de la depresi\u00f3n irregular los ciclos del sue\u00f1o.<\/p>\n<p>Tomar tres capsulas al d\u00eda o lo que su especialista indique.<\/p>\n","protected":false},"featured_media":1734,"comment_status":"open","ping_status":"closed","template":"","meta":[],"product_brand":[],"product_cat":[143,135,183,149,114,134,115,113,136],"product_tag":[],"class_list":{"0":"post-2887","1":"product","2":"type-product","3":"status-publish","4":"has-post-thumbnail","6":"product_cat-angustia","7":"product_cat-ansiedad","8":"product_cat-colitis-nerviosa","9":"product_cat-depresion","10":"product_cat-estres","11":"product_cat-insomnio","12":"product_cat-remedios-naturales","13":"product_cat-salud-mental","14":"product_cat-tension-nerviosa","16":"first","17":"instock","18":"shipping-taxable","19":"product-type-simple"},"yoast_head":"<!-- This site is optimized with the Yoast SEO plugin v27.4 - https:\/\/yoast.com\/product\/yoast-seo-wordpress\/ -->\n<title>Hierba de San Juan c\u00e1psulas - Betel Natural<\/title>\n<meta name=\"robots\" content=\"index, follow, max-snippet:-1, max-image-preview:large, max-video-preview:-1\" \/>\n<link rel=\"canonical\" href=\"https:\/\/betelnatural.com\/minegocio\/product\/hierba-de-san-juan-capsulas\/\" \/>\n<meta property=\"og:locale\" content=\"es_ES\" \/>\n<meta property=\"og:type\" content=\"article\" \/>\n<meta property=\"og:title\" content=\"Hierba de San Juan c\u00e1psulas - Betel Natural\" \/>\n<meta property=\"og:description\" content=\"90 c\u00e1psulas  Los componentes naturales de la hierba de San Juan son un excelente aliado para el tratamiento de la depresi\u00f3n irregular los ciclos del sue\u00f1o.  Tomar tres capsulas al d\u00eda o lo que su especialista indique.\" \/>\n<meta property=\"og:url\" content=\"https:\/\/betelnatural.com\/minegocio\/product\/hierba-de-san-juan-capsulas\/\" \/>\n<meta property=\"og:site_name\" content=\"Betel Natural\" \/>\n<meta property=\"article:publisher\" content=\"https:\/\/www.facebook.com\/betelnatural.inc\" \/>\n<meta property=\"article:modified_time\" content=\"2024-11-27T19:56:59+00:00\" \/>\n<meta property=\"og:image\" content=\"https:\/\/betelnatural.com\/minegocio\/wp-content\/uploads\/2024\/07\/Hierba_de_sanjuan_capsulas.png.png\" \/>\n\t<meta property=\"og:image:width\" content=\"1200\" \/>\n\t<meta property=\"og:image:height\" content=\"1200\" \/>\n\t<meta property=\"og:image:type\" content=\"image\/png\" \/>\n<meta name=\"twitter:card\" content=\"summary_large_image\" \/>\n<meta name=\"twitter:label1\" content=\"Tiempo de lectura\" \/>\n\t<meta name=\"twitter:data1\" content=\"1 minuto\" \/>\n<script type=\"application\/ld+json\" class=\"yoast-schema-graph\">{\"@context\":\"https:\\\/\\\/schema.org\",\"@graph\":[{\"@type\":\"WebPage\",\"@id\":\"https:\\\/\\\/betelnatural.com\\\/minegocio\\\/product\\\/hierba-de-san-juan-capsulas\\\/\",\"url\":\"https:\\\/\\\/betelnatural.com\\\/minegocio\\\/product\\\/hierba-de-san-juan-capsulas\\\/\",\"name\":\"Hierba de San Juan c\u00e1psulas - Betel Natural\",\"isPartOf\":{\"@id\":\"https:\\\/\\\/betelnatural.com\\\/minegocio\\\/#website\"},\"primaryImageOfPage\":{\"@id\":\"https:\\\/\\\/betelnatural.com\\\/minegocio\\\/product\\\/hierba-de-san-juan-capsulas\\\/#primaryimage\"},\"image\":{\"@id\":\"https:\\\/\\\/betelnatural.com\\\/minegocio\\\/product\\\/hierba-de-san-juan-capsulas\\\/#primaryimage\"},\"thumbnailUrl\":\"https:\\\/\\\/betelnatural.com\\\/minegocio\\\/wp-content\\\/uploads\\\/2024\\\/07\\\/Hierba_de_sanjuan_capsulas.png.png\",\"datePublished\":\"2024-09-12T14:36:16+00:00\",\"dateModified\":\"2024-11-27T19:56:59+00:00\",\"breadcrumb\":{\"@id\":\"https:\\\/\\\/betelnatural.com\\\/minegocio\\\/product\\\/hierba-de-san-juan-capsulas\\\/#breadcrumb\"},\"inLanguage\":\"es\",\"potentialAction\":[{\"@type\":\"ReadAction\",\"target\":[\"https:\\\/\\\/betelnatural.com\\\/minegocio\\\/product\\\/hierba-de-san-juan-capsulas\\\/\"]}]},{\"@type\":\"ImageObject\",\"inLanguage\":\"es\",\"@id\":\"https:\\\/\\\/betelnatural.com\\\/minegocio\\\/product\\\/hierba-de-san-juan-capsulas\\\/#primaryimage\",\"url\":\"https:\\\/\\\/betelnatural.com\\\/minegocio\\\/wp-content\\\/uploads\\\/2024\\\/07\\\/Hierba_de_sanjuan_capsulas.png.png\",\"contentUrl\":\"https:\\\/\\\/betelnatural.com\\\/minegocio\\\/wp-content\\\/uploads\\\/2024\\\/07\\\/Hierba_de_sanjuan_capsulas.png.png\",\"width\":1200,\"height\":1200},{\"@type\":\"BreadcrumbList\",\"@id\":\"https:\\\/\\\/betelnatural.com\\\/minegocio\\\/product\\\/hierba-de-san-juan-capsulas\\\/#breadcrumb\",\"itemListElement\":[{\"@type\":\"ListItem\",\"position\":1,\"name\":\"Portada\",\"item\":\"https:\\\/\\\/betelnatural.com\\\/minegocio\\\/\"},{\"@type\":\"ListItem\",\"position\":2,\"name\":\"Product\",\"item\":\"https:\\\/\\\/betelnatural.com\\\/minegocio\\\/product\\\/\"},{\"@type\":\"ListItem\",\"position\":3,\"name\":\"Hierba de San Juan c\u00e1psulas\"}]},{\"@type\":\"WebSite\",\"@id\":\"https:\\\/\\\/betelnatural.com\\\/minegocio\\\/#website\",\"url\":\"https:\\\/\\\/betelnatural.com\\\/minegocio\\\/\",\"name\":\"Betel Natural\",\"description\":\"Venta de productos naturales  y vitaminas\",\"publisher\":{\"@id\":\"https:\\\/\\\/betelnatural.com\\\/minegocio\\\/#organization\"},\"alternateName\":\"Betel\",\"potentialAction\":[{\"@type\":\"SearchAction\",\"target\":{\"@type\":\"EntryPoint\",\"urlTemplate\":\"https:\\\/\\\/betelnatural.com\\\/minegocio\\\/?s={search_term_string}\"},\"query-input\":{\"@type\":\"PropertyValueSpecification\",\"valueRequired\":true,\"valueName\":\"search_term_string\"}}],\"inLanguage\":\"es\"},{\"@type\":\"Organization\",\"@id\":\"https:\\\/\\\/betelnatural.com\\\/minegocio\\\/#organization\",\"name\":\"Betel Natural\",\"url\":\"https:\\\/\\\/betelnatural.com\\\/minegocio\\\/\",\"logo\":{\"@type\":\"ImageObject\",\"inLanguage\":\"es\",\"@id\":\"https:\\\/\\\/betelnatural.com\\\/minegocio\\\/#\\\/schema\\\/logo\\\/image\\\/\",\"url\":\"https:\\\/\\\/betelnatural.com\\\/minegocio\\\/wp-content\\\/uploads\\\/2024\\\/06\\\/logo.png\",\"contentUrl\":\"https:\\\/\\\/betelnatural.com\\\/minegocio\\\/wp-content\\\/uploads\\\/2024\\\/06\\\/logo.png\",\"width\":250,\"height\":95,\"caption\":\"Betel Natural\"},\"image\":{\"@id\":\"https:\\\/\\\/betelnatural.com\\\/minegocio\\\/#\\\/schema\\\/logo\\\/image\\\/\"},\"sameAs\":[\"https:\\\/\\\/www.facebook.com\\\/betelnatural.inc\",\"https:\\\/\\\/www.instagram.com\\\/betel_natural\\\/\"]}]}<\/script>\n<!-- \/ Yoast SEO plugin. -->","yoast_head_json":{"title":"Hierba de San Juan c\u00e1psulas - Betel Natural","robots":{"index":"index","follow":"follow","max-snippet":"max-snippet:-1","max-image-preview":"max-image-preview:large","max-video-preview":"max-video-preview:-1"},"canonical":"https:\/\/betelnatural.com\/minegocio\/product\/hierba-de-san-juan-capsulas\/","og_locale":"es_ES","og_type":"article","og_title":"Hierba de San Juan c\u00e1psulas - Betel Natural","og_description":"90 c\u00e1psulas  Los componentes naturales de la hierba de San Juan son un excelente aliado para el tratamiento de la depresi\u00f3n irregular los ciclos del sue\u00f1o.  Tomar tres capsulas al d\u00eda o lo que su especialista indique.","og_url":"https:\/\/betelnatural.com\/minegocio\/product\/hierba-de-san-juan-capsulas\/","og_site_name":"Betel Natural","article_publisher":"https:\/\/www.facebook.com\/betelnatural.inc","article_modified_time":"2024-11-27T19:56:59+00:00","og_image":[{"width":1200,"height":1200,"url":"https:\/\/betelnatural.com\/minegocio\/wp-content\/uploads\/2024\/07\/Hierba_de_sanjuan_capsulas.png.png","type":"image\/png"}],"twitter_card":"summary_large_image","twitter_misc":{"Tiempo de lectura":"1 minuto"},"schema":{"@context":"https:\/\/schema.org","@graph":[{"@type":"WebPage","@id":"https:\/\/betelnatural.com\/minegocio\/product\/hierba-de-san-juan-capsulas\/","url":"https:\/\/betelnatural.com\/minegocio\/product\/hierba-de-san-juan-capsulas\/","name":"Hierba de San Juan c\u00e1psulas - Betel Natural","isPartOf":{"@id":"https:\/\/betelnatural.com\/minegocio\/#website"},"primaryImageOfPage":{"@id":"https:\/\/betelnatural.com\/minegocio\/product\/hierba-de-san-juan-capsulas\/#primaryimage"},"image":{"@id":"https:\/\/betelnatural.com\/minegocio\/product\/hierba-de-san-juan-capsulas\/#primaryimage"},"thumbnailUrl":"https:\/\/betelnatural.com\/minegocio\/wp-content\/uploads\/2024\/07\/Hierba_de_sanjuan_capsulas.png.png","datePublished":"2024-09-12T14:36:16+00:00","dateModified":"2024-11-27T19:56:59+00:00","breadcrumb":{"@id":"https:\/\/betelnatural.com\/minegocio\/product\/hierba-de-san-juan-capsulas\/#breadcrumb"},"inLanguage":"es","potentialAction":[{"@type":"ReadAction","target":["https:\/\/betelnatural.com\/minegocio\/product\/hierba-de-san-juan-capsulas\/"]}]},{"@type":"ImageObject","inLanguage":"es","@id":"https:\/\/betelnatural.com\/minegocio\/product\/hierba-de-san-juan-capsulas\/#primaryimage","url":"https:\/\/betelnatural.com\/minegocio\/wp-content\/uploads\/2024\/07\/Hierba_de_sanjuan_capsulas.png.png","contentUrl":"https:\/\/betelnatural.com\/minegocio\/wp-content\/uploads\/2024\/07\/Hierba_de_sanjuan_capsulas.png.png","width":1200,"height":1200},{"@type":"BreadcrumbList","@id":"https:\/\/betelnatural.com\/minegocio\/product\/hierba-de-san-juan-capsulas\/#breadcrumb","itemListElement":[{"@type":"ListItem","position":1,"name":"Portada","item":"https:\/\/betelnatural.com\/minegocio\/"},{"@type":"ListItem","position":2,"name":"Product","item":"https:\/\/betelnatural.com\/minegocio\/product\/"},{"@type":"ListItem","position":3,"name":"Hierba de San Juan c\u00e1psulas"}]},{"@type":"WebSite","@id":"https:\/\/betelnatural.com\/minegocio\/#website","url":"https:\/\/betelnatural.com\/minegocio\/","name":"Betel Natural","description":"Venta de productos naturales  y vitaminas","publisher":{"@id":"https:\/\/betelnatural.com\/minegocio\/#organization"},"alternateName":"Betel","potentialAction":[{"@type":"SearchAction","target":{"@type":"EntryPoint","urlTemplate":"https:\/\/betelnatural.com\/minegocio\/?s={search_term_string}"},"query-input":{"@type":"PropertyValueSpecification","valueRequired":true,"valueName":"search_term_string"}}],"inLanguage":"es"},{"@type":"Organization","@id":"https:\/\/betelnatural.com\/minegocio\/#organization","name":"Betel Natural","url":"https:\/\/betelnatural.com\/minegocio\/","logo":{"@type":"ImageObject","inLanguage":"es","@id":"https:\/\/betelnatural.com\/minegocio\/#\/schema\/logo\/image\/","url":"https:\/\/betelnatural.com\/minegocio\/wp-content\/uploads\/2024\/06\/logo.png","contentUrl":"https:\/\/betelnatural.com\/minegocio\/wp-content\/uploads\/2024\/06\/logo.png","width":250,"height":95,"caption":"Betel Natural"},"image":{"@id":"https:\/\/betelnatural.com\/minegocio\/#\/schema\/logo\/image\/"},"sameAs":["https:\/\/www.facebook.com\/betelnatural.inc","https:\/\/www.instagram.com\/betel_natural\/"]}]}},"_links":{"self":[{"href":"https:\/\/betelnatural.com\/minegocio\/wp-json\/wp\/v2\/product\/2887","targetHints":{"allow":["GET"]}}],"collection":[{"href":"https:\/\/betelnatural.com\/minegocio\/wp-json\/wp\/v2\/product"}],"about":[{"href":"https:\/\/betelnatural.com\/minegocio\/wp-json\/wp\/v2\/types\/product"}],"replies":[{"embeddable":true,"href":"https:\/\/betelnatural.com\/minegocio\/wp-json\/wp\/v2\/comments?post=2887"}],"wp:featuredmedia":[{"embeddable":true,"href":"https:\/\/betelnatural.com\/minegocio\/wp-json\/wp\/v2\/media\/1734"}],"wp:attachment":[{"href":"https:\/\/betelnatural.com\/minegocio\/wp-json\/wp\/v2\/media?parent=2887"}],"wp:term":[{"taxonomy":"product_brand","embeddable":true,"href":"https:\/\/betelnatural.com\/minegocio\/wp-json\/wp\/v2\/product_brand?post=2887"},{"taxonomy":"product_cat","embeddable":true,"href":"https:\/\/betelnatural.com\/minegocio\/wp-json\/wp\/v2\/product_cat?post=2887"},{"taxonomy":"product_tag","embeddable":true,"href":"https:\/\/betelnatural.com\/minegocio\/wp-json\/wp\/v2\/product_tag?post=2887"}],"curies":[{"name":"wp","href":"https:\/\/api.w.org\/{rel}","templated":true}]}}