{"id":2902,"date":"2024-09-12T14:36:24","date_gmt":"2024-09-12T14:36:24","guid":{"rendered":"https:\/\/betelnatural.com\/minegocio\/product\/levadura-de-cerveza-polvo-2\/"},"modified":"2024-11-27T19:57:01","modified_gmt":"2024-11-27T19:57:01","slug":"levadura-de-cerveza-polvo","status":"publish","type":"product","link":"https:\/\/betelnatural.com\/minegocio\/product\/levadura-de-cerveza-polvo\/","title":{"rendered":"Levadura de Cerveza Polvo"},"content":{"rendered":"<p><em><strong>Rico en Vitaminas y Minerales<\/strong>:<\/em> La <em>Levadura de Cerveza Polvo<\/em> de Betel Natural es una excelente fuente de nutrientes esenciales que son fundamentales para el buen funcionamiento del cuerpo. \ud83d\udc8a<\/p>\n<p><em><strong>Metabolismo Saludable<\/strong>:<\/em> Ayuda a promover un metabolismo equilibrado, contribuyendo a una mejor conversi\u00f3n de los nutrientes y optimizando la energ\u00eda corporal. \ud83d\udd25<\/p>\n<p><em><strong>Mejora la Salud de la Piel y Cabello<\/strong>:<\/em> Gracias a su alto contenido de nutrientes, este suplemento favorece la salud de la piel, las u\u00f1as y el cabello mejorando y brindando una aprariencia saludable. \ud83c\udf3c<\/p>\n<p><em><strong>Apoya el Sistema Nervioso<\/strong>:<\/em> Las vitaminas del complejo B presentes en la levadura de cerveza son esenciales para el funcionamiento adecuado del sistema nervioso, reduciendo el estr\u00e9s y mejorando el estado de \u00e1nimo. \ud83d\ude0a<\/p>\n<p><em><strong>Fortalece el Sistema Inmunol\u00f3gico<\/strong>:<\/em> Con sus propiedades nutritivas, contribuye a fortalecer el sistema inmunol\u00f3gico, ayudando a mantenerte saludable. \ud83e\udda0<\/p>\n<p>[ver_mas]<\/p>\n<p>\ud83d\udcc5 <strong>Modo de Uso<\/strong><\/p>\n<p>Mezcla una cucharada de Levadura de Cerveza Polvo en agua o jugo de tu preferencia. T\u00f3mala de dos a tres veces al d\u00eda, o seg\u00fan las indicaciones de tu especialista. \ud83d\udca7\ud83c\udf4a<\/p>\n<p>\u26a0 <strong>Precauciones<\/strong><\/p>\n<p>Consulta con un profesional de la salud antes de comenzar a usar este producto, especialmente si tienes condiciones de salud preexistentes.\ud83d\udc68\u200d\u2695\ufe0f<br \/>\nMujeres embarazadas o en periodo de lactancia no deben ingerirlo. Mant\u00e9n este producto en un lugar fresco y seco, fuera del alcance de los ni\u00f1os. \u2744\ufe0f<\/p>\n<p><strong>Suplemento Alimenticio:<\/strong> Para quienes desean optimizar su metabolismo y mantener una salud integral esta f\u00f3rmula perfecta rica en vitaminas y minerales naturales que favorecen a un metabolismo saludable apoyando tu bienestar general. \ud83c\udf31<\/p>\n<p>\ud83c\udf1f Optimiza tu salud con la Levadura de Cerveza Polvo de Betel Natural, una excelente fuente de nutrientes para tu bienestar general. \u2728<\/p>\n<p>[\/ver_mas]<\/p>\n","protected":false},"excerpt":{"rendered":"<p>Contiene varias vitaminas, minerales, nutrientes y un alto contenido de complejo B, promueve un metabolismo saludable.<\/p>\n","protected":false},"featured_media":1785,"comment_status":"open","ping_status":"closed","template":"","meta":[],"product_brand":[],"product_cat":[116,180,121,115,184],"product_tag":[],"class_list":{"0":"post-2902","1":"product","2":"type-product","3":"status-publish","4":"has-post-thumbnail","6":"product_cat-agotamiento-fisico","7":"product_cat-buena-digestion","8":"product_cat-digestion","9":"product_cat-remedios-naturales","10":"product_cat-super-alimentos","12":"first","13":"instock","14":"shipping-taxable","15":"product-type-simple"},"yoast_head":"<!-- This site is optimized with the Yoast SEO plugin v27.4 - https:\/\/yoast.com\/product\/yoast-seo-wordpress\/ -->\n<title>Levadura de Cerveza Polvo - Betel Natural<\/title>\n<meta name=\"robots\" content=\"index, follow, max-snippet:-1, max-image-preview:large, max-video-preview:-1\" \/>\n<link rel=\"canonical\" href=\"https:\/\/betelnatural.com\/minegocio\/product\/levadura-de-cerveza-polvo\/\" \/>\n<meta property=\"og:locale\" content=\"es_ES\" \/>\n<meta property=\"og:type\" content=\"article\" \/>\n<meta property=\"og:title\" content=\"Levadura de Cerveza Polvo - Betel Natural\" \/>\n<meta property=\"og:description\" content=\"Contiene varias vitaminas, minerales, nutrientes y un alto contenido de complejo B, promueve un metabolismo saludable.\" \/>\n<meta property=\"og:url\" content=\"https:\/\/betelnatural.com\/minegocio\/product\/levadura-de-cerveza-polvo\/\" \/>\n<meta property=\"og:site_name\" content=\"Betel Natural\" \/>\n<meta property=\"article:publisher\" content=\"https:\/\/www.facebook.com\/betelnatural.inc\" \/>\n<meta property=\"article:modified_time\" content=\"2024-11-27T19:57:01+00:00\" \/>\n<meta property=\"og:image\" content=\"https:\/\/betelnatural.com\/minegocio\/wp-content\/uploads\/2024\/07\/LevaduraCerveza_polvo.png\" \/>\n\t<meta property=\"og:image:width\" content=\"1200\" \/>\n\t<meta property=\"og:image:height\" content=\"1200\" \/>\n\t<meta property=\"og:image:type\" content=\"image\/png\" \/>\n<meta name=\"twitter:card\" content=\"summary_large_image\" \/>\n<meta name=\"twitter:label1\" content=\"Tiempo de lectura\" \/>\n\t<meta name=\"twitter:data1\" content=\"1 minuto\" \/>\n<script type=\"application\/ld+json\" class=\"yoast-schema-graph\">{\"@context\":\"https:\\\/\\\/schema.org\",\"@graph\":[{\"@type\":\"WebPage\",\"@id\":\"https:\\\/\\\/betelnatural.com\\\/minegocio\\\/product\\\/levadura-de-cerveza-polvo\\\/\",\"url\":\"https:\\\/\\\/betelnatural.com\\\/minegocio\\\/product\\\/levadura-de-cerveza-polvo\\\/\",\"name\":\"Levadura de Cerveza Polvo - Betel Natural\",\"isPartOf\":{\"@id\":\"https:\\\/\\\/betelnatural.com\\\/minegocio\\\/#website\"},\"primaryImageOfPage\":{\"@id\":\"https:\\\/\\\/betelnatural.com\\\/minegocio\\\/product\\\/levadura-de-cerveza-polvo\\\/#primaryimage\"},\"image\":{\"@id\":\"https:\\\/\\\/betelnatural.com\\\/minegocio\\\/product\\\/levadura-de-cerveza-polvo\\\/#primaryimage\"},\"thumbnailUrl\":\"https:\\\/\\\/betelnatural.com\\\/minegocio\\\/wp-content\\\/uploads\\\/2024\\\/07\\\/LevaduraCerveza_polvo.png\",\"datePublished\":\"2024-09-12T14:36:24+00:00\",\"dateModified\":\"2024-11-27T19:57:01+00:00\",\"breadcrumb\":{\"@id\":\"https:\\\/\\\/betelnatural.com\\\/minegocio\\\/product\\\/levadura-de-cerveza-polvo\\\/#breadcrumb\"},\"inLanguage\":\"es\",\"potentialAction\":[{\"@type\":\"ReadAction\",\"target\":[\"https:\\\/\\\/betelnatural.com\\\/minegocio\\\/product\\\/levadura-de-cerveza-polvo\\\/\"]}]},{\"@type\":\"ImageObject\",\"inLanguage\":\"es\",\"@id\":\"https:\\\/\\\/betelnatural.com\\\/minegocio\\\/product\\\/levadura-de-cerveza-polvo\\\/#primaryimage\",\"url\":\"https:\\\/\\\/betelnatural.com\\\/minegocio\\\/wp-content\\\/uploads\\\/2024\\\/07\\\/LevaduraCerveza_polvo.png\",\"contentUrl\":\"https:\\\/\\\/betelnatural.com\\\/minegocio\\\/wp-content\\\/uploads\\\/2024\\\/07\\\/LevaduraCerveza_polvo.png\",\"width\":1200,\"height\":1200},{\"@type\":\"BreadcrumbList\",\"@id\":\"https:\\\/\\\/betelnatural.com\\\/minegocio\\\/product\\\/levadura-de-cerveza-polvo\\\/#breadcrumb\",\"itemListElement\":[{\"@type\":\"ListItem\",\"position\":1,\"name\":\"Portada\",\"item\":\"https:\\\/\\\/betelnatural.com\\\/minegocio\\\/\"},{\"@type\":\"ListItem\",\"position\":2,\"name\":\"Product\",\"item\":\"https:\\\/\\\/betelnatural.com\\\/minegocio\\\/product\\\/\"},{\"@type\":\"ListItem\",\"position\":3,\"name\":\"Levadura de Cerveza Polvo\"}]},{\"@type\":\"WebSite\",\"@id\":\"https:\\\/\\\/betelnatural.com\\\/minegocio\\\/#website\",\"url\":\"https:\\\/\\\/betelnatural.com\\\/minegocio\\\/\",\"name\":\"Betel Natural\",\"description\":\"Venta de productos naturales  y vitaminas\",\"publisher\":{\"@id\":\"https:\\\/\\\/betelnatural.com\\\/minegocio\\\/#organization\"},\"alternateName\":\"Betel\",\"potentialAction\":[{\"@type\":\"SearchAction\",\"target\":{\"@type\":\"EntryPoint\",\"urlTemplate\":\"https:\\\/\\\/betelnatural.com\\\/minegocio\\\/?s={search_term_string}\"},\"query-input\":{\"@type\":\"PropertyValueSpecification\",\"valueRequired\":true,\"valueName\":\"search_term_string\"}}],\"inLanguage\":\"es\"},{\"@type\":\"Organization\",\"@id\":\"https:\\\/\\\/betelnatural.com\\\/minegocio\\\/#organization\",\"name\":\"Betel Natural\",\"url\":\"https:\\\/\\\/betelnatural.com\\\/minegocio\\\/\",\"logo\":{\"@type\":\"ImageObject\",\"inLanguage\":\"es\",\"@id\":\"https:\\\/\\\/betelnatural.com\\\/minegocio\\\/#\\\/schema\\\/logo\\\/image\\\/\",\"url\":\"https:\\\/\\\/betelnatural.com\\\/minegocio\\\/wp-content\\\/uploads\\\/2024\\\/06\\\/logo.png\",\"contentUrl\":\"https:\\\/\\\/betelnatural.com\\\/minegocio\\\/wp-content\\\/uploads\\\/2024\\\/06\\\/logo.png\",\"width\":250,\"height\":95,\"caption\":\"Betel Natural\"},\"image\":{\"@id\":\"https:\\\/\\\/betelnatural.com\\\/minegocio\\\/#\\\/schema\\\/logo\\\/image\\\/\"},\"sameAs\":[\"https:\\\/\\\/www.facebook.com\\\/betelnatural.inc\",\"https:\\\/\\\/www.instagram.com\\\/betel_natural\\\/\"]}]}<\/script>\n<!-- \/ Yoast SEO plugin. -->","yoast_head_json":{"title":"Levadura de Cerveza Polvo - Betel Natural","robots":{"index":"index","follow":"follow","max-snippet":"max-snippet:-1","max-image-preview":"max-image-preview:large","max-video-preview":"max-video-preview:-1"},"canonical":"https:\/\/betelnatural.com\/minegocio\/product\/levadura-de-cerveza-polvo\/","og_locale":"es_ES","og_type":"article","og_title":"Levadura de Cerveza Polvo - Betel Natural","og_description":"Contiene varias vitaminas, minerales, nutrientes y un alto contenido de complejo B, promueve un metabolismo saludable.","og_url":"https:\/\/betelnatural.com\/minegocio\/product\/levadura-de-cerveza-polvo\/","og_site_name":"Betel Natural","article_publisher":"https:\/\/www.facebook.com\/betelnatural.inc","article_modified_time":"2024-11-27T19:57:01+00:00","og_image":[{"width":1200,"height":1200,"url":"https:\/\/betelnatural.com\/minegocio\/wp-content\/uploads\/2024\/07\/LevaduraCerveza_polvo.png","type":"image\/png"}],"twitter_card":"summary_large_image","twitter_misc":{"Tiempo de lectura":"1 minuto"},"schema":{"@context":"https:\/\/schema.org","@graph":[{"@type":"WebPage","@id":"https:\/\/betelnatural.com\/minegocio\/product\/levadura-de-cerveza-polvo\/","url":"https:\/\/betelnatural.com\/minegocio\/product\/levadura-de-cerveza-polvo\/","name":"Levadura de Cerveza Polvo - Betel Natural","isPartOf":{"@id":"https:\/\/betelnatural.com\/minegocio\/#website"},"primaryImageOfPage":{"@id":"https:\/\/betelnatural.com\/minegocio\/product\/levadura-de-cerveza-polvo\/#primaryimage"},"image":{"@id":"https:\/\/betelnatural.com\/minegocio\/product\/levadura-de-cerveza-polvo\/#primaryimage"},"thumbnailUrl":"https:\/\/betelnatural.com\/minegocio\/wp-content\/uploads\/2024\/07\/LevaduraCerveza_polvo.png","datePublished":"2024-09-12T14:36:24+00:00","dateModified":"2024-11-27T19:57:01+00:00","breadcrumb":{"@id":"https:\/\/betelnatural.com\/minegocio\/product\/levadura-de-cerveza-polvo\/#breadcrumb"},"inLanguage":"es","potentialAction":[{"@type":"ReadAction","target":["https:\/\/betelnatural.com\/minegocio\/product\/levadura-de-cerveza-polvo\/"]}]},{"@type":"ImageObject","inLanguage":"es","@id":"https:\/\/betelnatural.com\/minegocio\/product\/levadura-de-cerveza-polvo\/#primaryimage","url":"https:\/\/betelnatural.com\/minegocio\/wp-content\/uploads\/2024\/07\/LevaduraCerveza_polvo.png","contentUrl":"https:\/\/betelnatural.com\/minegocio\/wp-content\/uploads\/2024\/07\/LevaduraCerveza_polvo.png","width":1200,"height":1200},{"@type":"BreadcrumbList","@id":"https:\/\/betelnatural.com\/minegocio\/product\/levadura-de-cerveza-polvo\/#breadcrumb","itemListElement":[{"@type":"ListItem","position":1,"name":"Portada","item":"https:\/\/betelnatural.com\/minegocio\/"},{"@type":"ListItem","position":2,"name":"Product","item":"https:\/\/betelnatural.com\/minegocio\/product\/"},{"@type":"ListItem","position":3,"name":"Levadura de Cerveza Polvo"}]},{"@type":"WebSite","@id":"https:\/\/betelnatural.com\/minegocio\/#website","url":"https:\/\/betelnatural.com\/minegocio\/","name":"Betel Natural","description":"Venta de productos naturales  y vitaminas","publisher":{"@id":"https:\/\/betelnatural.com\/minegocio\/#organization"},"alternateName":"Betel","potentialAction":[{"@type":"SearchAction","target":{"@type":"EntryPoint","urlTemplate":"https:\/\/betelnatural.com\/minegocio\/?s={search_term_string}"},"query-input":{"@type":"PropertyValueSpecification","valueRequired":true,"valueName":"search_term_string"}}],"inLanguage":"es"},{"@type":"Organization","@id":"https:\/\/betelnatural.com\/minegocio\/#organization","name":"Betel Natural","url":"https:\/\/betelnatural.com\/minegocio\/","logo":{"@type":"ImageObject","inLanguage":"es","@id":"https:\/\/betelnatural.com\/minegocio\/#\/schema\/logo\/image\/","url":"https:\/\/betelnatural.com\/minegocio\/wp-content\/uploads\/2024\/06\/logo.png","contentUrl":"https:\/\/betelnatural.com\/minegocio\/wp-content\/uploads\/2024\/06\/logo.png","width":250,"height":95,"caption":"Betel Natural"},"image":{"@id":"https:\/\/betelnatural.com\/minegocio\/#\/schema\/logo\/image\/"},"sameAs":["https:\/\/www.facebook.com\/betelnatural.inc","https:\/\/www.instagram.com\/betel_natural\/"]}]}},"_links":{"self":[{"href":"https:\/\/betelnatural.com\/minegocio\/wp-json\/wp\/v2\/product\/2902","targetHints":{"allow":["GET"]}}],"collection":[{"href":"https:\/\/betelnatural.com\/minegocio\/wp-json\/wp\/v2\/product"}],"about":[{"href":"https:\/\/betelnatural.com\/minegocio\/wp-json\/wp\/v2\/types\/product"}],"replies":[{"embeddable":true,"href":"https:\/\/betelnatural.com\/minegocio\/wp-json\/wp\/v2\/comments?post=2902"}],"wp:featuredmedia":[{"embeddable":true,"href":"https:\/\/betelnatural.com\/minegocio\/wp-json\/wp\/v2\/media\/1785"}],"wp:attachment":[{"href":"https:\/\/betelnatural.com\/minegocio\/wp-json\/wp\/v2\/media?parent=2902"}],"wp:term":[{"taxonomy":"product_brand","embeddable":true,"href":"https:\/\/betelnatural.com\/minegocio\/wp-json\/wp\/v2\/product_brand?post=2902"},{"taxonomy":"product_cat","embeddable":true,"href":"https:\/\/betelnatural.com\/minegocio\/wp-json\/wp\/v2\/product_cat?post=2902"},{"taxonomy":"product_tag","embeddable":true,"href":"https:\/\/betelnatural.com\/minegocio\/wp-json\/wp\/v2\/product_tag?post=2902"}],"curies":[{"name":"wp","href":"https:\/\/api.w.org\/{rel}","templated":true}]}}