{"id":2907,"date":"2024-09-12T14:36:26","date_gmt":"2024-09-12T14:36:26","guid":{"rendered":"https:\/\/betelnatural.com\/minegocio\/product\/maca-negra-polvo-2\/"},"modified":"2024-11-27T19:57:01","modified_gmt":"2024-11-27T19:57:01","slug":"maca-negra-polvo","status":"publish","type":"product","link":"https:\/\/betelnatural.com\/minegocio\/product\/maca-negra-polvo\/","title":{"rendered":"Maca Negra Polvo"},"content":{"rendered":"<p><em><strong>Mejora la Memoria y Concentraci\u00f3n<\/strong>:<\/em> La <em>Maca Negra<\/em> Polvo de Betel Natural potencia las funciones cognitivas, ayudando a mejorar la memoria, la concentraci\u00f3n y la retenci\u00f3n de informaci\u00f3n. \ud83d\udcdd<\/p>\n<p><em><strong>Reducci\u00f3n del Estr\u00e9s<\/strong>:<\/em> Contribuye a disminuir los niveles de estr\u00e9s, ayudando a mantener un estado de \u00e1nimo equilibrado y relajado. \ud83e\uddd8\u200d\u2640\ufe0f<\/p>\n<p><em><strong>Combate la Fatiga<\/strong>:<\/em>Ayuda a reducir la fatiga f\u00edsica y mental, brindando energ\u00eda natural para enfrentar las actividades del d\u00eda a d\u00eda. <em>\u26a1<\/em><\/p>\n<p><em><strong>Producto Org\u00e1nico<\/strong>:<\/em> Cultivado de forma org\u00e1nica, este polvo conserva todas las propiedades naturales de la <em>Maca Negra<\/em>, siendo una opci\u00f3n saludable y pura. \ud83c\udf31<\/p>\n<p>[ver_mas]<\/p>\n<p>\ud83d\udcc5 <strong>Modo de Uso<\/strong><\/p>\n<ul>\n<li><strong>Consumo Diario<\/strong>: Mezcla una cucharada de Maca Negra Polvo en agua o en tu bebida favorita (como jugos, batidos, o t\u00e9). \ud83d\udca7\ud83c\udf79<\/li>\n<li><strong>Sugerencia de Uso<\/strong>: T\u00f3malo de dos a tres veces al d\u00eda, o sigue las indicaciones de tu especialista para una dosis personalizada. \ud83e\ude7a<\/li>\n<\/ul>\n<p>\u26a0 <strong>Precauciones<\/strong><\/p>\n<p>Antes de comenzar a usar este suplemento, consulta con tu m\u00e9dico, especialmente si est\u00e1s bajo tratamiento m\u00e9dico o padeces condiciones preexistentes. \ud83d\udc68\u200d\u2695\ufe0fMujeres embarazadas o en periodo de lactancia no deben ingerirlo.\u00a0 Guarda este producto en un lugar fresco y seco, fuera del alcance de los ni\u00f1os. \u2744\ufe0f<\/p>\n<p><strong>Suplemento Alimenticio:<\/strong> Como suplemento alimenticio org\u00e1nico de alta calidad es ideal para mejorar el rendimiento mental, f\u00edsico y emocional. Este polvo natural ayuda a mantener un buen estado de \u00e1nimo, mejorar la memoria y aumentar la concentraci\u00f3n, convirti\u00e9ndolo en una opci\u00f3n perfecta para quienes buscan optimizar su bienestar integral. \ud83e\udde0\u2728<\/p>\n<p>\ud83c\udf3f Aprovecha los beneficios de la Maca Negra Polvo de Betel Natural y eleva tu energ\u00eda y bienestar de manera natural. \u2728<\/p>\n<p>[\/ver_mas]<\/p>\n","protected":false},"excerpt":{"rendered":"<p>Mejora la memoria, la concentraci\u00f3n y la retenci\u00f3n de informaci\u00f3n. Evita el estr\u00e9s y la fatiga fomentando el buen estado de \u00e1nimo.<\/p>\n","protected":false},"featured_media":1794,"comment_status":"open","ping_status":"closed","template":"","meta":[],"product_brand":[],"product_cat":[118,182,162,167,115,184],"product_tag":[],"class_list":{"0":"post-2907","1":"product","2":"type-product","3":"status-publish","4":"has-post-thumbnail","6":"product_cat-balance-hormonal-femenino","7":"product_cat-impotencia-sexual","8":"product_cat-menopausia","9":"product_cat-regulacion-menstrual","10":"product_cat-remedios-naturales","11":"product_cat-super-alimentos","13":"first","14":"instock","15":"shipping-taxable","16":"product-type-simple"},"yoast_head":"<!-- This site is optimized with the Yoast SEO plugin v27.4 - https:\/\/yoast.com\/product\/yoast-seo-wordpress\/ -->\n<title>Maca Negra Polvo - Betel Natural<\/title>\n<meta name=\"robots\" content=\"index, follow, max-snippet:-1, max-image-preview:large, max-video-preview:-1\" \/>\n<link rel=\"canonical\" href=\"https:\/\/betelnatural.com\/minegocio\/product\/maca-negra-polvo\/\" \/>\n<meta property=\"og:locale\" content=\"es_ES\" \/>\n<meta property=\"og:type\" content=\"article\" \/>\n<meta property=\"og:title\" content=\"Maca Negra Polvo - Betel Natural\" \/>\n<meta property=\"og:description\" content=\"Mejora la memoria, la concentraci\u00f3n y la retenci\u00f3n de informaci\u00f3n. Evita el estr\u00e9s y la fatiga fomentando el buen estado de \u00e1nimo.\" \/>\n<meta property=\"og:url\" content=\"https:\/\/betelnatural.com\/minegocio\/product\/maca-negra-polvo\/\" \/>\n<meta property=\"og:site_name\" content=\"Betel Natural\" \/>\n<meta property=\"article:publisher\" content=\"https:\/\/www.facebook.com\/betelnatural.inc\" \/>\n<meta property=\"article:modified_time\" content=\"2024-11-27T19:57:01+00:00\" \/>\n<meta property=\"og:image\" content=\"https:\/\/betelnatural.com\/minegocio\/wp-content\/uploads\/2024\/07\/MacaNegra_polvo.png\" \/>\n\t<meta property=\"og:image:width\" content=\"1200\" \/>\n\t<meta property=\"og:image:height\" content=\"1200\" \/>\n\t<meta property=\"og:image:type\" content=\"image\/png\" \/>\n<meta name=\"twitter:card\" content=\"summary_large_image\" \/>\n<meta name=\"twitter:label1\" content=\"Tiempo de lectura\" \/>\n\t<meta name=\"twitter:data1\" content=\"1 minuto\" \/>\n<script type=\"application\/ld+json\" class=\"yoast-schema-graph\">{\"@context\":\"https:\\\/\\\/schema.org\",\"@graph\":[{\"@type\":\"WebPage\",\"@id\":\"https:\\\/\\\/betelnatural.com\\\/minegocio\\\/product\\\/maca-negra-polvo\\\/\",\"url\":\"https:\\\/\\\/betelnatural.com\\\/minegocio\\\/product\\\/maca-negra-polvo\\\/\",\"name\":\"Maca Negra Polvo - Betel Natural\",\"isPartOf\":{\"@id\":\"https:\\\/\\\/betelnatural.com\\\/minegocio\\\/#website\"},\"primaryImageOfPage\":{\"@id\":\"https:\\\/\\\/betelnatural.com\\\/minegocio\\\/product\\\/maca-negra-polvo\\\/#primaryimage\"},\"image\":{\"@id\":\"https:\\\/\\\/betelnatural.com\\\/minegocio\\\/product\\\/maca-negra-polvo\\\/#primaryimage\"},\"thumbnailUrl\":\"https:\\\/\\\/betelnatural.com\\\/minegocio\\\/wp-content\\\/uploads\\\/2024\\\/07\\\/MacaNegra_polvo.png\",\"datePublished\":\"2024-09-12T14:36:26+00:00\",\"dateModified\":\"2024-11-27T19:57:01+00:00\",\"breadcrumb\":{\"@id\":\"https:\\\/\\\/betelnatural.com\\\/minegocio\\\/product\\\/maca-negra-polvo\\\/#breadcrumb\"},\"inLanguage\":\"es\",\"potentialAction\":[{\"@type\":\"ReadAction\",\"target\":[\"https:\\\/\\\/betelnatural.com\\\/minegocio\\\/product\\\/maca-negra-polvo\\\/\"]}]},{\"@type\":\"ImageObject\",\"inLanguage\":\"es\",\"@id\":\"https:\\\/\\\/betelnatural.com\\\/minegocio\\\/product\\\/maca-negra-polvo\\\/#primaryimage\",\"url\":\"https:\\\/\\\/betelnatural.com\\\/minegocio\\\/wp-content\\\/uploads\\\/2024\\\/07\\\/MacaNegra_polvo.png\",\"contentUrl\":\"https:\\\/\\\/betelnatural.com\\\/minegocio\\\/wp-content\\\/uploads\\\/2024\\\/07\\\/MacaNegra_polvo.png\",\"width\":1200,\"height\":1200},{\"@type\":\"BreadcrumbList\",\"@id\":\"https:\\\/\\\/betelnatural.com\\\/minegocio\\\/product\\\/maca-negra-polvo\\\/#breadcrumb\",\"itemListElement\":[{\"@type\":\"ListItem\",\"position\":1,\"name\":\"Portada\",\"item\":\"https:\\\/\\\/betelnatural.com\\\/minegocio\\\/\"},{\"@type\":\"ListItem\",\"position\":2,\"name\":\"Product\",\"item\":\"https:\\\/\\\/betelnatural.com\\\/minegocio\\\/product\\\/\"},{\"@type\":\"ListItem\",\"position\":3,\"name\":\"Maca Negra Polvo\"}]},{\"@type\":\"WebSite\",\"@id\":\"https:\\\/\\\/betelnatural.com\\\/minegocio\\\/#website\",\"url\":\"https:\\\/\\\/betelnatural.com\\\/minegocio\\\/\",\"name\":\"Betel Natural\",\"description\":\"Venta de productos naturales  y vitaminas\",\"publisher\":{\"@id\":\"https:\\\/\\\/betelnatural.com\\\/minegocio\\\/#organization\"},\"alternateName\":\"Betel\",\"potentialAction\":[{\"@type\":\"SearchAction\",\"target\":{\"@type\":\"EntryPoint\",\"urlTemplate\":\"https:\\\/\\\/betelnatural.com\\\/minegocio\\\/?s={search_term_string}\"},\"query-input\":{\"@type\":\"PropertyValueSpecification\",\"valueRequired\":true,\"valueName\":\"search_term_string\"}}],\"inLanguage\":\"es\"},{\"@type\":\"Organization\",\"@id\":\"https:\\\/\\\/betelnatural.com\\\/minegocio\\\/#organization\",\"name\":\"Betel Natural\",\"url\":\"https:\\\/\\\/betelnatural.com\\\/minegocio\\\/\",\"logo\":{\"@type\":\"ImageObject\",\"inLanguage\":\"es\",\"@id\":\"https:\\\/\\\/betelnatural.com\\\/minegocio\\\/#\\\/schema\\\/logo\\\/image\\\/\",\"url\":\"https:\\\/\\\/betelnatural.com\\\/minegocio\\\/wp-content\\\/uploads\\\/2024\\\/06\\\/logo.png\",\"contentUrl\":\"https:\\\/\\\/betelnatural.com\\\/minegocio\\\/wp-content\\\/uploads\\\/2024\\\/06\\\/logo.png\",\"width\":250,\"height\":95,\"caption\":\"Betel Natural\"},\"image\":{\"@id\":\"https:\\\/\\\/betelnatural.com\\\/minegocio\\\/#\\\/schema\\\/logo\\\/image\\\/\"},\"sameAs\":[\"https:\\\/\\\/www.facebook.com\\\/betelnatural.inc\",\"https:\\\/\\\/www.instagram.com\\\/betel_natural\\\/\"]}]}<\/script>\n<!-- \/ Yoast SEO plugin. -->","yoast_head_json":{"title":"Maca Negra Polvo - Betel Natural","robots":{"index":"index","follow":"follow","max-snippet":"max-snippet:-1","max-image-preview":"max-image-preview:large","max-video-preview":"max-video-preview:-1"},"canonical":"https:\/\/betelnatural.com\/minegocio\/product\/maca-negra-polvo\/","og_locale":"es_ES","og_type":"article","og_title":"Maca Negra Polvo - Betel Natural","og_description":"Mejora la memoria, la concentraci\u00f3n y la retenci\u00f3n de informaci\u00f3n. Evita el estr\u00e9s y la fatiga fomentando el buen estado de \u00e1nimo.","og_url":"https:\/\/betelnatural.com\/minegocio\/product\/maca-negra-polvo\/","og_site_name":"Betel Natural","article_publisher":"https:\/\/www.facebook.com\/betelnatural.inc","article_modified_time":"2024-11-27T19:57:01+00:00","og_image":[{"width":1200,"height":1200,"url":"https:\/\/betelnatural.com\/minegocio\/wp-content\/uploads\/2024\/07\/MacaNegra_polvo.png","type":"image\/png"}],"twitter_card":"summary_large_image","twitter_misc":{"Tiempo de lectura":"1 minuto"},"schema":{"@context":"https:\/\/schema.org","@graph":[{"@type":"WebPage","@id":"https:\/\/betelnatural.com\/minegocio\/product\/maca-negra-polvo\/","url":"https:\/\/betelnatural.com\/minegocio\/product\/maca-negra-polvo\/","name":"Maca Negra Polvo - Betel Natural","isPartOf":{"@id":"https:\/\/betelnatural.com\/minegocio\/#website"},"primaryImageOfPage":{"@id":"https:\/\/betelnatural.com\/minegocio\/product\/maca-negra-polvo\/#primaryimage"},"image":{"@id":"https:\/\/betelnatural.com\/minegocio\/product\/maca-negra-polvo\/#primaryimage"},"thumbnailUrl":"https:\/\/betelnatural.com\/minegocio\/wp-content\/uploads\/2024\/07\/MacaNegra_polvo.png","datePublished":"2024-09-12T14:36:26+00:00","dateModified":"2024-11-27T19:57:01+00:00","breadcrumb":{"@id":"https:\/\/betelnatural.com\/minegocio\/product\/maca-negra-polvo\/#breadcrumb"},"inLanguage":"es","potentialAction":[{"@type":"ReadAction","target":["https:\/\/betelnatural.com\/minegocio\/product\/maca-negra-polvo\/"]}]},{"@type":"ImageObject","inLanguage":"es","@id":"https:\/\/betelnatural.com\/minegocio\/product\/maca-negra-polvo\/#primaryimage","url":"https:\/\/betelnatural.com\/minegocio\/wp-content\/uploads\/2024\/07\/MacaNegra_polvo.png","contentUrl":"https:\/\/betelnatural.com\/minegocio\/wp-content\/uploads\/2024\/07\/MacaNegra_polvo.png","width":1200,"height":1200},{"@type":"BreadcrumbList","@id":"https:\/\/betelnatural.com\/minegocio\/product\/maca-negra-polvo\/#breadcrumb","itemListElement":[{"@type":"ListItem","position":1,"name":"Portada","item":"https:\/\/betelnatural.com\/minegocio\/"},{"@type":"ListItem","position":2,"name":"Product","item":"https:\/\/betelnatural.com\/minegocio\/product\/"},{"@type":"ListItem","position":3,"name":"Maca Negra Polvo"}]},{"@type":"WebSite","@id":"https:\/\/betelnatural.com\/minegocio\/#website","url":"https:\/\/betelnatural.com\/minegocio\/","name":"Betel Natural","description":"Venta de productos naturales  y vitaminas","publisher":{"@id":"https:\/\/betelnatural.com\/minegocio\/#organization"},"alternateName":"Betel","potentialAction":[{"@type":"SearchAction","target":{"@type":"EntryPoint","urlTemplate":"https:\/\/betelnatural.com\/minegocio\/?s={search_term_string}"},"query-input":{"@type":"PropertyValueSpecification","valueRequired":true,"valueName":"search_term_string"}}],"inLanguage":"es"},{"@type":"Organization","@id":"https:\/\/betelnatural.com\/minegocio\/#organization","name":"Betel Natural","url":"https:\/\/betelnatural.com\/minegocio\/","logo":{"@type":"ImageObject","inLanguage":"es","@id":"https:\/\/betelnatural.com\/minegocio\/#\/schema\/logo\/image\/","url":"https:\/\/betelnatural.com\/minegocio\/wp-content\/uploads\/2024\/06\/logo.png","contentUrl":"https:\/\/betelnatural.com\/minegocio\/wp-content\/uploads\/2024\/06\/logo.png","width":250,"height":95,"caption":"Betel Natural"},"image":{"@id":"https:\/\/betelnatural.com\/minegocio\/#\/schema\/logo\/image\/"},"sameAs":["https:\/\/www.facebook.com\/betelnatural.inc","https:\/\/www.instagram.com\/betel_natural\/"]}]}},"_links":{"self":[{"href":"https:\/\/betelnatural.com\/minegocio\/wp-json\/wp\/v2\/product\/2907","targetHints":{"allow":["GET"]}}],"collection":[{"href":"https:\/\/betelnatural.com\/minegocio\/wp-json\/wp\/v2\/product"}],"about":[{"href":"https:\/\/betelnatural.com\/minegocio\/wp-json\/wp\/v2\/types\/product"}],"replies":[{"embeddable":true,"href":"https:\/\/betelnatural.com\/minegocio\/wp-json\/wp\/v2\/comments?post=2907"}],"wp:featuredmedia":[{"embeddable":true,"href":"https:\/\/betelnatural.com\/minegocio\/wp-json\/wp\/v2\/media\/1794"}],"wp:attachment":[{"href":"https:\/\/betelnatural.com\/minegocio\/wp-json\/wp\/v2\/media?parent=2907"}],"wp:term":[{"taxonomy":"product_brand","embeddable":true,"href":"https:\/\/betelnatural.com\/minegocio\/wp-json\/wp\/v2\/product_brand?post=2907"},{"taxonomy":"product_cat","embeddable":true,"href":"https:\/\/betelnatural.com\/minegocio\/wp-json\/wp\/v2\/product_cat?post=2907"},{"taxonomy":"product_tag","embeddable":true,"href":"https:\/\/betelnatural.com\/minegocio\/wp-json\/wp\/v2\/product_tag?post=2907"}],"curies":[{"name":"wp","href":"https:\/\/api.w.org\/{rel}","templated":true}]}}