{"id":2910,"date":"2024-09-12T14:36:27","date_gmt":"2024-09-12T14:36:27","guid":{"rendered":"https:\/\/betelnatural.com\/minegocio\/product\/manpower-capsulas-2\/"},"modified":"2024-11-27T19:57:02","modified_gmt":"2024-11-27T19:57:02","slug":"manpower-capsulas","status":"publish","type":"product","link":"https:\/\/betelnatural.com\/minegocio\/product\/manpower-capsulas\/","title":{"rendered":"Manpower c\u00e1psulas"},"content":{"rendered":"<p><em><strong>Incremento Natural de Testosterona<\/strong>:<\/em>\u00a0 Manpower C\u00e1psulas de Betel Natural es una poderosa f\u00f3rmula dise\u00f1ada especialmente para apoyar la energ\u00eda y vitalidad masculina. \ud83c\udf3f Este producto combina las propiedades de diversas hierbas, logrando una soluci\u00f3n eficiente y natural para el bienestar de los hombres. Por lo tanto, es una excelente opci\u00f3n para quienes buscan mejorar su rendimiento f\u00edsico y energ\u00eda diaria. \ud83d\udcaa Gracias a su f\u00f3rmula, estimula los niveles de testosterona de forma natural; adem\u00e1s, mejora el vigor y el desempe\u00f1o masculino. \ud83d\udd25<\/p>\n<p><em><strong>Aumento de Energ\u00eda<\/strong>:<\/em> Este suplemento incrementa significativamente la energ\u00eda, lo que permite enfrentar el d\u00eda con m\u00e1s vitalidad y entusiasmo. \ud83d\udca5<\/p>\n<p><em><strong>Mayor Potencia y Rendimiento<\/strong>:<\/em> Tambi\u00e9n promueve la potencia f\u00edsica y mental, lo que es esencial para quienes buscan mantener un estilo de vida activo. \ud83c\udf1f<\/p>\n<p><em><strong>Energ\u00eda Natural para Hombres<\/strong>:<\/em> Asimismo, est\u00e1 formulado con ingredientes naturales que son especialmente beneficiosos para el bienestar masculino. \ud83c\udf31<\/p>\n<p>[ver_mas]<\/p>\n<p>\ud83d\udcc5 <strong>Modo de Uso<\/strong><\/p>\n<p>Para obtener los mejores resultados, se recomienda tomar dos c\u00e1psulas, dos veces al d\u00eda. Adem\u00e1s, puedes seguir las indicaciones de tu especialista para un uso personalizado y seguro. \ud83d\udca7<\/p>\n<p>\u26a0 <strong>Precauciones<\/strong><\/p>\n<ul>\n<li>Consulta siempre con un m\u00e9dico antes de iniciar el consumo, sobre todo si est\u00e1s bajo tratamiento m\u00e9dico o tienes alguna condici\u00f3n preexistente. \ud83d\udc68\u200d\u2695\ufe0f<\/li>\n<li>No se recomienda para mujeres embarazadas o en periodo de lactancia.\u00a0 Mantener este\u00a0 producto en un lugar fresco y seco, fuera del alcance de los ni\u00f1os. \u2744\ufe0f<\/li>\n<\/ul>\n<p>\ud83d\udcab Descubre el poder del Manpower C\u00e1psulas de Betel Natural y experimenta la energ\u00eda y vitalidad que necesitas para vivir al m\u00e1ximo. \u00a1Un aliado perfecto para hombres activos y saludables! \ud83c\udf3f\u2728<\/p>\n<p>[\/ver_mas]<\/p>\n","protected":false},"excerpt":{"rendered":"<p><strong>90 c\u00e1psulas<\/strong><\/p>\n<p>Est\u00e1 potente f\u00f3rmula utiliza las propiedades de varias hierbas para crear un producto eficiente. Incrementa los niveles de testosterona de manera natural, aumenta la energ\u00eda y vitalidad masculina.<\/p>\n<p>Tomar tres capsulas al d\u00eda o lo que su especialista indique.<\/p>\n","protected":false},"featured_media":2068,"comment_status":"open","ping_status":"closed","template":"","meta":[],"product_brand":[],"product_cat":[116,119,152,182,115],"product_tag":[],"class_list":{"0":"post-2910","1":"product","2":"type-product","3":"status-publish","4":"has-post-thumbnail","6":"product_cat-agotamiento-fisico","7":"product_cat-balance-hormonal-masculino","8":"product_cat-eyaculacion-precoz","9":"product_cat-impotencia-sexual","10":"product_cat-remedios-naturales","12":"first","13":"instock","14":"shipping-taxable","15":"product-type-simple"},"yoast_head":"<!-- This site is optimized with the Yoast SEO plugin v27.4 - https:\/\/yoast.com\/product\/yoast-seo-wordpress\/ -->\n<title>Manpower c\u00e1psulas - Betel Natural<\/title>\n<meta name=\"robots\" content=\"index, follow, max-snippet:-1, max-image-preview:large, max-video-preview:-1\" \/>\n<link rel=\"canonical\" href=\"https:\/\/betelnatural.com\/minegocio\/product\/manpower-capsulas\/\" \/>\n<meta property=\"og:locale\" content=\"es_ES\" \/>\n<meta property=\"og:type\" content=\"article\" \/>\n<meta property=\"og:title\" content=\"Manpower c\u00e1psulas - Betel Natural\" \/>\n<meta property=\"og:description\" content=\"90 c\u00e1psulas  Est\u00e1 potente f\u00f3rmula utiliza las propiedades de varias hierbas para crear un producto eficiente. Incrementa los niveles de testosterona de manera natural, aumenta la energ\u00eda y vitalidad masculina.  Tomar tres capsulas al d\u00eda o lo que su especialista indique.\" \/>\n<meta property=\"og:url\" content=\"https:\/\/betelnatural.com\/minegocio\/product\/manpower-capsulas\/\" \/>\n<meta property=\"og:site_name\" content=\"Betel Natural\" \/>\n<meta property=\"article:publisher\" content=\"https:\/\/www.facebook.com\/betelnatural.inc\" \/>\n<meta property=\"article:modified_time\" content=\"2024-11-27T19:57:02+00:00\" \/>\n<meta property=\"og:image\" content=\"https:\/\/betelnatural.com\/minegocio\/wp-content\/uploads\/2024\/07\/Manpower_caps.png\" \/>\n\t<meta property=\"og:image:width\" content=\"1200\" \/>\n\t<meta property=\"og:image:height\" content=\"1200\" \/>\n\t<meta property=\"og:image:type\" content=\"image\/png\" \/>\n<meta name=\"twitter:card\" content=\"summary_large_image\" \/>\n<meta name=\"twitter:label1\" content=\"Tiempo de lectura\" \/>\n\t<meta name=\"twitter:data1\" content=\"1 minuto\" \/>\n<script type=\"application\/ld+json\" class=\"yoast-schema-graph\">{\"@context\":\"https:\\\/\\\/schema.org\",\"@graph\":[{\"@type\":\"WebPage\",\"@id\":\"https:\\\/\\\/betelnatural.com\\\/minegocio\\\/product\\\/manpower-capsulas\\\/\",\"url\":\"https:\\\/\\\/betelnatural.com\\\/minegocio\\\/product\\\/manpower-capsulas\\\/\",\"name\":\"Manpower c\u00e1psulas - Betel Natural\",\"isPartOf\":{\"@id\":\"https:\\\/\\\/betelnatural.com\\\/minegocio\\\/#website\"},\"primaryImageOfPage\":{\"@id\":\"https:\\\/\\\/betelnatural.com\\\/minegocio\\\/product\\\/manpower-capsulas\\\/#primaryimage\"},\"image\":{\"@id\":\"https:\\\/\\\/betelnatural.com\\\/minegocio\\\/product\\\/manpower-capsulas\\\/#primaryimage\"},\"thumbnailUrl\":\"https:\\\/\\\/betelnatural.com\\\/minegocio\\\/wp-content\\\/uploads\\\/2024\\\/07\\\/Manpower_caps.png\",\"datePublished\":\"2024-09-12T14:36:27+00:00\",\"dateModified\":\"2024-11-27T19:57:02+00:00\",\"breadcrumb\":{\"@id\":\"https:\\\/\\\/betelnatural.com\\\/minegocio\\\/product\\\/manpower-capsulas\\\/#breadcrumb\"},\"inLanguage\":\"es\",\"potentialAction\":[{\"@type\":\"ReadAction\",\"target\":[\"https:\\\/\\\/betelnatural.com\\\/minegocio\\\/product\\\/manpower-capsulas\\\/\"]}]},{\"@type\":\"ImageObject\",\"inLanguage\":\"es\",\"@id\":\"https:\\\/\\\/betelnatural.com\\\/minegocio\\\/product\\\/manpower-capsulas\\\/#primaryimage\",\"url\":\"https:\\\/\\\/betelnatural.com\\\/minegocio\\\/wp-content\\\/uploads\\\/2024\\\/07\\\/Manpower_caps.png\",\"contentUrl\":\"https:\\\/\\\/betelnatural.com\\\/minegocio\\\/wp-content\\\/uploads\\\/2024\\\/07\\\/Manpower_caps.png\",\"width\":1200,\"height\":1200},{\"@type\":\"BreadcrumbList\",\"@id\":\"https:\\\/\\\/betelnatural.com\\\/minegocio\\\/product\\\/manpower-capsulas\\\/#breadcrumb\",\"itemListElement\":[{\"@type\":\"ListItem\",\"position\":1,\"name\":\"Portada\",\"item\":\"https:\\\/\\\/betelnatural.com\\\/minegocio\\\/\"},{\"@type\":\"ListItem\",\"position\":2,\"name\":\"Product\",\"item\":\"https:\\\/\\\/betelnatural.com\\\/minegocio\\\/product\\\/\"},{\"@type\":\"ListItem\",\"position\":3,\"name\":\"Manpower c\u00e1psulas\"}]},{\"@type\":\"WebSite\",\"@id\":\"https:\\\/\\\/betelnatural.com\\\/minegocio\\\/#website\",\"url\":\"https:\\\/\\\/betelnatural.com\\\/minegocio\\\/\",\"name\":\"Betel Natural\",\"description\":\"Venta de productos naturales  y vitaminas\",\"publisher\":{\"@id\":\"https:\\\/\\\/betelnatural.com\\\/minegocio\\\/#organization\"},\"alternateName\":\"Betel\",\"potentialAction\":[{\"@type\":\"SearchAction\",\"target\":{\"@type\":\"EntryPoint\",\"urlTemplate\":\"https:\\\/\\\/betelnatural.com\\\/minegocio\\\/?s={search_term_string}\"},\"query-input\":{\"@type\":\"PropertyValueSpecification\",\"valueRequired\":true,\"valueName\":\"search_term_string\"}}],\"inLanguage\":\"es\"},{\"@type\":\"Organization\",\"@id\":\"https:\\\/\\\/betelnatural.com\\\/minegocio\\\/#organization\",\"name\":\"Betel Natural\",\"url\":\"https:\\\/\\\/betelnatural.com\\\/minegocio\\\/\",\"logo\":{\"@type\":\"ImageObject\",\"inLanguage\":\"es\",\"@id\":\"https:\\\/\\\/betelnatural.com\\\/minegocio\\\/#\\\/schema\\\/logo\\\/image\\\/\",\"url\":\"https:\\\/\\\/betelnatural.com\\\/minegocio\\\/wp-content\\\/uploads\\\/2024\\\/06\\\/logo.png\",\"contentUrl\":\"https:\\\/\\\/betelnatural.com\\\/minegocio\\\/wp-content\\\/uploads\\\/2024\\\/06\\\/logo.png\",\"width\":250,\"height\":95,\"caption\":\"Betel Natural\"},\"image\":{\"@id\":\"https:\\\/\\\/betelnatural.com\\\/minegocio\\\/#\\\/schema\\\/logo\\\/image\\\/\"},\"sameAs\":[\"https:\\\/\\\/www.facebook.com\\\/betelnatural.inc\",\"https:\\\/\\\/www.instagram.com\\\/betel_natural\\\/\"]}]}<\/script>\n<!-- \/ Yoast SEO plugin. -->","yoast_head_json":{"title":"Manpower c\u00e1psulas - Betel Natural","robots":{"index":"index","follow":"follow","max-snippet":"max-snippet:-1","max-image-preview":"max-image-preview:large","max-video-preview":"max-video-preview:-1"},"canonical":"https:\/\/betelnatural.com\/minegocio\/product\/manpower-capsulas\/","og_locale":"es_ES","og_type":"article","og_title":"Manpower c\u00e1psulas - Betel Natural","og_description":"90 c\u00e1psulas  Est\u00e1 potente f\u00f3rmula utiliza las propiedades de varias hierbas para crear un producto eficiente. Incrementa los niveles de testosterona de manera natural, aumenta la energ\u00eda y vitalidad masculina.  Tomar tres capsulas al d\u00eda o lo que su especialista indique.","og_url":"https:\/\/betelnatural.com\/minegocio\/product\/manpower-capsulas\/","og_site_name":"Betel Natural","article_publisher":"https:\/\/www.facebook.com\/betelnatural.inc","article_modified_time":"2024-11-27T19:57:02+00:00","og_image":[{"width":1200,"height":1200,"url":"https:\/\/betelnatural.com\/minegocio\/wp-content\/uploads\/2024\/07\/Manpower_caps.png","type":"image\/png"}],"twitter_card":"summary_large_image","twitter_misc":{"Tiempo de lectura":"1 minuto"},"schema":{"@context":"https:\/\/schema.org","@graph":[{"@type":"WebPage","@id":"https:\/\/betelnatural.com\/minegocio\/product\/manpower-capsulas\/","url":"https:\/\/betelnatural.com\/minegocio\/product\/manpower-capsulas\/","name":"Manpower c\u00e1psulas - Betel Natural","isPartOf":{"@id":"https:\/\/betelnatural.com\/minegocio\/#website"},"primaryImageOfPage":{"@id":"https:\/\/betelnatural.com\/minegocio\/product\/manpower-capsulas\/#primaryimage"},"image":{"@id":"https:\/\/betelnatural.com\/minegocio\/product\/manpower-capsulas\/#primaryimage"},"thumbnailUrl":"https:\/\/betelnatural.com\/minegocio\/wp-content\/uploads\/2024\/07\/Manpower_caps.png","datePublished":"2024-09-12T14:36:27+00:00","dateModified":"2024-11-27T19:57:02+00:00","breadcrumb":{"@id":"https:\/\/betelnatural.com\/minegocio\/product\/manpower-capsulas\/#breadcrumb"},"inLanguage":"es","potentialAction":[{"@type":"ReadAction","target":["https:\/\/betelnatural.com\/minegocio\/product\/manpower-capsulas\/"]}]},{"@type":"ImageObject","inLanguage":"es","@id":"https:\/\/betelnatural.com\/minegocio\/product\/manpower-capsulas\/#primaryimage","url":"https:\/\/betelnatural.com\/minegocio\/wp-content\/uploads\/2024\/07\/Manpower_caps.png","contentUrl":"https:\/\/betelnatural.com\/minegocio\/wp-content\/uploads\/2024\/07\/Manpower_caps.png","width":1200,"height":1200},{"@type":"BreadcrumbList","@id":"https:\/\/betelnatural.com\/minegocio\/product\/manpower-capsulas\/#breadcrumb","itemListElement":[{"@type":"ListItem","position":1,"name":"Portada","item":"https:\/\/betelnatural.com\/minegocio\/"},{"@type":"ListItem","position":2,"name":"Product","item":"https:\/\/betelnatural.com\/minegocio\/product\/"},{"@type":"ListItem","position":3,"name":"Manpower c\u00e1psulas"}]},{"@type":"WebSite","@id":"https:\/\/betelnatural.com\/minegocio\/#website","url":"https:\/\/betelnatural.com\/minegocio\/","name":"Betel Natural","description":"Venta de productos naturales  y vitaminas","publisher":{"@id":"https:\/\/betelnatural.com\/minegocio\/#organization"},"alternateName":"Betel","potentialAction":[{"@type":"SearchAction","target":{"@type":"EntryPoint","urlTemplate":"https:\/\/betelnatural.com\/minegocio\/?s={search_term_string}"},"query-input":{"@type":"PropertyValueSpecification","valueRequired":true,"valueName":"search_term_string"}}],"inLanguage":"es"},{"@type":"Organization","@id":"https:\/\/betelnatural.com\/minegocio\/#organization","name":"Betel Natural","url":"https:\/\/betelnatural.com\/minegocio\/","logo":{"@type":"ImageObject","inLanguage":"es","@id":"https:\/\/betelnatural.com\/minegocio\/#\/schema\/logo\/image\/","url":"https:\/\/betelnatural.com\/minegocio\/wp-content\/uploads\/2024\/06\/logo.png","contentUrl":"https:\/\/betelnatural.com\/minegocio\/wp-content\/uploads\/2024\/06\/logo.png","width":250,"height":95,"caption":"Betel Natural"},"image":{"@id":"https:\/\/betelnatural.com\/minegocio\/#\/schema\/logo\/image\/"},"sameAs":["https:\/\/www.facebook.com\/betelnatural.inc","https:\/\/www.instagram.com\/betel_natural\/"]}]}},"_links":{"self":[{"href":"https:\/\/betelnatural.com\/minegocio\/wp-json\/wp\/v2\/product\/2910","targetHints":{"allow":["GET"]}}],"collection":[{"href":"https:\/\/betelnatural.com\/minegocio\/wp-json\/wp\/v2\/product"}],"about":[{"href":"https:\/\/betelnatural.com\/minegocio\/wp-json\/wp\/v2\/types\/product"}],"replies":[{"embeddable":true,"href":"https:\/\/betelnatural.com\/minegocio\/wp-json\/wp\/v2\/comments?post=2910"}],"wp:featuredmedia":[{"embeddable":true,"href":"https:\/\/betelnatural.com\/minegocio\/wp-json\/wp\/v2\/media\/2068"}],"wp:attachment":[{"href":"https:\/\/betelnatural.com\/minegocio\/wp-json\/wp\/v2\/media?parent=2910"}],"wp:term":[{"taxonomy":"product_brand","embeddable":true,"href":"https:\/\/betelnatural.com\/minegocio\/wp-json\/wp\/v2\/product_brand?post=2910"},{"taxonomy":"product_cat","embeddable":true,"href":"https:\/\/betelnatural.com\/minegocio\/wp-json\/wp\/v2\/product_cat?post=2910"},{"taxonomy":"product_tag","embeddable":true,"href":"https:\/\/betelnatural.com\/minegocio\/wp-json\/wp\/v2\/product_tag?post=2910"}],"curies":[{"name":"wp","href":"https:\/\/api.w.org\/{rel}","templated":true}]}}