{"id":2915,"date":"2024-09-12T14:36:29","date_gmt":"2024-09-12T14:36:29","guid":{"rendered":"https:\/\/betelnatural.com\/minegocio\/product\/moringa-hoja-organico\/"},"modified":"2024-11-27T19:57:03","modified_gmt":"2024-11-27T19:57:03","slug":"moringa-hoja-organico","status":"publish","type":"product","link":"https:\/\/betelnatural.com\/minegocio\/product\/moringa-hoja-organico\/","title":{"rendered":"Moringa Hoja Org\u00e1nico"},"content":{"rendered":"<p><em><strong>Fortalece tu Salud Digestiva con Moringa Hoja Org\u00e1nico<\/strong>:<\/em> Las hojas de Moringa Org\u00e1nico son una fuente rica de nutrientes esenciales, como vitaminas, minerales y antioxidantes, que apoyan la salud digestiva. Esta hierba natural favorece una digesti\u00f3n saludable y puede ayudar a aliviar molestias intestinales. \ud83c\udf3f<\/p>\n<p><em><strong>Apoyo al Control de Niveles de Az\u00facar y Colesterol<\/strong>:<\/em> Moringa Hoja Org\u00e1nico tambi\u00e9n puede ser \u00fatil para controlar los niveles de az\u00facar en la sangre, lo que la convierte en una opci\u00f3n ideal para quienes buscan equilibrar su glucosa de forma natural. Adem\u00e1s, mejora los niveles de colesterol, promoviendo un sistema cardiovascular equilibrado y saludable. \ud83c\udf43\u2764\ufe0f<\/p>\n<p><em><strong>Aumento de Energ\u00eda y Vitalidad<\/strong>:<\/em> Las hojas de Moringa Org\u00e1nico ofrecen un impulso natural de energ\u00eda, sin los efectos secundarios de las bebidas estimulantes. Son perfectas para comenzar el d\u00eda con vitalidad y mantenerte activo a lo largo de las horas. \ud83d\udcaa\u2728<\/p>\n<p>\ud83d\udcc5 <strong>Modo de Uso<\/strong><br \/>\nHierve una taza de agua y agrega hojas de Moringa al gusto. Deja reposar entre 3 a 5 minutos, luego cuela las hojas y a\u00f1ade tu edulzante favorito. Puedes disfrutar de una a tres tazas al d\u00eda, o seg\u00fan lo que indique tu especialista. <strong>Tambi\u00e9n puedes agregar las hojas a tus ensaladas para disfrutar de sus beneficios de una manera diferente.<\/strong> \ud83e\udd57\u2728<\/p>\n<p><strong>Producto 100% Org\u00e1nico<\/strong>: Moringa Hoja Org\u00e1nico proviene de cultivos org\u00e1nicos, lo que asegura su pureza y calidad. Es una opci\u00f3n ideal para quienes buscan una manera natural de mejorar su salud. \ud83c\udf31<\/p>\n<p>\u26a0 <strong>Precauciones<\/strong><br \/>\nMant\u00e9n el producto en un lugar fresco y fuera del alcance de los ni\u00f1os. Las mujeres embarazadas o en periodo de lactancia no deben ingerirlo. Consulta con tu m\u00e9dico antes de usarlo. \ud83d\udeab\ud83d\udc76<\/p>\n<p><strong>Disfruta de los poderosos beneficios de Moringa Hoja Org\u00e1nico y mejora tu salud de manera natural!<\/strong> \ud83c\udf1f<\/p>\n","protected":false},"excerpt":{"rendered":"<p>Auxiliar en el fortalecimiento del sistema digestivo, apoya los s\u00edntomas de la diabetes y el colesterol, as\u00ed mismo eleva la energ\u00eda corporal.<\/p>\n","protected":false},"featured_media":1831,"comment_status":"open","ping_status":"closed","template":"","meta":[],"product_brand":[],"product_cat":[116,138,137,115],"product_tag":[],"class_list":{"0":"post-2915","1":"product","2":"type-product","3":"status-publish","4":"has-post-thumbnail","6":"product_cat-agotamiento-fisico","7":"product_cat-colesterol-y-trigliceridos","8":"product_cat-diabetes","9":"product_cat-remedios-naturales","11":"first","12":"instock","13":"shipping-taxable","14":"product-type-simple"},"yoast_head":"<!-- This site is optimized with the Yoast SEO plugin v27.4 - https:\/\/yoast.com\/product\/yoast-seo-wordpress\/ -->\n<title>Moringa Hoja Org\u00e1nico - Betel Natural<\/title>\n<meta name=\"robots\" content=\"index, follow, max-snippet:-1, max-image-preview:large, max-video-preview:-1\" \/>\n<link rel=\"canonical\" href=\"https:\/\/betelnatural.com\/minegocio\/product\/moringa-hoja-organico\/\" \/>\n<meta property=\"og:locale\" content=\"es_ES\" \/>\n<meta property=\"og:type\" content=\"article\" \/>\n<meta property=\"og:title\" content=\"Moringa Hoja Org\u00e1nico - Betel Natural\" \/>\n<meta property=\"og:description\" content=\"Auxiliar en el fortalecimiento del sistema digestivo, apoya los s\u00edntomas de la diabetes y el colesterol, as\u00ed mismo eleva la energ\u00eda corporal.\" \/>\n<meta property=\"og:url\" content=\"https:\/\/betelnatural.com\/minegocio\/product\/moringa-hoja-organico\/\" \/>\n<meta property=\"og:site_name\" content=\"Betel Natural\" \/>\n<meta property=\"article:publisher\" content=\"https:\/\/www.facebook.com\/betelnatural.inc\" \/>\n<meta property=\"article:modified_time\" content=\"2024-11-27T19:57:03+00:00\" \/>\n<meta property=\"og:image\" content=\"https:\/\/betelnatural.com\/minegocio\/wp-content\/uploads\/2024\/07\/Moringa_hojas_pouch_front.png\" \/>\n\t<meta property=\"og:image:width\" content=\"1200\" \/>\n\t<meta property=\"og:image:height\" content=\"1200\" \/>\n\t<meta property=\"og:image:type\" content=\"image\/png\" \/>\n<meta name=\"twitter:card\" content=\"summary_large_image\" \/>\n<meta name=\"twitter:label1\" content=\"Tiempo de lectura\" \/>\n\t<meta name=\"twitter:data1\" content=\"1 minuto\" \/>\n<script type=\"application\/ld+json\" class=\"yoast-schema-graph\">{\"@context\":\"https:\\\/\\\/schema.org\",\"@graph\":[{\"@type\":\"WebPage\",\"@id\":\"https:\\\/\\\/betelnatural.com\\\/minegocio\\\/product\\\/moringa-hoja-organico\\\/\",\"url\":\"https:\\\/\\\/betelnatural.com\\\/minegocio\\\/product\\\/moringa-hoja-organico\\\/\",\"name\":\"Moringa Hoja Org\u00e1nico - Betel Natural\",\"isPartOf\":{\"@id\":\"https:\\\/\\\/betelnatural.com\\\/minegocio\\\/#website\"},\"primaryImageOfPage\":{\"@id\":\"https:\\\/\\\/betelnatural.com\\\/minegocio\\\/product\\\/moringa-hoja-organico\\\/#primaryimage\"},\"image\":{\"@id\":\"https:\\\/\\\/betelnatural.com\\\/minegocio\\\/product\\\/moringa-hoja-organico\\\/#primaryimage\"},\"thumbnailUrl\":\"https:\\\/\\\/betelnatural.com\\\/minegocio\\\/wp-content\\\/uploads\\\/2024\\\/07\\\/Moringa_hojas_pouch_front.png\",\"datePublished\":\"2024-09-12T14:36:29+00:00\",\"dateModified\":\"2024-11-27T19:57:03+00:00\",\"breadcrumb\":{\"@id\":\"https:\\\/\\\/betelnatural.com\\\/minegocio\\\/product\\\/moringa-hoja-organico\\\/#breadcrumb\"},\"inLanguage\":\"es\",\"potentialAction\":[{\"@type\":\"ReadAction\",\"target\":[\"https:\\\/\\\/betelnatural.com\\\/minegocio\\\/product\\\/moringa-hoja-organico\\\/\"]}]},{\"@type\":\"ImageObject\",\"inLanguage\":\"es\",\"@id\":\"https:\\\/\\\/betelnatural.com\\\/minegocio\\\/product\\\/moringa-hoja-organico\\\/#primaryimage\",\"url\":\"https:\\\/\\\/betelnatural.com\\\/minegocio\\\/wp-content\\\/uploads\\\/2024\\\/07\\\/Moringa_hojas_pouch_front.png\",\"contentUrl\":\"https:\\\/\\\/betelnatural.com\\\/minegocio\\\/wp-content\\\/uploads\\\/2024\\\/07\\\/Moringa_hojas_pouch_front.png\",\"width\":1200,\"height\":1200},{\"@type\":\"BreadcrumbList\",\"@id\":\"https:\\\/\\\/betelnatural.com\\\/minegocio\\\/product\\\/moringa-hoja-organico\\\/#breadcrumb\",\"itemListElement\":[{\"@type\":\"ListItem\",\"position\":1,\"name\":\"Portada\",\"item\":\"https:\\\/\\\/betelnatural.com\\\/minegocio\\\/\"},{\"@type\":\"ListItem\",\"position\":2,\"name\":\"Product\",\"item\":\"https:\\\/\\\/betelnatural.com\\\/minegocio\\\/product\\\/\"},{\"@type\":\"ListItem\",\"position\":3,\"name\":\"Moringa Hoja Org\u00e1nico\"}]},{\"@type\":\"WebSite\",\"@id\":\"https:\\\/\\\/betelnatural.com\\\/minegocio\\\/#website\",\"url\":\"https:\\\/\\\/betelnatural.com\\\/minegocio\\\/\",\"name\":\"Betel Natural\",\"description\":\"Venta de productos naturales  y vitaminas\",\"publisher\":{\"@id\":\"https:\\\/\\\/betelnatural.com\\\/minegocio\\\/#organization\"},\"alternateName\":\"Betel\",\"potentialAction\":[{\"@type\":\"SearchAction\",\"target\":{\"@type\":\"EntryPoint\",\"urlTemplate\":\"https:\\\/\\\/betelnatural.com\\\/minegocio\\\/?s={search_term_string}\"},\"query-input\":{\"@type\":\"PropertyValueSpecification\",\"valueRequired\":true,\"valueName\":\"search_term_string\"}}],\"inLanguage\":\"es\"},{\"@type\":\"Organization\",\"@id\":\"https:\\\/\\\/betelnatural.com\\\/minegocio\\\/#organization\",\"name\":\"Betel Natural\",\"url\":\"https:\\\/\\\/betelnatural.com\\\/minegocio\\\/\",\"logo\":{\"@type\":\"ImageObject\",\"inLanguage\":\"es\",\"@id\":\"https:\\\/\\\/betelnatural.com\\\/minegocio\\\/#\\\/schema\\\/logo\\\/image\\\/\",\"url\":\"https:\\\/\\\/betelnatural.com\\\/minegocio\\\/wp-content\\\/uploads\\\/2024\\\/06\\\/logo.png\",\"contentUrl\":\"https:\\\/\\\/betelnatural.com\\\/minegocio\\\/wp-content\\\/uploads\\\/2024\\\/06\\\/logo.png\",\"width\":250,\"height\":95,\"caption\":\"Betel Natural\"},\"image\":{\"@id\":\"https:\\\/\\\/betelnatural.com\\\/minegocio\\\/#\\\/schema\\\/logo\\\/image\\\/\"},\"sameAs\":[\"https:\\\/\\\/www.facebook.com\\\/betelnatural.inc\",\"https:\\\/\\\/www.instagram.com\\\/betel_natural\\\/\"]}]}<\/script>\n<!-- \/ Yoast SEO plugin. -->","yoast_head_json":{"title":"Moringa Hoja Org\u00e1nico - Betel Natural","robots":{"index":"index","follow":"follow","max-snippet":"max-snippet:-1","max-image-preview":"max-image-preview:large","max-video-preview":"max-video-preview:-1"},"canonical":"https:\/\/betelnatural.com\/minegocio\/product\/moringa-hoja-organico\/","og_locale":"es_ES","og_type":"article","og_title":"Moringa Hoja Org\u00e1nico - Betel Natural","og_description":"Auxiliar en el fortalecimiento del sistema digestivo, apoya los s\u00edntomas de la diabetes y el colesterol, as\u00ed mismo eleva la energ\u00eda corporal.","og_url":"https:\/\/betelnatural.com\/minegocio\/product\/moringa-hoja-organico\/","og_site_name":"Betel Natural","article_publisher":"https:\/\/www.facebook.com\/betelnatural.inc","article_modified_time":"2024-11-27T19:57:03+00:00","og_image":[{"width":1200,"height":1200,"url":"https:\/\/betelnatural.com\/minegocio\/wp-content\/uploads\/2024\/07\/Moringa_hojas_pouch_front.png","type":"image\/png"}],"twitter_card":"summary_large_image","twitter_misc":{"Tiempo de lectura":"1 minuto"},"schema":{"@context":"https:\/\/schema.org","@graph":[{"@type":"WebPage","@id":"https:\/\/betelnatural.com\/minegocio\/product\/moringa-hoja-organico\/","url":"https:\/\/betelnatural.com\/minegocio\/product\/moringa-hoja-organico\/","name":"Moringa Hoja Org\u00e1nico - Betel Natural","isPartOf":{"@id":"https:\/\/betelnatural.com\/minegocio\/#website"},"primaryImageOfPage":{"@id":"https:\/\/betelnatural.com\/minegocio\/product\/moringa-hoja-organico\/#primaryimage"},"image":{"@id":"https:\/\/betelnatural.com\/minegocio\/product\/moringa-hoja-organico\/#primaryimage"},"thumbnailUrl":"https:\/\/betelnatural.com\/minegocio\/wp-content\/uploads\/2024\/07\/Moringa_hojas_pouch_front.png","datePublished":"2024-09-12T14:36:29+00:00","dateModified":"2024-11-27T19:57:03+00:00","breadcrumb":{"@id":"https:\/\/betelnatural.com\/minegocio\/product\/moringa-hoja-organico\/#breadcrumb"},"inLanguage":"es","potentialAction":[{"@type":"ReadAction","target":["https:\/\/betelnatural.com\/minegocio\/product\/moringa-hoja-organico\/"]}]},{"@type":"ImageObject","inLanguage":"es","@id":"https:\/\/betelnatural.com\/minegocio\/product\/moringa-hoja-organico\/#primaryimage","url":"https:\/\/betelnatural.com\/minegocio\/wp-content\/uploads\/2024\/07\/Moringa_hojas_pouch_front.png","contentUrl":"https:\/\/betelnatural.com\/minegocio\/wp-content\/uploads\/2024\/07\/Moringa_hojas_pouch_front.png","width":1200,"height":1200},{"@type":"BreadcrumbList","@id":"https:\/\/betelnatural.com\/minegocio\/product\/moringa-hoja-organico\/#breadcrumb","itemListElement":[{"@type":"ListItem","position":1,"name":"Portada","item":"https:\/\/betelnatural.com\/minegocio\/"},{"@type":"ListItem","position":2,"name":"Product","item":"https:\/\/betelnatural.com\/minegocio\/product\/"},{"@type":"ListItem","position":3,"name":"Moringa Hoja Org\u00e1nico"}]},{"@type":"WebSite","@id":"https:\/\/betelnatural.com\/minegocio\/#website","url":"https:\/\/betelnatural.com\/minegocio\/","name":"Betel Natural","description":"Venta de productos naturales  y vitaminas","publisher":{"@id":"https:\/\/betelnatural.com\/minegocio\/#organization"},"alternateName":"Betel","potentialAction":[{"@type":"SearchAction","target":{"@type":"EntryPoint","urlTemplate":"https:\/\/betelnatural.com\/minegocio\/?s={search_term_string}"},"query-input":{"@type":"PropertyValueSpecification","valueRequired":true,"valueName":"search_term_string"}}],"inLanguage":"es"},{"@type":"Organization","@id":"https:\/\/betelnatural.com\/minegocio\/#organization","name":"Betel Natural","url":"https:\/\/betelnatural.com\/minegocio\/","logo":{"@type":"ImageObject","inLanguage":"es","@id":"https:\/\/betelnatural.com\/minegocio\/#\/schema\/logo\/image\/","url":"https:\/\/betelnatural.com\/minegocio\/wp-content\/uploads\/2024\/06\/logo.png","contentUrl":"https:\/\/betelnatural.com\/minegocio\/wp-content\/uploads\/2024\/06\/logo.png","width":250,"height":95,"caption":"Betel Natural"},"image":{"@id":"https:\/\/betelnatural.com\/minegocio\/#\/schema\/logo\/image\/"},"sameAs":["https:\/\/www.facebook.com\/betelnatural.inc","https:\/\/www.instagram.com\/betel_natural\/"]}]}},"_links":{"self":[{"href":"https:\/\/betelnatural.com\/minegocio\/wp-json\/wp\/v2\/product\/2915","targetHints":{"allow":["GET"]}}],"collection":[{"href":"https:\/\/betelnatural.com\/minegocio\/wp-json\/wp\/v2\/product"}],"about":[{"href":"https:\/\/betelnatural.com\/minegocio\/wp-json\/wp\/v2\/types\/product"}],"replies":[{"embeddable":true,"href":"https:\/\/betelnatural.com\/minegocio\/wp-json\/wp\/v2\/comments?post=2915"}],"wp:featuredmedia":[{"embeddable":true,"href":"https:\/\/betelnatural.com\/minegocio\/wp-json\/wp\/v2\/media\/1831"}],"wp:attachment":[{"href":"https:\/\/betelnatural.com\/minegocio\/wp-json\/wp\/v2\/media?parent=2915"}],"wp:term":[{"taxonomy":"product_brand","embeddable":true,"href":"https:\/\/betelnatural.com\/minegocio\/wp-json\/wp\/v2\/product_brand?post=2915"},{"taxonomy":"product_cat","embeddable":true,"href":"https:\/\/betelnatural.com\/minegocio\/wp-json\/wp\/v2\/product_cat?post=2915"},{"taxonomy":"product_tag","embeddable":true,"href":"https:\/\/betelnatural.com\/minegocio\/wp-json\/wp\/v2\/product_tag?post=2915"}],"curies":[{"name":"wp","href":"https:\/\/api.w.org\/{rel}","templated":true}]}}