{"id":2916,"date":"2024-09-12T14:36:30","date_gmt":"2024-09-12T14:36:30","guid":{"rendered":"https:\/\/betelnatural.com\/minegocio\/product\/moringa-polvo-organico\/"},"modified":"2024-11-27T19:57:05","modified_gmt":"2024-11-27T19:57:05","slug":"moringa-polvo-organico","status":"publish","type":"product","link":"https:\/\/betelnatural.com\/minegocio\/product\/moringa-polvo-organico\/","title":{"rendered":"Moringa Polvo Org\u00e1nico"},"content":{"rendered":"<p><strong>Fortalece tu Salud Digestiva con Moringa Polvo Org\u00e1nico<\/strong>: Moringa Polvo Org\u00e1nico es una excelente fuente de nutrientes esenciales, como vitaminas, minerales y antioxidantes, que favorecen la salud digestiva. Este polvo puede ayudar a mantener un sistema digestivo saludable, promoviendo una digesti\u00f3n eficiente y aliviando posibles molestias intestinales. \ud83c\udf3f<\/p>\n<p><strong>Apoyo al Control de Niveles de Az\u00facar y Colesterol<\/strong>: El Moringa Polvo Org\u00e1nico puede contribuir significativamente al control de los niveles de az\u00facar en la sangre, por lo tanto, es una opci\u00f3n ideal para quienes buscan equilibrar su glucosa de manera natural. <strong>Adem\u00e1s<\/strong>, este polvo ayuda a mejorar los niveles de colesterol, favoreciendo un sistema cardiovascular saludable y equilibrado. \ud83c\udf43\u2764\ufe0f<\/p>\n<p><strong>Aumento de Energ\u00eda y Vitalidad<\/strong>: Este suplemento en polvo ofrece un impulso natural de energ\u00eda, sin los efectos secundarios de bebidas estimulantes. Es perfecto para iniciar el d\u00eda con energ\u00eda y mantenerte activo durante el d\u00eda, apoyando tu bienestar general. \ud83d\udcaa\u2728<\/p>\n<p>\ud83d\udcc5 <strong>Modo de Uso<\/strong> Disuelve dos cucharadas de Moringa Polvo Org\u00e1nico en 8 oz. de agua o en tu bebida favorita y toma por la ma\u00f1ana y por la tarde, o seg\u00fan las indicaciones de tu especialista. \ud83c\udf75\u2728<\/p>\n<p><strong>Producto 100% Org\u00e1nico<\/strong>: Moringa Polvo Org\u00e1nico proviene de cultivos org\u00e1nicos, lo que garantiza su pureza y calidad. Al ser completamente natural, es una opci\u00f3n perfecta para quienes buscan una forma efectiva de mejorar su salud de manera natural y sostenible. \ud83c\udf31<\/p>\n<p>\u26a0 <strong>Precauciones<\/strong> Antes de comenzar a tomar este suplemento, consulta a un profesional de la salud, especialmente si est\u00e1s tomando otros medicamentos o tienes condiciones de salud preexistentes. Las mujeres embarazadas o en periodo de lactancia no deben ingerirlo. Mant\u00e9n el producto fuera del alcance de los ni\u00f1os. \ud83d\udeab\ud83d\udc76<\/p>\n<p><strong>Disfruta de los poderosos beneficios de la\u00a0 Moringa y cuida tu salud de manera natural cada d\u00eda!<\/strong> \ud83c\udf1f<\/p>\n","protected":false},"excerpt":{"rendered":"<p>Auxiliar en el fortalecimiento del sistema digestivo, apoya los s\u00edntomas de la diabetes y el colesterol, as\u00ed mismo eleva la energ\u00eda corporal.<\/p>\n<p>Disolver dos cucharadas en 8 oz. de agua o su bebida favorita y tomar la ma\u00f1ana y por la tarde, o lo que su especialista indique<\/p>\n","protected":false},"featured_media":1833,"comment_status":"open","ping_status":"closed","template":"","meta":[],"product_brand":[],"product_cat":[116,138,137,115,184],"product_tag":[],"class_list":{"0":"post-2916","1":"product","2":"type-product","3":"status-publish","4":"has-post-thumbnail","6":"product_cat-agotamiento-fisico","7":"product_cat-colesterol-y-trigliceridos","8":"product_cat-diabetes","9":"product_cat-remedios-naturales","10":"product_cat-super-alimentos","12":"first","13":"instock","14":"shipping-taxable","15":"product-type-simple"},"yoast_head":"<!-- This site is optimized with the Yoast SEO plugin v27.4 - https:\/\/yoast.com\/product\/yoast-seo-wordpress\/ -->\n<title>Moringa Polvo Org\u00e1nico - Betel Natural<\/title>\n<meta name=\"robots\" content=\"index, follow, max-snippet:-1, max-image-preview:large, max-video-preview:-1\" \/>\n<link rel=\"canonical\" href=\"https:\/\/betelnatural.com\/minegocio\/product\/moringa-polvo-organico\/\" \/>\n<meta property=\"og:locale\" content=\"es_ES\" \/>\n<meta property=\"og:type\" content=\"article\" \/>\n<meta property=\"og:title\" content=\"Moringa Polvo Org\u00e1nico - Betel Natural\" \/>\n<meta property=\"og:description\" content=\"Auxiliar en el fortalecimiento del sistema digestivo, apoya los s\u00edntomas de la diabetes y el colesterol, as\u00ed mismo eleva la energ\u00eda corporal.  Disolver dos cucharadas en 8 oz. de agua o su bebida favorita y tomar la ma\u00f1ana y por la tarde, o lo que su especialista indique\" \/>\n<meta property=\"og:url\" content=\"https:\/\/betelnatural.com\/minegocio\/product\/moringa-polvo-organico\/\" \/>\n<meta property=\"og:site_name\" content=\"Betel Natural\" \/>\n<meta property=\"article:publisher\" content=\"https:\/\/www.facebook.com\/betelnatural.inc\" \/>\n<meta property=\"article:modified_time\" content=\"2024-11-27T19:57:05+00:00\" \/>\n<meta property=\"og:image\" content=\"https:\/\/betelnatural.com\/minegocio\/wp-content\/uploads\/2024\/07\/Moringa_polvo_pouch_frente.png\" \/>\n\t<meta property=\"og:image:width\" content=\"1200\" \/>\n\t<meta property=\"og:image:height\" content=\"1200\" \/>\n\t<meta property=\"og:image:type\" content=\"image\/png\" \/>\n<meta name=\"twitter:card\" content=\"summary_large_image\" \/>\n<meta name=\"twitter:label1\" content=\"Tiempo de lectura\" \/>\n\t<meta name=\"twitter:data1\" content=\"1 minuto\" \/>\n<script type=\"application\/ld+json\" class=\"yoast-schema-graph\">{\"@context\":\"https:\\\/\\\/schema.org\",\"@graph\":[{\"@type\":\"WebPage\",\"@id\":\"https:\\\/\\\/betelnatural.com\\\/minegocio\\\/product\\\/moringa-polvo-organico\\\/\",\"url\":\"https:\\\/\\\/betelnatural.com\\\/minegocio\\\/product\\\/moringa-polvo-organico\\\/\",\"name\":\"Moringa Polvo Org\u00e1nico - Betel Natural\",\"isPartOf\":{\"@id\":\"https:\\\/\\\/betelnatural.com\\\/minegocio\\\/#website\"},\"primaryImageOfPage\":{\"@id\":\"https:\\\/\\\/betelnatural.com\\\/minegocio\\\/product\\\/moringa-polvo-organico\\\/#primaryimage\"},\"image\":{\"@id\":\"https:\\\/\\\/betelnatural.com\\\/minegocio\\\/product\\\/moringa-polvo-organico\\\/#primaryimage\"},\"thumbnailUrl\":\"https:\\\/\\\/betelnatural.com\\\/minegocio\\\/wp-content\\\/uploads\\\/2024\\\/07\\\/Moringa_polvo_pouch_frente.png\",\"datePublished\":\"2024-09-12T14:36:30+00:00\",\"dateModified\":\"2024-11-27T19:57:05+00:00\",\"breadcrumb\":{\"@id\":\"https:\\\/\\\/betelnatural.com\\\/minegocio\\\/product\\\/moringa-polvo-organico\\\/#breadcrumb\"},\"inLanguage\":\"es\",\"potentialAction\":[{\"@type\":\"ReadAction\",\"target\":[\"https:\\\/\\\/betelnatural.com\\\/minegocio\\\/product\\\/moringa-polvo-organico\\\/\"]}]},{\"@type\":\"ImageObject\",\"inLanguage\":\"es\",\"@id\":\"https:\\\/\\\/betelnatural.com\\\/minegocio\\\/product\\\/moringa-polvo-organico\\\/#primaryimage\",\"url\":\"https:\\\/\\\/betelnatural.com\\\/minegocio\\\/wp-content\\\/uploads\\\/2024\\\/07\\\/Moringa_polvo_pouch_frente.png\",\"contentUrl\":\"https:\\\/\\\/betelnatural.com\\\/minegocio\\\/wp-content\\\/uploads\\\/2024\\\/07\\\/Moringa_polvo_pouch_frente.png\",\"width\":1200,\"height\":1200},{\"@type\":\"BreadcrumbList\",\"@id\":\"https:\\\/\\\/betelnatural.com\\\/minegocio\\\/product\\\/moringa-polvo-organico\\\/#breadcrumb\",\"itemListElement\":[{\"@type\":\"ListItem\",\"position\":1,\"name\":\"Portada\",\"item\":\"https:\\\/\\\/betelnatural.com\\\/minegocio\\\/\"},{\"@type\":\"ListItem\",\"position\":2,\"name\":\"Product\",\"item\":\"https:\\\/\\\/betelnatural.com\\\/minegocio\\\/product\\\/\"},{\"@type\":\"ListItem\",\"position\":3,\"name\":\"Moringa Polvo Org\u00e1nico\"}]},{\"@type\":\"WebSite\",\"@id\":\"https:\\\/\\\/betelnatural.com\\\/minegocio\\\/#website\",\"url\":\"https:\\\/\\\/betelnatural.com\\\/minegocio\\\/\",\"name\":\"Betel Natural\",\"description\":\"Venta de productos naturales  y vitaminas\",\"publisher\":{\"@id\":\"https:\\\/\\\/betelnatural.com\\\/minegocio\\\/#organization\"},\"alternateName\":\"Betel\",\"potentialAction\":[{\"@type\":\"SearchAction\",\"target\":{\"@type\":\"EntryPoint\",\"urlTemplate\":\"https:\\\/\\\/betelnatural.com\\\/minegocio\\\/?s={search_term_string}\"},\"query-input\":{\"@type\":\"PropertyValueSpecification\",\"valueRequired\":true,\"valueName\":\"search_term_string\"}}],\"inLanguage\":\"es\"},{\"@type\":\"Organization\",\"@id\":\"https:\\\/\\\/betelnatural.com\\\/minegocio\\\/#organization\",\"name\":\"Betel Natural\",\"url\":\"https:\\\/\\\/betelnatural.com\\\/minegocio\\\/\",\"logo\":{\"@type\":\"ImageObject\",\"inLanguage\":\"es\",\"@id\":\"https:\\\/\\\/betelnatural.com\\\/minegocio\\\/#\\\/schema\\\/logo\\\/image\\\/\",\"url\":\"https:\\\/\\\/betelnatural.com\\\/minegocio\\\/wp-content\\\/uploads\\\/2024\\\/06\\\/logo.png\",\"contentUrl\":\"https:\\\/\\\/betelnatural.com\\\/minegocio\\\/wp-content\\\/uploads\\\/2024\\\/06\\\/logo.png\",\"width\":250,\"height\":95,\"caption\":\"Betel Natural\"},\"image\":{\"@id\":\"https:\\\/\\\/betelnatural.com\\\/minegocio\\\/#\\\/schema\\\/logo\\\/image\\\/\"},\"sameAs\":[\"https:\\\/\\\/www.facebook.com\\\/betelnatural.inc\",\"https:\\\/\\\/www.instagram.com\\\/betel_natural\\\/\"]}]}<\/script>\n<!-- \/ Yoast SEO plugin. -->","yoast_head_json":{"title":"Moringa Polvo Org\u00e1nico - Betel Natural","robots":{"index":"index","follow":"follow","max-snippet":"max-snippet:-1","max-image-preview":"max-image-preview:large","max-video-preview":"max-video-preview:-1"},"canonical":"https:\/\/betelnatural.com\/minegocio\/product\/moringa-polvo-organico\/","og_locale":"es_ES","og_type":"article","og_title":"Moringa Polvo Org\u00e1nico - Betel Natural","og_description":"Auxiliar en el fortalecimiento del sistema digestivo, apoya los s\u00edntomas de la diabetes y el colesterol, as\u00ed mismo eleva la energ\u00eda corporal.  Disolver dos cucharadas en 8 oz. de agua o su bebida favorita y tomar la ma\u00f1ana y por la tarde, o lo que su especialista indique","og_url":"https:\/\/betelnatural.com\/minegocio\/product\/moringa-polvo-organico\/","og_site_name":"Betel Natural","article_publisher":"https:\/\/www.facebook.com\/betelnatural.inc","article_modified_time":"2024-11-27T19:57:05+00:00","og_image":[{"width":1200,"height":1200,"url":"https:\/\/betelnatural.com\/minegocio\/wp-content\/uploads\/2024\/07\/Moringa_polvo_pouch_frente.png","type":"image\/png"}],"twitter_card":"summary_large_image","twitter_misc":{"Tiempo de lectura":"1 minuto"},"schema":{"@context":"https:\/\/schema.org","@graph":[{"@type":"WebPage","@id":"https:\/\/betelnatural.com\/minegocio\/product\/moringa-polvo-organico\/","url":"https:\/\/betelnatural.com\/minegocio\/product\/moringa-polvo-organico\/","name":"Moringa Polvo Org\u00e1nico - Betel Natural","isPartOf":{"@id":"https:\/\/betelnatural.com\/minegocio\/#website"},"primaryImageOfPage":{"@id":"https:\/\/betelnatural.com\/minegocio\/product\/moringa-polvo-organico\/#primaryimage"},"image":{"@id":"https:\/\/betelnatural.com\/minegocio\/product\/moringa-polvo-organico\/#primaryimage"},"thumbnailUrl":"https:\/\/betelnatural.com\/minegocio\/wp-content\/uploads\/2024\/07\/Moringa_polvo_pouch_frente.png","datePublished":"2024-09-12T14:36:30+00:00","dateModified":"2024-11-27T19:57:05+00:00","breadcrumb":{"@id":"https:\/\/betelnatural.com\/minegocio\/product\/moringa-polvo-organico\/#breadcrumb"},"inLanguage":"es","potentialAction":[{"@type":"ReadAction","target":["https:\/\/betelnatural.com\/minegocio\/product\/moringa-polvo-organico\/"]}]},{"@type":"ImageObject","inLanguage":"es","@id":"https:\/\/betelnatural.com\/minegocio\/product\/moringa-polvo-organico\/#primaryimage","url":"https:\/\/betelnatural.com\/minegocio\/wp-content\/uploads\/2024\/07\/Moringa_polvo_pouch_frente.png","contentUrl":"https:\/\/betelnatural.com\/minegocio\/wp-content\/uploads\/2024\/07\/Moringa_polvo_pouch_frente.png","width":1200,"height":1200},{"@type":"BreadcrumbList","@id":"https:\/\/betelnatural.com\/minegocio\/product\/moringa-polvo-organico\/#breadcrumb","itemListElement":[{"@type":"ListItem","position":1,"name":"Portada","item":"https:\/\/betelnatural.com\/minegocio\/"},{"@type":"ListItem","position":2,"name":"Product","item":"https:\/\/betelnatural.com\/minegocio\/product\/"},{"@type":"ListItem","position":3,"name":"Moringa Polvo Org\u00e1nico"}]},{"@type":"WebSite","@id":"https:\/\/betelnatural.com\/minegocio\/#website","url":"https:\/\/betelnatural.com\/minegocio\/","name":"Betel Natural","description":"Venta de productos naturales  y vitaminas","publisher":{"@id":"https:\/\/betelnatural.com\/minegocio\/#organization"},"alternateName":"Betel","potentialAction":[{"@type":"SearchAction","target":{"@type":"EntryPoint","urlTemplate":"https:\/\/betelnatural.com\/minegocio\/?s={search_term_string}"},"query-input":{"@type":"PropertyValueSpecification","valueRequired":true,"valueName":"search_term_string"}}],"inLanguage":"es"},{"@type":"Organization","@id":"https:\/\/betelnatural.com\/minegocio\/#organization","name":"Betel Natural","url":"https:\/\/betelnatural.com\/minegocio\/","logo":{"@type":"ImageObject","inLanguage":"es","@id":"https:\/\/betelnatural.com\/minegocio\/#\/schema\/logo\/image\/","url":"https:\/\/betelnatural.com\/minegocio\/wp-content\/uploads\/2024\/06\/logo.png","contentUrl":"https:\/\/betelnatural.com\/minegocio\/wp-content\/uploads\/2024\/06\/logo.png","width":250,"height":95,"caption":"Betel Natural"},"image":{"@id":"https:\/\/betelnatural.com\/minegocio\/#\/schema\/logo\/image\/"},"sameAs":["https:\/\/www.facebook.com\/betelnatural.inc","https:\/\/www.instagram.com\/betel_natural\/"]}]}},"_links":{"self":[{"href":"https:\/\/betelnatural.com\/minegocio\/wp-json\/wp\/v2\/product\/2916","targetHints":{"allow":["GET"]}}],"collection":[{"href":"https:\/\/betelnatural.com\/minegocio\/wp-json\/wp\/v2\/product"}],"about":[{"href":"https:\/\/betelnatural.com\/minegocio\/wp-json\/wp\/v2\/types\/product"}],"replies":[{"embeddable":true,"href":"https:\/\/betelnatural.com\/minegocio\/wp-json\/wp\/v2\/comments?post=2916"}],"wp:featuredmedia":[{"embeddable":true,"href":"https:\/\/betelnatural.com\/minegocio\/wp-json\/wp\/v2\/media\/1833"}],"wp:attachment":[{"href":"https:\/\/betelnatural.com\/minegocio\/wp-json\/wp\/v2\/media?parent=2916"}],"wp:term":[{"taxonomy":"product_brand","embeddable":true,"href":"https:\/\/betelnatural.com\/minegocio\/wp-json\/wp\/v2\/product_brand?post=2916"},{"taxonomy":"product_cat","embeddable":true,"href":"https:\/\/betelnatural.com\/minegocio\/wp-json\/wp\/v2\/product_cat?post=2916"},{"taxonomy":"product_tag","embeddable":true,"href":"https:\/\/betelnatural.com\/minegocio\/wp-json\/wp\/v2\/product_tag?post=2916"}],"curies":[{"name":"wp","href":"https:\/\/api.w.org\/{rel}","templated":true}]}}