{"id":2917,"date":"2024-09-12T14:36:30","date_gmt":"2024-09-12T14:36:30","guid":{"rendered":"https:\/\/betelnatural.com\/minegocio\/product\/moringa-semilla-organico\/"},"modified":"2024-11-27T19:57:05","modified_gmt":"2024-11-27T19:57:05","slug":"moringa-semilla-organico","status":"publish","type":"product","link":"https:\/\/betelnatural.com\/minegocio\/product\/moringa-semilla-organico\/","title":{"rendered":"Moringa Semilla Org\u00e1nico"},"content":{"rendered":"<p><em><strong>Fortalece tu Salud Digestiva con Moringa Semilla Org\u00e1nico<\/strong>:<\/em> La semilla de Moringa es conocida por sus potentes propiedades que favorecen la salud digestiva. Estas semillas est\u00e1n llenas de nutrientes esenciales, como vitaminas, minerales y antioxidantes, que ayudan a mantener un sistema digestivo saludable, promoviendo una digesti\u00f3n eficiente y aliviando posibles molestias intestinales. \ud83c\udf3f<\/p>\n<p><em><strong>Apoyo al Control de Niveles de Az\u00facar y Colesterol<\/strong>:<\/em> Las semillas de Moringa pueden contribuir significativamente al control de los niveles de az\u00facar en la sangre, por lo tanto, se convierten en una excelente opci\u00f3n para quienes buscan equilibrar su glucosa de manera natural.<br \/>\nAdem\u00e1s, tambi\u00e9n ayudan a mejorar los niveles de colesterol, lo que favorece un sistema cardiovascular saludable y equilibrado. \ud83c\udf43\u2764\ufe0f<\/p>\n<p><em><strong>Aumento de Energ\u00eda y Vitalidad<\/strong>:<\/em> Las semillas de Moringa ofrecen un impulso natural de energ\u00eda, sin los efectos secundarios de bebidas estimulantes. Son ideales para iniciar el d\u00eda con energ\u00eda y mantenerte activo a lo largo de las horas, apoyando tu bienestar general. \ud83d\udcaa\u2728<\/p>\n<p>[ver_mas]<\/p>\n<p>\ud83d\udcc5 <strong>Modo de Uso<\/strong><br \/>\nConsume una a tres semillas al d\u00eda, o sigue las indicaciones de tu especialista para obtener los mejores resultados. Las semillas se pueden comer solas o agregar a tus alimentos o bebidas favoritas. \ud83c\udf30\u2728<\/p>\n<p><strong>Producto 100% Org\u00e1nico<\/strong>: Moringa Semilla Org\u00e1nico proviene de cultivos org\u00e1nicos, lo que garantiza su pureza y calidad. Al ser completamente natural, es una opci\u00f3n perfecta para aquellos que buscan una forma efectiva de mejorar su salud de manera natural y sostenible. \ud83c\udf31<\/p>\n<p>\u26a0 <strong>Precauciones<\/strong><br \/>\nAntes de comenzar a tomar este suplemento, consulte a un profesional de la salud, especialmente si est\u00e1 tomando otros medicamentos o tiene condiciones de salud preexistentes. Mujeres embarazadas o en periodo de lactancia no deben ingerirlo. Mantenga el producto fuera del alcance de los ni\u00f1os. \ud83d\udeab\ud83d\udc76<\/p>\n<p><strong>Disfruta de los poderosos beneficios de Moringa Semilla Org\u00e1nica y cuida de tu salud de manera natural cada d\u00eda!<\/strong> \ud83c\udf1f<\/p>\n<p>[\/ver_mas]<\/p>\n","protected":false},"excerpt":{"rendered":"<p>Auxiliar en el fortalecimiento del sistema digestivo, apoya los s\u00edntomas de la diabetes y el colesterol, as\u00ed mismo eleva la energ\u00eda corporal.<\/p>\n","protected":false},"featured_media":1835,"comment_status":"open","ping_status":"closed","template":"","meta":[],"product_brand":[],"product_cat":[116,138,137,115,184],"product_tag":[],"class_list":{"0":"post-2917","1":"product","2":"type-product","3":"status-publish","4":"has-post-thumbnail","6":"product_cat-agotamiento-fisico","7":"product_cat-colesterol-y-trigliceridos","8":"product_cat-diabetes","9":"product_cat-remedios-naturales","10":"product_cat-super-alimentos","12":"first","13":"instock","14":"shipping-taxable","15":"product-type-simple"},"yoast_head":"<!-- This site is optimized with the Yoast SEO plugin v27.4 - https:\/\/yoast.com\/product\/yoast-seo-wordpress\/ -->\n<title>Moringa Semilla Org\u00e1nico - Betel Natural<\/title>\n<meta name=\"robots\" content=\"index, follow, max-snippet:-1, max-image-preview:large, max-video-preview:-1\" \/>\n<link rel=\"canonical\" href=\"https:\/\/betelnatural.com\/minegocio\/product\/moringa-semilla-organico\/\" \/>\n<meta property=\"og:locale\" content=\"es_ES\" \/>\n<meta property=\"og:type\" content=\"article\" \/>\n<meta property=\"og:title\" content=\"Moringa Semilla Org\u00e1nico - Betel Natural\" \/>\n<meta property=\"og:description\" content=\"Auxiliar en el fortalecimiento del sistema digestivo, apoya los s\u00edntomas de la diabetes y el colesterol, as\u00ed mismo eleva la energ\u00eda corporal.\" \/>\n<meta property=\"og:url\" content=\"https:\/\/betelnatural.com\/minegocio\/product\/moringa-semilla-organico\/\" \/>\n<meta property=\"og:site_name\" content=\"Betel Natural\" \/>\n<meta property=\"article:publisher\" content=\"https:\/\/www.facebook.com\/betelnatural.inc\" \/>\n<meta property=\"article:modified_time\" content=\"2024-11-27T19:57:05+00:00\" \/>\n<meta property=\"og:image\" content=\"https:\/\/betelnatural.com\/minegocio\/wp-content\/uploads\/2024\/07\/Moringa_semillas_pouch.png\" \/>\n\t<meta property=\"og:image:width\" content=\"1200\" \/>\n\t<meta property=\"og:image:height\" content=\"1200\" \/>\n\t<meta property=\"og:image:type\" content=\"image\/png\" \/>\n<meta name=\"twitter:card\" content=\"summary_large_image\" \/>\n<meta name=\"twitter:label1\" content=\"Tiempo de lectura\" \/>\n\t<meta name=\"twitter:data1\" content=\"1 minuto\" \/>\n<script type=\"application\/ld+json\" class=\"yoast-schema-graph\">{\"@context\":\"https:\\\/\\\/schema.org\",\"@graph\":[{\"@type\":\"WebPage\",\"@id\":\"https:\\\/\\\/betelnatural.com\\\/minegocio\\\/product\\\/moringa-semilla-organico\\\/\",\"url\":\"https:\\\/\\\/betelnatural.com\\\/minegocio\\\/product\\\/moringa-semilla-organico\\\/\",\"name\":\"Moringa Semilla Org\u00e1nico - Betel Natural\",\"isPartOf\":{\"@id\":\"https:\\\/\\\/betelnatural.com\\\/minegocio\\\/#website\"},\"primaryImageOfPage\":{\"@id\":\"https:\\\/\\\/betelnatural.com\\\/minegocio\\\/product\\\/moringa-semilla-organico\\\/#primaryimage\"},\"image\":{\"@id\":\"https:\\\/\\\/betelnatural.com\\\/minegocio\\\/product\\\/moringa-semilla-organico\\\/#primaryimage\"},\"thumbnailUrl\":\"https:\\\/\\\/betelnatural.com\\\/minegocio\\\/wp-content\\\/uploads\\\/2024\\\/07\\\/Moringa_semillas_pouch.png\",\"datePublished\":\"2024-09-12T14:36:30+00:00\",\"dateModified\":\"2024-11-27T19:57:05+00:00\",\"breadcrumb\":{\"@id\":\"https:\\\/\\\/betelnatural.com\\\/minegocio\\\/product\\\/moringa-semilla-organico\\\/#breadcrumb\"},\"inLanguage\":\"es\",\"potentialAction\":[{\"@type\":\"ReadAction\",\"target\":[\"https:\\\/\\\/betelnatural.com\\\/minegocio\\\/product\\\/moringa-semilla-organico\\\/\"]}]},{\"@type\":\"ImageObject\",\"inLanguage\":\"es\",\"@id\":\"https:\\\/\\\/betelnatural.com\\\/minegocio\\\/product\\\/moringa-semilla-organico\\\/#primaryimage\",\"url\":\"https:\\\/\\\/betelnatural.com\\\/minegocio\\\/wp-content\\\/uploads\\\/2024\\\/07\\\/Moringa_semillas_pouch.png\",\"contentUrl\":\"https:\\\/\\\/betelnatural.com\\\/minegocio\\\/wp-content\\\/uploads\\\/2024\\\/07\\\/Moringa_semillas_pouch.png\",\"width\":1200,\"height\":1200},{\"@type\":\"BreadcrumbList\",\"@id\":\"https:\\\/\\\/betelnatural.com\\\/minegocio\\\/product\\\/moringa-semilla-organico\\\/#breadcrumb\",\"itemListElement\":[{\"@type\":\"ListItem\",\"position\":1,\"name\":\"Portada\",\"item\":\"https:\\\/\\\/betelnatural.com\\\/minegocio\\\/\"},{\"@type\":\"ListItem\",\"position\":2,\"name\":\"Product\",\"item\":\"https:\\\/\\\/betelnatural.com\\\/minegocio\\\/product\\\/\"},{\"@type\":\"ListItem\",\"position\":3,\"name\":\"Moringa Semilla Org\u00e1nico\"}]},{\"@type\":\"WebSite\",\"@id\":\"https:\\\/\\\/betelnatural.com\\\/minegocio\\\/#website\",\"url\":\"https:\\\/\\\/betelnatural.com\\\/minegocio\\\/\",\"name\":\"Betel Natural\",\"description\":\"Venta de productos naturales  y vitaminas\",\"publisher\":{\"@id\":\"https:\\\/\\\/betelnatural.com\\\/minegocio\\\/#organization\"},\"alternateName\":\"Betel\",\"potentialAction\":[{\"@type\":\"SearchAction\",\"target\":{\"@type\":\"EntryPoint\",\"urlTemplate\":\"https:\\\/\\\/betelnatural.com\\\/minegocio\\\/?s={search_term_string}\"},\"query-input\":{\"@type\":\"PropertyValueSpecification\",\"valueRequired\":true,\"valueName\":\"search_term_string\"}}],\"inLanguage\":\"es\"},{\"@type\":\"Organization\",\"@id\":\"https:\\\/\\\/betelnatural.com\\\/minegocio\\\/#organization\",\"name\":\"Betel Natural\",\"url\":\"https:\\\/\\\/betelnatural.com\\\/minegocio\\\/\",\"logo\":{\"@type\":\"ImageObject\",\"inLanguage\":\"es\",\"@id\":\"https:\\\/\\\/betelnatural.com\\\/minegocio\\\/#\\\/schema\\\/logo\\\/image\\\/\",\"url\":\"https:\\\/\\\/betelnatural.com\\\/minegocio\\\/wp-content\\\/uploads\\\/2024\\\/06\\\/logo.png\",\"contentUrl\":\"https:\\\/\\\/betelnatural.com\\\/minegocio\\\/wp-content\\\/uploads\\\/2024\\\/06\\\/logo.png\",\"width\":250,\"height\":95,\"caption\":\"Betel Natural\"},\"image\":{\"@id\":\"https:\\\/\\\/betelnatural.com\\\/minegocio\\\/#\\\/schema\\\/logo\\\/image\\\/\"},\"sameAs\":[\"https:\\\/\\\/www.facebook.com\\\/betelnatural.inc\",\"https:\\\/\\\/www.instagram.com\\\/betel_natural\\\/\"]}]}<\/script>\n<!-- \/ Yoast SEO plugin. -->","yoast_head_json":{"title":"Moringa Semilla Org\u00e1nico - Betel Natural","robots":{"index":"index","follow":"follow","max-snippet":"max-snippet:-1","max-image-preview":"max-image-preview:large","max-video-preview":"max-video-preview:-1"},"canonical":"https:\/\/betelnatural.com\/minegocio\/product\/moringa-semilla-organico\/","og_locale":"es_ES","og_type":"article","og_title":"Moringa Semilla Org\u00e1nico - Betel Natural","og_description":"Auxiliar en el fortalecimiento del sistema digestivo, apoya los s\u00edntomas de la diabetes y el colesterol, as\u00ed mismo eleva la energ\u00eda corporal.","og_url":"https:\/\/betelnatural.com\/minegocio\/product\/moringa-semilla-organico\/","og_site_name":"Betel Natural","article_publisher":"https:\/\/www.facebook.com\/betelnatural.inc","article_modified_time":"2024-11-27T19:57:05+00:00","og_image":[{"width":1200,"height":1200,"url":"https:\/\/betelnatural.com\/minegocio\/wp-content\/uploads\/2024\/07\/Moringa_semillas_pouch.png","type":"image\/png"}],"twitter_card":"summary_large_image","twitter_misc":{"Tiempo de lectura":"1 minuto"},"schema":{"@context":"https:\/\/schema.org","@graph":[{"@type":"WebPage","@id":"https:\/\/betelnatural.com\/minegocio\/product\/moringa-semilla-organico\/","url":"https:\/\/betelnatural.com\/minegocio\/product\/moringa-semilla-organico\/","name":"Moringa Semilla Org\u00e1nico - Betel Natural","isPartOf":{"@id":"https:\/\/betelnatural.com\/minegocio\/#website"},"primaryImageOfPage":{"@id":"https:\/\/betelnatural.com\/minegocio\/product\/moringa-semilla-organico\/#primaryimage"},"image":{"@id":"https:\/\/betelnatural.com\/minegocio\/product\/moringa-semilla-organico\/#primaryimage"},"thumbnailUrl":"https:\/\/betelnatural.com\/minegocio\/wp-content\/uploads\/2024\/07\/Moringa_semillas_pouch.png","datePublished":"2024-09-12T14:36:30+00:00","dateModified":"2024-11-27T19:57:05+00:00","breadcrumb":{"@id":"https:\/\/betelnatural.com\/minegocio\/product\/moringa-semilla-organico\/#breadcrumb"},"inLanguage":"es","potentialAction":[{"@type":"ReadAction","target":["https:\/\/betelnatural.com\/minegocio\/product\/moringa-semilla-organico\/"]}]},{"@type":"ImageObject","inLanguage":"es","@id":"https:\/\/betelnatural.com\/minegocio\/product\/moringa-semilla-organico\/#primaryimage","url":"https:\/\/betelnatural.com\/minegocio\/wp-content\/uploads\/2024\/07\/Moringa_semillas_pouch.png","contentUrl":"https:\/\/betelnatural.com\/minegocio\/wp-content\/uploads\/2024\/07\/Moringa_semillas_pouch.png","width":1200,"height":1200},{"@type":"BreadcrumbList","@id":"https:\/\/betelnatural.com\/minegocio\/product\/moringa-semilla-organico\/#breadcrumb","itemListElement":[{"@type":"ListItem","position":1,"name":"Portada","item":"https:\/\/betelnatural.com\/minegocio\/"},{"@type":"ListItem","position":2,"name":"Product","item":"https:\/\/betelnatural.com\/minegocio\/product\/"},{"@type":"ListItem","position":3,"name":"Moringa Semilla Org\u00e1nico"}]},{"@type":"WebSite","@id":"https:\/\/betelnatural.com\/minegocio\/#website","url":"https:\/\/betelnatural.com\/minegocio\/","name":"Betel Natural","description":"Venta de productos naturales  y vitaminas","publisher":{"@id":"https:\/\/betelnatural.com\/minegocio\/#organization"},"alternateName":"Betel","potentialAction":[{"@type":"SearchAction","target":{"@type":"EntryPoint","urlTemplate":"https:\/\/betelnatural.com\/minegocio\/?s={search_term_string}"},"query-input":{"@type":"PropertyValueSpecification","valueRequired":true,"valueName":"search_term_string"}}],"inLanguage":"es"},{"@type":"Organization","@id":"https:\/\/betelnatural.com\/minegocio\/#organization","name":"Betel Natural","url":"https:\/\/betelnatural.com\/minegocio\/","logo":{"@type":"ImageObject","inLanguage":"es","@id":"https:\/\/betelnatural.com\/minegocio\/#\/schema\/logo\/image\/","url":"https:\/\/betelnatural.com\/minegocio\/wp-content\/uploads\/2024\/06\/logo.png","contentUrl":"https:\/\/betelnatural.com\/minegocio\/wp-content\/uploads\/2024\/06\/logo.png","width":250,"height":95,"caption":"Betel Natural"},"image":{"@id":"https:\/\/betelnatural.com\/minegocio\/#\/schema\/logo\/image\/"},"sameAs":["https:\/\/www.facebook.com\/betelnatural.inc","https:\/\/www.instagram.com\/betel_natural\/"]}]}},"_links":{"self":[{"href":"https:\/\/betelnatural.com\/minegocio\/wp-json\/wp\/v2\/product\/2917","targetHints":{"allow":["GET"]}}],"collection":[{"href":"https:\/\/betelnatural.com\/minegocio\/wp-json\/wp\/v2\/product"}],"about":[{"href":"https:\/\/betelnatural.com\/minegocio\/wp-json\/wp\/v2\/types\/product"}],"replies":[{"embeddable":true,"href":"https:\/\/betelnatural.com\/minegocio\/wp-json\/wp\/v2\/comments?post=2917"}],"wp:featuredmedia":[{"embeddable":true,"href":"https:\/\/betelnatural.com\/minegocio\/wp-json\/wp\/v2\/media\/1835"}],"wp:attachment":[{"href":"https:\/\/betelnatural.com\/minegocio\/wp-json\/wp\/v2\/media?parent=2917"}],"wp:term":[{"taxonomy":"product_brand","embeddable":true,"href":"https:\/\/betelnatural.com\/minegocio\/wp-json\/wp\/v2\/product_brand?post=2917"},{"taxonomy":"product_cat","embeddable":true,"href":"https:\/\/betelnatural.com\/minegocio\/wp-json\/wp\/v2\/product_cat?post=2917"},{"taxonomy":"product_tag","embeddable":true,"href":"https:\/\/betelnatural.com\/minegocio\/wp-json\/wp\/v2\/product_tag?post=2917"}],"curies":[{"name":"wp","href":"https:\/\/api.w.org\/{rel}","templated":true}]}}