{"id":2919,"date":"2024-09-12T14:36:31","date_gmt":"2024-09-12T14:36:31","guid":{"rendered":"https:\/\/betelnatural.com\/minegocio\/product\/moringa-guanabana-curcuma-organico-capsulas\/"},"modified":"2024-11-27T19:57:05","modified_gmt":"2024-11-27T19:57:05","slug":"moringa-guanabana-curcuma-organico-capsulas","status":"publish","type":"product","link":"https:\/\/betelnatural.com\/minegocio\/product\/moringa-guanabana-curcuma-organico-capsulas\/","title":{"rendered":"Moringa Guan\u00e1bana &#038; C\u00farcuma Org\u00e1nico c\u00e1psulas"},"content":{"rendered":"<p><strong><em>Combinaci\u00f3n de Poderosas Plantas: <\/em><\/strong>Moringa, Guan\u00e1bana &amp; C\u00farcuma Org\u00e1nico c\u00e1psulas de Betel Natural es una f\u00f3rmula que proporciona un potente suplemento lleno de beneficios para la salud. Cada uno de estos ingredientes ha sido seleccionado por sus propiedades nutricionales y medicinales, creando una opci\u00f3n natural y eficaz para mejorar tu bienestar general.<\/p>\n<ul>\n<li><em><strong>Moringa<\/strong>:<\/em> Es rica en antioxidantes, vitaminas y minerales. Mejora la energ\u00eda, fortalece el sistema inmunol\u00f3gico, promueve la salud cardiovascular y digestiva, tiene propiedades antiinflamatorias y regula los niveles de az\u00facar en la sangre. Tambi\u00e9n se conoce por sus propiedades antiinflamatoria\ud83d\udcaa<\/li>\n<li><em><strong>Guan\u00e1bana<\/strong>:<\/em> Esta fruta tropical es famosa por sus propiedades antioxidantes y su capacidad para fortalecer el sistema inmune. Adem\u00e1s, se ha utilizado tradicionalmente para mejorar la digesti\u00f3n, combatir infecciones y reducir la inflamaci\u00f3n. \ud83c\udf48\ud83c\udf43<\/li>\n<li><em><strong>C\u00farcuma<\/strong>:<\/em> La C\u00farcuma es un potente antiinflamatorio natural que contribuye a la salud de las articulaciones, reduce el riesgo de enfermedades cr\u00f3nicas y mejora la funci\u00f3n cerebral. Su compuesto activo, la curcumina, es reconocido por sus efectos antioxidantes y su capacidad para mejorar la salud digestiva. \ud83c\udf3f\u2728<\/li>\n<\/ul>\n<p>[ver_mas]<\/p>\n<p>\ud83d\udcc5 <strong>Modo de Uso<\/strong><br \/>\nPara obtener los mejores resultados, se recomienda tomar tres c\u00e1psulas al d\u00eda o seguir la indicaci\u00f3n de tu especialista. T\u00f3malo con un vaso de agua y durante las comidas para maximizar la absorci\u00f3n de los nutrientes. \ud83d\udca7\ud83e\udd57<\/p>\n<p><strong>Cultivada Org\u00e1nicamente<\/strong>: Este producto est\u00e1 elaborado con ingredientes cultivados org\u00e1nicamente, lo que garantiza una opci\u00f3n m\u00e1s saludable y respetuosa con el medio ambiente. \ud83c\udf0e\ud83c\udf31<\/p>\n<p>\u26a0 <strong>Precauciones<\/strong><br \/>\nConsulta a un profesional de la salud antes de iniciar cualquier suplemento, especialmente si tomas otros medicamentos o tienes condiciones de salud preexistentes. Las mujeres embarazadas o en periodo de lactancia deben evitar ingerirlo. Guarda este producto fuera del alcance de los ni\u00f1os.\u00a0\ud83d\udeab\ud83d\udc76<\/p>\n<p><strong>Suplemento Alimenticio<\/strong>: Moringa Guan\u00e1bana &amp; C\u00farcuma Org\u00e1nico C\u00e1psulas de Betel Natural es una excelente opci\u00f3n para quienes buscan un impulso natural en su salud y bienestar. \u00a1Incorpora este suplemento a tu rutina diaria y disfruta de todos sus beneficios! \ud83c\udf1f<\/p>\n<p>[\/ver_mas]<\/p>\n","protected":false},"excerpt":{"rendered":"<p><strong>90 c\u00e1psulas<\/strong><\/p>\n<p>Con nuestra f\u00f3rmula hemos unificado los beneficios de est\u00e1s grandes plantas.<\/p>\n<p>Tomar tres capsulas al d\u00eda o lo que su especialista indique.<\/p>\n","protected":false},"featured_media":1838,"comment_status":"open","ping_status":"closed","template":"","meta":[],"product_brand":[],"product_cat":[116,138,137,115],"product_tag":[],"class_list":{"0":"post-2919","1":"product","2":"type-product","3":"status-publish","4":"has-post-thumbnail","6":"product_cat-agotamiento-fisico","7":"product_cat-colesterol-y-trigliceridos","8":"product_cat-diabetes","9":"product_cat-remedios-naturales","11":"first","12":"instock","13":"shipping-taxable","14":"product-type-simple"},"yoast_head":"<!-- This site is optimized with the Yoast SEO plugin v27.4 - https:\/\/yoast.com\/product\/yoast-seo-wordpress\/ -->\n<title>Moringa Guan\u00e1bana &amp; C\u00farcuma Org\u00e1nico c\u00e1psulas - Betel Natural<\/title>\n<meta name=\"robots\" content=\"index, follow, max-snippet:-1, max-image-preview:large, max-video-preview:-1\" \/>\n<link rel=\"canonical\" href=\"https:\/\/betelnatural.com\/minegocio\/product\/moringa-guanabana-curcuma-organico-capsulas\/\" \/>\n<meta property=\"og:locale\" content=\"es_ES\" \/>\n<meta property=\"og:type\" content=\"article\" \/>\n<meta property=\"og:title\" content=\"Moringa Guan\u00e1bana &amp; C\u00farcuma Org\u00e1nico c\u00e1psulas - Betel Natural\" \/>\n<meta property=\"og:description\" content=\"90 c\u00e1psulas  Con nuestra f\u00f3rmula hemos unificado los beneficios de est\u00e1s grandes plantas.  Tomar tres capsulas al d\u00eda o lo que su especialista indique.\" \/>\n<meta property=\"og:url\" content=\"https:\/\/betelnatural.com\/minegocio\/product\/moringa-guanabana-curcuma-organico-capsulas\/\" \/>\n<meta property=\"og:site_name\" content=\"Betel Natural\" \/>\n<meta property=\"article:publisher\" content=\"https:\/\/www.facebook.com\/betelnatural.inc\" \/>\n<meta property=\"article:modified_time\" content=\"2024-11-27T19:57:05+00:00\" \/>\n<meta property=\"og:image\" content=\"https:\/\/betelnatural.com\/minegocio\/wp-content\/uploads\/2024\/07\/Moringa_guanabana_curcuma_caps_frente.png\" \/>\n\t<meta property=\"og:image:width\" content=\"1200\" \/>\n\t<meta property=\"og:image:height\" content=\"1200\" \/>\n\t<meta property=\"og:image:type\" content=\"image\/png\" \/>\n<meta name=\"twitter:card\" content=\"summary_large_image\" \/>\n<meta name=\"twitter:label1\" content=\"Tiempo de lectura\" \/>\n\t<meta name=\"twitter:data1\" content=\"1 minuto\" \/>\n<script type=\"application\/ld+json\" class=\"yoast-schema-graph\">{\"@context\":\"https:\\\/\\\/schema.org\",\"@graph\":[{\"@type\":\"WebPage\",\"@id\":\"https:\\\/\\\/betelnatural.com\\\/minegocio\\\/product\\\/moringa-guanabana-curcuma-organico-capsulas\\\/\",\"url\":\"https:\\\/\\\/betelnatural.com\\\/minegocio\\\/product\\\/moringa-guanabana-curcuma-organico-capsulas\\\/\",\"name\":\"Moringa Guan\u00e1bana & C\u00farcuma Org\u00e1nico c\u00e1psulas - Betel Natural\",\"isPartOf\":{\"@id\":\"https:\\\/\\\/betelnatural.com\\\/minegocio\\\/#website\"},\"primaryImageOfPage\":{\"@id\":\"https:\\\/\\\/betelnatural.com\\\/minegocio\\\/product\\\/moringa-guanabana-curcuma-organico-capsulas\\\/#primaryimage\"},\"image\":{\"@id\":\"https:\\\/\\\/betelnatural.com\\\/minegocio\\\/product\\\/moringa-guanabana-curcuma-organico-capsulas\\\/#primaryimage\"},\"thumbnailUrl\":\"https:\\\/\\\/betelnatural.com\\\/minegocio\\\/wp-content\\\/uploads\\\/2024\\\/07\\\/Moringa_guanabana_curcuma_caps_frente.png\",\"datePublished\":\"2024-09-12T14:36:31+00:00\",\"dateModified\":\"2024-11-27T19:57:05+00:00\",\"breadcrumb\":{\"@id\":\"https:\\\/\\\/betelnatural.com\\\/minegocio\\\/product\\\/moringa-guanabana-curcuma-organico-capsulas\\\/#breadcrumb\"},\"inLanguage\":\"es\",\"potentialAction\":[{\"@type\":\"ReadAction\",\"target\":[\"https:\\\/\\\/betelnatural.com\\\/minegocio\\\/product\\\/moringa-guanabana-curcuma-organico-capsulas\\\/\"]}]},{\"@type\":\"ImageObject\",\"inLanguage\":\"es\",\"@id\":\"https:\\\/\\\/betelnatural.com\\\/minegocio\\\/product\\\/moringa-guanabana-curcuma-organico-capsulas\\\/#primaryimage\",\"url\":\"https:\\\/\\\/betelnatural.com\\\/minegocio\\\/wp-content\\\/uploads\\\/2024\\\/07\\\/Moringa_guanabana_curcuma_caps_frente.png\",\"contentUrl\":\"https:\\\/\\\/betelnatural.com\\\/minegocio\\\/wp-content\\\/uploads\\\/2024\\\/07\\\/Moringa_guanabana_curcuma_caps_frente.png\",\"width\":1200,\"height\":1200},{\"@type\":\"BreadcrumbList\",\"@id\":\"https:\\\/\\\/betelnatural.com\\\/minegocio\\\/product\\\/moringa-guanabana-curcuma-organico-capsulas\\\/#breadcrumb\",\"itemListElement\":[{\"@type\":\"ListItem\",\"position\":1,\"name\":\"Portada\",\"item\":\"https:\\\/\\\/betelnatural.com\\\/minegocio\\\/\"},{\"@type\":\"ListItem\",\"position\":2,\"name\":\"Product\",\"item\":\"https:\\\/\\\/betelnatural.com\\\/minegocio\\\/product\\\/\"},{\"@type\":\"ListItem\",\"position\":3,\"name\":\"Moringa Guan\u00e1bana &#038; C\u00farcuma Org\u00e1nico c\u00e1psulas\"}]},{\"@type\":\"WebSite\",\"@id\":\"https:\\\/\\\/betelnatural.com\\\/minegocio\\\/#website\",\"url\":\"https:\\\/\\\/betelnatural.com\\\/minegocio\\\/\",\"name\":\"Betel Natural\",\"description\":\"Venta de productos naturales  y vitaminas\",\"publisher\":{\"@id\":\"https:\\\/\\\/betelnatural.com\\\/minegocio\\\/#organization\"},\"alternateName\":\"Betel\",\"potentialAction\":[{\"@type\":\"SearchAction\",\"target\":{\"@type\":\"EntryPoint\",\"urlTemplate\":\"https:\\\/\\\/betelnatural.com\\\/minegocio\\\/?s={search_term_string}\"},\"query-input\":{\"@type\":\"PropertyValueSpecification\",\"valueRequired\":true,\"valueName\":\"search_term_string\"}}],\"inLanguage\":\"es\"},{\"@type\":\"Organization\",\"@id\":\"https:\\\/\\\/betelnatural.com\\\/minegocio\\\/#organization\",\"name\":\"Betel Natural\",\"url\":\"https:\\\/\\\/betelnatural.com\\\/minegocio\\\/\",\"logo\":{\"@type\":\"ImageObject\",\"inLanguage\":\"es\",\"@id\":\"https:\\\/\\\/betelnatural.com\\\/minegocio\\\/#\\\/schema\\\/logo\\\/image\\\/\",\"url\":\"https:\\\/\\\/betelnatural.com\\\/minegocio\\\/wp-content\\\/uploads\\\/2024\\\/06\\\/logo.png\",\"contentUrl\":\"https:\\\/\\\/betelnatural.com\\\/minegocio\\\/wp-content\\\/uploads\\\/2024\\\/06\\\/logo.png\",\"width\":250,\"height\":95,\"caption\":\"Betel Natural\"},\"image\":{\"@id\":\"https:\\\/\\\/betelnatural.com\\\/minegocio\\\/#\\\/schema\\\/logo\\\/image\\\/\"},\"sameAs\":[\"https:\\\/\\\/www.facebook.com\\\/betelnatural.inc\",\"https:\\\/\\\/www.instagram.com\\\/betel_natural\\\/\"]}]}<\/script>\n<!-- \/ Yoast SEO plugin. -->","yoast_head_json":{"title":"Moringa Guan\u00e1bana & C\u00farcuma Org\u00e1nico c\u00e1psulas - Betel Natural","robots":{"index":"index","follow":"follow","max-snippet":"max-snippet:-1","max-image-preview":"max-image-preview:large","max-video-preview":"max-video-preview:-1"},"canonical":"https:\/\/betelnatural.com\/minegocio\/product\/moringa-guanabana-curcuma-organico-capsulas\/","og_locale":"es_ES","og_type":"article","og_title":"Moringa Guan\u00e1bana & C\u00farcuma Org\u00e1nico c\u00e1psulas - Betel Natural","og_description":"90 c\u00e1psulas  Con nuestra f\u00f3rmula hemos unificado los beneficios de est\u00e1s grandes plantas.  Tomar tres capsulas al d\u00eda o lo que su especialista indique.","og_url":"https:\/\/betelnatural.com\/minegocio\/product\/moringa-guanabana-curcuma-organico-capsulas\/","og_site_name":"Betel Natural","article_publisher":"https:\/\/www.facebook.com\/betelnatural.inc","article_modified_time":"2024-11-27T19:57:05+00:00","og_image":[{"width":1200,"height":1200,"url":"https:\/\/betelnatural.com\/minegocio\/wp-content\/uploads\/2024\/07\/Moringa_guanabana_curcuma_caps_frente.png","type":"image\/png"}],"twitter_card":"summary_large_image","twitter_misc":{"Tiempo de lectura":"1 minuto"},"schema":{"@context":"https:\/\/schema.org","@graph":[{"@type":"WebPage","@id":"https:\/\/betelnatural.com\/minegocio\/product\/moringa-guanabana-curcuma-organico-capsulas\/","url":"https:\/\/betelnatural.com\/minegocio\/product\/moringa-guanabana-curcuma-organico-capsulas\/","name":"Moringa Guan\u00e1bana & C\u00farcuma Org\u00e1nico c\u00e1psulas - Betel Natural","isPartOf":{"@id":"https:\/\/betelnatural.com\/minegocio\/#website"},"primaryImageOfPage":{"@id":"https:\/\/betelnatural.com\/minegocio\/product\/moringa-guanabana-curcuma-organico-capsulas\/#primaryimage"},"image":{"@id":"https:\/\/betelnatural.com\/minegocio\/product\/moringa-guanabana-curcuma-organico-capsulas\/#primaryimage"},"thumbnailUrl":"https:\/\/betelnatural.com\/minegocio\/wp-content\/uploads\/2024\/07\/Moringa_guanabana_curcuma_caps_frente.png","datePublished":"2024-09-12T14:36:31+00:00","dateModified":"2024-11-27T19:57:05+00:00","breadcrumb":{"@id":"https:\/\/betelnatural.com\/minegocio\/product\/moringa-guanabana-curcuma-organico-capsulas\/#breadcrumb"},"inLanguage":"es","potentialAction":[{"@type":"ReadAction","target":["https:\/\/betelnatural.com\/minegocio\/product\/moringa-guanabana-curcuma-organico-capsulas\/"]}]},{"@type":"ImageObject","inLanguage":"es","@id":"https:\/\/betelnatural.com\/minegocio\/product\/moringa-guanabana-curcuma-organico-capsulas\/#primaryimage","url":"https:\/\/betelnatural.com\/minegocio\/wp-content\/uploads\/2024\/07\/Moringa_guanabana_curcuma_caps_frente.png","contentUrl":"https:\/\/betelnatural.com\/minegocio\/wp-content\/uploads\/2024\/07\/Moringa_guanabana_curcuma_caps_frente.png","width":1200,"height":1200},{"@type":"BreadcrumbList","@id":"https:\/\/betelnatural.com\/minegocio\/product\/moringa-guanabana-curcuma-organico-capsulas\/#breadcrumb","itemListElement":[{"@type":"ListItem","position":1,"name":"Portada","item":"https:\/\/betelnatural.com\/minegocio\/"},{"@type":"ListItem","position":2,"name":"Product","item":"https:\/\/betelnatural.com\/minegocio\/product\/"},{"@type":"ListItem","position":3,"name":"Moringa Guan\u00e1bana &#038; C\u00farcuma Org\u00e1nico c\u00e1psulas"}]},{"@type":"WebSite","@id":"https:\/\/betelnatural.com\/minegocio\/#website","url":"https:\/\/betelnatural.com\/minegocio\/","name":"Betel Natural","description":"Venta de productos naturales  y vitaminas","publisher":{"@id":"https:\/\/betelnatural.com\/minegocio\/#organization"},"alternateName":"Betel","potentialAction":[{"@type":"SearchAction","target":{"@type":"EntryPoint","urlTemplate":"https:\/\/betelnatural.com\/minegocio\/?s={search_term_string}"},"query-input":{"@type":"PropertyValueSpecification","valueRequired":true,"valueName":"search_term_string"}}],"inLanguage":"es"},{"@type":"Organization","@id":"https:\/\/betelnatural.com\/minegocio\/#organization","name":"Betel Natural","url":"https:\/\/betelnatural.com\/minegocio\/","logo":{"@type":"ImageObject","inLanguage":"es","@id":"https:\/\/betelnatural.com\/minegocio\/#\/schema\/logo\/image\/","url":"https:\/\/betelnatural.com\/minegocio\/wp-content\/uploads\/2024\/06\/logo.png","contentUrl":"https:\/\/betelnatural.com\/minegocio\/wp-content\/uploads\/2024\/06\/logo.png","width":250,"height":95,"caption":"Betel Natural"},"image":{"@id":"https:\/\/betelnatural.com\/minegocio\/#\/schema\/logo\/image\/"},"sameAs":["https:\/\/www.facebook.com\/betelnatural.inc","https:\/\/www.instagram.com\/betel_natural\/"]}]}},"_links":{"self":[{"href":"https:\/\/betelnatural.com\/minegocio\/wp-json\/wp\/v2\/product\/2919","targetHints":{"allow":["GET"]}}],"collection":[{"href":"https:\/\/betelnatural.com\/minegocio\/wp-json\/wp\/v2\/product"}],"about":[{"href":"https:\/\/betelnatural.com\/minegocio\/wp-json\/wp\/v2\/types\/product"}],"replies":[{"embeddable":true,"href":"https:\/\/betelnatural.com\/minegocio\/wp-json\/wp\/v2\/comments?post=2919"}],"wp:featuredmedia":[{"embeddable":true,"href":"https:\/\/betelnatural.com\/minegocio\/wp-json\/wp\/v2\/media\/1838"}],"wp:attachment":[{"href":"https:\/\/betelnatural.com\/minegocio\/wp-json\/wp\/v2\/media?parent=2919"}],"wp:term":[{"taxonomy":"product_brand","embeddable":true,"href":"https:\/\/betelnatural.com\/minegocio\/wp-json\/wp\/v2\/product_brand?post=2919"},{"taxonomy":"product_cat","embeddable":true,"href":"https:\/\/betelnatural.com\/minegocio\/wp-json\/wp\/v2\/product_cat?post=2919"},{"taxonomy":"product_tag","embeddable":true,"href":"https:\/\/betelnatural.com\/minegocio\/wp-json\/wp\/v2\/product_tag?post=2919"}],"curies":[{"name":"wp","href":"https:\/\/api.w.org\/{rel}","templated":true}]}}